{"id":14732,"date":"2023-12-11T07:05:30","date_gmt":"2023-12-10T23:05:30","guid":{"rendered":"https:\/\/www.vape4wholesale.com\/?post_type=product&#038;p=14732"},"modified":"2026-01-26T13:41:49","modified_gmt":"2026-01-26T13:41:49","slug":"kamry-box-15000-puffow-jednorazowych-vape-hurtowo","status":"publish","type":"product","link":"https:\/\/www.vape4wholesale.com\/pl\/product\/kamry-box-15000-puffs-disposable-vape-wholesale","title":{"rendered":"Kamry Box 15000 Puffs Jednorazowa sprzeda\u017c hurtowa Vape"},"content":{"rendered":"<p>Kamry Box 15000 to \u0142adnie zaprojektowany jednorazowy vape, zbudowany z akumulatora 600 mAh, 30 ml nikotynowego p\u0142ynu 2% w \u015brodku i cewk\u0105 siatkow\u0105, kt\u00f3ra obs\u0142uguje do 15000 zaci\u0105gni\u0119\u0107<\/p>\n<h2><strong>Kamry Box 15000 Szybkie szczeg\u00f3\u0142y:<\/strong><\/h2>\n<table border=\"0\" width=\"493\" cellspacing=\"0\" cellpadding=\"0\">\n<tbody>\n<tr>\n<td class=\"et2\" width=\"265\" height=\"19\">Model<\/td>\n<td class=\"et2\" width=\"228\">Kamry Box 15000<\/td>\n<\/tr>\n<tr>\n<td class=\"et2\" height=\"19\">Puffy<\/td>\n<td class=\"et2\">Do 15000<\/td>\n<\/tr>\n<tr>\n<td class=\"et2\" height=\"19\">Odporno\u015b\u0107<\/td>\n<td class=\"et2\">Siatkowa cewka 1,0\u03a9<\/td>\n<\/tr>\n<tr>\n<td class=\"et2\" height=\"19\">Nikotyna<\/td>\n<td class=\"et2\">2% (OEM dla 3% i 5%)<\/td>\n<\/tr>\n<tr>\n<td class=\"et2\" height=\"19\">Materia\u0142<\/td>\n<td class=\"et2\">PCTG +ABS+PC<\/td>\n<\/tr>\n<tr>\n<td class=\"et2\" height=\"19\">Bateria<\/td>\n<td class=\"et2\">Akumulator 600 mAh<\/td>\n<\/tr>\n<tr>\n<td class=\"et2\" height=\"19\">Rozmiar cia\u0142a<\/td>\n<td class=\"et2\">50,3*25*85,5 mm<\/td>\n<\/tr>\n<tr>\n<td class=\"et2\" height=\"19\">Masa cia\u0142a<\/td>\n<td class=\"et2\">95g<\/td>\n<\/tr>\n<\/tbody>\n<\/table>\n<p>&nbsp;<\/p>\n<h2><strong>Lista smak\u00f3w:<\/strong><\/h2>\n<ol>\n<li>\n<div>Arbuzowy l\u00f3d<\/div>\n<\/li>\n<li>\n<div>Winogrono<\/div>\n<\/li>\n<li>\n<div>\u015awie\u017ca mi\u0119ta<\/div>\n<\/li>\n<li>\n<div>Nap\u00f3j energetyczny<\/div>\n<\/li>\n<li>\n<div>Brzoskwinia<\/div>\n<\/li>\n<li>\n<div>L\u00f3d jagodowy<\/div>\n<\/li>\n<li>\n<div>Arbuz truskawkowy<\/div>\n<\/li>\n<li>\n<div>L\u00f3d ananasowy<\/div>\n<\/li>\n<li>\n<div>Mango truskawkowe<\/div>\n<\/li>\n<li>\n<div>Banan<\/div>\n<\/li>\n<\/ol>\n<h2>Pakowanie i waga<\/h2>\n<ul>\n<li>1\/ Ma\u0142e pude\u0142ko, 10\/ \u015arednie pude\u0142ko<\/li>\n<li>200\/karton, 22 kg<\/li>\n<\/ul>\n<figure id=\"attachment_15454\" aria-describedby=\"caption-attachment-15454\" style=\"width: 1600px\" class=\"wp-caption aligncenter\"><img loading=\"lazy\" decoding=\"async\" class=\"wp-image-15454 size-full\" title=\"Kamry Box 15000 Puffs Jednorazowa sprzeda\u017c hurtowa Vape\" src=\"https:\/\/www.vape4wholesale.com\/wp-content\/uploads\/2023\/12\/Kamry-Box-15000-Puffs-Disposable-Vape-Wholesale.jpg\" alt=\"Kamry Box 15000 Puffs Jednorazowa sprzeda\u017c hurtowa Vape\" width=\"1600\" height=\"900\" srcset=\"https:\/\/www.vape4wholesale.com\/wp-content\/uploads\/2023\/12\/Kamry-Box-15000-Puffs-Disposable-Vape-Wholesale.jpg 1600w, https:\/\/www.vape4wholesale.com\/wp-content\/uploads\/2023\/12\/Kamry-Box-15000-Puffs-Disposable-Vape-Wholesale-510x287.jpg 510w, https:\/\/www.vape4wholesale.com\/wp-content\/uploads\/2023\/12\/Kamry-Box-15000-Puffs-Disposable-Vape-Wholesale-64x36.jpg 64w, https:\/\/www.vape4wholesale.com\/wp-content\/uploads\/2023\/12\/Kamry-Box-15000-Puffs-Disposable-Vape-Wholesale-300x169.jpg 300w, https:\/\/www.vape4wholesale.com\/wp-content\/uploads\/2023\/12\/Kamry-Box-15000-Puffs-Disposable-Vape-Wholesale-1024x576.jpg 1024w, https:\/\/www.vape4wholesale.com\/wp-content\/uploads\/2023\/12\/Kamry-Box-15000-Puffs-Disposable-Vape-Wholesale-768x432.jpg 768w, https:\/\/www.vape4wholesale.com\/wp-content\/uploads\/2023\/12\/Kamry-Box-15000-Puffs-Disposable-Vape-Wholesale-1536x864.jpg 1536w\" sizes=\"auto, (max-width: 1600px) 100vw, 1600px\" \/><figcaption id=\"caption-attachment-15454\" class=\"wp-caption-text\">Kamry Box 15000 Puffs Jednorazowa sprzeda\u017c hurtowa Vape<\/figcaption><\/figure>\n<p><img loading=\"lazy\" decoding=\"async\" class=\"size-full wp-image-14733 aligncenter\" title=\"Kamry Box 15000 Puffs przegl\u0105d 2\" src=\"https:\/\/www.vape4wholesale.com\/wp-content\/uploads\/2023\/12\/Kamry-Box-15000-Puffs-overview_2.jpg\" alt=\"Kamry Box 15000 Puffs przegl\u0105d 2\" width=\"800\" height=\"1422\" srcset=\"https:\/\/www.vape4wholesale.com\/wp-content\/uploads\/2023\/12\/Kamry-Box-15000-Puffs-overview_2.jpg 800w, https:\/\/www.vape4wholesale.com\/wp-content\/uploads\/2023\/12\/Kamry-Box-15000-Puffs-overview_2-510x907.jpg 510w, https:\/\/www.vape4wholesale.com\/wp-content\/uploads\/2023\/12\/Kamry-Box-15000-Puffs-overview_2-64x114.jpg 64w, https:\/\/www.vape4wholesale.com\/wp-content\/uploads\/2023\/12\/Kamry-Box-15000-Puffs-overview_2-169x300.jpg 169w, https:\/\/www.vape4wholesale.com\/wp-content\/uploads\/2023\/12\/Kamry-Box-15000-Puffs-overview_2-576x1024.jpg 576w, https:\/\/www.vape4wholesale.com\/wp-content\/uploads\/2023\/12\/Kamry-Box-15000-Puffs-overview_2-768x1365.jpg 768w\" sizes=\"auto, (max-width: 800px) 100vw, 800px\" \/><\/p>\n<h2>DLACZEGO MY?<\/h2>\r\n<ul>\r\n<li>Prawdziwe, godne zaufania i profesjonalne \u017ar\u00f3d\u0142o vape.<\/li>\r\n<li>Gwarancja oryginalno\u015bci 100%: Dostarczamy tylko oryginalne i oryginalne produkty, odmawiamy podrabiania.<\/li>\r\n<li>Gwarancja dostawy 100%: U\u017cywamy najlepszej metody wysy\u0142ki, aby zapewni\u0107, \u017ce otrzymasz zam\u00f3wienie 100%.<\/li>\r\n<li>Po wysy\u0142ce podamy numer przesy\u0142ki i etykiet\u0119 wysy\u0142kow\u0105 oraz b\u0119dziemy \u015bledzi\u0107 towary do momentu ich podpisania.<\/li>\r\n<li>Brak problem\u00f3w celnych, brak taryf<\/li>\r\n<\/ul>","protected":false},"excerpt":{"rendered":"<div class=\"wsppc_div_block woocommerce_before_add_to_cart_form\">\r\n<p><strong><span style=\"color: #00a859;\">Ocli\u0107 si\u0119<\/span> przed dostaw\u0105 i 100% Gwarancja Dostawy, Dostawa w oko\u0142o 19\u201325 dni.\u00a0<\/strong><\/p>\r\n<\/div>","protected":false},"featured_media":14747,"comment_status":"open","ping_status":"closed","template":"","meta":[],"pwb-brand":[1281],"product_cat":[872],"product_tag":[683,684,22,24,30],"class_list":{"0":"post-14732","1":"product","2":"type-product","3":"status-publish","4":"has-post-thumbnail","6":"pwb-brand-kamry","7":"product_cat-15k-20k-puffs","8":"product_tag-30-0ml","9":"product_tag-15000-puffs","10":"product_tag-disposable","11":"product_tag-wholesale","12":"product_tag-kamry","14":"first","15":"outofstock","16":"shipping-taxable","17":"purchasable","18":"product-type-variable"},"aioseo_notices":[],"brands":[{"id":1281,"name":"Kamry","slug":"kamry"}],"_links":{"self":[{"href":"https:\/\/www.vape4wholesale.com\/pl\/wp-json\/wp\/v2\/product\/14732","targetHints":{"allow":["GET"]}}],"collection":[{"href":"https:\/\/www.vape4wholesale.com\/pl\/wp-json\/wp\/v2\/product"}],"about":[{"href":"https:\/\/www.vape4wholesale.com\/pl\/wp-json\/wp\/v2\/types\/product"}],"replies":[{"embeddable":true,"href":"https:\/\/www.vape4wholesale.com\/pl\/wp-json\/wp\/v2\/comments?post=14732"}],"wp:featuredmedia":[{"embeddable":true,"href":"https:\/\/www.vape4wholesale.com\/pl\/wp-json\/wp\/v2\/media\/14747"}],"wp:attachment":[{"href":"https:\/\/www.vape4wholesale.com\/pl\/wp-json\/wp\/v2\/media?parent=14732"}],"wp:term":[{"taxonomy":"pwb-brand","embeddable":true,"href":"https:\/\/www.vape4wholesale.com\/pl\/wp-json\/wp\/v2\/pwb-brand?post=14732"},{"taxonomy":"product_cat","embeddable":true,"href":"https:\/\/www.vape4wholesale.com\/pl\/wp-json\/wp\/v2\/product_cat?post=14732"},{"taxonomy":"product_tag","embeddable":true,"href":"https:\/\/www.vape4wholesale.com\/pl\/wp-json\/wp\/v2\/product_tag?post=14732"}],"curies":[{"name":"wp","href":"https:\/\/api.w.org\/{rel}","templated":true}]}}