{"id":14666,"date":"2023-11-16T22:35:59","date_gmt":"2023-11-16T14:35:59","guid":{"rendered":"https:\/\/www.vape4wholesale.com\/?post_type=product&#038;p=14666"},"modified":"2026-01-26T13:41:51","modified_gmt":"2026-01-26T13:41:51","slug":"elf-bar-bc10000-hurtownia-vape-jednorazowego-uzytku","status":"publish","type":"product","link":"https:\/\/www.vape4wholesale.com\/pl\/product\/elf-bar-bc10000-disposable-vape-wholesale","title":{"rendered":"Elf Bar BC10000 Jednorazowy Vape Hurtownia"},"content":{"rendered":"<p>ELF BAR BC10000 to \u0142adnie zaprojektowany, pot\u0119\u017cny waporyzator z funkcj\u0105 Eliquid i wy\u015bwietlaczem mocy, wyposa\u017cony w 18 ml p\u0142ynu z sol\u0105 nikotynow\u0105 5%, akumulator 650 mAh i cewk\u0119 siatkow\u0105.<\/p>\n<p>Jest to prze\u0142om w \u015bwiecie jednorazowych waporyzator\u00f3w, oferuj\u0105cy zdumiewaj\u0105ce 10000 zaci\u0105gni\u0119\u0107 dla d\u0142u\u017cszego i satysfakcjonuj\u0105cego do\u015bwiadczenia z waporyzacji. Dzi\u0119ki du\u017cej pojemno\u015bci 18 ml e-liquidu mo\u017cesz rozkoszowa\u0107 si\u0119 ulubionymi smakami bez konieczno\u015bci ci\u0105g\u0142ego uzupe\u0142niania. Port \u0142adowania typu C zapewnia szybkie i wygodne \u0142adowanie, a dzi\u0119ki mo\u017cliwo\u015bci szybkiego \u0142adowania przez 15-20 minut, przestoje s\u0105 ograniczone do minimum, co pozwala na szybki powr\u00f3t do wapowania. Zasilany wytrzyma\u0142\u0105 bateri\u0105 620 mAh.<\/p>\n<p>Model BC10000 zosta\u0142 zbudowany z my\u015bl\u0105 o trwa\u0142o\u015bci, co czyni go najlepszym wyborem dla vaper\u00f3w poszukuj\u0105cych niezawodnego i funkcjonalnego jednorazowego waporyzatora. gwarantuj\u0105c, \u017ce zawsze b\u0119dziesz gotowy, aby cieszy\u0107 si\u0119 preferowan\u0105 moc\u0105 nikotyny 50MG. W\u0142\u0105czenie wysokowydajnej cewki siatkowej przenosi produkcj\u0119 aromatu na zupe\u0142nie nowy poziom, zapewniaj\u0105c bogaty i wci\u0105gaj\u0105cy smak przy ka\u017cdym wdechu. Jego nowy, najnowocze\u015bniejszy design jest teraz bardziej atrakcyjny ni\u017c wcze\u015bniej.<\/p>\n<p>BC10000 wyr\u00f3\u017cnia si\u0119 inteligentnym wy\u015bwietlaczem LED, kt\u00f3ry nie tylko wskazuje poziom na\u0142adowania baterii, ale tak\u017ce wykrywa poziom e-cieczy, zapewniaj\u0105c \u015bwiadomo\u015b\u0107 obu istotnych aspekt\u00f3w dla nieprzerwanej przyjemno\u015bci z waporyzacji. Niezale\u017cnie od tego, czy jeste\u015b do\u015bwiadczonym waporyzatorem, czy dopiero zaczynasz, ELF BAR BC10000 zapewnia wyj\u0105tkowe i bezproblemowe wra\u017cenia z waporyzacji. Podnie\u015b poziom swojej waporyzacji dzi\u0119ki temu niezwyk\u0142emu urz\u0105dzeniu, kt\u00f3re \u0142\u0105czy w sobie innowacyjno\u015b\u0107, styl i wydajno\u015b\u0107 w jednym kompaktowym opakowaniu. Poznaj przysz\u0142o\u015b\u0107 jednorazowych waporyzator\u00f3w z ELFBAR BC10000.<\/p>\n<h2><strong>Elf Bar BC10000 Cechy:<\/strong><\/h2>\n<ul>\n<li>Puffy: 10000 Puff\u00f3w<\/li>\n<li>Obj\u0119to\u015b\u0107 e-cieczy: 18 ml<\/li>\n<li>Bateria: Akumulator 650 mAh z funkcj\u0105 \u0142adowania typu C<\/li>\n<li>Si\u0142a nikotyny: 50 mg<\/li>\n<li>Cewka: Siatkowa cewka<\/li>\n<li>Szybkie \u0142adowanie: 15-20 minut<\/li>\n<li>Wy\u015bwietlacz LED do wy\u015bwietlania procentu baterii i p\u0142ynu E-Liquid<\/li>\n<li>Marka: ELF BAR<\/li>\n<\/ul>\n<h2><strong>Dost\u0119pne smaki:<\/strong><\/h2>\n<ol>\n<li>Aloe Grape<\/li>\n<li>Lody bananowe<\/li>\n<li>Niebieska wata cukrowa<\/li>\n<li>Blue Raspberry Ice<\/li>\n<li>Mi\u0119ta jagodowa<\/li>\n<li>L\u00f3d winogronowy<\/li>\n<li>Zielone jab\u0142ko<\/li>\n<li>Mro\u017cona mi\u0119ta<\/li>\n<li>Mentol<\/li>\n<li>Owoce mieszane<\/li>\n<li>Arbuz Brzoskwinia Mango<\/li>\n<li>Brzoskwinia Malina<\/li>\n<li>Banan Truskawka<\/li>\n<li>\u00a0Kiwi Truskawka<\/li>\n<li>mango truskawka<\/li>\n<li>Arbuz truskawkowy<\/li>\n<li>Guma arbuzowa<\/li>\n<li>Arbuzowy l\u00f3d<\/li>\n<li>L\u00f3d truskawkowy<\/li>\n<li>Brzoskwinia Mango<\/li>\n<li>Podw\u00f3jne mango<\/li>\n<\/ol>\n<h2>Pakowanie i waga<\/h2>\n<p>200szt\/karton\/ 23kg<\/p>\n<p><img loading=\"lazy\" decoding=\"async\" class=\"alignnone size-full wp-image-14690\" title=\"Elf Bar BC10000 Jednorazowy Vape Hurtownia\" src=\"https:\/\/www.vape4wholesale.com\/wp-content\/uploads\/2023\/11\/Elf-Bar-BC10000-Disposable-Vape-Wholesale.jpg\" alt=\"Elf Bar BC10000 Jednorazowy Vape Hurtownia\" width=\"800\" height=\"800\" srcset=\"https:\/\/www.vape4wholesale.com\/wp-content\/uploads\/2023\/11\/Elf-Bar-BC10000-Disposable-Vape-Wholesale.jpg 800w, https:\/\/www.vape4wholesale.com\/wp-content\/uploads\/2023\/11\/Elf-Bar-BC10000-Disposable-Vape-Wholesale-247x247.jpg 247w, https:\/\/www.vape4wholesale.com\/wp-content\/uploads\/2023\/11\/Elf-Bar-BC10000-Disposable-Vape-Wholesale-100x100.jpg 100w, https:\/\/www.vape4wholesale.com\/wp-content\/uploads\/2023\/11\/Elf-Bar-BC10000-Disposable-Vape-Wholesale-510x510.jpg 510w, https:\/\/www.vape4wholesale.com\/wp-content\/uploads\/2023\/11\/Elf-Bar-BC10000-Disposable-Vape-Wholesale-64x64.jpg 64w, https:\/\/www.vape4wholesale.com\/wp-content\/uploads\/2023\/11\/Elf-Bar-BC10000-Disposable-Vape-Wholesale-300x300.jpg 300w, https:\/\/www.vape4wholesale.com\/wp-content\/uploads\/2023\/11\/Elf-Bar-BC10000-Disposable-Vape-Wholesale-150x150.jpg 150w, https:\/\/www.vape4wholesale.com\/wp-content\/uploads\/2023\/11\/Elf-Bar-BC10000-Disposable-Vape-Wholesale-768x768.jpg 768w\" sizes=\"auto, (max-width: 800px) 100vw, 800px\" \/><\/p>","protected":false},"excerpt":{"rendered":"[scf-template id=&#8217;11434&#8242;]\n<p><strong>Due to frequent changes in Product inventory, Minimum Order Quantity and Price, please contact us before placing the order.<\/strong><\/p>\n","protected":false},"featured_media":14690,"comment_status":"open","ping_status":"closed","template":"","meta":[],"pwb-brand":[1278],"product_cat":[871],"product_tag":[324,22,24,60,244],"class_list":{"0":"post-14666","1":"product","2":"type-product","3":"status-publish","4":"has-post-thumbnail","6":"pwb-brand-elf-bar","7":"product_cat-10-15k-puffs","8":"product_tag-10000-puffs","9":"product_tag-disposable","10":"product_tag-wholesale","11":"product_tag-elf-bar","12":"product_tag-18-0ml","14":"first","15":"outofstock","16":"shipping-taxable","17":"purchasable","18":"product-type-variable"},"aioseo_notices":[],"brands":[{"id":1278,"name":"Elf bar","slug":"elf-bar"}],"_links":{"self":[{"href":"https:\/\/www.vape4wholesale.com\/pl\/wp-json\/wp\/v2\/product\/14666","targetHints":{"allow":["GET"]}}],"collection":[{"href":"https:\/\/www.vape4wholesale.com\/pl\/wp-json\/wp\/v2\/product"}],"about":[{"href":"https:\/\/www.vape4wholesale.com\/pl\/wp-json\/wp\/v2\/types\/product"}],"replies":[{"embeddable":true,"href":"https:\/\/www.vape4wholesale.com\/pl\/wp-json\/wp\/v2\/comments?post=14666"}],"wp:featuredmedia":[{"embeddable":true,"href":"https:\/\/www.vape4wholesale.com\/pl\/wp-json\/wp\/v2\/media\/14690"}],"wp:attachment":[{"href":"https:\/\/www.vape4wholesale.com\/pl\/wp-json\/wp\/v2\/media?parent=14666"}],"wp:term":[{"taxonomy":"pwb-brand","embeddable":true,"href":"https:\/\/www.vape4wholesale.com\/pl\/wp-json\/wp\/v2\/pwb-brand?post=14666"},{"taxonomy":"product_cat","embeddable":true,"href":"https:\/\/www.vape4wholesale.com\/pl\/wp-json\/wp\/v2\/product_cat?post=14666"},{"taxonomy":"product_tag","embeddable":true,"href":"https:\/\/www.vape4wholesale.com\/pl\/wp-json\/wp\/v2\/product_tag?post=14666"}],"curies":[{"name":"wp","href":"https:\/\/api.w.org\/{rel}","templated":true}]}}