{"id":14625,"date":"2023-11-12T10:34:51","date_gmt":"2023-11-12T02:34:51","guid":{"rendered":"https:\/\/www.vape4wholesale.com\/?post_type=product&#038;p=14625"},"modified":"2026-01-26T13:41:53","modified_gmt":"2026-01-26T13:41:53","slug":"funky-lands-ci5000-hurtownia-vape-jednorazowego-uzytku","status":"publish","type":"product","link":"https:\/\/www.vape4wholesale.com\/pl\/product\/funky-lands-ci5000-disposable-vape-wholesale","title":{"rendered":"Funky Lands Ci5000 Jednorazowa sprzeda\u017c hurtowa Vape"},"content":{"rendered":"<p>Jednorazowy waporyzator Funky Lands Ci5000 to dynamiczny gad\u017cet, kt\u00f3ry oddaje szczyt dozna\u0144 zwi\u0105zanych z wapowaniem. Ten jednorazowy vape zosta\u0142 stworzony, aby zaspokoi\u0107 twoje pragnienia i zaoferowa\u0107 ci\u0105g\u0142e doznania z waporyzacji. Jest on nap\u0119dzany technologi\u0105 cewek QUAQ i ma mn\u00f3stwo unikalnych funkcji.<br data-filtered=\"filtered\" \/><br data-filtered=\"filtered\" \/>Funky Lands Ci5000 zapewnia sta\u0142\u0105 ekspozycj\u0119 na ulubione smaki dzi\u0119ki ogromnej pojemno\u015bci 10 ml e-liquidu. Ten gad\u017cet jest gotowy zachwyci\u0107 ka\u017cdym smakiem, niezale\u017cnie od tego, czy s\u0105 to typowe niuanse tytoniu, s\u0142odkie esencje czy kwa\u015bne owoce. Moc nikotyny wynosz\u0105ca 40 mg skutecznie zachowuje r\u00f3wnowag\u0119 mi\u0119dzy satysfakcjonuj\u0105cym uderzeniem w gard\u0142o a aksamitn\u0105 g\u0142adko\u015bci\u0105, zaspokajaj\u0105c gusta nikotynowe. Przygotuj si\u0119 na d\u0142ug\u0105 podr\u00f3\u017c waporyzacyjn\u0105, poniewa\u017c Funky Republic Ci5000 zapewnia zdumiewaj\u0105ce 5000 zaci\u0105gni\u0119\u0107 na urz\u0105dzenie.<\/p>\n<h2><strong>Funky Lands Ci5000 Disposables Cechy:<\/strong><\/h2>\n<p>- Maksymalna liczba zaci\u0105gni\u0119\u0107: 5000<br data-filtered=\"filtered\" \/>- Moc nikotyny: 40 mg (4%)<br data-filtered=\"filtered\" \/>- Wst\u0119pnie nape\u0142niona pojemno\u015b\u0107: 10 ml<br data-filtered=\"filtered\" \/>- Pojemno\u015b\u0107 baterii: 650 mAh<\/p>\n<h2><strong>Dost\u0119pne smaki:<\/strong><\/h2>\n<ul>\n<li>Arbuzowy l\u00f3d<\/li>\n<li>Arbuz BG<\/li>\n<li>L\u00f3d truskawkowy<\/li>\n<li>Starfruit Green Kiwi<\/li>\n<li>Rinbo<\/li>\n<li>Ananas Strawnana<\/li>\n<li>G\u00f3rski l\u00f3d<\/li>\n<li>Mi\u0119towa r\u00f3\u017ca<\/li>\n<li>Miami Mint<\/li>\n<li>Mango Gami<\/li>\n<li>Blue Razz Ice<\/li>\n<li>Berry Peach Blossom<\/li>\n<li>Berry Passion Grape<\/li>\n<li>Mieszanka jag\u00f3d<\/li>\n<li>Triple Berry Ice<\/li>\n<\/ul>\n<p><img loading=\"lazy\" decoding=\"async\" class=\"alignnone size-full wp-image-14626\" title=\"Funky Ci5000 Jednorazowy Vape Hurtownia\" src=\"https:\/\/www.vape4wholesale.com\/wp-content\/uploads\/2023\/11\/Funky-Ci5000-Disposable-Vape-Wholesale.jpg\" alt=\"Funky Ci5000 Jednorazowy Vape Hurtownia\" width=\"480\" height=\"480\" srcset=\"https:\/\/www.vape4wholesale.com\/wp-content\/uploads\/2023\/11\/Funky-Ci5000-Disposable-Vape-Wholesale.jpg 480w, https:\/\/www.vape4wholesale.com\/wp-content\/uploads\/2023\/11\/Funky-Ci5000-Disposable-Vape-Wholesale-247x247.jpg 247w, https:\/\/www.vape4wholesale.com\/wp-content\/uploads\/2023\/11\/Funky-Ci5000-Disposable-Vape-Wholesale-100x100.jpg 100w, https:\/\/www.vape4wholesale.com\/wp-content\/uploads\/2023\/11\/Funky-Ci5000-Disposable-Vape-Wholesale-64x64.jpg 64w, https:\/\/www.vape4wholesale.com\/wp-content\/uploads\/2023\/11\/Funky-Ci5000-Disposable-Vape-Wholesale-300x300.jpg 300w, https:\/\/www.vape4wholesale.com\/wp-content\/uploads\/2023\/11\/Funky-Ci5000-Disposable-Vape-Wholesale-150x150.jpg 150w\" sizes=\"auto, (max-width: 480px) 100vw, 480px\" \/><\/p>","protected":false},"excerpt":{"rendered":"[scf-template id=&#8217;11434&#8242;]\n","protected":false},"featured_media":14626,"comment_status":"open","ping_status":"closed","template":"","meta":[],"pwb-brand":[1289],"product_cat":[869],"product_tag":[189,210,651,22,24],"class_list":{"0":"post-14625","1":"product","2":"type-product","3":"status-publish","4":"has-post-thumbnail","6":"pwb-brand-others","7":"product_cat-5000-8000-puffs","8":"product_tag-5000-puffs","9":"product_tag-10-0ml","10":"product_tag-funky-lands","11":"product_tag-disposable","12":"product_tag-wholesale","14":"first","15":"outofstock","16":"shipping-taxable","17":"purchasable","18":"product-type-variable"},"aioseo_notices":[],"brands":[{"id":1289,"name":"Inne","slug":"inni"}],"_links":{"self":[{"href":"https:\/\/www.vape4wholesale.com\/pl\/wp-json\/wp\/v2\/product\/14625","targetHints":{"allow":["GET"]}}],"collection":[{"href":"https:\/\/www.vape4wholesale.com\/pl\/wp-json\/wp\/v2\/product"}],"about":[{"href":"https:\/\/www.vape4wholesale.com\/pl\/wp-json\/wp\/v2\/types\/product"}],"replies":[{"embeddable":true,"href":"https:\/\/www.vape4wholesale.com\/pl\/wp-json\/wp\/v2\/comments?post=14625"}],"wp:featuredmedia":[{"embeddable":true,"href":"https:\/\/www.vape4wholesale.com\/pl\/wp-json\/wp\/v2\/media\/14626"}],"wp:attachment":[{"href":"https:\/\/www.vape4wholesale.com\/pl\/wp-json\/wp\/v2\/media?parent=14625"}],"wp:term":[{"taxonomy":"pwb-brand","embeddable":true,"href":"https:\/\/www.vape4wholesale.com\/pl\/wp-json\/wp\/v2\/pwb-brand?post=14625"},{"taxonomy":"product_cat","embeddable":true,"href":"https:\/\/www.vape4wholesale.com\/pl\/wp-json\/wp\/v2\/product_cat?post=14625"},{"taxonomy":"product_tag","embeddable":true,"href":"https:\/\/www.vape4wholesale.com\/pl\/wp-json\/wp\/v2\/product_tag?post=14625"}],"curies":[{"name":"wp","href":"https:\/\/api.w.org\/{rel}","templated":true}]}}