{"id":14604,"date":"2023-11-12T09:49:04","date_gmt":"2023-11-12T01:49:04","guid":{"rendered":"https:\/\/www.vape4wholesale.com\/?post_type=product&#038;p=14604"},"modified":"2026-01-26T13:41:58","modified_gmt":"2026-01-26T13:41:58","slug":"funky-lands-vi10000-hurtownia-vape-jednorazowego-uzytku","status":"publish","type":"product","link":"https:\/\/www.vape4wholesale.com\/pl\/product\/funky-lands-vi10000-disposable-vape-wholesale","title":{"rendered":"Funky Lands Vi10000 Jednorazowa sprzeda\u017c hurtowa Vape"},"content":{"rendered":"<p>Jednorazowy Funky lands Vi10000 to produkt pod mark\u0105 elf bar, kt\u00f3ry obs\u0142uguje do 10000 zaci\u0105gni\u0119\u0107, ma 16 ml eliquidu z sol\u0105 nikotynow\u0105 5% i akumulator 600 mAh.<\/p>\n<h2><strong>Funky Lands Vi10000 jednorazowe funkcje Vape:<br data-filtered=\"filtered\" \/><\/strong><\/h2>\n<ul>\n<li>wst\u0119pnie nape\u0142niony 16 ml e-liquidu<\/li>\n<li>St\u0119\u017cenie nikotyny w soli 5%<\/li>\n<li>10000 zaci\u0105gni\u0119\u0107<\/li>\n<li>cewka siatkowa<\/li>\n<li>do\u0142adowanie<\/li>\n<li>inteligentny wy\u015bwietlacz<\/li>\n<\/ul>\n<h2><strong>Dost\u0119pne smaki<\/strong><\/h2>\n<ol>\n<li>Mieszanka jag\u00f3d<\/li>\n<li>L\u00f3d jagodowy<\/li>\n<li>R\u00f3\u017ca jagodowa z mi\u0119t\u0105<\/li>\n<li>Wyczy\u015b\u0107<\/li>\n<li>Lemon Lime<\/li>\n<li>Meksyka\u0144skie mango<\/li>\n<li>Peach Colada<\/li>\n<li>Raspberry P&amp;B<\/li>\n<li>Truskawka Kiwi<\/li>\n<li>Cranberry Grape Duo Ice<\/li>\n<li>Arbuzowy l\u00f3d<\/li>\n<li>Arbuzowo-malinowy duet lodowy<\/li>\n<\/ol>\n<h2><strong>Zalety Funky Lands Vi10000<\/strong><\/h2>\n<p class=\"p1\"><strong>*Najwy\u017csza wydajno\u015b\u0107**:<\/strong> Zanurz si\u0119 g\u0142\u0119boko w bogatym \u015bwiecie waporyzacji z nasz\u0105 wst\u0119pnie nape\u0142nion\u0105 komor\u0105 e-liquidu o pojemno\u015bci 16 ml. Po\u017cegnaj si\u0119 z cz\u0119stym uzupe\u0142nianiem i rozpocznij d\u0142ugie sesje waporyzacji, kt\u00f3rych zawsze pragn\u0105\u0142e\u015b.<\/p>\n<p class=\"p1\"><strong>**Optymalny poziom nikotyny**:<\/strong> Do\u015bwiadcz dobrze wywa\u017conego uderzenia w gard\u0142o i zaspokojenia pragnienia dzi\u0119ki st\u0119\u017ceniu nikotyny 5%. Zaprojektowany dla tych, kt\u00f3rzy kochaj\u0105 intensywno\u015b\u0107 przy ka\u017cdym zaci\u0105gni\u0119ciu, ale bez przesady.<\/p>\n<p class=\"p1\"><strong>**Energized for Longevity**:<\/strong> Wyposa\u017cony w solidny akumulator o pojemno\u015bci 600 mAh, Vi10000 zapewnia nieprzerwane i przyjemne sesje waporyzacji. Koniec z nag\u0142ymi przerwami w zasilaniu, tylko sta\u0142e dostarczanie energii dla Twojej wygody.<\/p>\n<p class=\"p1\"><strong>**Puff to Your Heart's Content**:<\/strong> Przygotuj si\u0119 na niezr\u00f3wnane wra\u017cenia z nawet 10 000 zaci\u0105gni\u0119\u0107! Niezale\u017cnie od tego, czy jeste\u015b w d\u0142ugiej podr\u00f3\u017cy, czy relaksujesz si\u0119 w domu, Vi10000 zapewni Ci ochron\u0119.<\/p>\n<p class=\"p1\"><strong>**Inteligentne funkcje**:<\/strong> Nasz system Smart Display Dry Prevention na bie\u017c\u0105co informuje u\u017cytkownika i chroni waporyzator przed prac\u0105 na sucho. Koniec ze zgadywankami; wapuj z pewno\u015bci\u0105 siebie, wiedz\u0105c, \u017ce Twoje urz\u0105dzenie dzia\u0142a optymalnie dla Ciebie.<\/p>\n<p class=\"p2\">Zanurz si\u0119 w sztuce waporyzacji z Funky Lands Vi10000 - gdzie zderzaj\u0105 si\u0119 styl, d\u0142ugowieczno\u015b\u0107 i innowacja. Przygotuj si\u0119 na podniesienie poziomu wra\u017ce\u0144 z waporyzacji jak nigdy dot\u0105d!<\/p>\n<p><img loading=\"lazy\" decoding=\"async\" class=\"alignnone size-full wp-image-14605\" title=\"Funky Lands Vi10000 Jednorazowa sprzeda\u017c hurtowa Vape (1)\" src=\"https:\/\/www.vape4wholesale.com\/wp-content\/uploads\/2023\/11\/Funky-Lands-Vi10000-Disposable-Vape-Wholesale-1.jpg\" alt=\"Funky Lands Vi10000 Jednorazowa sprzeda\u017c hurtowa Vape (1)\" width=\"1200\" height=\"1200\" srcset=\"https:\/\/www.vape4wholesale.com\/wp-content\/uploads\/2023\/11\/Funky-Lands-Vi10000-Disposable-Vape-Wholesale-1.jpg 1200w, https:\/\/www.vape4wholesale.com\/wp-content\/uploads\/2023\/11\/Funky-Lands-Vi10000-Disposable-Vape-Wholesale-1-247x247.jpg 247w, https:\/\/www.vape4wholesale.com\/wp-content\/uploads\/2023\/11\/Funky-Lands-Vi10000-Disposable-Vape-Wholesale-1-100x100.jpg 100w, https:\/\/www.vape4wholesale.com\/wp-content\/uploads\/2023\/11\/Funky-Lands-Vi10000-Disposable-Vape-Wholesale-1-510x510.jpg 510w, https:\/\/www.vape4wholesale.com\/wp-content\/uploads\/2023\/11\/Funky-Lands-Vi10000-Disposable-Vape-Wholesale-1-64x64.jpg 64w, https:\/\/www.vape4wholesale.com\/wp-content\/uploads\/2023\/11\/Funky-Lands-Vi10000-Disposable-Vape-Wholesale-1-300x300.jpg 300w, https:\/\/www.vape4wholesale.com\/wp-content\/uploads\/2023\/11\/Funky-Lands-Vi10000-Disposable-Vape-Wholesale-1-1024x1024.jpg 1024w, https:\/\/www.vape4wholesale.com\/wp-content\/uploads\/2023\/11\/Funky-Lands-Vi10000-Disposable-Vape-Wholesale-1-150x150.jpg 150w, https:\/\/www.vape4wholesale.com\/wp-content\/uploads\/2023\/11\/Funky-Lands-Vi10000-Disposable-Vape-Wholesale-1-768x768.jpg 768w\" sizes=\"auto, (max-width: 1200px) 100vw, 1200px\" \/> <img loading=\"lazy\" decoding=\"async\" class=\"alignnone size-full wp-image-14609\" title=\"Funky Lands Vi10000 Jednorazowa sprzeda\u017c hurtowa Vape (5)\" src=\"https:\/\/www.vape4wholesale.com\/wp-content\/uploads\/2023\/11\/Funky-Lands-Vi10000-Disposable-Vape-Wholesale-5.jpg\" alt=\"Funky Lands Vi10000 Jednorazowa sprzeda\u017c hurtowa Vape (5)\" width=\"1920\" height=\"1920\" srcset=\"https:\/\/www.vape4wholesale.com\/wp-content\/uploads\/2023\/11\/Funky-Lands-Vi10000-Disposable-Vape-Wholesale-5.jpg 1920w, https:\/\/www.vape4wholesale.com\/wp-content\/uploads\/2023\/11\/Funky-Lands-Vi10000-Disposable-Vape-Wholesale-5-247x247.jpg 247w, https:\/\/www.vape4wholesale.com\/wp-content\/uploads\/2023\/11\/Funky-Lands-Vi10000-Disposable-Vape-Wholesale-5-100x100.jpg 100w, https:\/\/www.vape4wholesale.com\/wp-content\/uploads\/2023\/11\/Funky-Lands-Vi10000-Disposable-Vape-Wholesale-5-510x510.jpg 510w, https:\/\/www.vape4wholesale.com\/wp-content\/uploads\/2023\/11\/Funky-Lands-Vi10000-Disposable-Vape-Wholesale-5-64x64.jpg 64w, https:\/\/www.vape4wholesale.com\/wp-content\/uploads\/2023\/11\/Funky-Lands-Vi10000-Disposable-Vape-Wholesale-5-300x300.jpg 300w, https:\/\/www.vape4wholesale.com\/wp-content\/uploads\/2023\/11\/Funky-Lands-Vi10000-Disposable-Vape-Wholesale-5-1024x1024.jpg 1024w, https:\/\/www.vape4wholesale.com\/wp-content\/uploads\/2023\/11\/Funky-Lands-Vi10000-Disposable-Vape-Wholesale-5-150x150.jpg 150w, https:\/\/www.vape4wholesale.com\/wp-content\/uploads\/2023\/11\/Funky-Lands-Vi10000-Disposable-Vape-Wholesale-5-768x768.jpg 768w, https:\/\/www.vape4wholesale.com\/wp-content\/uploads\/2023\/11\/Funky-Lands-Vi10000-Disposable-Vape-Wholesale-5-1536x1536.jpg 1536w\" sizes=\"auto, (max-width: 1920px) 100vw, 1920px\" \/><\/p>","protected":false},"excerpt":{"rendered":"[scf-template id=&#8217;11434&#8242;]\n","protected":false},"featured_media":14605,"comment_status":"open","ping_status":"closed","template":"","meta":[],"pwb-brand":[1289],"product_cat":[871],"product_tag":[342,651,22,24,324],"class_list":{"0":"post-14604","1":"product","2":"type-product","3":"status-publish","4":"has-post-thumbnail","6":"pwb-brand-others","7":"product_cat-10-15k-puffs","8":"product_tag-16-0ml","9":"product_tag-funky-lands","10":"product_tag-disposable","11":"product_tag-wholesale","12":"product_tag-10000-puffs","14":"first","15":"outofstock","16":"shipping-taxable","17":"purchasable","18":"product-type-variable"},"aioseo_notices":[],"brands":[{"id":1289,"name":"Inne","slug":"inni"}],"_links":{"self":[{"href":"https:\/\/www.vape4wholesale.com\/pl\/wp-json\/wp\/v2\/product\/14604","targetHints":{"allow":["GET"]}}],"collection":[{"href":"https:\/\/www.vape4wholesale.com\/pl\/wp-json\/wp\/v2\/product"}],"about":[{"href":"https:\/\/www.vape4wholesale.com\/pl\/wp-json\/wp\/v2\/types\/product"}],"replies":[{"embeddable":true,"href":"https:\/\/www.vape4wholesale.com\/pl\/wp-json\/wp\/v2\/comments?post=14604"}],"wp:featuredmedia":[{"embeddable":true,"href":"https:\/\/www.vape4wholesale.com\/pl\/wp-json\/wp\/v2\/media\/14605"}],"wp:attachment":[{"href":"https:\/\/www.vape4wholesale.com\/pl\/wp-json\/wp\/v2\/media?parent=14604"}],"wp:term":[{"taxonomy":"pwb-brand","embeddable":true,"href":"https:\/\/www.vape4wholesale.com\/pl\/wp-json\/wp\/v2\/pwb-brand?post=14604"},{"taxonomy":"product_cat","embeddable":true,"href":"https:\/\/www.vape4wholesale.com\/pl\/wp-json\/wp\/v2\/product_cat?post=14604"},{"taxonomy":"product_tag","embeddable":true,"href":"https:\/\/www.vape4wholesale.com\/pl\/wp-json\/wp\/v2\/product_tag?post=14604"}],"curies":[{"name":"wp","href":"https:\/\/api.w.org\/{rel}","templated":true}]}}