{"id":14557,"date":"2023-11-12T09:24:14","date_gmt":"2023-11-12T01:24:14","guid":{"rendered":"https:\/\/www.vape4wholesale.com\/?post_type=product&#038;p=14557"},"modified":"2026-01-26T13:42:00","modified_gmt":"2026-01-26T13:42:00","slug":"funky-lands-republic-ti7000-hurtownia-vape-jednorazowego-uzytku","status":"publish","type":"product","link":"https:\/\/www.vape4wholesale.com\/pl\/product\/funky-lands-republic-ti7000-disposable-vape-wholesale","title":{"rendered":"Funky Lands (Republic) Ti7000 Jednorazowa sprzeda\u017c hurtowa Vape"},"content":{"rendered":"<p>Funky lands (Republic) Ti7000 to produkt pod mark\u0105 elf bar, kt\u00f3ry obs\u0142uguje do 7000 zaci\u0105gni\u0119\u0107, jest wyposa\u017cony w 17 ml p\u0142ynu i 5% nikotyny. z akumulatorem 600 mAh.<\/p>\n<p>Przedstawiamy Funky Lands Ti7000 by Elf Bar Disposable Vape - szczyt waporyzacji dostosowany do ka\u017cdego entuzjasty Elf Bar! To pionierskie urz\u0105dzenie p\u0142ynnie \u0142\u0105czy awangardow\u0105 technologi\u0119 z wyrazist\u0105 palet\u0105 smak\u00f3w, tworz\u0105c niezr\u00f3wnan\u0105 odysej\u0119 waporyzacyjn\u0105. Oferuj\u0105c ogromn\u0105 pojemno\u015b\u0107 7000 wdech\u00f3w, Funky Lands obiecuje godziny nieprzerwanego wapowania bez martwienia si\u0119 o wyczerpanie baterii. Inteligentny panel wizualizacji energii w przejrzysty spos\u00f3b odzwierciedla stan baterii, zapewniaj\u0105c \u015bwiadomo\u015b\u0107 i si\u0142\u0119 dzia\u0142ania. Dawno min\u0119\u0142y czasy niespodziewanych spadk\u00f3w mocy!<\/p>\n<p>Zawsze pod\u0105\u017caj za intuicyjnym wy\u015bwietlaczem stanu baterii, umo\u017cliwiaj\u0105cym szybk\u0105 kontrol\u0119 stanu baterii. Do\u0142\u0105czony wska\u017anik poziomu e-liquidu zapewnia, \u017ce Tw\u00f3j ulubiony sok vape jest zawsze obecny, zapewniaj\u0105c ci\u0105g\u0142\u0105 eufori\u0119 podczas waporyzacji.<\/p>\n<p>Wyposa\u017cony w obwody siatkowe Quaq Tech, Funky Lands gwarantuje jedwabiste i aromatyczne zaci\u0105gni\u0119cia, wzbogacaj\u0105c ka\u017cd\u0105 chwil\u0119 waporyzacji. Lekka jak pi\u00f3rko obudowa i zwinna konstrukcja gwarantuj\u0105 mobilno\u015b\u0107, umo\u017cliwiaj\u0105c przeniesienie urz\u0105dzenia w dowolne miejsce, gotowe do aromatycznej ucieczki.<\/p>\n<div class=\"pf-c\">\n<div class=\"sc-eMHfQD cdieWn rid-1\" data-pf-type=\"ContentListItem\">\n<div class=\"sc-kfPuZi ihOOoE rid-2 pf-r pf-c-lm pf-r-eh\" data-pf-type=\"Row\">\n<div class=\"pf-c\">\n<div class=\"sc-fXEqDS hwCMhq rid-6\" data-pf-type=\"Column\">\n<h2 class=\"sc-gIDmLj eMdhGW rid-7\" data-pf-type=\"Paragraph3\"><strong>Funky Lands (Republic) Ti7000 Funkcje jednorazowe<\/strong><\/h2>\n<p>&nbsp;<\/p>\n<ol>\n<li>Maksymalna liczba zaci\u0105gni\u0119\u0107: 7000<\/li>\n<li>Moc nikotyny: 50 mg (5%)<\/li>\n<li>Wst\u0119pnie nape\u0142niona pojemno\u015b\u0107: 12,8 ml<\/li>\n<li>Pojemno\u015b\u0107 baterii: 600 mAh<\/li>\n<li>Port \u0142adowania: USB typu C<\/li>\n<li>Dzia\u0142anie: Draw-Activation<\/li>\n<li>Ekran wy\u015bwietlacza<\/li>\n<li>Technologia Quaq<\/li>\n<\/ol>\n<\/div>\n<\/div>\n<\/div>\n<\/div>\n<\/div>\n<h2><strong>Dost\u0119pne smaki<\/strong><\/h2>\n<p>Blossom Mint<br \/>\nNiebieski Czerwony Mi\u0119towy<br \/>\nBlue Razz Ice<br \/>\nWi\u015bnia kalifornijska<br \/>\nJab\u0142ko kantalupa<br \/>\nMango Kiss<br \/>\nMelon Berry Bomb lce<br \/>\nOwoce mieszane<br \/>\nOSK Ice<br \/>\nPassion Fruit Kiwi Lime<br \/>\nBrzoskwinia Mango Arbuz<br \/>\nCiasto brzoskwiniowe<br \/>\nL\u00f3d ananasowo-kokosowy<br \/>\nR\u00f3\u017cowa bomba<br \/>\nPomelo Pearl Grape<br \/>\nRainbow Cloudz<br \/>\nBanan truskawkowy<br \/>\nMieszanka jag\u00f3d<br \/>\nTropikalna wyspa<br \/>\nTropical Rainbow Blast<br \/>\nArbuzowy l\u00f3d<br \/>\nArbuz Nana Duo lce (Frozen Edition)<br \/>\nL\u00f3d Blueberry Duo (Frozen Edition)<br \/>\nIce Mint (Frozen Edition)<br \/>\nStrawberry Duo lce (Frozen Edition)<\/p>\n<p><img loading=\"lazy\" decoding=\"async\" class=\"alignnone size-full wp-image-14577\" title=\"Funky Lands TI7000 Jednorazowa sprzeda\u017c hurtowa Vape (3 szt.)\" src=\"https:\/\/www.vape4wholesale.com\/wp-content\/uploads\/2023\/11\/Funky-Lands-TI7000-Disposable-Vape-Wholesale-3.jpg\" alt=\"Funky Lands TI7000 Jednorazowa sprzeda\u017c hurtowa Vape (3 szt.)\" width=\"1280\" height=\"1280\" srcset=\"https:\/\/www.vape4wholesale.com\/wp-content\/uploads\/2023\/11\/Funky-Lands-TI7000-Disposable-Vape-Wholesale-3.jpg 1280w, https:\/\/www.vape4wholesale.com\/wp-content\/uploads\/2023\/11\/Funky-Lands-TI7000-Disposable-Vape-Wholesale-3-247x247.jpg 247w, https:\/\/www.vape4wholesale.com\/wp-content\/uploads\/2023\/11\/Funky-Lands-TI7000-Disposable-Vape-Wholesale-3-100x100.jpg 100w, https:\/\/www.vape4wholesale.com\/wp-content\/uploads\/2023\/11\/Funky-Lands-TI7000-Disposable-Vape-Wholesale-3-510x510.jpg 510w, https:\/\/www.vape4wholesale.com\/wp-content\/uploads\/2023\/11\/Funky-Lands-TI7000-Disposable-Vape-Wholesale-3-64x64.jpg 64w, https:\/\/www.vape4wholesale.com\/wp-content\/uploads\/2023\/11\/Funky-Lands-TI7000-Disposable-Vape-Wholesale-3-300x300.jpg 300w, https:\/\/www.vape4wholesale.com\/wp-content\/uploads\/2023\/11\/Funky-Lands-TI7000-Disposable-Vape-Wholesale-3-1024x1024.jpg 1024w, https:\/\/www.vape4wholesale.com\/wp-content\/uploads\/2023\/11\/Funky-Lands-TI7000-Disposable-Vape-Wholesale-3-150x150.jpg 150w, https:\/\/www.vape4wholesale.com\/wp-content\/uploads\/2023\/11\/Funky-Lands-TI7000-Disposable-Vape-Wholesale-3-768x768.jpg 768w\" sizes=\"auto, (max-width: 1280px) 100vw, 1280px\" \/><\/p>\n<p>&nbsp;<\/p>","protected":false},"excerpt":{"rendered":"[scf-template id=&#8217;11434&#8242;]\n","protected":false},"featured_media":14576,"comment_status":"open","ping_status":"closed","template":"","meta":[],"pwb-brand":[1289],"product_cat":[869],"product_tag":[22,24,178,387,651,652],"class_list":{"0":"post-14557","1":"product","2":"type-product","3":"status-publish","4":"has-post-thumbnail","6":"pwb-brand-others","7":"product_cat-5000-8000-puffs","8":"product_tag-disposable","9":"product_tag-wholesale","10":"product_tag-7000-puffs","11":"product_tag-17-0ml","12":"product_tag-funky-lands","13":"product_tag-funcy-republic","15":"first","16":"outofstock","17":"shipping-taxable","18":"purchasable","19":"product-type-variable"},"aioseo_notices":[],"brands":[{"id":1289,"name":"Inne","slug":"inni"}],"_links":{"self":[{"href":"https:\/\/www.vape4wholesale.com\/pl\/wp-json\/wp\/v2\/product\/14557","targetHints":{"allow":["GET"]}}],"collection":[{"href":"https:\/\/www.vape4wholesale.com\/pl\/wp-json\/wp\/v2\/product"}],"about":[{"href":"https:\/\/www.vape4wholesale.com\/pl\/wp-json\/wp\/v2\/types\/product"}],"replies":[{"embeddable":true,"href":"https:\/\/www.vape4wholesale.com\/pl\/wp-json\/wp\/v2\/comments?post=14557"}],"wp:featuredmedia":[{"embeddable":true,"href":"https:\/\/www.vape4wholesale.com\/pl\/wp-json\/wp\/v2\/media\/14576"}],"wp:attachment":[{"href":"https:\/\/www.vape4wholesale.com\/pl\/wp-json\/wp\/v2\/media?parent=14557"}],"wp:term":[{"taxonomy":"pwb-brand","embeddable":true,"href":"https:\/\/www.vape4wholesale.com\/pl\/wp-json\/wp\/v2\/pwb-brand?post=14557"},{"taxonomy":"product_cat","embeddable":true,"href":"https:\/\/www.vape4wholesale.com\/pl\/wp-json\/wp\/v2\/product_cat?post=14557"},{"taxonomy":"product_tag","embeddable":true,"href":"https:\/\/www.vape4wholesale.com\/pl\/wp-json\/wp\/v2\/product_tag?post=14557"}],"curies":[{"name":"wp","href":"https:\/\/api.w.org\/{rel}","templated":true}]}}