{"id":14494,"date":"2023-10-15T14:29:35","date_gmt":"2023-10-15T06:29:35","guid":{"rendered":"https:\/\/www.vape4wholesale.com\/?post_type=product&#038;p=14494"},"modified":"2026-01-26T13:42:02","modified_gmt":"2026-01-26T13:42:02","slug":"geek-bar-df8000-hurtownia-vape-jednorazowego-uzytku","status":"publish","type":"product","link":"https:\/\/www.vape4wholesale.com\/pl\/product\/geek-bar-df8000-disposable-vape-wholesale","title":{"rendered":"Geek Bar DF8000 Jednorazowa sprzeda\u017c hurtowa Vape"},"content":{"rendered":"<p>Geek Bar DF8000 Disposable Vape to urz\u0105dzenie wielokrotnego \u0142adowania, kt\u00f3re oferuje 12 owocowych smak\u00f3w trwaj\u0105cych do 8000 zaci\u0105gni\u0119\u0107!<\/p>\n<p>Oferuje on bateri\u0119 o du\u017cej pojemno\u015bci 600 mAh i pojemno\u015b\u0107 14 ml e-liquidu ze wska\u017anikami poziomu baterii i e-liquidu.<\/p>\n<p>Urz\u0105dzenie to ma wbudowan\u0105 technologi\u0119 podw\u00f3jnej cewki siatkowej, zapewniaj\u0105c\u0105 doskona\u0142e dostarczanie e-liquidu.<\/p>\n<p>&nbsp;<\/p>\n<h2>Geek Bar DF8000 Jednorazowe funkcje Vape:<\/h2>\n<ul>\n<li>Puffy: Do 8000 zaci\u0105gni\u0119\u0107<\/li>\n<li>Bateria: Wbudowana bateria 600 mAh<\/li>\n<li>Port \u0142adowania: Typ-C<\/li>\n<li>Pojemno\u015b\u0107 e-cieczy: 14 ml<\/li>\n<li>Cewka: Wbudowana podw\u00f3jna cewka siatkowa<\/li>\n<li>Wska\u017aniki: Bateria i E-Liquid<\/li>\n<\/ul>\n<h2>Smaki<\/h2>\n<ol>\n<li>Niebieska wata cukrowa<\/li>\n<li>Czarny l\u00f3d<\/li>\n<li>Blue Razz Ice<\/li>\n<li>Lemoniada Blue Razz<\/li>\n<li>Lush Ice<\/li>\n<li>Miami Mint<\/li>\n<li>Peach Berry<\/li>\n<li>L\u00f3d ananasowo-kokosowy<\/li>\n<li>Sakura Grape<\/li>\n<li>L\u00f3d z kwa\u015bnego jab\u0142ka<\/li>\n<li>Truskawka Kiwi<\/li>\n<li>Arbuz truskawkowy<\/li>\n<li>Tripple Berry lce<\/li>\n<li>Tropical Rainbow Blast<\/li>\n<li>Arbuzowa guma balonowa<\/li>\n<\/ol>\n<p><img loading=\"lazy\" decoding=\"async\" class=\"alignnone size-full wp-image-14502\" title=\"Geek Bar DF8000 Jednorazowy Vape Hurt xxx\" src=\"https:\/\/www.vape4wholesale.com\/wp-content\/uploads\/2023\/10\/Geek-Bar-DF8000-Disposable-Vape-Wholesale-xxx.jpg\" alt=\"Geek Bar DF8000 Jednorazowy Vape Hurt xxx\" width=\"1686\" height=\"1686\" srcset=\"https:\/\/www.vape4wholesale.com\/wp-content\/uploads\/2023\/10\/Geek-Bar-DF8000-Disposable-Vape-Wholesale-xxx.jpg 1686w, https:\/\/www.vape4wholesale.com\/wp-content\/uploads\/2023\/10\/Geek-Bar-DF8000-Disposable-Vape-Wholesale-xxx-247x247.jpg 247w, https:\/\/www.vape4wholesale.com\/wp-content\/uploads\/2023\/10\/Geek-Bar-DF8000-Disposable-Vape-Wholesale-xxx-100x100.jpg 100w, https:\/\/www.vape4wholesale.com\/wp-content\/uploads\/2023\/10\/Geek-Bar-DF8000-Disposable-Vape-Wholesale-xxx-510x510.jpg 510w, https:\/\/www.vape4wholesale.com\/wp-content\/uploads\/2023\/10\/Geek-Bar-DF8000-Disposable-Vape-Wholesale-xxx-64x64.jpg 64w, https:\/\/www.vape4wholesale.com\/wp-content\/uploads\/2023\/10\/Geek-Bar-DF8000-Disposable-Vape-Wholesale-xxx-300x300.jpg 300w, https:\/\/www.vape4wholesale.com\/wp-content\/uploads\/2023\/10\/Geek-Bar-DF8000-Disposable-Vape-Wholesale-xxx-1024x1024.jpg 1024w, https:\/\/www.vape4wholesale.com\/wp-content\/uploads\/2023\/10\/Geek-Bar-DF8000-Disposable-Vape-Wholesale-xxx-150x150.jpg 150w, https:\/\/www.vape4wholesale.com\/wp-content\/uploads\/2023\/10\/Geek-Bar-DF8000-Disposable-Vape-Wholesale-xxx-768x768.jpg 768w, https:\/\/www.vape4wholesale.com\/wp-content\/uploads\/2023\/10\/Geek-Bar-DF8000-Disposable-Vape-Wholesale-xxx-1536x1536.jpg 1536w\" sizes=\"auto, (max-width: 1686px) 100vw, 1686px\" \/><\/p>","protected":false},"excerpt":{"rendered":"[scf-template id=&#8217;11434&#8242;]\n","protected":false},"featured_media":14502,"comment_status":"open","ping_status":"closed","template":"","meta":[],"pwb-brand":[1282],"product_cat":[870],"product_tag":[177,343,22,24,68],"class_list":{"0":"post-14494","1":"product","2":"type-product","3":"status-publish","4":"has-post-thumbnail","6":"pwb-brand-geekbar","7":"product_cat-8000-10000-puffs","8":"product_tag-14-0ml","9":"product_tag-8000-puffs","10":"product_tag-disposable","11":"product_tag-wholesale","12":"product_tag-geek-bar","13":"wcpa_has_options","15":"first","16":"outofstock","17":"shipping-taxable","18":"purchasable","19":"product-type-variable"},"aioseo_notices":[],"brands":[{"id":1282,"name":"Geekbar","slug":"geekbar"}],"_links":{"self":[{"href":"https:\/\/www.vape4wholesale.com\/pl\/wp-json\/wp\/v2\/product\/14494","targetHints":{"allow":["GET"]}}],"collection":[{"href":"https:\/\/www.vape4wholesale.com\/pl\/wp-json\/wp\/v2\/product"}],"about":[{"href":"https:\/\/www.vape4wholesale.com\/pl\/wp-json\/wp\/v2\/types\/product"}],"replies":[{"embeddable":true,"href":"https:\/\/www.vape4wholesale.com\/pl\/wp-json\/wp\/v2\/comments?post=14494"}],"wp:featuredmedia":[{"embeddable":true,"href":"https:\/\/www.vape4wholesale.com\/pl\/wp-json\/wp\/v2\/media\/14502"}],"wp:attachment":[{"href":"https:\/\/www.vape4wholesale.com\/pl\/wp-json\/wp\/v2\/media?parent=14494"}],"wp:term":[{"taxonomy":"pwb-brand","embeddable":true,"href":"https:\/\/www.vape4wholesale.com\/pl\/wp-json\/wp\/v2\/pwb-brand?post=14494"},{"taxonomy":"product_cat","embeddable":true,"href":"https:\/\/www.vape4wholesale.com\/pl\/wp-json\/wp\/v2\/product_cat?post=14494"},{"taxonomy":"product_tag","embeddable":true,"href":"https:\/\/www.vape4wholesale.com\/pl\/wp-json\/wp\/v2\/product_tag?post=14494"}],"curies":[{"name":"wp","href":"https:\/\/api.w.org\/{rel}","templated":true}]}}