{"id":14354,"date":"2023-10-15T09:44:41","date_gmt":"2023-10-15T01:44:41","guid":{"rendered":"https:\/\/www.vape4wholesale.com\/?post_type=product&#038;p=14354"},"modified":"2026-01-26T13:42:17","modified_gmt":"2026-01-26T13:42:17","slug":"geek-bar-c600-jednorazowa-sprzedaz-hurtowa-vape","status":"publish","type":"product","link":"https:\/\/www.vape4wholesale.com\/pl\/product\/geek-bar-c600-disposable-vape-wholesale","title":{"rendered":"Geek Bar C600 Jednorazowa sprzeda\u017c hurtowa Vape"},"content":{"rendered":"<p>Geek Bar C600 to mini jednorazowy vape z cewk\u0105 siatkow\u0105 wewn\u0105trz, 2 ml nikotyny 2% i nie\u0142adowaln\u0105 bateri\u0105 500 mAh. Vape4wholesale dostarcza najwy\u017cszej jako\u015bci jednorazowe vape Geek bar. do\u0142\u0105cz do nas i kup jednorazowe vape Geek bar C600 w najlepszych cenach hurtowych. wysokiej jako\u015bci cewka siatkowa KAl wewn\u0105trz, kt\u00f3ra sprawia, \u017ce para jest g\u0142adka i wykwintna, lepsza ni\u017c wiele innych. Mi\u0119kki ustnik \u0142\u0105czy si\u0119 z g\u0142adk\u0105 par\u0105, dzi\u0119ki czemu mo\u017cna do\u015bwiadczy\u0107 zar\u00f3wno delikatnego uczucia, jak i solidnego uderzenia w gard\u0142o. Teraz zosta\u0142 wyposa\u017cony w nowe, pyszne smaki geek bar, posmakujmy go.<\/p>\n<h2><br data-filtered=\"filtered\" \/>Smaki Geek Bar C600<\/h2>\n<ol>\n<li>Shisha z d\u017cemem r\u00f3\u017canym z mieszanych owoc\u00f3w<\/li>\n<li>Mleko kokosowe z ananasem<\/li>\n<li>Ananas Brzoskwinia Mango<\/li>\n<li>Serowa galaretka jagodowa<\/li>\n<li>Tropical Skittles Blast<\/li>\n<li>Krem brzoskwiniowy z mango<\/li>\n<li>Sernik pomara\u0144czowy<\/li>\n<li>Arbuzowy l\u00f3d<\/li>\n<li>Wapienny kaktus<\/li>\n<li>Kwa\u015bne jab\u0142ko<\/li>\n<li>Orange Vanilla<\/li>\n<li>Polar Ice Mint<\/li>\n<li>Ginger Soda<\/li>\n<li>Czerwone Mojito<\/li>\n<li>Cola Ice<\/li>\n<\/ol>\n<h2>Parametry<\/h2>\n<p>Bateria: wbudowana bateria o pojemno\u015bci 500 mAh<br data-filtered=\"filtered\" \/>E-sok: wst\u0119pnie nape\u0142niony 2 ml<br data-filtered=\"filtered\" \/>Zaci\u0105gni\u0119cia: Do 600 zaci\u0105gni\u0119\u0107 Nikotyna: 20 mg<br data-filtered=\"filtered\" \/>Smaki: 15<\/p>\n<p><img loading=\"lazy\" decoding=\"async\" class=\"alignnone size-full wp-image-14355\" title=\"Geek Bar C600 Jednorazowy Vape Wholesale.webp\" src=\"https:\/\/www.vape4wholesale.com\/wp-content\/uploads\/2023\/10\/Geek-Bar-C600-Disposable-Vape-Wholesale.webp.jpg\" alt=\"Geek Bar C600 Jednorazowy Vape Wholesale.webp\" width=\"600\" height=\"600\" srcset=\"https:\/\/www.vape4wholesale.com\/wp-content\/uploads\/2023\/10\/Geek-Bar-C600-Disposable-Vape-Wholesale.webp.jpg 600w, https:\/\/www.vape4wholesale.com\/wp-content\/uploads\/2023\/10\/Geek-Bar-C600-Disposable-Vape-Wholesale.webp-247x247.jpg 247w, https:\/\/www.vape4wholesale.com\/wp-content\/uploads\/2023\/10\/Geek-Bar-C600-Disposable-Vape-Wholesale.webp-100x100.jpg 100w, https:\/\/www.vape4wholesale.com\/wp-content\/uploads\/2023\/10\/Geek-Bar-C600-Disposable-Vape-Wholesale.webp-510x510.jpg 510w, https:\/\/www.vape4wholesale.com\/wp-content\/uploads\/2023\/10\/Geek-Bar-C600-Disposable-Vape-Wholesale.webp-64x64.jpg 64w, https:\/\/www.vape4wholesale.com\/wp-content\/uploads\/2023\/10\/Geek-Bar-C600-Disposable-Vape-Wholesale.webp-300x300.jpg 300w, https:\/\/www.vape4wholesale.com\/wp-content\/uploads\/2023\/10\/Geek-Bar-C600-Disposable-Vape-Wholesale.webp-150x150.jpg 150w\" sizes=\"auto, (max-width: 600px) 100vw, 600px\" \/><\/p>","protected":false},"excerpt":{"rendered":"[scf-template id=&#8217;11434&#8242;]\n","protected":false},"featured_media":14355,"comment_status":"open","ping_status":"closed","template":"","meta":[],"pwb-brand":[1282],"product_cat":[48],"product_tag":[68,118,120,22,24],"class_list":{"0":"post-14354","1":"product","2":"type-product","3":"status-publish","4":"has-post-thumbnail","6":"pwb-brand-geekbar","7":"product_cat-below-2000-puffs","8":"product_tag-geek-bar","9":"product_tag-2-0ml","10":"product_tag-600-puffs","11":"product_tag-disposable","12":"product_tag-wholesale","14":"first","15":"outofstock","16":"shipping-taxable","17":"purchasable","18":"product-type-variable"},"aioseo_notices":[],"brands":[{"id":1282,"name":"Geekbar","slug":"geekbar"}],"_links":{"self":[{"href":"https:\/\/www.vape4wholesale.com\/pl\/wp-json\/wp\/v2\/product\/14354","targetHints":{"allow":["GET"]}}],"collection":[{"href":"https:\/\/www.vape4wholesale.com\/pl\/wp-json\/wp\/v2\/product"}],"about":[{"href":"https:\/\/www.vape4wholesale.com\/pl\/wp-json\/wp\/v2\/types\/product"}],"replies":[{"embeddable":true,"href":"https:\/\/www.vape4wholesale.com\/pl\/wp-json\/wp\/v2\/comments?post=14354"}],"wp:featuredmedia":[{"embeddable":true,"href":"https:\/\/www.vape4wholesale.com\/pl\/wp-json\/wp\/v2\/media\/14355"}],"wp:attachment":[{"href":"https:\/\/www.vape4wholesale.com\/pl\/wp-json\/wp\/v2\/media?parent=14354"}],"wp:term":[{"taxonomy":"pwb-brand","embeddable":true,"href":"https:\/\/www.vape4wholesale.com\/pl\/wp-json\/wp\/v2\/pwb-brand?post=14354"},{"taxonomy":"product_cat","embeddable":true,"href":"https:\/\/www.vape4wholesale.com\/pl\/wp-json\/wp\/v2\/product_cat?post=14354"},{"taxonomy":"product_tag","embeddable":true,"href":"https:\/\/www.vape4wholesale.com\/pl\/wp-json\/wp\/v2\/product_tag?post=14354"}],"curies":[{"name":"wp","href":"https:\/\/api.w.org\/{rel}","templated":true}]}}