{"id":14303,"date":"2025-07-05T09:39:15","date_gmt":"2025-07-05T09:39:15","guid":{"rendered":"https:\/\/www.vape4wholesale.com\/?post_type=product&#038;p=14303"},"modified":"2026-03-30T11:13:04","modified_gmt":"2026-03-30T03:13:04","slug":"fumot-digital-box-12000-hurtownia-vape-jednorazowego-uzytku","status":"publish","type":"product","link":"https:\/\/www.vape4wholesale.com\/pl\/product\/fumot-digital-box-12000-disposable-vape-wholesale","title":{"rendered":"Fumot Digital Box 12000 Jednorazowa sprzeda\u017c hurtowa Vape"},"content":{"rendered":"<p>Fumot Digital Box 12000 to urz\u0105dzenie vape z wy\u015bwietlaczem poziomu baterii i ejuice, kt\u00f3re mo\u017cna \u0142adowa\u0107. Zawiera 20 ml e-soli nikotynowej 0\/2\/3\/5% i zapewnia do 12000 zaci\u0105gni\u0119\u0107. Do wyboru jest 12 smak\u00f3w. Wy\u015bwietlacz poziomu na\u0142adowania baterii i e-sok\u00f3w pozwala \u015bledzi\u0107 stan urz\u0105dzenia w czasie rzeczywistym, a tak\u017ce jest wyposa\u017cony w port \u0142adowania typu C w dolnej cz\u0119\u015bci urz\u0105dzenia, co gwarantuje, \u017ce przez ca\u0142y czas b\u0119dziesz m\u00f3g\u0142 doko\u0144czy\u0107 ostatni\u0105 kropl\u0119 e-sok\u00f3w w zbiorniku.<\/p>\n<p>Ka\u017cda jednorazowa kapsu\u0142ka Digital Box 12000 jest wst\u0119pnie nape\u0142niona 20 ml, co wystarcza na 12000 zaci\u0105gni\u0119\u0107. To urz\u0105dzenie vape ma wbudowany akumulator o pojemno\u015bci 850 mAh i port \u0142adowania typu C na spodzie. Podczas wapowania urz\u0105dzenie wy\u015bwietla 6 \u015bwiate\u0142 RGB, co sprawia, \u017ce w ciemno\u015bci jest bardzo przyjemnie. Prze\u0142\u0105cznik sterowania przep\u0142ywem powietrza mo\u017cna dowolnie w\u0142\u0105cza\u0107 i wy\u0142\u0105cza\u0107, dzi\u0119ki czemu mo\u017cna kontrolowa\u0107 wielko\u015b\u0107 dymu wed\u0142ug w\u0142asnych upodoba\u0144.<\/p>\n<h2><b data-stringify-type=\"bold\">Fumot Digital Box 12000 Jednorazowe funkcje Vape:<\/b><\/h2>\n<ul>\n<li>Marka: Fumot<\/li>\n<li>Typ: Skrzynka cyfrowa<\/li>\n<li>Puffy: 12000 Puff\u00f3w<\/li>\n<li>Nikotyna: 0, 2%, 3%, 5%<\/li>\n<li>Wy\u015bwietlacz: E-liquid i bateria<\/li>\n<li>Pojemno\u015b\u0107 e-juice: 20 ml<\/li>\n<li>Bateria: 850 mAh (z mo\u017cliwo\u015bci\u0105 \u0142adowania)<\/li>\n<li>Port \u0142adowania: Typ C<\/li>\n<\/ul>\n<h2><b data-stringify-type=\"bold\">Dost\u0119pne smaki:<\/b><\/h2>\n<p>1 Cool Mint<br \/>\n2 L\u00f3d arbuzowy<br \/>\n3 Grape Ice<br \/>\n4 Bor\u00f3wka Malina<br \/>\n5 Arbuz truskawkowy<br \/>\n6 Truskawka Banan<br \/>\n7 Lush Ice<br \/>\n8 Wi\u015bnia<br \/>\n9 L\u00f3d truskawkowy<br \/>\n10 Ice Pop<br \/>\n11 R\u00f3\u017cowa Lemoniada<br \/>\n12 Mango na lodzie<br \/>\n13 Jagody mieszane<br \/>\n14 P\u0105czek truskawkowy<br \/>\n15 Truskawka winogrono<br \/>\n16 Cherry Cola<br \/>\n17 Dr niebieski<br \/>\n18 Bor\u00f3wka z lodem<br \/>\n19 Kiwi, marakuja, guawa<br \/>\n20 Truskawka kiwi<br \/>\n21 Brzoskwinia mango<br \/>\n22 L\u00f3d brzoskwiniowy<br \/>\n23 L\u00f3d z czerwonego jab\u0142ka<br \/>\n24 Guma jagodowa<br \/>\n25 Lemoniada jagodowa<br \/>\n26 Lemoniada Blue Razz<br \/>\n27 Bluesour malinowy<br \/>\n28 Truskawkowy Red Bull<br \/>\n29 Podmuch jab\u0142kowo-jagodowy<br \/>\n30 Arbuzowa guma balonowa<br \/>\n31 Arbuz malinowy<br \/>\n32 Czarny l\u00f3d<br \/>\n33 Bor\u00f3wka wi\u015bnia \u017curawina<br \/>\n34 Pompon truskawkowy (granat)<br \/>\n35 Vimto<br \/>\n36 Cherry berry<br \/>\n37 Lemon &amp; Lime<br \/>\n38 Bingo Crush<br \/>\n39 Jagoda kiwi<br \/>\n40 Apple Cinnamon<br \/>\n41 Banana Ice<br \/>\n42 L\u00f3d ze smoczego owocu<br \/>\n43 Fruity fusion<br \/>\n44 Grape Mint<br \/>\n45 Love 66<br \/>\n46 L\u00f3d ananasowy<br \/>\n47 Red Energy Ice<br \/>\n48 Dwa jab\u0142ka<br \/>\n49 Tyto\u0144<br \/>\n50 Cola lce<br \/>\n51 lceTea Lemon lce<br \/>\n52 lceTea Peach lce<br \/>\n53 Blue Razz Gummy Bear<\/p>\n<h2><strong>Opakowanie i waga:<\/strong><\/h2>\n<ul>\n<li>0,095 KG\/PCS, pojedyncza z ma\u0142ym opakowaniem<\/li>\n<li>10 sztuk w \u015brednim pude\u0142ku<\/li>\n<li>200 sztuk w opakowaniu zbiorczym<\/li>\n<\/ul>\n<figure id=\"attachment_26804\" aria-describedby=\"caption-attachment-26804\" style=\"width: 800px\" class=\"wp-caption alignnone\"><img loading=\"lazy\" decoding=\"async\" class=\"size-full wp-image-26804\" title=\"Fumot Digital 12000 Jednorazowy Vape Hurtownia Ice Pop\" src=\"https:\/\/www.vape4wholesale.com\/wp-content\/uploads\/2023\/10\/Fumot-Digital-12000-Disposable-Vape-Wholesale-Ice-Pop-1.jpg\" alt=\"Fumot Digital 12000 Jednorazowy Vape Hurtownia Ice Pop\" width=\"800\" height=\"800\" srcset=\"https:\/\/www.vape4wholesale.com\/wp-content\/uploads\/2023\/10\/Fumot-Digital-12000-Disposable-Vape-Wholesale-Ice-Pop-1.jpg 800w, https:\/\/www.vape4wholesale.com\/wp-content\/uploads\/2023\/10\/Fumot-Digital-12000-Disposable-Vape-Wholesale-Ice-Pop-1-300x300.jpg 300w, https:\/\/www.vape4wholesale.com\/wp-content\/uploads\/2023\/10\/Fumot-Digital-12000-Disposable-Vape-Wholesale-Ice-Pop-1-150x150.jpg 150w, https:\/\/www.vape4wholesale.com\/wp-content\/uploads\/2023\/10\/Fumot-Digital-12000-Disposable-Vape-Wholesale-Ice-Pop-1-768x768.jpg 768w, https:\/\/www.vape4wholesale.com\/wp-content\/uploads\/2023\/10\/Fumot-Digital-12000-Disposable-Vape-Wholesale-Ice-Pop-1-12x12.jpg 12w, https:\/\/www.vape4wholesale.com\/wp-content\/uploads\/2023\/10\/Fumot-Digital-12000-Disposable-Vape-Wholesale-Ice-Pop-1-247x247.jpg 247w, https:\/\/www.vape4wholesale.com\/wp-content\/uploads\/2023\/10\/Fumot-Digital-12000-Disposable-Vape-Wholesale-Ice-Pop-1-510x510.jpg 510w, https:\/\/www.vape4wholesale.com\/wp-content\/uploads\/2023\/10\/Fumot-Digital-12000-Disposable-Vape-Wholesale-Ice-Pop-1-100x100.jpg 100w\" sizes=\"auto, (max-width: 800px) 100vw, 800px\" \/><figcaption id=\"caption-attachment-26804\" class=\"wp-caption-text\">Fumot Digital 12000 Jednorazowa sprzeda\u017c hurtowa Vape<\/figcaption><\/figure>\n<h2>DLACZEGO MY?<\/h2>\r\n<ul>\r\n<li>Prawdziwe, godne zaufania i profesjonalne \u017ar\u00f3d\u0142o vape.<\/li>\r\n<li>Gwarancja oryginalno\u015bci 100%: Dostarczamy tylko oryginalne i oryginalne produkty, odmawiamy podrabiania.<\/li>\r\n<li>Gwarancja dostawy 100%: U\u017cywamy najlepszej metody wysy\u0142ki, aby zapewni\u0107, \u017ce otrzymasz zam\u00f3wienie 100%.<\/li>\r\n<li>Po wysy\u0142ce podamy numer przesy\u0142ki i etykiet\u0119 wysy\u0142kow\u0105 oraz b\u0119dziemy \u015bledzi\u0107 towary do momentu ich podpisania.<\/li>\r\n<li>Brak problem\u00f3w celnych, brak taryf<\/li>\r\n<\/ul>","protected":false},"excerpt":{"rendered":"<div class=\"wsppc_div_block woocommerce_before_add_to_cart_form\">\r\n<p><strong><span style=\"color: #00a859;\">Ocli\u0107 si\u0119<\/span> przed dostaw\u0105 i 100% Gwarancja Dostawy, Dostawa w oko\u0142o 19\u201325 dni.\u00a0<\/strong><\/p>\r\n<\/div>","protected":false},"featured_media":26804,"comment_status":"open","ping_status":"closed","template":"","meta":[],"pwb-brand":[1269],"product_cat":[871],"product_tag":[22,24,172,556,592],"class_list":{"0":"post-14303","1":"product","2":"type-product","3":"status-publish","4":"has-post-thumbnail","6":"pwb-brand-fumot","7":"product_cat-10-15k-puffs","8":"product_tag-disposable","9":"product_tag-wholesale","10":"product_tag-20-0ml","11":"product_tag-12000-puffs","12":"product_tag-fumot","13":"wcpa_has_options","15":"first","16":"instock","17":"featured","18":"shipping-taxable","19":"purchasable","20":"product-type-variable"},"aioseo_notices":[],"brands":[{"id":1269,"name":"Fumot","slug":"fumot"}],"_links":{"self":[{"href":"https:\/\/www.vape4wholesale.com\/pl\/wp-json\/wp\/v2\/product\/14303","targetHints":{"allow":["GET"]}}],"collection":[{"href":"https:\/\/www.vape4wholesale.com\/pl\/wp-json\/wp\/v2\/product"}],"about":[{"href":"https:\/\/www.vape4wholesale.com\/pl\/wp-json\/wp\/v2\/types\/product"}],"replies":[{"embeddable":true,"href":"https:\/\/www.vape4wholesale.com\/pl\/wp-json\/wp\/v2\/comments?post=14303"}],"wp:featuredmedia":[{"embeddable":true,"href":"https:\/\/www.vape4wholesale.com\/pl\/wp-json\/wp\/v2\/media\/26804"}],"wp:attachment":[{"href":"https:\/\/www.vape4wholesale.com\/pl\/wp-json\/wp\/v2\/media?parent=14303"}],"wp:term":[{"taxonomy":"pwb-brand","embeddable":true,"href":"https:\/\/www.vape4wholesale.com\/pl\/wp-json\/wp\/v2\/pwb-brand?post=14303"},{"taxonomy":"product_cat","embeddable":true,"href":"https:\/\/www.vape4wholesale.com\/pl\/wp-json\/wp\/v2\/product_cat?post=14303"},{"taxonomy":"product_tag","embeddable":true,"href":"https:\/\/www.vape4wholesale.com\/pl\/wp-json\/wp\/v2\/product_tag?post=14303"}],"curies":[{"name":"wp","href":"https:\/\/api.w.org\/{rel}","templated":true}]}}