{"id":14260,"date":"2023-09-26T16:11:57","date_gmt":"2023-09-26T08:11:57","guid":{"rendered":"https:\/\/www.vape4wholesale.com\/?post_type=product&#038;p=14260"},"modified":"2026-03-28T00:26:24","modified_gmt":"2026-03-27T16:26:24","slug":"poco-bl10000-jednorazowe-vape-hurtownia","status":"publish","type":"product","link":"https:\/\/www.vape4wholesale.com\/pl\/product\/poco-bl10000-disposable-vape-wholesale","title":{"rendered":"Poco BL10000 Jednorazowa sprzeda\u017c hurtowa Vape"},"content":{"rendered":"<p>POCO BL10000 Disposable Vape to idealny wyb\u00f3r dla os\u00f3b, kt\u00f3re chc\u0105 wprowadzi\u0107 do swojej oferty jednorazowe pi\u00f3ro Vape z sol\u0105 niklow\u0105. To rewolucyjne urz\u0105dzenie jest wst\u0119pnie nape\u0142nione wysokiej jako\u015bci e-liquidem, jest zbudowane z cewki siatkowej i ma pojemno\u015b\u0107 10000 zaci\u0105gni\u0119\u0107. Dzi\u0119ki akumulatorowi i portowi \u0142adowania typu C, mo\u017cesz z \u0142atwo\u015bci\u0105 uzyska\u0107 zasilanie bez wzgl\u0119du na to, gdzie jeste\u015b. Z drugiej strony oferuje regulowany przep\u0142yw powietrza, dzi\u0119ki czemu mo\u017cesz wybiera\u0107 mi\u0119dzy p\u0142ynniejszymi lub mocniejszymi zaci\u0105gni\u0119ciami, aby uzyska\u0107 ostateczn\u0105 personalizacj\u0119.<\/p>\n<p>POCO BL10000 Vape Box oferuje imponuj\u0105cy zestaw funkcji, kt\u00f3re wyr\u00f3\u017cniaj\u0105 go z t\u0142umu, jego mocna bateria 650 mAh zapewnia d\u0142ugotrwa\u0142e u\u017cytkowanie, a st\u0119\u017cenie nikotyny w soli 5% oznacza, \u017ce jest odpowiedni dla do\u015bwiadczonych vaper\u00f3w, kt\u00f3rzy chc\u0105 \u015bwietnego uderzenia w gard\u0142o w ka\u017cdym zaci\u0105gni\u0119ciu si\u0119, ka\u017cde pude\u0142ko jest imponuj\u0105co zapakowane w 10 sztuk na wy\u015bwietlaczu, dzi\u0119ki czemu idealnie nadaje si\u0119 r\u00f3wnie\u017c do cel\u00f3w detalicznych.<\/p>\n<h2><strong>POCO BL10000 Lista smak\u00f3w:<\/strong><\/h2>\n<ol>\n<li>Mango Pomara\u0144cza Grejpfrut<\/li>\n<li>Mi\u0119kkie cukierki Peach Bluberry<\/li>\n<li>Fajna mi\u0119ta<\/li>\n<li>Aloe Grape<\/li>\n<li>Mango truskawkowe<\/li>\n<li>Marakuja Kiwi Guawa<\/li>\n<li>Arbuz truskawkowy<\/li>\n<li>Jab\u0142ko Brzoskwinia<\/li>\n<li>Buleberry Raspberry<\/li>\n<li>Grape Blackcurrant Soda<\/li>\n<li>Truskawka Kiwi<\/li>\n<li>Blueberry Cherry Cola<\/li>\n<li>Czarny l\u00f3d smoczy owoc truskawka<\/li>\n<li>Arbuz malinowy<\/li>\n<li>Banan truskawkowy<\/li>\n<\/ol>\n<h2><strong>Waga i pakowanie<\/strong><\/h2>\n<p>200\/karton, 18,5 kg<\/p>\n<p><img loading=\"lazy\" decoding=\"async\" class=\"alignnone size-full wp-image-14285\" title=\"POCO BL10000 Jednorazowa sprzeda\u017c hurtowa Vape (7)\" src=\"https:\/\/www.vape4wholesale.com\/wp-content\/uploads\/2023\/09\/POCO-BL10000-Disposable-Vape-Wholesale-7.webp\" alt=\"POCO BL10000 Jednorazowa sprzeda\u017c hurtowa Vape (7)\" width=\"730\" height=\"730\" srcset=\"https:\/\/www.vape4wholesale.com\/wp-content\/uploads\/2023\/09\/POCO-BL10000-Disposable-Vape-Wholesale-7.webp 730w, https:\/\/www.vape4wholesale.com\/wp-content\/uploads\/2023\/09\/POCO-BL10000-Disposable-Vape-Wholesale-7-247x247.webp 247w, https:\/\/www.vape4wholesale.com\/wp-content\/uploads\/2023\/09\/POCO-BL10000-Disposable-Vape-Wholesale-7-100x100.webp 100w, https:\/\/www.vape4wholesale.com\/wp-content\/uploads\/2023\/09\/POCO-BL10000-Disposable-Vape-Wholesale-7-510x510.webp 510w, https:\/\/www.vape4wholesale.com\/wp-content\/uploads\/2023\/09\/POCO-BL10000-Disposable-Vape-Wholesale-7-64x64.webp 64w, https:\/\/www.vape4wholesale.com\/wp-content\/uploads\/2023\/09\/POCO-BL10000-Disposable-Vape-Wholesale-7-300x300.webp 300w, https:\/\/www.vape4wholesale.com\/wp-content\/uploads\/2023\/09\/POCO-BL10000-Disposable-Vape-Wholesale-7-150x150.webp 150w\" sizes=\"auto, (max-width: 730px) 100vw, 730px\" \/><\/p>\n<p>&nbsp;<\/p>","protected":false},"excerpt":{"rendered":"[scf-template id=&#8217;11434&#8242;]\n","protected":false},"featured_media":14284,"comment_status":"open","ping_status":"closed","template":"","meta":[],"pwb-brand":[1289],"product_cat":[871],"product_tag":[22,24,172,324,586],"class_list":{"0":"post-14260","1":"product","2":"type-product","3":"status-publish","4":"has-post-thumbnail","6":"pwb-brand-others","7":"product_cat-10-15k-puffs","8":"product_tag-disposable","9":"product_tag-wholesale","10":"product_tag-20-0ml","11":"product_tag-10000-puffs","12":"product_tag-poco","13":"wcpa_has_options","15":"first","16":"outofstock","17":"shipping-taxable","18":"purchasable","19":"product-type-variable"},"aioseo_notices":[],"brands":[{"id":1289,"name":"Inne","slug":"inni"}],"_links":{"self":[{"href":"https:\/\/www.vape4wholesale.com\/pl\/wp-json\/wp\/v2\/product\/14260","targetHints":{"allow":["GET"]}}],"collection":[{"href":"https:\/\/www.vape4wholesale.com\/pl\/wp-json\/wp\/v2\/product"}],"about":[{"href":"https:\/\/www.vape4wholesale.com\/pl\/wp-json\/wp\/v2\/types\/product"}],"replies":[{"embeddable":true,"href":"https:\/\/www.vape4wholesale.com\/pl\/wp-json\/wp\/v2\/comments?post=14260"}],"wp:featuredmedia":[{"embeddable":true,"href":"https:\/\/www.vape4wholesale.com\/pl\/wp-json\/wp\/v2\/media\/14284"}],"wp:attachment":[{"href":"https:\/\/www.vape4wholesale.com\/pl\/wp-json\/wp\/v2\/media?parent=14260"}],"wp:term":[{"taxonomy":"pwb-brand","embeddable":true,"href":"https:\/\/www.vape4wholesale.com\/pl\/wp-json\/wp\/v2\/pwb-brand?post=14260"},{"taxonomy":"product_cat","embeddable":true,"href":"https:\/\/www.vape4wholesale.com\/pl\/wp-json\/wp\/v2\/product_cat?post=14260"},{"taxonomy":"product_tag","embeddable":true,"href":"https:\/\/www.vape4wholesale.com\/pl\/wp-json\/wp\/v2\/product_tag?post=14260"}],"curies":[{"name":"wp","href":"https:\/\/api.w.org\/{rel}","templated":true}]}}