{"id":14213,"date":"2023-09-06T21:32:02","date_gmt":"2023-09-06T13:32:02","guid":{"rendered":"https:\/\/www.vape4wholesale.com\/?post_type=product&#038;p=14213"},"modified":"2026-01-26T13:42:22","modified_gmt":"2026-01-26T13:42:22","slug":"kulx-10000-puff-jednorazowe-vape-hurtownia","status":"publish","type":"product","link":"https:\/\/www.vape4wholesale.com\/pl\/product\/kulx-10000-puffs-disposable-vape-wholesale","title":{"rendered":"Kulx 10000 Puffs Jednorazowa sprzeda\u017c hurtowa Vape"},"content":{"rendered":"<p><strong>Kulx 10000<\/strong>\u00a0Puffs Disposable to pot\u0119\u017cne i wygodne urz\u0105dzenie do wapowania przeznaczone do ca\u0142odziennego u\u017cytku. Zestaw ma ogromn\u0105 pojemno\u015b\u0107 ssania wynosz\u0105c\u0105 10000 zaci\u0105gni\u0119\u0107, aby zapewni\u0107 zu\u017cycie zamiennik\u00f3w przez d\u0142ugi czas. Dost\u0119pny w wysokich st\u0119\u017ceniach nikotyny 0%, 2%, 3% i 5%, zestaw zapewnia satysfakcjonuj\u0105ce wra\u017cenia z waporyzacji. Pojemno\u015b\u0107 20 ml e-soku pozwala cieszy\u0107 si\u0119 ulubionym smakiem przez d\u0142ugi czas. Kulx 10000 wykorzystuje nikotyn\u0119 typu Nic Salt i jest wyposa\u017cony w bateri\u0119 o pojemno\u015bci 850 mAh, aby zapewni\u0107 d\u0142ugotrwa\u0142e u\u017cytkowanie. \u0141adowarka typu C (brak w zestawie) zapewnia szybkie i \u0142atwe \u0142adowanie.<\/p>\n<h2>Funkcja Kulx 10000<\/h2>\n<ul>\n<li>Wbudowana bateria 850 mAh<\/li>\n<li>\u0141adowanie<\/li>\n<li>Wydajny, sta\u0142y transfer mocy<\/li>\n<li>Wst\u0119pnie nape\u0142niony e-liquid 20 ml<\/li>\n<li>0% 2% 3% 5% Poziom nikotyny<\/li>\n<li>Zaspokoi\u0107 prawie 10 000 ust<\/li>\n<li>str\u0105ki soi<\/li>\n<li>Lista smak\u00f3w<\/li>\n<\/ul>\n<h2>Lista smak\u00f3w<\/h2>\n<ol>\n<li>L\u00f3d jagodowo-malinowy<\/li>\n<li>Mi\u0119ta cytrynowa<\/li>\n<li>Podw\u00f3jne jab\u0142ko<\/li>\n<li>Bujny l\u00f3d<\/li>\n<li>Jagody mieszane<\/li>\n<li>L\u00f3d ananasowo-mango<\/li>\n<li>Truskawka Kiwi<\/li>\n<li>Wata cukrowa<\/li>\n<li>Arbuz truskawkowy<\/li>\n<li>Aloe Grape<\/li>\n<\/ol>\n<h2>Pakowanie i waga<\/h2>\n<ul>\n<li>0.096\/ PC<\/li>\n<li>200\/karton, 19,2\/karton<\/li>\n<\/ul>\n<p><img loading=\"lazy\" decoding=\"async\" class=\"alignnone size-full wp-image-14231\" title=\"Kulx 10000 Puffs jednorazowe Vape hurtowo wszystkie smaki\" src=\"https:\/\/www.vape4wholesale.com\/wp-content\/uploads\/2023\/09\/Kulx-10000-Puffs-Disposable-Vape-Wholesale-all-Flavors.jpg\" alt=\"Kulx 10000 Puffs jednorazowe Vape hurtowo wszystkie smaki\" width=\"960\" height=\"960\" srcset=\"https:\/\/www.vape4wholesale.com\/wp-content\/uploads\/2023\/09\/Kulx-10000-Puffs-Disposable-Vape-Wholesale-all-Flavors.jpg 960w, https:\/\/www.vape4wholesale.com\/wp-content\/uploads\/2023\/09\/Kulx-10000-Puffs-Disposable-Vape-Wholesale-all-Flavors-247x247.jpg 247w, https:\/\/www.vape4wholesale.com\/wp-content\/uploads\/2023\/09\/Kulx-10000-Puffs-Disposable-Vape-Wholesale-all-Flavors-100x100.jpg 100w, https:\/\/www.vape4wholesale.com\/wp-content\/uploads\/2023\/09\/Kulx-10000-Puffs-Disposable-Vape-Wholesale-all-Flavors-510x510.jpg 510w, https:\/\/www.vape4wholesale.com\/wp-content\/uploads\/2023\/09\/Kulx-10000-Puffs-Disposable-Vape-Wholesale-all-Flavors-64x64.jpg 64w, https:\/\/www.vape4wholesale.com\/wp-content\/uploads\/2023\/09\/Kulx-10000-Puffs-Disposable-Vape-Wholesale-all-Flavors-300x300.jpg 300w, https:\/\/www.vape4wholesale.com\/wp-content\/uploads\/2023\/09\/Kulx-10000-Puffs-Disposable-Vape-Wholesale-all-Flavors-150x150.jpg 150w, https:\/\/www.vape4wholesale.com\/wp-content\/uploads\/2023\/09\/Kulx-10000-Puffs-Disposable-Vape-Wholesale-all-Flavors-768x768.jpg 768w\" sizes=\"auto, (max-width: 960px) 100vw, 960px\" \/> <img loading=\"lazy\" decoding=\"async\" class=\"alignnone size-full wp-image-14230\" title=\"Kulx 10000 Puffs Jednorazowe Vape Hurtownia Watermelon Ice\" src=\"https:\/\/www.vape4wholesale.com\/wp-content\/uploads\/2023\/09\/Kulx-10000-Puffs-Disposable-Vape-Wholesale-Watermelon-Ice.jpg\" alt=\"Kulx 10000 Puffs Jednorazowe Vape Hurtownia Watermelon Ice\" width=\"960\" height=\"960\" srcset=\"https:\/\/www.vape4wholesale.com\/wp-content\/uploads\/2023\/09\/Kulx-10000-Puffs-Disposable-Vape-Wholesale-Watermelon-Ice.jpg 960w, https:\/\/www.vape4wholesale.com\/wp-content\/uploads\/2023\/09\/Kulx-10000-Puffs-Disposable-Vape-Wholesale-Watermelon-Ice-247x247.jpg 247w, https:\/\/www.vape4wholesale.com\/wp-content\/uploads\/2023\/09\/Kulx-10000-Puffs-Disposable-Vape-Wholesale-Watermelon-Ice-100x100.jpg 100w, https:\/\/www.vape4wholesale.com\/wp-content\/uploads\/2023\/09\/Kulx-10000-Puffs-Disposable-Vape-Wholesale-Watermelon-Ice-510x510.jpg 510w, https:\/\/www.vape4wholesale.com\/wp-content\/uploads\/2023\/09\/Kulx-10000-Puffs-Disposable-Vape-Wholesale-Watermelon-Ice-64x64.jpg 64w, https:\/\/www.vape4wholesale.com\/wp-content\/uploads\/2023\/09\/Kulx-10000-Puffs-Disposable-Vape-Wholesale-Watermelon-Ice-300x300.jpg 300w, https:\/\/www.vape4wholesale.com\/wp-content\/uploads\/2023\/09\/Kulx-10000-Puffs-Disposable-Vape-Wholesale-Watermelon-Ice-150x150.jpg 150w, https:\/\/www.vape4wholesale.com\/wp-content\/uploads\/2023\/09\/Kulx-10000-Puffs-Disposable-Vape-Wholesale-Watermelon-Ice-768x768.jpg 768w\" sizes=\"auto, (max-width: 960px) 100vw, 960px\" \/><\/p>","protected":false},"excerpt":{"rendered":"[scf-template id=&#8217;11434&#8242;]\n","protected":false},"featured_media":14231,"comment_status":"open","ping_status":"closed","template":"","meta":[],"pwb-brand":[1289],"product_cat":[871],"product_tag":[22,24,172,324,576],"class_list":{"0":"post-14213","1":"product","2":"type-product","3":"status-publish","4":"has-post-thumbnail","6":"pwb-brand-others","7":"product_cat-10-15k-puffs","8":"product_tag-disposable","9":"product_tag-wholesale","10":"product_tag-20-0ml","11":"product_tag-10000-puffs","12":"product_tag-kulx","14":"first","15":"outofstock","16":"shipping-taxable","17":"purchasable","18":"product-type-variable"},"aioseo_notices":[],"brands":[{"id":1289,"name":"Inne","slug":"inni"}],"_links":{"self":[{"href":"https:\/\/www.vape4wholesale.com\/pl\/wp-json\/wp\/v2\/product\/14213","targetHints":{"allow":["GET"]}}],"collection":[{"href":"https:\/\/www.vape4wholesale.com\/pl\/wp-json\/wp\/v2\/product"}],"about":[{"href":"https:\/\/www.vape4wholesale.com\/pl\/wp-json\/wp\/v2\/types\/product"}],"replies":[{"embeddable":true,"href":"https:\/\/www.vape4wholesale.com\/pl\/wp-json\/wp\/v2\/comments?post=14213"}],"wp:featuredmedia":[{"embeddable":true,"href":"https:\/\/www.vape4wholesale.com\/pl\/wp-json\/wp\/v2\/media\/14231"}],"wp:attachment":[{"href":"https:\/\/www.vape4wholesale.com\/pl\/wp-json\/wp\/v2\/media?parent=14213"}],"wp:term":[{"taxonomy":"pwb-brand","embeddable":true,"href":"https:\/\/www.vape4wholesale.com\/pl\/wp-json\/wp\/v2\/pwb-brand?post=14213"},{"taxonomy":"product_cat","embeddable":true,"href":"https:\/\/www.vape4wholesale.com\/pl\/wp-json\/wp\/v2\/product_cat?post=14213"},{"taxonomy":"product_tag","embeddable":true,"href":"https:\/\/www.vape4wholesale.com\/pl\/wp-json\/wp\/v2\/product_tag?post=14213"}],"curies":[{"name":"wp","href":"https:\/\/api.w.org\/{rel}","templated":true}]}}