{"id":14081,"date":"2023-08-13T11:17:36","date_gmt":"2023-08-13T03:17:36","guid":{"rendered":"https:\/\/www.vape4wholesale.com\/?post_type=product&#038;p=14081"},"modified":"2026-01-26T13:42:29","modified_gmt":"2026-01-26T13:42:29","slug":"elf-bar-cr5000-hurtownia-vape-jednorazowego-uzytku","status":"publish","type":"product","link":"https:\/\/www.vape4wholesale.com\/pl\/product\/elf-bar-cr5000-disposable-vape-wholesale","title":{"rendered":"Elf Bar CR5000 Jednorazowy Vape Hurtownia"},"content":{"rendered":"<p>Jednorazowy waporyzator Elf Bar CR5000 zasilany wbudowan\u0105 bateri\u0105 650 mAh. G\u0142adka powierzchnia o eleganckim kszta\u0142cie zapewnia idealne dopasowanie do ust i doskona\u0142y chwyt. Siatkowa cewka zapewnia ekstremaln\u0105 popraw\u0119 smaku i zwi\u0119ksza do 5000 zaci\u0105gni\u0119\u0107 dzi\u0119ki \u0142adowaniu typu C.<\/p>\n<h2><strong>Elf Bar CR5000 Wydajno\u015b\u0107<\/strong><\/h2>\n<p>ELFBAR CR5000 jest wyposa\u017cony w akumulator o du\u017cej pojemno\u015bci, kt\u00f3ry zapewnia d\u0142ugotrwa\u0142e sesje waporyzacji. Niezale\u017cnie od tego, czy jeste\u015b zwyk\u0142ym waporyzatorem, czy kim\u015b, kto lubi wapowa\u0107 przez ca\u0142y dzie\u0144, to urz\u0105dzenie zapewni Ci ochron\u0119. Pot\u0119\u017cna bateria zapewnia r\u00f3wnie\u017c sta\u0142\u0105 wydajno\u015b\u0107, zapewniaj\u0105c p\u0142ynne i satysfakcjonuj\u0105ce wra\u017cenia z waporyzacji przy ka\u017cdym zaci\u0105gni\u0119ciu.<\/p>\n<h2>Wygoda w najlepszym wydaniu<\/h2>\n<p>Jedn\u0105 z wyr\u00f3\u017cniaj\u0105cych cech ELFBAR CR5000 jest jego jednorazowy charakter. Nie trzeba martwi\u0107 si\u0119 o uzupe\u0142nianie e-cieczy lub wymian\u0119 cewek. Wystarczy korzysta\u0107 z urz\u0105dzenia do momentu wyczerpania baterii lub sko\u0144czenia si\u0119 e-cieczy, a nast\u0119pnie pozby\u0107 si\u0119 go w odpowiedzialny spos\u00f3b. Sprawia to, \u017ce jest to idealna opcja dla vaper\u00f3w, kt\u00f3rzy s\u0105 zawsze w ruchu lub dla tych, kt\u00f3rzy preferuj\u0105 bezproblemowe wapowanie.<\/p>\n<h2>Unikalne opcje smakowe<\/h2>\n<p>ELFBAR CR5000 oferuje szerok\u0105 gam\u0119 pysznych opcji smakowych, kt\u00f3re zaspokoj\u0105 ka\u017cde podniebienie. Od owocowych smak\u00f3w, takich jak mango i truskawka, po klasyczne opcje tytoniowe i mentolowe - ka\u017cdy znajdzie co\u015b dla siebie. Ka\u017cdy smak jest starannie opracowany, aby zapewni\u0107 autentyczne i przyjemne doznania podczas waporyzacji.<\/p>\n<h2>Kompaktowa i stylowa konstrukcja<\/h2>\n<p>ELFBAR CR5000 ma smuk\u0142\u0105 i kompaktow\u0105 konstrukcj\u0119, dzi\u0119ki czemu mo\u017cna go \u0142atwo nosi\u0107 w kieszeni lub torbie. Jego elegancki i nowoczesny wygl\u0105d dodaje odrobin\u0119 stylu do wra\u017ce\u0144 z waporyzacji. Niezale\u017cnie od tego, czy jeste\u015b z przyjaci\u00f3\u0142mi, czy podr\u00f3\u017cujesz, to urz\u0105dzenie jest zar\u00f3wno wygodne, jak i modne.<\/p>\n<h2>Wnioski<\/h2>\n<p>Je\u015bli szukasz mocnego, wygodnego i stylowego jednorazowego waporyzatora, ELFBAR CR5000 jest idealnym wyborem. Dzi\u0119ki wytrzyma\u0142ej baterii, szerokiej gamie smak\u00f3w i eleganckiemu designowi oferuje wszystko, czego potrzebujesz do przyjemnego wapowania. Wypr\u00f3buj ELFBAR CR5000 ju\u017c dzi\u015b i odkryj nowy poziom satysfakcji z waporyzacji.<\/p>\n<p>&nbsp;<\/p>\n<h2><strong>Cechy Elf Bar CR5000:<\/strong><\/h2>\n<ul>\n<li><strong>Pojemno\u015b\u0107 e-liquidu:<\/strong>\u00a0Wst\u0119pnie nape\u0142niony 13,5 ml<\/li>\n<li><strong>St\u0119\u017cenie nikotyny<\/strong>: 5%<\/li>\n<li><strong>Liczba zaci\u0105gni\u0119\u0107:<\/strong>\u00a0Oko\u0142o 5000 zaci\u0105gni\u0119\u0107<\/li>\n<li>Akumulator<\/li>\n<li><strong>Pojemno\u015b\u0107 baterii:<\/strong>\u00a0650 mAh<\/li>\n<li><strong>Typ USB:<\/strong>\u00a0Typ-c<\/li>\n<li><strong>Element grzejny:<\/strong>\u00a0Siatkowa cewka<\/li>\n<li>Krystalicznie czysta konstrukcja<\/li>\n<\/ul>\n<h2><strong>Elf Bar CR5000 Smaki:<\/strong><\/h2>\n<ul>\n<li>Arbuz<\/li>\n<li>Mango truskawkowe<\/li>\n<li>Lody truskawkowe<\/li>\n<li>Arbuz malinowy<\/li>\n<li>Brzoskwinia Truskawka Arbuz<\/li>\n<li>L\u00f3d brzoskwiniowy<\/li>\n<li>Mango Ice<\/li>\n<li>Kiwi Passion Fruit Guava<\/li>\n<li>\u017burawina Winogrono<\/li>\n<li>Cherry Lemon<\/li>\n<li>Jagoda Malina Granat<\/li>\n<li>Lemoniada Blue Razz<\/li>\n<\/ul>","protected":false},"excerpt":{"rendered":"[scf-template id=&#8217;11434&#8242;]\n","protected":false},"featured_media":14095,"comment_status":"open","ping_status":"closed","template":"","meta":[],"pwb-brand":[1278],"product_cat":[869],"product_tag":[22,24,60,189,515],"class_list":{"0":"post-14081","1":"product","2":"type-product","3":"status-publish","4":"has-post-thumbnail","6":"pwb-brand-elf-bar","7":"product_cat-5000-8000-puffs","8":"product_tag-disposable","9":"product_tag-wholesale","10":"product_tag-elf-bar","11":"product_tag-5000-puffs","12":"product_tag-13-5ml","14":"first","15":"outofstock","16":"shipping-taxable","17":"purchasable","18":"product-type-variable"},"aioseo_notices":[],"brands":[{"id":1278,"name":"Elf bar","slug":"elf-bar"}],"_links":{"self":[{"href":"https:\/\/www.vape4wholesale.com\/pl\/wp-json\/wp\/v2\/product\/14081","targetHints":{"allow":["GET"]}}],"collection":[{"href":"https:\/\/www.vape4wholesale.com\/pl\/wp-json\/wp\/v2\/product"}],"about":[{"href":"https:\/\/www.vape4wholesale.com\/pl\/wp-json\/wp\/v2\/types\/product"}],"replies":[{"embeddable":true,"href":"https:\/\/www.vape4wholesale.com\/pl\/wp-json\/wp\/v2\/comments?post=14081"}],"wp:featuredmedia":[{"embeddable":true,"href":"https:\/\/www.vape4wholesale.com\/pl\/wp-json\/wp\/v2\/media\/14095"}],"wp:attachment":[{"href":"https:\/\/www.vape4wholesale.com\/pl\/wp-json\/wp\/v2\/media?parent=14081"}],"wp:term":[{"taxonomy":"pwb-brand","embeddable":true,"href":"https:\/\/www.vape4wholesale.com\/pl\/wp-json\/wp\/v2\/pwb-brand?post=14081"},{"taxonomy":"product_cat","embeddable":true,"href":"https:\/\/www.vape4wholesale.com\/pl\/wp-json\/wp\/v2\/product_cat?post=14081"},{"taxonomy":"product_tag","embeddable":true,"href":"https:\/\/www.vape4wholesale.com\/pl\/wp-json\/wp\/v2\/product_tag?post=14081"}],"curies":[{"name":"wp","href":"https:\/\/api.w.org\/{rel}","templated":true}]}}