{"id":13984,"date":"2023-07-06T00:00:58","date_gmt":"2023-07-05T16:00:58","guid":{"rendered":"https:\/\/www.vape4wholesale.com\/?post_type=product&#038;p=13984"},"modified":"2026-01-26T13:42:31","modified_gmt":"2026-01-26T13:42:31","slug":"bang-king-12000-puff-jednorazowe-vape-hurtownia","status":"publish","type":"product","link":"https:\/\/www.vape4wholesale.com\/pl\/product\/bang-king-12000-puffs-disposable-vape-wholesale","title":{"rendered":"Bang King 12000 Puffs Jednorazowa sprzeda\u017c hurtowa Vape"},"content":{"rendered":"<p>Bang King 12000 to solidny i ogromny jednorazowy vape, kt\u00f3ry zyska\u0142 popularno\u015b\u0107 dzi\u0119ki niezwyk\u0142ej pojemno\u015bci, wydajno\u015bci smakowej i szerokiemu wyborowi zmys\u0142\u00f3w. Wielu fan\u00f3w uwa\u017ca, \u017ce marka Bang Vape oferuje jedne z najlepszych zmys\u0142\u00f3w na rynku.<\/p>\n<p>Bang King 12000 oferuje r\u00f3\u017cnorodno\u015b\u0107 10 smak\u00f3w, dost\u0119pnych w opcjach 5%, 3% i 0%. Bang King 12000 ma niesamowit\u0105 pojemno\u015b\u0107 e-liquidu 23 ml i do 12000 zaci\u0105gni\u0119\u0107. Urz\u0105dzenie to jest zasilane przez nadaj\u0105c\u0105 si\u0119 do recyklingu bateri\u0119 650 mAh, kt\u00f3ra uruchamia wysokowydajny system cewek siatkowych.<\/p>\n<h2><strong>Specyfikacja Vape jednorazowego u\u017cytku Bang King 12000 Puffs<\/strong><\/h2>\n<ul>\n<li>Puffy: Do 12000<\/li>\n<li>P\u0142yn: 23 ml<\/li>\n<li>Nikotyna: 0%\/ 3%\/ 5%<\/li>\n<li>Bateria: 650 mAh Type-C<\/li>\n<li>Typy:Jednorazowe<\/li>\n<li>Waga: 110 g\/szt.<\/li>\n<li>Opakowanie: 10 sztuk\/pude\u0142ko<\/li>\n<\/ul>\n<p>&nbsp;<\/p>\n<div>\n<div class=\"wmkc-template-12\">\n<h2 class=\"wmkc-white\"><strong>Produkty Smaki<\/strong><\/h2>\n<\/div>\n<ol>\n<li>L\u00f3d ananasowo-kokosowy<\/li>\n<li>Arbuzowa guma balonowa<\/li>\n<li>Potr\u00f3jny l\u00f3d jagodowy<\/li>\n<li>L\u00f3d brzoskwiniowy<\/li>\n<li>Granat<\/li>\n<li>Niebieski l\u00f3d razz<\/li>\n<li>Arbuz truskawkowy<\/li>\n<li>Melon Mint<\/li>\n<li>T\u0119czowy sherbert<\/li>\n<li>truskawka mango<\/li>\n<\/ol>\n<h2><strong>Szczeg\u00f3\u0142y pakowania<\/strong><\/h2>\n<ul>\n<li>10 PCS\/pude\u0142ko ekspozycyjne<\/li>\n<li>200 sztuk \/ karton zbiorczy \/ 24 kg<\/li>\n<\/ul>\n<p><img loading=\"lazy\" decoding=\"async\" class=\"alignnone size-full wp-image-13993\" title=\"Bang King 12000 Puffs jednorazowe Vape\" src=\"https:\/\/www.vape4wholesale.com\/wp-content\/uploads\/2023\/07\/Bang-King-12000-Puffs-Disposable-Vape.jpg\" alt=\"Bang King 12000 Puffs jednorazowe Vape\" width=\"1707\" height=\"1280\" srcset=\"https:\/\/www.vape4wholesale.com\/wp-content\/uploads\/2023\/07\/Bang-King-12000-Puffs-Disposable-Vape.jpg 1707w, https:\/\/www.vape4wholesale.com\/wp-content\/uploads\/2023\/07\/Bang-King-12000-Puffs-Disposable-Vape-510x382.jpg 510w, https:\/\/www.vape4wholesale.com\/wp-content\/uploads\/2023\/07\/Bang-King-12000-Puffs-Disposable-Vape-64x48.jpg 64w, https:\/\/www.vape4wholesale.com\/wp-content\/uploads\/2023\/07\/Bang-King-12000-Puffs-Disposable-Vape-300x225.jpg 300w, https:\/\/www.vape4wholesale.com\/wp-content\/uploads\/2023\/07\/Bang-King-12000-Puffs-Disposable-Vape-1024x768.jpg 1024w, https:\/\/www.vape4wholesale.com\/wp-content\/uploads\/2023\/07\/Bang-King-12000-Puffs-Disposable-Vape-768x576.jpg 768w, https:\/\/www.vape4wholesale.com\/wp-content\/uploads\/2023\/07\/Bang-King-12000-Puffs-Disposable-Vape-1536x1152.jpg 1536w\" sizes=\"auto, (max-width: 1707px) 100vw, 1707px\" \/><\/p>\n<\/div>","protected":false},"excerpt":{"rendered":"[scf-template id=&#8217;11434&#8242;]\n","protected":false},"featured_media":13992,"comment_status":"open","ping_status":"closed","template":"","meta":[],"pwb-brand":[1275],"product_cat":[869],"product_tag":[22,24,249,556,557],"class_list":{"0":"post-13984","1":"product","2":"type-product","3":"status-publish","4":"has-post-thumbnail","6":"pwb-brand-bang","7":"product_cat-5000-8000-puffs","8":"product_tag-disposable","9":"product_tag-wholesale","10":"product_tag-bang","11":"product_tag-12000-puffs","12":"product_tag-23-0ml","13":"wcpa_has_options","15":"first","16":"outofstock","17":"shipping-taxable","18":"purchasable","19":"product-type-variable"},"aioseo_notices":[],"brands":[{"id":1275,"name":"Bang","slug":"huk"}],"_links":{"self":[{"href":"https:\/\/www.vape4wholesale.com\/pl\/wp-json\/wp\/v2\/product\/13984","targetHints":{"allow":["GET"]}}],"collection":[{"href":"https:\/\/www.vape4wholesale.com\/pl\/wp-json\/wp\/v2\/product"}],"about":[{"href":"https:\/\/www.vape4wholesale.com\/pl\/wp-json\/wp\/v2\/types\/product"}],"replies":[{"embeddable":true,"href":"https:\/\/www.vape4wholesale.com\/pl\/wp-json\/wp\/v2\/comments?post=13984"}],"wp:featuredmedia":[{"embeddable":true,"href":"https:\/\/www.vape4wholesale.com\/pl\/wp-json\/wp\/v2\/media\/13992"}],"wp:attachment":[{"href":"https:\/\/www.vape4wholesale.com\/pl\/wp-json\/wp\/v2\/media?parent=13984"}],"wp:term":[{"taxonomy":"pwb-brand","embeddable":true,"href":"https:\/\/www.vape4wholesale.com\/pl\/wp-json\/wp\/v2\/pwb-brand?post=13984"},{"taxonomy":"product_cat","embeddable":true,"href":"https:\/\/www.vape4wholesale.com\/pl\/wp-json\/wp\/v2\/product_cat?post=13984"},{"taxonomy":"product_tag","embeddable":true,"href":"https:\/\/www.vape4wholesale.com\/pl\/wp-json\/wp\/v2\/product_tag?post=13984"}],"curies":[{"name":"wp","href":"https:\/\/api.w.org\/{rel}","templated":true}]}}