{"id":11049,"date":"2023-06-23T21:01:55","date_gmt":"2023-06-23T13:01:55","guid":{"rendered":"https:\/\/www.vape4wholesale.com\/?post_type=product&#038;p=11049"},"modified":"2026-01-26T13:42:35","modified_gmt":"2026-01-26T13:42:35","slug":"randm-vome-monster-10000-hurtownia-vape","status":"publish","type":"product","link":"https:\/\/www.vape4wholesale.com\/pl\/product\/randm-vome-monster-10000-vape-wholesale","title":{"rendered":"RandM Vome Monster 10000 Hurtownia Vape"},"content":{"rendered":"<p><strong><a href=\"https:\/\/www.vape4wholesale.com\/pl\/product_brand\/randm\/\">RandM<\/a> Vome Monster 10000 <\/strong>to dwuwarstwowa obudowa zaprojektowana jako \u0142adne jednorazowe urz\u0105dzenie vape, z funkcj\u0105 kontroli przep\u0142ywu powietrza i mo\u017cliwo\u015bci\u0105 \u0142adowania. ma r\u00f3\u017cne moce nikotyny (0 mg, 20 mg, 30 mg i 50 mg) do wyboru, pojemno\u015b\u0107 p\u0142ynu wynosi 20 ml i obs\u0142uguje maksymalnie 10000 zaci\u0105gni\u0119\u0107.<\/p>\n<p>Do wyboru jest 12 smak\u00f3w. Regulacja przep\u0142ywu powietrza pozwala wybra\u0107 najlepsze miejsce dla siebie, a ponadto jest wyposa\u017cony w port \u0142adowania typu C na spodzie urz\u0105dzenia, kt\u00f3ry gwarantuje, \u017ce przez ca\u0142y czas ko\u0144czysz ostatni\u0105 kropl\u0119 ejuice w zbiorniku.<\/p>\n<p>Vome jest pod-mark\u0105 Randm vape, dodanie jej pozwala randm mie\u0107 o wiele wi\u0119cej produkt\u00f3w.<\/p>\n<h2>RandM Vome Monster 10000 Puffs Jednorazowego u\u017cytku Cechy<\/h2>\n<ul>\n<li>0%\/ 2%\/ 3%\/ 5% S\u00f3l nikotynowa<\/li>\n<li>20 ml p\u0142ynu E-liquid<\/li>\n<li>Kontrola przep\u0142ywu powietrza<\/li>\n<li>Siatkowa cewka<\/li>\n<li>Akumulator<\/li>\n<li>Zintegrowana bateria 850 mAh<\/li>\n<li>12 dost\u0119pnych smak\u00f3w<\/li>\n<li>10 sztuk w pude\u0142ku ekspozycyjnym<\/li>\n<li>240 sztuk w kartonie<\/li>\n<\/ul>\n<h2>Dost\u0119pne smaki<\/h2>\n<ol>\n<li>Lush Ice<\/li>\n<li>Cool Mint<\/li>\n<li>Jagody mieszane<\/li>\n<li>L\u00f3d winogronowy<\/li>\n<li>Brzoskwinia mango<\/li>\n<li>L\u00f3d jagodowy<\/li>\n<li>T\u0119czowe cukierki<\/li>\n<li>Arbuz truskawkowy<\/li>\n<li>P\u0105czek truskawkowy<\/li>\n<li>Cheery Cola<\/li>\n<li>R\u00f3\u017cowa Lemoniada<\/li>\n<li>Kiwi, marakuja, guawa<\/li>\n<\/ol>\n<p><img loading=\"lazy\" decoding=\"async\" class=\"alignnone size-full wp-image-11491\" title=\"Randm Vome Monster 10000 Puffs Vape Wholesale\" src=\"https:\/\/www.vape4wholesale.com\/wp-content\/uploads\/2023\/06\/Randm-Vome-Monster-10000-Puffs-Vape-Wholesale.jpg\" alt=\"Randm Vome Monster 10000 Puffs Vape Wholesale\" width=\"590\" height=\"539\" srcset=\"https:\/\/www.vape4wholesale.com\/wp-content\/uploads\/2023\/06\/Randm-Vome-Monster-10000-Puffs-Vape-Wholesale.jpg 590w, https:\/\/www.vape4wholesale.com\/wp-content\/uploads\/2023\/06\/Randm-Vome-Monster-10000-Puffs-Vape-Wholesale-510x466.jpg 510w, https:\/\/www.vape4wholesale.com\/wp-content\/uploads\/2023\/06\/Randm-Vome-Monster-10000-Puffs-Vape-Wholesale-64x58.jpg 64w, https:\/\/www.vape4wholesale.com\/wp-content\/uploads\/2023\/06\/Randm-Vome-Monster-10000-Puffs-Vape-Wholesale-300x274.jpg 300w\" sizes=\"auto, (max-width: 590px) 100vw, 590px\" \/> <img loading=\"lazy\" decoding=\"async\" class=\"alignnone size-full wp-image-11492\" title=\"Strawberry Watermelon Randm Vome Monster Vape 10000 Puffs\" src=\"https:\/\/www.vape4wholesale.com\/wp-content\/uploads\/2023\/06\/Strawberry-Watermelon-Randm-Vome-Monster-Vape-10000-Puffs.jpg\" alt=\"Strawberry Watermelon Randm Vome Monster Vape 10000 Puffs\" width=\"590\" height=\"590\" srcset=\"https:\/\/www.vape4wholesale.com\/wp-content\/uploads\/2023\/06\/Strawberry-Watermelon-Randm-Vome-Monster-Vape-10000-Puffs.jpg 590w, https:\/\/www.vape4wholesale.com\/wp-content\/uploads\/2023\/06\/Strawberry-Watermelon-Randm-Vome-Monster-Vape-10000-Puffs-247x247.jpg 247w, https:\/\/www.vape4wholesale.com\/wp-content\/uploads\/2023\/06\/Strawberry-Watermelon-Randm-Vome-Monster-Vape-10000-Puffs-100x100.jpg 100w, https:\/\/www.vape4wholesale.com\/wp-content\/uploads\/2023\/06\/Strawberry-Watermelon-Randm-Vome-Monster-Vape-10000-Puffs-510x510.jpg 510w, https:\/\/www.vape4wholesale.com\/wp-content\/uploads\/2023\/06\/Strawberry-Watermelon-Randm-Vome-Monster-Vape-10000-Puffs-64x64.jpg 64w, https:\/\/www.vape4wholesale.com\/wp-content\/uploads\/2023\/06\/Strawberry-Watermelon-Randm-Vome-Monster-Vape-10000-Puffs-300x300.jpg 300w, https:\/\/www.vape4wholesale.com\/wp-content\/uploads\/2023\/06\/Strawberry-Watermelon-Randm-Vome-Monster-Vape-10000-Puffs-150x150.jpg 150w\" sizes=\"auto, (max-width: 590px) 100vw, 590px\" \/> <img loading=\"lazy\" decoding=\"async\" class=\"alignnone size-full wp-image-11493\" title=\"Strawbery Donut Randm Vome Monster Vape 10000 Puffs\" src=\"https:\/\/www.vape4wholesale.com\/wp-content\/uploads\/2023\/06\/Strawbery-Donut-Randm-Vome-Monster-Vape-10000-Puffs.jpg\" alt=\"Strawbery Donut Randm Vome Monster Vape 10000 Puffs\" width=\"590\" height=\"590\" srcset=\"https:\/\/www.vape4wholesale.com\/wp-content\/uploads\/2023\/06\/Strawbery-Donut-Randm-Vome-Monster-Vape-10000-Puffs.jpg 590w, https:\/\/www.vape4wholesale.com\/wp-content\/uploads\/2023\/06\/Strawbery-Donut-Randm-Vome-Monster-Vape-10000-Puffs-247x247.jpg 247w, https:\/\/www.vape4wholesale.com\/wp-content\/uploads\/2023\/06\/Strawbery-Donut-Randm-Vome-Monster-Vape-10000-Puffs-100x100.jpg 100w, https:\/\/www.vape4wholesale.com\/wp-content\/uploads\/2023\/06\/Strawbery-Donut-Randm-Vome-Monster-Vape-10000-Puffs-510x510.jpg 510w, https:\/\/www.vape4wholesale.com\/wp-content\/uploads\/2023\/06\/Strawbery-Donut-Randm-Vome-Monster-Vape-10000-Puffs-64x64.jpg 64w, https:\/\/www.vape4wholesale.com\/wp-content\/uploads\/2023\/06\/Strawbery-Donut-Randm-Vome-Monster-Vape-10000-Puffs-300x300.jpg 300w, https:\/\/www.vape4wholesale.com\/wp-content\/uploads\/2023\/06\/Strawbery-Donut-Randm-Vome-Monster-Vape-10000-Puffs-150x150.jpg 150w\" sizes=\"auto, (max-width: 590px) 100vw, 590px\" \/> <img loading=\"lazy\" decoding=\"async\" class=\"alignnone size-full wp-image-11483\" title=\"Grape Ice Randm Vome Monster Vape 10000 Puffs\" src=\"https:\/\/www.vape4wholesale.com\/wp-content\/uploads\/2023\/06\/Grape-Ice-Randm-Vome-Monster-Vape-10000-Puffs.jpg\" alt=\"Grape Ice Randm Vome Monster Vape 10000 Puffs\" width=\"590\" height=\"590\" srcset=\"https:\/\/www.vape4wholesale.com\/wp-content\/uploads\/2023\/06\/Grape-Ice-Randm-Vome-Monster-Vape-10000-Puffs.jpg 590w, https:\/\/www.vape4wholesale.com\/wp-content\/uploads\/2023\/06\/Grape-Ice-Randm-Vome-Monster-Vape-10000-Puffs-247x247.jpg 247w, https:\/\/www.vape4wholesale.com\/wp-content\/uploads\/2023\/06\/Grape-Ice-Randm-Vome-Monster-Vape-10000-Puffs-100x100.jpg 100w, https:\/\/www.vape4wholesale.com\/wp-content\/uploads\/2023\/06\/Grape-Ice-Randm-Vome-Monster-Vape-10000-Puffs-510x510.jpg 510w, https:\/\/www.vape4wholesale.com\/wp-content\/uploads\/2023\/06\/Grape-Ice-Randm-Vome-Monster-Vape-10000-Puffs-64x64.jpg 64w, https:\/\/www.vape4wholesale.com\/wp-content\/uploads\/2023\/06\/Grape-Ice-Randm-Vome-Monster-Vape-10000-Puffs-300x300.jpg 300w, https:\/\/www.vape4wholesale.com\/wp-content\/uploads\/2023\/06\/Grape-Ice-Randm-Vome-Monster-Vape-10000-Puffs-150x150.jpg 150w\" sizes=\"auto, (max-width: 590px) 100vw, 590px\" \/> <img loading=\"lazy\" decoding=\"async\" class=\"alignnone size-full wp-image-11482\" title=\"Cool Mint Randm Vome Monster Vape 10000 Puffs\" src=\"https:\/\/www.vape4wholesale.com\/wp-content\/uploads\/2023\/06\/Cool-Mint-Randm-Vome-Monster-Vape-10000-Puffs.jpg\" alt=\"Cool Mint Randm Vome Monster Vape 10000 Puffs\" width=\"590\" height=\"590\" srcset=\"https:\/\/www.vape4wholesale.com\/wp-content\/uploads\/2023\/06\/Cool-Mint-Randm-Vome-Monster-Vape-10000-Puffs.jpg 590w, https:\/\/www.vape4wholesale.com\/wp-content\/uploads\/2023\/06\/Cool-Mint-Randm-Vome-Monster-Vape-10000-Puffs-247x247.jpg 247w, https:\/\/www.vape4wholesale.com\/wp-content\/uploads\/2023\/06\/Cool-Mint-Randm-Vome-Monster-Vape-10000-Puffs-100x100.jpg 100w, https:\/\/www.vape4wholesale.com\/wp-content\/uploads\/2023\/06\/Cool-Mint-Randm-Vome-Monster-Vape-10000-Puffs-510x510.jpg 510w, https:\/\/www.vape4wholesale.com\/wp-content\/uploads\/2023\/06\/Cool-Mint-Randm-Vome-Monster-Vape-10000-Puffs-64x64.jpg 64w, https:\/\/www.vape4wholesale.com\/wp-content\/uploads\/2023\/06\/Cool-Mint-Randm-Vome-Monster-Vape-10000-Puffs-300x300.jpg 300w, https:\/\/www.vape4wholesale.com\/wp-content\/uploads\/2023\/06\/Cool-Mint-Randm-Vome-Monster-Vape-10000-Puffs-150x150.jpg 150w\" sizes=\"auto, (max-width: 590px) 100vw, 590px\" \/> <img loading=\"lazy\" decoding=\"async\" class=\"alignnone size-full wp-image-11481\" title=\"Cherry Cola Randm Vome Monster Vape 10000 Puffs\" src=\"https:\/\/www.vape4wholesale.com\/wp-content\/uploads\/2023\/06\/Cherry-Cola-Randm-Vome-Monster-Vape-10000-Puffs.jpg\" alt=\"Cherry Cola Randm Vome Monster Vape 10000 Puffs\" width=\"590\" height=\"590\" srcset=\"https:\/\/www.vape4wholesale.com\/wp-content\/uploads\/2023\/06\/Cherry-Cola-Randm-Vome-Monster-Vape-10000-Puffs.jpg 590w, https:\/\/www.vape4wholesale.com\/wp-content\/uploads\/2023\/06\/Cherry-Cola-Randm-Vome-Monster-Vape-10000-Puffs-247x247.jpg 247w, https:\/\/www.vape4wholesale.com\/wp-content\/uploads\/2023\/06\/Cherry-Cola-Randm-Vome-Monster-Vape-10000-Puffs-100x100.jpg 100w, https:\/\/www.vape4wholesale.com\/wp-content\/uploads\/2023\/06\/Cherry-Cola-Randm-Vome-Monster-Vape-10000-Puffs-510x510.jpg 510w, https:\/\/www.vape4wholesale.com\/wp-content\/uploads\/2023\/06\/Cherry-Cola-Randm-Vome-Monster-Vape-10000-Puffs-64x64.jpg 64w, https:\/\/www.vape4wholesale.com\/wp-content\/uploads\/2023\/06\/Cherry-Cola-Randm-Vome-Monster-Vape-10000-Puffs-300x300.jpg 300w, https:\/\/www.vape4wholesale.com\/wp-content\/uploads\/2023\/06\/Cherry-Cola-Randm-Vome-Monster-Vape-10000-Puffs-150x150.jpg 150w\" sizes=\"auto, (max-width: 590px) 100vw, 590px\" \/> <img loading=\"lazy\" decoding=\"async\" class=\"alignnone size-full wp-image-11489\" title=\"Rainbow Candy Randm Vome Monster Vape 10000 Puffs\" src=\"https:\/\/www.vape4wholesale.com\/wp-content\/uploads\/2023\/06\/Rainbow-Candy-Randm-Vome-Monster-Vape-10000-Puffs.jpg\" alt=\"Rainbow Candy Randm Vome Monster Vape 10000 Puffs\" width=\"590\" height=\"590\" srcset=\"https:\/\/www.vape4wholesale.com\/wp-content\/uploads\/2023\/06\/Rainbow-Candy-Randm-Vome-Monster-Vape-10000-Puffs.jpg 590w, https:\/\/www.vape4wholesale.com\/wp-content\/uploads\/2023\/06\/Rainbow-Candy-Randm-Vome-Monster-Vape-10000-Puffs-247x247.jpg 247w, https:\/\/www.vape4wholesale.com\/wp-content\/uploads\/2023\/06\/Rainbow-Candy-Randm-Vome-Monster-Vape-10000-Puffs-100x100.jpg 100w, https:\/\/www.vape4wholesale.com\/wp-content\/uploads\/2023\/06\/Rainbow-Candy-Randm-Vome-Monster-Vape-10000-Puffs-510x510.jpg 510w, https:\/\/www.vape4wholesale.com\/wp-content\/uploads\/2023\/06\/Rainbow-Candy-Randm-Vome-Monster-Vape-10000-Puffs-64x64.jpg 64w, https:\/\/www.vape4wholesale.com\/wp-content\/uploads\/2023\/06\/Rainbow-Candy-Randm-Vome-Monster-Vape-10000-Puffs-300x300.jpg 300w, https:\/\/www.vape4wholesale.com\/wp-content\/uploads\/2023\/06\/Rainbow-Candy-Randm-Vome-Monster-Vape-10000-Puffs-150x150.jpg 150w\" sizes=\"auto, (max-width: 590px) 100vw, 590px\" \/><\/p>","protected":false},"excerpt":{"rendered":"<p>RandM Vome Monster 10000 is double-layer case designed nice disposable vape, with airflow control &amp; rechargeable function. 0mg, 20mg, 50mg nicotine for choice.<\/p>\n[scf-template id=&#8217;11434&#8242;]\n","protected":false},"featured_media":11491,"comment_status":"open","ping_status":"closed","template":"","meta":[],"pwb-brand":[1270],"product_cat":[871],"product_tag":[22,24,172,272,324,517],"class_list":{"0":"post-11049","1":"product","2":"type-product","3":"status-publish","4":"has-post-thumbnail","6":"pwb-brand-randm","7":"product_cat-10-15k-puffs","8":"product_tag-disposable","9":"product_tag-wholesale","10":"product_tag-20-0ml","11":"product_tag-randm","12":"product_tag-10000-puffs","13":"product_tag-vome","15":"first","16":"outofstock","17":"shipping-taxable","18":"purchasable","19":"product-type-variable"},"aioseo_notices":[],"brands":[{"id":1270,"name":"Randm","slug":"randm"}],"_links":{"self":[{"href":"https:\/\/www.vape4wholesale.com\/pl\/wp-json\/wp\/v2\/product\/11049","targetHints":{"allow":["GET"]}}],"collection":[{"href":"https:\/\/www.vape4wholesale.com\/pl\/wp-json\/wp\/v2\/product"}],"about":[{"href":"https:\/\/www.vape4wholesale.com\/pl\/wp-json\/wp\/v2\/types\/product"}],"replies":[{"embeddable":true,"href":"https:\/\/www.vape4wholesale.com\/pl\/wp-json\/wp\/v2\/comments?post=11049"}],"wp:featuredmedia":[{"embeddable":true,"href":"https:\/\/www.vape4wholesale.com\/pl\/wp-json\/wp\/v2\/media\/11491"}],"wp:attachment":[{"href":"https:\/\/www.vape4wholesale.com\/pl\/wp-json\/wp\/v2\/media?parent=11049"}],"wp:term":[{"taxonomy":"pwb-brand","embeddable":true,"href":"https:\/\/www.vape4wholesale.com\/pl\/wp-json\/wp\/v2\/pwb-brand?post=11049"},{"taxonomy":"product_cat","embeddable":true,"href":"https:\/\/www.vape4wholesale.com\/pl\/wp-json\/wp\/v2\/product_cat?post=11049"},{"taxonomy":"product_tag","embeddable":true,"href":"https:\/\/www.vape4wholesale.com\/pl\/wp-json\/wp\/v2\/product_tag?post=11049"}],"curies":[{"name":"wp","href":"https:\/\/api.w.org\/{rel}","templated":true}]}}