{"id":10173,"date":"2023-06-18T18:51:23","date_gmt":"2023-06-18T10:51:23","guid":{"rendered":"https:\/\/www.vape4wholesale.com\/?post_type=product&#038;p=10173"},"modified":"2026-01-26T13:42:42","modified_gmt":"2026-01-26T13:42:42","slug":"elf-bar-lb5000-hurtownia-vape-jednorazowego-uzytku","status":"publish","type":"product","link":"https:\/\/www.vape4wholesale.com\/pl\/product\/elf-bar-lb5000-disposable-vape-wholesale","title":{"rendered":"Elf Bar LB5000 Jednorazowa sprzeda\u017c hurtowa Vape"},"content":{"rendered":"<p><strong><a title=\"Elf Bar\" href=\"https:\/\/www.vape4wholesale.com\/pl\/product_brand\/elf-bar\/\">Elf Bar<\/a> LB5000<\/strong> Jednorazowy Vape Wholesale, jest zasilany przez wbudowan\u0105 bateri\u0119 650 mAh. jest wyposa\u017cony w akumulator 650 mAh i 14 ml wst\u0119pnie nape\u0142niony Pod, maksymalne wsparcie 5000 zaci\u0105gni\u0119\u0107, ma\u0142e pude\u0142ko o du\u017cej mocy. Gwarantowane najwy\u017cszej jako\u015bci jednorazowe do\u015bwiadczenie po wybraniu niesamowitego jednorazowego vape! Charakteryzuje si\u0119 przyjazn\u0105 dla kieszeni przeno\u015bno\u015bci\u0105, wyj\u0105tkow\u0105 wygod\u0105 i intensywn\u0105 przyjemno\u015bci\u0105.<\/p>\n<h2>Elf Bar LB5000 Jednorazowy Vape Szybkie szczeg\u00f3\u0142y:<\/h2>\n<ol>\n<li>Marka:ELF BAR<\/li>\n<li>Puffy:5000 Puff\u00f3w jest dost\u0119pnych na urz\u0105dzenie<\/li>\n<li>Nikotyna:5%<\/li>\n<li>Pojemno\u015b\u0107 e-soku: 14 ml<\/li>\n<li>Bateria: 650 mAh<\/li>\n<li>Port \u0142adowania: Typ C<\/li>\n<\/ol>\n<p>&nbsp;<\/p>\n<h2>Smaki<\/h2>\n<ul>\n<li>Jagoda Malina Wi\u015bnia<\/li>\n<li>Lemoniada wi\u015bniowo-brzoskwiniowa<\/li>\n<li>Lody truskawkowe<\/li>\n<li>Truskawka Jagoda Wi\u015bnia<\/li>\n<li>Red Apple Ice<\/li>\n<li>L\u00f3d ananasowo-kokosowy<\/li>\n<li>Jagody mieszane<\/li>\n<li>Mango Passion Fruit<\/li>\n<li>Lush Ice<\/li>\n<li>Gummy Bear<\/li>\n<li>Grape Apple Ice<\/li>\n<li>Energia<\/li>\n<li>Soda \u017curawinowa<\/li>\n<li>Wata cukrowa<\/li>\n<\/ul>\n<p>&nbsp;<\/p>\n<h2>Pakiet<\/h2>\n<p>0.068KG\/ PC, 1\/Box, 10\/ Case<\/p>\n<p>200\/karton, 13,6 kg.<\/p>\n<p><img loading=\"lazy\" decoding=\"async\" class=\"alignnone size-full wp-image-11676\" title=\"Przegl\u0105d hurtowni Vape Elf Bar LB5000\" src=\"https:\/\/www.vape4wholesale.com\/wp-content\/uploads\/2023\/06\/Elf-Bar-LB5000-Vape-Wholesale-Overview.jpg\" alt=\"Przegl\u0105d hurtowni Vape Elf Bar LB5000\" width=\"800\" height=\"800\" srcset=\"https:\/\/www.vape4wholesale.com\/wp-content\/uploads\/2023\/06\/Elf-Bar-LB5000-Vape-Wholesale-Overview.jpg 800w, https:\/\/www.vape4wholesale.com\/wp-content\/uploads\/2023\/06\/Elf-Bar-LB5000-Vape-Wholesale-Overview-247x247.jpg 247w, https:\/\/www.vape4wholesale.com\/wp-content\/uploads\/2023\/06\/Elf-Bar-LB5000-Vape-Wholesale-Overview-100x100.jpg 100w, https:\/\/www.vape4wholesale.com\/wp-content\/uploads\/2023\/06\/Elf-Bar-LB5000-Vape-Wholesale-Overview-510x510.jpg 510w, https:\/\/www.vape4wholesale.com\/wp-content\/uploads\/2023\/06\/Elf-Bar-LB5000-Vape-Wholesale-Overview-64x64.jpg 64w, https:\/\/www.vape4wholesale.com\/wp-content\/uploads\/2023\/06\/Elf-Bar-LB5000-Vape-Wholesale-Overview-300x300.jpg 300w, https:\/\/www.vape4wholesale.com\/wp-content\/uploads\/2023\/06\/Elf-Bar-LB5000-Vape-Wholesale-Overview-150x150.jpg 150w, https:\/\/www.vape4wholesale.com\/wp-content\/uploads\/2023\/06\/Elf-Bar-LB5000-Vape-Wholesale-Overview-768x768.jpg 768w\" sizes=\"auto, (max-width: 800px) 100vw, 800px\" \/> <img loading=\"lazy\" decoding=\"async\" class=\"alignnone size-full wp-image-11675\" title=\"Elf Bar LB5000 Hurtownia Vape Mieszane jagody\" src=\"https:\/\/www.vape4wholesale.com\/wp-content\/uploads\/2023\/06\/Elf-Bar-LB5000-Vape-Wholesale-Mixed-Berries.jpg\" alt=\"Elf Bar LB5000 Hurtownia Vape Mieszane jagody\" width=\"800\" height=\"800\" srcset=\"https:\/\/www.vape4wholesale.com\/wp-content\/uploads\/2023\/06\/Elf-Bar-LB5000-Vape-Wholesale-Mixed-Berries.jpg 800w, https:\/\/www.vape4wholesale.com\/wp-content\/uploads\/2023\/06\/Elf-Bar-LB5000-Vape-Wholesale-Mixed-Berries-247x247.jpg 247w, https:\/\/www.vape4wholesale.com\/wp-content\/uploads\/2023\/06\/Elf-Bar-LB5000-Vape-Wholesale-Mixed-Berries-100x100.jpg 100w, https:\/\/www.vape4wholesale.com\/wp-content\/uploads\/2023\/06\/Elf-Bar-LB5000-Vape-Wholesale-Mixed-Berries-510x510.jpg 510w, https:\/\/www.vape4wholesale.com\/wp-content\/uploads\/2023\/06\/Elf-Bar-LB5000-Vape-Wholesale-Mixed-Berries-64x64.jpg 64w, https:\/\/www.vape4wholesale.com\/wp-content\/uploads\/2023\/06\/Elf-Bar-LB5000-Vape-Wholesale-Mixed-Berries-300x300.jpg 300w, https:\/\/www.vape4wholesale.com\/wp-content\/uploads\/2023\/06\/Elf-Bar-LB5000-Vape-Wholesale-Mixed-Berries-150x150.jpg 150w, https:\/\/www.vape4wholesale.com\/wp-content\/uploads\/2023\/06\/Elf-Bar-LB5000-Vape-Wholesale-Mixed-Berries-768x768.jpg 768w\" sizes=\"auto, (max-width: 800px) 100vw, 800px\" \/> <img loading=\"lazy\" decoding=\"async\" class=\"alignnone size-full wp-image-11674\" title=\"Elf Bar LB5000 Vape Hurtownia Mango Passion Fruit\" src=\"https:\/\/www.vape4wholesale.com\/wp-content\/uploads\/2023\/06\/Elf-Bar-LB5000-Vape-Wholesale-Mango-Passion-Fruit.jpg\" alt=\"Elf Bar LB5000 Vape Hurtownia Mango Passion Fruit\" width=\"800\" height=\"800\" srcset=\"https:\/\/www.vape4wholesale.com\/wp-content\/uploads\/2023\/06\/Elf-Bar-LB5000-Vape-Wholesale-Mango-Passion-Fruit.jpg 800w, https:\/\/www.vape4wholesale.com\/wp-content\/uploads\/2023\/06\/Elf-Bar-LB5000-Vape-Wholesale-Mango-Passion-Fruit-247x247.jpg 247w, https:\/\/www.vape4wholesale.com\/wp-content\/uploads\/2023\/06\/Elf-Bar-LB5000-Vape-Wholesale-Mango-Passion-Fruit-100x100.jpg 100w, https:\/\/www.vape4wholesale.com\/wp-content\/uploads\/2023\/06\/Elf-Bar-LB5000-Vape-Wholesale-Mango-Passion-Fruit-510x510.jpg 510w, https:\/\/www.vape4wholesale.com\/wp-content\/uploads\/2023\/06\/Elf-Bar-LB5000-Vape-Wholesale-Mango-Passion-Fruit-64x64.jpg 64w, https:\/\/www.vape4wholesale.com\/wp-content\/uploads\/2023\/06\/Elf-Bar-LB5000-Vape-Wholesale-Mango-Passion-Fruit-300x300.jpg 300w, https:\/\/www.vape4wholesale.com\/wp-content\/uploads\/2023\/06\/Elf-Bar-LB5000-Vape-Wholesale-Mango-Passion-Fruit-150x150.jpg 150w, https:\/\/www.vape4wholesale.com\/wp-content\/uploads\/2023\/06\/Elf-Bar-LB5000-Vape-Wholesale-Mango-Passion-Fruit-768x768.jpg 768w\" sizes=\"auto, (max-width: 800px) 100vw, 800px\" \/> <img loading=\"lazy\" decoding=\"async\" class=\"alignnone size-full wp-image-11673\" title=\"Elf Bar LB5000 Vape Hurtownia Lush Ice\" src=\"https:\/\/www.vape4wholesale.com\/wp-content\/uploads\/2023\/06\/Elf-Bar-LB5000-Vape-Wholesale-Lush-Ice.jpg\" alt=\"Elf Bar LB5000 Vape Hurtownia Lush Ice\" width=\"800\" height=\"800\" srcset=\"https:\/\/www.vape4wholesale.com\/wp-content\/uploads\/2023\/06\/Elf-Bar-LB5000-Vape-Wholesale-Lush-Ice.jpg 800w, https:\/\/www.vape4wholesale.com\/wp-content\/uploads\/2023\/06\/Elf-Bar-LB5000-Vape-Wholesale-Lush-Ice-247x247.jpg 247w, https:\/\/www.vape4wholesale.com\/wp-content\/uploads\/2023\/06\/Elf-Bar-LB5000-Vape-Wholesale-Lush-Ice-100x100.jpg 100w, https:\/\/www.vape4wholesale.com\/wp-content\/uploads\/2023\/06\/Elf-Bar-LB5000-Vape-Wholesale-Lush-Ice-510x510.jpg 510w, https:\/\/www.vape4wholesale.com\/wp-content\/uploads\/2023\/06\/Elf-Bar-LB5000-Vape-Wholesale-Lush-Ice-64x64.jpg 64w, https:\/\/www.vape4wholesale.com\/wp-content\/uploads\/2023\/06\/Elf-Bar-LB5000-Vape-Wholesale-Lush-Ice-300x300.jpg 300w, https:\/\/www.vape4wholesale.com\/wp-content\/uploads\/2023\/06\/Elf-Bar-LB5000-Vape-Wholesale-Lush-Ice-150x150.jpg 150w, https:\/\/www.vape4wholesale.com\/wp-content\/uploads\/2023\/06\/Elf-Bar-LB5000-Vape-Wholesale-Lush-Ice-768x768.jpg 768w\" sizes=\"auto, (max-width: 800px) 100vw, 800px\" \/> <img loading=\"lazy\" decoding=\"async\" class=\"alignnone size-full wp-image-11672\" title=\"Elf Bar LB5000 Hurtownia Vape Gummy Bear\" src=\"https:\/\/www.vape4wholesale.com\/wp-content\/uploads\/2023\/06\/Elf-Bar-LB5000-Vape-Wholesale-Gummy-Bear.jpg\" alt=\"Elf Bar LB5000 Hurtownia Vape Gummy Bear\" width=\"800\" height=\"800\" srcset=\"https:\/\/www.vape4wholesale.com\/wp-content\/uploads\/2023\/06\/Elf-Bar-LB5000-Vape-Wholesale-Gummy-Bear.jpg 800w, https:\/\/www.vape4wholesale.com\/wp-content\/uploads\/2023\/06\/Elf-Bar-LB5000-Vape-Wholesale-Gummy-Bear-247x247.jpg 247w, https:\/\/www.vape4wholesale.com\/wp-content\/uploads\/2023\/06\/Elf-Bar-LB5000-Vape-Wholesale-Gummy-Bear-100x100.jpg 100w, https:\/\/www.vape4wholesale.com\/wp-content\/uploads\/2023\/06\/Elf-Bar-LB5000-Vape-Wholesale-Gummy-Bear-510x510.jpg 510w, https:\/\/www.vape4wholesale.com\/wp-content\/uploads\/2023\/06\/Elf-Bar-LB5000-Vape-Wholesale-Gummy-Bear-64x64.jpg 64w, https:\/\/www.vape4wholesale.com\/wp-content\/uploads\/2023\/06\/Elf-Bar-LB5000-Vape-Wholesale-Gummy-Bear-300x300.jpg 300w, https:\/\/www.vape4wholesale.com\/wp-content\/uploads\/2023\/06\/Elf-Bar-LB5000-Vape-Wholesale-Gummy-Bear-150x150.jpg 150w, https:\/\/www.vape4wholesale.com\/wp-content\/uploads\/2023\/06\/Elf-Bar-LB5000-Vape-Wholesale-Gummy-Bear-768x768.jpg 768w\" sizes=\"auto, (max-width: 800px) 100vw, 800px\" \/><\/p>","protected":false},"excerpt":{"rendered":"[scf-template id=&#8217;11434&#8242;]\n","protected":false},"featured_media":11666,"comment_status":"open","ping_status":"closed","template":"","meta":[],"pwb-brand":[1278],"product_cat":[869],"product_tag":[22,24,60,177,189],"class_list":{"0":"post-10173","1":"product","2":"type-product","3":"status-publish","4":"has-post-thumbnail","6":"pwb-brand-elf-bar","7":"product_cat-5000-8000-puffs","8":"product_tag-disposable","9":"product_tag-wholesale","10":"product_tag-elf-bar","11":"product_tag-14-0ml","12":"product_tag-5000-puffs","14":"first","15":"outofstock","16":"shipping-taxable","17":"purchasable","18":"product-type-variable"},"aioseo_notices":[],"brands":[{"id":1278,"name":"Elf bar","slug":"elf-bar"}],"_links":{"self":[{"href":"https:\/\/www.vape4wholesale.com\/pl\/wp-json\/wp\/v2\/product\/10173","targetHints":{"allow":["GET"]}}],"collection":[{"href":"https:\/\/www.vape4wholesale.com\/pl\/wp-json\/wp\/v2\/product"}],"about":[{"href":"https:\/\/www.vape4wholesale.com\/pl\/wp-json\/wp\/v2\/types\/product"}],"replies":[{"embeddable":true,"href":"https:\/\/www.vape4wholesale.com\/pl\/wp-json\/wp\/v2\/comments?post=10173"}],"wp:featuredmedia":[{"embeddable":true,"href":"https:\/\/www.vape4wholesale.com\/pl\/wp-json\/wp\/v2\/media\/11666"}],"wp:attachment":[{"href":"https:\/\/www.vape4wholesale.com\/pl\/wp-json\/wp\/v2\/media?parent=10173"}],"wp:term":[{"taxonomy":"pwb-brand","embeddable":true,"href":"https:\/\/www.vape4wholesale.com\/pl\/wp-json\/wp\/v2\/pwb-brand?post=10173"},{"taxonomy":"product_cat","embeddable":true,"href":"https:\/\/www.vape4wholesale.com\/pl\/wp-json\/wp\/v2\/product_cat?post=10173"},{"taxonomy":"product_tag","embeddable":true,"href":"https:\/\/www.vape4wholesale.com\/pl\/wp-json\/wp\/v2\/product_tag?post=10173"}],"curies":[{"name":"wp","href":"https:\/\/api.w.org\/{rel}","templated":true}]}}