{"id":3,"date":"2023-06-25T07:03:21","date_gmt":"2023-06-25T07:03:21","guid":{"rendered":"https:\/\/www.vape4wholesale.com\/?page_id=3"},"modified":"2023-06-25T14:23:51","modified_gmt":"2023-06-25T14:23:51","slug":"polityka-prywatnosci","status":"publish","type":"page","link":"https:\/\/www.vape4wholesale.com\/pl\/privacy-policy","title":{"rendered":"Polityka prywatno\u015bci"},"content":{"rendered":"<p><strong><b>Jakie informacje gromadzimy?<\/b><\/strong><\/p>\n<p>Zbieramy informacje od u\u017cytkownika, gdy rejestruje si\u0119 on w witrynie, sk\u0142ada zam\u00f3wienie, bierze udzia\u0142 w konkursie lub loterii, odpowiada na ankiet\u0119 lub komunikacj\u0119, tak\u0105 jak e-mail, lub uczestniczy w innej funkcji witryny. Podczas sk\u0142adania zam\u00f3wienia lub rejestracji mo\u017cemy poprosi\u0107 u\u017cytkownika o podanie imienia i nazwiska, adresu e-mail, adresu pocztowego, numeru telefonu, danych karty kredytowej lub innych informacji. U\u017cytkownik mo\u017ce jednak odwiedza\u0107 nasz\u0105 witryn\u0119 anonimowo. Zbieramy r\u00f3wnie\u017c informacje o odbiorcach prezent\u00f3w, aby m\u00f3c zrealizowa\u0107 zakup prezentu. Gromadzone przez nas informacje o odbiorcach prezent\u00f3w nie s\u0105 wykorzystywane do cel\u00f3w marketingowych. Podobnie jak wiele witryn internetowych, u\u017cywamy plik\u00f3w \"cookie\", aby poprawi\u0107 komfort korzystania z witryny i gromadzi\u0107 informacje o odwiedzaj\u0105cych i wizytach w naszych witrynach. Aby uzyska\u0107 informacje na temat plik\u00f3w cookie i sposobu ich u\u017cywania, zapoznaj si\u0119 z poni\u017csz\u0105 sekcj\u0105 \"Czy u\u017cywamy plik\u00f3w cookie?\".<\/p>\n<p><strong><b>Jak wykorzystujemy informacje o u\u017cytkowniku?<\/b><\/strong><\/p>\n<p>Mo\u017cemy wykorzystywa\u0107 informacje, kt\u00f3re zbieramy od u\u017cytkownika podczas rejestracji, zakupu produkt\u00f3w, udzia\u0142u w konkursie lub promocji, odpowiedzi na ankiet\u0119 lub komunikacj\u0119 marketingow\u0105, przegl\u0105dania witryny lub korzystania z niekt\u00f3rych innych funkcji witryny w nast\u0119puj\u0105cy spos\u00f3b:<\/p>\n<p>Aby spersonalizowa\u0107 korzystanie z witryny przez u\u017cytkownika i umo\u017cliwi\u0107 nam dostarczanie tre\u015bci i produkt\u00f3w, kt\u00f3rymi u\u017cytkownik jest najbardziej zainteresowany.<\/p>\n<p>Umo\u017cliwienie nam lepszej obs\u0142ugi u\u017cytkownika w zakresie odpowiadania na zg\u0142oszenia obs\u0142ugi klienta.<\/p>\n<p>Szybkie przetwarzanie transakcji.<\/p>\n<p>Administrowanie konkursem, promocj\u0105, ankiet\u0105 lub inn\u0105 funkcj\u0105 witryny.<\/p>\n<p>Je\u015bli u\u017cytkownik wyrazi\u0142 zgod\u0119 na otrzymywanie naszego biuletynu e-mail, mo\u017cemy wysy\u0142a\u0107 mu okresowe wiadomo\u015bci e-mail. Je\u015bli nie chcesz ju\u017c<\/p>\n<p>Je\u015bli u\u017cytkownik nie wyrazi\u0142 zgody na otrzymywanie od nas promocyjnych wiadomo\u015bci e-mail, powinien zapozna\u0107 si\u0119 z poni\u017csz\u0105 sekcj\u0105 \"Jak zrezygnowa\u0107, usun\u0105\u0107 lub zmodyfikowa\u0107 przekazane nam informacje?\". Je\u015bli u\u017cytkownik nie wyrazi\u0142 zgody na otrzymywanie biuletyn\u00f3w e-mailowych, nie b\u0119dzie ich otrzymywa\u0107. Odwiedzaj\u0105cy, kt\u00f3rzy zarejestruj\u0105 si\u0119 lub wezm\u0105 udzia\u0142 w innych funkcjach witryny, takich jak programy marketingowe i tre\u015bci \"tylko dla cz\u0142onk\u00f3w\", b\u0119d\u0105 mieli mo\u017cliwo\u015b\u0107 wyboru, czy chc\u0105 znale\u017a\u0107 si\u0119 na naszej li\u015bcie e-mailowej i otrzymywa\u0107 od nas wiadomo\u015bci e-mail.<\/p>\n<p><strong><b>Jak chronimy informacje o odwiedzaj\u0105cych?<\/b><\/strong><\/p>\n<p>Wdra\u017camy r\u00f3\u017cne \u015brodki bezpiecze\u0144stwa w celu zapewnienia bezpiecze\u0144stwa danych osobowych u\u017cytkownika. Dane osobowe u\u017cytkownika znajduj\u0105 si\u0119 za zabezpieczonymi sieciami i s\u0105 dost\u0119pne tylko dla ograniczonej liczby os\u00f3b, kt\u00f3re maj\u0105 specjalne prawa dost\u0119pu do takich system\u00f3w i s\u0105 zobowi\u0105zane do zachowania poufno\u015bci informacji. Podczas sk\u0142adania zam\u00f3wie\u0144 lub uzyskiwania dost\u0119pu do danych osobowych oferujemy korzystanie z bezpiecznego serwera. Wszystkie informacje poufne\/kredytowe s\u0105 przesy\u0142ane za pomoc\u0105 technologii Secure Socket Layer (SSL), a nast\u0119pnie szyfrowane w naszych bazach danych, do kt\u00f3rych dost\u0119p mo\u017cna uzyska\u0107 wy\u0142\u0105cznie w spos\u00f3b okre\u015blony powy\u017cej.<\/p>\n<p><strong><b>Czy u\u017cywamy plik\u00f3w \"cookies\"?<\/b><\/strong><\/p>\n<p>Tak. Pliki cookie to ma\u0142e pliki, kt\u00f3re witryna lub jej us\u0142ugodawca przesy\u0142a na dysk twardy komputera u\u017cytkownika za po\u015brednictwem przegl\u0105darki internetowej (je\u015bli u\u017cytkownik na to zezwala), co umo\u017cliwia systemom witryny lub us\u0142ugodawcy rozpoznanie przegl\u0105darki u\u017cytkownika oraz przechwycenie i zapami\u0119tanie okre\u015blonych informacji. Na przyk\u0142ad u\u017cywamy plik\u00f3w cookie, aby pom\u00f3c nam zapami\u0119ta\u0107 i przetworzy\u0107 produkty w koszyku. S\u0105 one r\u00f3wnie\u017c u\u017cywane, aby pom\u00f3c nam zrozumie\u0107 preferencje u\u017cytkownika w oparciu o poprzedni\u0105 lub bie\u017c\u0105c\u0105 aktywno\u015b\u0107 w witrynie, co umo\u017cliwia nam \u015bwiadczenie lepszych us\u0142ug. U\u017cywamy r\u00f3wnie\u017c plik\u00f3w cookie, aby pom\u00f3c nam skompilowa\u0107 zbiorcze dane dotycz\u0105ce ruchu w witrynie i interakcji z witryn\u0105, aby\u015bmy mogli oferowa\u0107 lepsze do\u015bwiadczenia i narz\u0119dzia w przysz\u0142o\u015bci.<\/p>\n<p>Mo\u017cemy zawiera\u0107 umowy z zewn\u0119trznymi dostawcami us\u0142ug, aby pom\u00f3c nam w lepszym zrozumieniu os\u00f3b odwiedzaj\u0105cych nasz\u0105 witryn\u0119. Us\u0142ugodawcy ci nie mog\u0105 wykorzystywa\u0107 informacji zebranych w naszym imieniu, z wyj\u0105tkiem pomocy w prowadzeniu i ulepszaniu naszej dzia\u0142alno\u015bci.<\/p>\n<p>U\u017cytkownik mo\u017ce wybra\u0107, czy komputer ma go ostrzega\u0107 za ka\u017cdym razem, gdy wysy\u0142any jest plik cookie, czy te\u017c wy\u0142\u0105czy\u0107 wszystkie pliki cookie. Mo\u017cna to zrobi\u0107 za pomoc\u0105 ustawie\u0144 przegl\u0105darki (takiej jak Netscape Navigator lub Internet Explorer). Ka\u017cda przegl\u0105darka jest nieco inna, wi\u0119c nale\u017cy zapozna\u0107 si\u0119 z menu pomocy przegl\u0105darki, aby pozna\u0107 prawid\u0142owy spos\u00f3b modyfikowania plik\u00f3w cookie. Je\u015bli wy\u0142\u0105czysz pliki cookie, nie b\u0119dziesz mie\u0107 dost\u0119pu do wielu funkcji, kt\u00f3re sprawiaj\u0105, \u017ce korzystanie z witryny jest bardziej wydajne, a niekt\u00f3re z naszych us\u0142ug nie b\u0119d\u0105 dzia\u0142a\u0107 poprawnie. Nadal mo\u017cna jednak sk\u0142ada\u0107 zam\u00f3wienia telefonicznie, kontaktuj\u0105c si\u0119 z dzia\u0142em obs\u0142ugi klienta.<\/p>\n<p><strong><b>Czy ujawniamy gromadzone przez nas informacje podmiotom zewn\u0119trznym?<\/b><\/strong><\/p>\n<p>Nie sprzedajemy, nie handlujemy ani w \u017caden inny spos\u00f3b nie przekazujemy podmiotom zewn\u0119trznym informacji umo\u017cliwiaj\u0105cych identyfikacj\u0119 u\u017cytkownika, chyba \u017ce powiadomimy o tym u\u017cytkownika z wyprzedzeniem, z wyj\u0105tkiem przypadk\u00f3w opisanych poni\u017cej. Termin \"strony zewn\u0119trzne\" nie obejmuje vape4wholesale.com. Nie obejmuje r\u00f3wnie\u017c partner\u00f3w hostingowych witryny i innych stron, kt\u00f3re pomagaj\u0105 nam w prowadzeniu naszej witryny internetowej, prowadzeniu naszej dzia\u0142alno\u015bci lub obs\u0142udze u\u017cytkownika, o ile strony te zgadzaj\u0105 si\u0119 zachowa\u0107 poufno\u015b\u0107 tych informacji. Mo\u017cemy r\u00f3wnie\u017c ujawni\u0107 informacje o u\u017cytkowniku, gdy uznamy, \u017ce jest to w\u0142a\u015bciwe w celu przestrzegania prawa, egzekwowania zasad naszej witryny lub ochrony praw, w\u0142asno\u015bci lub bezpiecze\u0144stwa naszych lub innych os\u00f3b.<\/p>\n<p>Informacje o odwiedzaj\u0105cych, kt\u00f3re nie umo\u017cliwiaj\u0105 ich identyfikacji, mog\u0105 by\u0107 jednak przekazywane innym podmiotom w celach marketingowych, reklamowych lub innych.<\/p>\n<p><strong><b>W jaki spos\u00f3b mo\u017cna zrezygnowa\u0107, usun\u0105\u0107 lub zmodyfikowa\u0107 przekazane nam informacje?<\/b><\/strong><\/p>\n<p>Aby zmodyfikowa\u0107 swoje subskrypcje e-mail, poinformuj nas o tym, modyfikuj\u0105c swoje preferencje w sekcji \"Moje konto\". Nale\u017cy pami\u0119ta\u0107, \u017ce ze wzgl\u0119du na harmonogram produkcji wiadomo\u015bci e-mail mo\u017cesz otrzymywa\u0107 wiadomo\u015bci e-mail, kt\u00f3re s\u0105 ju\u017c w produkcji.<\/p>\n<p>Aby usun\u0105\u0107 wszystkie informacje o koncie online z naszej bazy danych, zaloguj si\u0119 do sekcji \"Moje konto\" na naszej stronie i usu\u0144 adresy wysy\u0142ki, adresy rozliczeniowe i informacje o p\u0142atno\u015bciach. Nale\u017cy pami\u0119ta\u0107, \u017ce mo\u017cemy przechowywa\u0107 informacje o poszczeg\u00f3lnych transakcjach sprzeda\u017cy w celu obs\u0142ugi tej transakcji i prowadzenia dokumentacji.<\/p>\n<p><strong><b>Linki stron trzecich<\/b><\/strong><\/p>\n<p>W celu zapewnienia u\u017cytkownikom wi\u0119kszej warto\u015bci, mo\u017cemy umieszcza\u0107 na naszej stronie \u0142\u0105cza stron trzecich. Witryny te maj\u0105 odr\u0119bne i niezale\u017cne polityki prywatno\u015bci. W zwi\u0105zku z tym nie ponosimy odpowiedzialno\u015bci za tre\u015bci i dzia\u0142ania tych stron. Niemniej jednak staramy si\u0119 chroni\u0107 integralno\u015b\u0107 naszej witryny i przyjmujemy wszelkie informacje zwrotne na temat tych powi\u0105zanych stron (w tym je\u015bli okre\u015blony link nie dzia\u0142a).<\/p>\n<p><strong><b>Zmiany w naszej polityce<\/b><\/strong><\/p>\n<p>Je\u015bli zdecydujemy si\u0119 zmieni\u0107 nasz\u0105 polityk\u0119 prywatno\u015bci, opublikujemy te zmiany na tej stronie. Zmiany polityki b\u0119d\u0105 mia\u0142y zastosowanie wy\u0142\u0105cznie do informacji zebranych po dacie zmiany. Niniejsza polityka zosta\u0142a ostatnio zmodyfikowana 6 sierpnia 2003 roku.<\/p>\n<p><strong><b>Pytania i opinie<\/b><\/strong><\/p>\n<p>Czekamy na pytania, komentarze i w\u0105tpliwo\u015bci dotycz\u0105ce prywatno\u015bci. Prosimy o przesy\u0142anie nam wszelkich opinii dotycz\u0105cych prywatno\u015bci lub innych kwestii.<\/p>\n<p><strong><b>Tylko polityka online<\/b><\/strong><\/p>\n<p>Niniejsza polityka prywatno\u015bci online ma zastosowanie wy\u0142\u0105cznie do informacji gromadzonych za po\u015brednictwem naszej witryny internetowej, a nie do informacji gromadzonych offline.<\/p>\n<p><strong><b>Zasady i warunki<\/b><\/strong><\/p>\n<p>Prosimy r\u00f3wnie\u017c o zapoznanie si\u0119 z sekcj\u0105 Warunki korzystania z witryny, w kt\u00f3rej okre\u015blono zasady korzystania, wy\u0142\u0105czenia odpowiedzialno\u015bci i ograniczenia odpowiedzialno\u015bci reguluj\u0105ce korzystanie z naszej witryny.<\/p>\n<p><strong><b>Zgoda u\u017cytkownika<\/b><\/strong><\/p>\n<p>Korzystaj\u0105c z naszej witryny, u\u017cytkownik wyra\u017ca zgod\u0119 na nasz\u0105 polityk\u0119 prywatno\u015bci.<\/p>","protected":false},"excerpt":{"rendered":"<p>What information do we collect? We collect information from you when you register on the site, place an order, enter a contest or sweepstakes, respond to a survey or communication such as e-mail, or participate in another site feature. When ordering or registering, we may ask you for your name, e-mail address, mailing address, phone [&#8230;]\n","protected":false},"author":1,"featured_media":0,"parent":0,"menu_order":0,"comment_status":"closed","ping_status":"open","template":"","meta":{"footnotes":""},"class_list":["post-3","page","type-page","status-publish","hentry"],"aioseo_notices":[],"_links":{"self":[{"href":"https:\/\/www.vape4wholesale.com\/pl\/wp-json\/wp\/v2\/pages\/3","targetHints":{"allow":["GET"]}}],"collection":[{"href":"https:\/\/www.vape4wholesale.com\/pl\/wp-json\/wp\/v2\/pages"}],"about":[{"href":"https:\/\/www.vape4wholesale.com\/pl\/wp-json\/wp\/v2\/types\/page"}],"author":[{"embeddable":true,"href":"https:\/\/www.vape4wholesale.com\/pl\/wp-json\/wp\/v2\/users\/1"}],"replies":[{"embeddable":true,"href":"https:\/\/www.vape4wholesale.com\/pl\/wp-json\/wp\/v2\/comments?post=3"}],"version-history":[{"count":0,"href":"https:\/\/www.vape4wholesale.com\/pl\/wp-json\/wp\/v2\/pages\/3\/revisions"}],"wp:attachment":[{"href":"https:\/\/www.vape4wholesale.com\/pl\/wp-json\/wp\/v2\/media?parent=3"}],"curies":[{"name":"wp","href":"https:\/\/api.w.org\/{rel}","templated":true}]}}