{"id":29721,"date":"2026-03-05T09:59:18","date_gmt":"2026-03-05T01:59:18","guid":{"rendered":"https:\/\/www.vape4wholesale.com\/?page_id=29721"},"modified":"2026-03-11T15:43:31","modified_gmt":"2026-03-11T07:43:31","slug":"dfc-group-limited-bank-account","status":"publish","type":"page","link":"https:\/\/www.vape4wholesale.com\/pl\/dfc-group-limited-bank-account","title":{"rendered":"DFC GROUP LIMITED Bank Account"},"content":{"rendered":"<table>\n<thead>\n<tr>\n<th>\ud83d\udcb3\u00a0<strong>Bank Account Information Card<\/strong><\/th>\n<th><\/th>\n<\/tr>\n<\/thead>\n<tbody>\n<tr>\n<td>\ud83e\uddfe\u00a0<strong>Nazwa konta<\/strong><\/td>\n<td><strong><span style=\"color: #008000;\">DFC GROUP LIMITED<\/span><\/strong><\/td>\n<\/tr>\n<tr>\n<td>\ud83d\udd22\u00a0<strong>Numer konta<\/strong><\/td>\n<td><span style=\"color: #008000;\"><strong>63003732458<\/strong><\/span><\/td>\n<\/tr>\n<tr>\n<td>\u26a1\u00a0<strong>SWIFT\/BIC<\/strong><\/td>\n<td><strong><span style=\"color: #008000;\">CHASHKHH<\/span><\/strong>\u00a0 \u00a0 \u00a0 <span style=\"color: #808080;\">\u00a0(CHASHKHHXXX)<\/span><\/td>\n<\/tr>\n<tr>\n<td>\ud83d\udccc\u00a0<strong>Bank Code<\/strong><\/td>\n<td>007\u00a0 \u00a0 \u00a0 \u00a0 <span style=\"color: #808080;\">(use for payment from Hong Kong)<\/span><\/td>\n<\/tr>\n<tr>\n<td>\ud83d\udcbc\u00a0<strong>Account Type<\/strong><\/td>\n<td>Business<\/td>\n<\/tr>\n<tr>\n<td>\ud83c\udf10\u00a0<strong>Kraj\/region<\/strong><\/td>\n<td>Hongkong<\/td>\n<\/tr>\n<tr>\n<td>\ud83d\udcdd\u00a0<strong>Uwaga dotycz\u0105ca p\u0142atno\u015bci<\/strong><\/td>\n<td>Your Order Number<\/td>\n<\/tr>\n<tr>\n<td>\ud83c\udfdb\ufe0f\u00a0<strong>Nazwa banku<\/strong><\/td>\n<td>JPMorgan Chase Bank N.A., Oddzia\u0142 w Hongkongu<\/td>\n<\/tr>\n<tr>\n<td>\ud83d\udccd\u00a0<strong>Adres banku<\/strong><\/td>\n<td>18F 8 CONNAUGHT ROAD CENTRAL, HONG KONG<\/td>\n<\/tr>\n<tr>\n<td>\ud83c\udfe2\u00a0<strong>Company Address<\/strong><\/td>\n<td>2F Fudu Building, 98 Argyle Street, Mongkok Kowloon, Hong Kong (999077)<\/td>\n<\/tr>\n<\/tbody>\n<\/table>","protected":false},"excerpt":{"rendered":"<p>\ud83d\udcb3\u00a0Bank Account Information Card \ud83e\uddfe\u00a0Account Name DFC GROUP LIMITED \ud83d\udd22\u00a0Account Number 63003732458 \u26a1\u00a0SWIFT\/BIC CHASHKHH\u00a0 \u00a0 \u00a0 \u00a0(CHASHKHHXXX) \ud83d\udccc\u00a0Bank Code 007\u00a0 \u00a0 \u00a0 \u00a0 (use for payment from Hong Kong) \ud83d\udcbc\u00a0Account Type Business \ud83c\udf10\u00a0Country\/Region Hong Kong \ud83d\udcdd\u00a0Payment Note Your Order Number \ud83c\udfdb\ufe0f\u00a0Bank Name JPMorgan Chase Bank N.A., Hong Kong Branch \ud83d\udccd\u00a0Bank Address 18F 8 CONNAUGHT ROAD [&#8230;]\n","protected":false},"author":1,"featured_media":0,"parent":0,"menu_order":0,"comment_status":"closed","ping_status":"closed","template":"","meta":{"footnotes":""},"class_list":["post-29721","page","type-page","status-publish","hentry"],"aioseo_notices":[],"_links":{"self":[{"href":"https:\/\/www.vape4wholesale.com\/pl\/wp-json\/wp\/v2\/pages\/29721","targetHints":{"allow":["GET"]}}],"collection":[{"href":"https:\/\/www.vape4wholesale.com\/pl\/wp-json\/wp\/v2\/pages"}],"about":[{"href":"https:\/\/www.vape4wholesale.com\/pl\/wp-json\/wp\/v2\/types\/page"}],"author":[{"embeddable":true,"href":"https:\/\/www.vape4wholesale.com\/pl\/wp-json\/wp\/v2\/users\/1"}],"replies":[{"embeddable":true,"href":"https:\/\/www.vape4wholesale.com\/pl\/wp-json\/wp\/v2\/comments?post=29721"}],"version-history":[{"count":2,"href":"https:\/\/www.vape4wholesale.com\/pl\/wp-json\/wp\/v2\/pages\/29721\/revisions"}],"predecessor-version":[{"id":29794,"href":"https:\/\/www.vape4wholesale.com\/pl\/wp-json\/wp\/v2\/pages\/29721\/revisions\/29794"}],"wp:attachment":[{"href":"https:\/\/www.vape4wholesale.com\/pl\/wp-json\/wp\/v2\/media?parent=29721"}],"curies":[{"name":"wp","href":"https:\/\/api.w.org\/{rel}","templated":true}]}}