{"id":2,"date":"2023-06-25T07:03:21","date_gmt":"2023-06-25T07:03:21","guid":{"rendered":"https:\/\/www.vape4wholesale.com\/?page_id=2"},"modified":"2026-01-26T06:12:48","modified_gmt":"2026-01-26T06:12:48","slug":"o-nas","status":"publish","type":"page","link":"https:\/\/www.vape4wholesale.com\/pl\/about-us","title":{"rendered":"O"},"content":{"rendered":"<section class=\"section dark\" id=\"section_49079620\">\n\t\t<div class=\"section-bg fill\" >\n\t\t\t<img loading=\"lazy\" decoding=\"async\" width=\"1500\" height=\"716\" src=\"https:\/\/www.vape4wholesale.com\/wp-content\/uploads\/2023\/06\/vape-factory.jpg\" class=\"bg attachment-original size-original\" alt=\"fabryka vape\" \/>\t\t\t\t\t\t<div class=\"section-bg-overlay absolute fill\"><\/div>\n\t\t\t\n\n\t\t<\/div>\n\n\t\t\n\n\t\t<div class=\"section-content relative\">\n\t\t\t\n<div class=\"row align-center\"  id=\"row-1652757373\">\n\n\t<div id=\"col-780806506\" class=\"col medium-7 small-12 large-5\"  >\n\t\t\t\t<div class=\"col-inner\"  >\n\t\t\t\n\t\t\t\n\t<div id=\"text-914863501\" class=\"text\">\n\t\t\n<h1><span style=\"font-size: 250%;\">O nas<\/span><\/h1>\n\t\t\n<style>\n#text-914863501 {\n  text-align: center;\n}\n<\/style>\n\t<\/div>\n\t\n\t\t<\/div>\n\t\t\t\t\t<\/div>\n\n\t\n<\/div>\n\t\t<\/div>\n\n\t\t\n<style>\n#section_49079620 {\n  padding-top: 30px;\n  padding-bottom: 30px;\n  min-height: 350px;\n  background-color: #6fa6d4;\n}\n#section_49079620 .section-bg-overlay {\n  background-color: rgba(40, 37, 37, 0.308);\n}\n@media (min-width:550px) {\n  #section_49079620 {\n    min-height: 620px;\n  }\n}\n<\/style>\n\t<\/section>\n\t\n\n\t<section class=\"section\" id=\"section_25957917\">\n\t\t<div class=\"section-bg fill\" >\n\t\t\t\t\t\t\t\t\t\n\t\t\t\n\n\t\t<\/div>\n\n\t\t\n\n\t\t<div class=\"section-content relative\">\n\t\t\t\n\t<div id=\"gap-791004031\" class=\"gap-element clearfix\" style=\"display:block; height:auto;\">\n\t\t\n<style>\n#gap-791004031 {\n  padding-top: 30px;\n}\n<\/style>\n\t<\/div>\n\t\n<div class=\"row row-large align-middle\" style=\"max-width:1300px\" id=\"row-812549757\">\n\n\t<div id=\"col-943044922\" class=\"col medium-12 small-12 large-7\"  >\n\t\t\t\t<div class=\"col-inner\"  >\n\t\t\t\n\t\t\t\n<div class=\"slider-wrapper relative\" id=\"slider-1862560461\" >\n    <div class=\"slider slider-nav-simple slider-nav-normal slider-nav-light slider-style-normal slider-show-nav\"\n        data-flickity-options='{            \"cellAlign\": \"center\",            \"imagesLoaded\": true,            \"lazyLoad\": 1,            \"freeScroll\": false,            \"wrapAround\": true,            \"autoPlay\": 4000,            \"pauseAutoPlayOnHover\" : false,            \"prevNextButtons\": true,            \"contain\" : true,            \"adaptiveHeight\" : true,            \"dragThreshold\" : 10,            \"percentPosition\": true,            \"pageDots\": false,            \"rightToLeft\": false,            \"draggable\": true,            \"selectedAttraction\": 0.1,            \"parallax\" : 0,            \"friction\": 0.6        }'\n        >\n        \n\t<div class=\"img has-hover x md-x lg-x y md-y lg-y\" id=\"image_655422955\">\n\t\t\t\t\t\t\t\t<div class=\"img-inner dark\" >\n\t\t\t<img loading=\"lazy\" decoding=\"async\" width=\"866\" height=\"577\" src=\"https:\/\/www.vape4wholesale.com\/wp-content\/uploads\/2026\/01\/our-team.jpg\" class=\"attachment-original size-original\" alt=\"nasz zesp\u00f3\u0142\" srcset=\"https:\/\/www.vape4wholesale.com\/wp-content\/uploads\/2026\/01\/our-team.jpg 866w, https:\/\/www.vape4wholesale.com\/wp-content\/uploads\/2026\/01\/our-team-300x200.jpg 300w, https:\/\/www.vape4wholesale.com\/wp-content\/uploads\/2026\/01\/our-team-768x512.jpg 768w, https:\/\/www.vape4wholesale.com\/wp-content\/uploads\/2026\/01\/our-team-18x12.jpg 18w, https:\/\/www.vape4wholesale.com\/wp-content\/uploads\/2026\/01\/our-team-510x340.jpg 510w\" sizes=\"auto, (max-width: 866px) 100vw, 866px\" \/>\t\t\t\t\t\t\n\t\t\t\t\t<\/div>\n\t\t\t\t\t\t\t\t\n<style>\n#image_655422955 {\n  width: 100%;\n}\n<\/style>\n\t<\/div>\n\t\n     <\/div>\n\n     <div class=\"loading-spin dark large centered\"><\/div>\n\n\t<\/div>\n\n\n\t\t<\/div>\n\t\t\t\t\t<\/div>\n\n\t\n\n\t<div id=\"col-879316177\" class=\"col medium-10 small-12 large-5\"  >\n\t\t\t\t<div class=\"col-inner\"  >\n\t\t\t\n\t\t\t\n\t<div id=\"gap-1822398243\" class=\"gap-element clearfix\" style=\"display:block; height:auto;\">\n\t\t\n<style>\n#gap-1822398243 {\n  padding-top: 30px;\n}\n<\/style>\n\t<\/div>\n\t\n\t<div id=\"text-1437943846\" class=\"text\">\n\t\t\n<h2><span style=\"font-size: 100%;\">Dlaczego my?<\/span><\/h2>\n\t\t\n<style>\n#text-1437943846 {\n  font-size: 1.75rem;\n}\n<\/style>\n\t<\/div>\n\t\n<div class=\"is-divider divider clearfix\" style=\"max-width:100px;height:4px;background-color:rgb(111, 166, 212);\"><\/div>\n<p>Jeste\u015bmy profesjonaln\u0105 firm\u0105 vape z ponad 18-letnim do\u015bwiadczeniem i naszym celem jest zapewnienie naszym klientom szybkiej i bezpiecznej hurtowni vape.<\/p>\n<p>Utrzymujemy \u015bcis\u0142\u0105 wsp\u00f3\u0142prac\u0119 z najlepszymi producentami w bran\u017cy vape, aby zapewni\u0107 innowacyjne style i sta\u0142\u0105 jako\u015b\u0107. Dysponujemy r\u00f3wnie\u017c najlepszymi kana\u0142ami wysy\u0142kowymi w bran\u017cy, aby zapewni\u0107 szybk\u0105 dostaw\u0119.<\/p>\n<a href=\"\/pl\/skontaktuj-sie-z-nami\/\" class=\"button primary lowercase\" style=\"border-radius:10px;padding:5px 30px 5px 30px;\">\n\t\t<span>Skontaktuj si\u0119 teraz<\/span>\n\t<\/a>\n\n\t\t<\/div>\n\t\t\t\t\n<style>\n#col-879316177 > .col-inner {\n  padding: 0px 0px 0px 0;\n}\n@media (min-width:550px) {\n  #col-879316177 > .col-inner {\n    padding: 0px 0px 0px 30px;\n  }\n}\n<\/style>\n\t<\/div>\n\n\t\n<\/div>\n\t<div id=\"gap-754145336\" class=\"gap-element clearfix\" style=\"display:block; height:auto;\">\n\t\t\n<style>\n#gap-754145336 {\n  padding-top: 40px;\n}\n@media (min-width:550px) {\n  #gap-754145336 {\n    padding-top: 80px;\n  }\n}\n<\/style>\n\t<\/div>\n\t\n<div class=\"row row-solid\" style=\"max-width:1300px\" id=\"row-1265094686\">\n\n\t<div id=\"col-52585430\" class=\"col medium-6 small-12 large-3\"  >\n\t\t\t\t<div class=\"col-inner\"  >\n\t\t\t\n\t\t\t\n\t<div id=\"text-359487139\" class=\"text\">\n\t\t\n<h2><span class=\"count-up\">18<\/span><\/h2>\n\t\t\n<style>\n#text-359487139 {\n  font-size: 2.5rem;\n  text-align: center;\n}\n<\/style>\n\t<\/div>\n\t\n\t<div id=\"text-1024217895\" class=\"text\">\n\t\t\n<p>Lata do\u015bwiadczenia<br \/>\n\t\t\n<style>\n#text-1024217895 {\n  text-align: center;\n}\n<\/style>\n\t<\/div>\n\t\n\t\t<\/div>\n\t\t\t\t\t<\/div>\n\n\t\n\n\t<div id=\"col-1280585988\" class=\"col medium-6 small-12 large-3\"  >\n\t\t\t\t<div class=\"col-inner\"  >\n\t\t\t\n\t\t\t\n\t<div id=\"text-3659269670\" class=\"text\">\n\t\t\n<h2><span class=\"count-up\">10500<\/span><\/h2>\n\t\t\n<style>\n#text-3659269670 {\n  font-size: 2.5rem;\n  text-align: center;\n}\n<\/style>\n\t<\/div>\n\t\n\t<div id=\"text-757991138\" class=\"text\">\n\t\t\n<p>Obs\u0142ugiwani klienci<br \/>\n\t\t\n<style>\n#text-757991138 {\n  text-align: center;\n}\n<\/style>\n\t<\/div>\n\t\n\t\t<\/div>\n\t\t\t\t\t<\/div>\n\n\t\n\n\t<div id=\"col-469100266\" class=\"col medium-6 small-12 large-3\"  >\n\t\t\t\t<div class=\"col-inner\"  >\n\t\t\t\n\t\t\t\n\t<div id=\"text-1383654546\" class=\"text\">\n\t\t\n<h2><span class=\"count-up\">50<\/span><\/h2>\n\t\t\n<style>\n#text-1383654546 {\n  font-size: 2.5rem;\n  text-align: center;\n}\n<\/style>\n\t<\/div>\n\t\n\t<div id=\"text-874531421\" class=\"text\">\n\t\t\n<p>kraje wysy\u0142ki<br \/>\n\t\t\n<style>\n#text-874531421 {\n  text-align: center;\n}\n<\/style>\n\t<\/div>\n\t\n\t\t<\/div>\n\t\t\t\t\t<\/div>\n\n\t\n\n\t<div id=\"col-1957133611\" class=\"col medium-6 small-12 large-3\"  >\n\t\t\t\t<div class=\"col-inner\"  >\n\t\t\t\n\t\t\t\n\t<div id=\"text-1147949246\" class=\"text\">\n\t\t\n<h2><span class=\"count-up\">160<\/span><\/h2>\n\t\t\n<style>\n#text-1147949246 {\n  font-size: 2.5rem;\n  text-align: center;\n}\n<\/style>\n\t<\/div>\n\t\n\t<div id=\"text-725473516\" class=\"text\">\n\t\t\n<p>Polecane produkty<br \/>\n\t\t\n<style>\n#text-725473516 {\n  text-align: center;\n}\n<\/style>\n\t<\/div>\n\t\n\t\t<\/div>\n\t\t\t\t\t<\/div>\n\n\t\n<\/div>\n\t\t<\/div>\n\n\t\t\n<style>\n#section_25957917 {\n  padding-top: 50px;\n  padding-bottom: 50px;\n}\n@media (min-width:550px) {\n  #section_25957917 {\n    padding-top: 110px;\n    padding-bottom: 110px;\n  }\n}\n<\/style>\n\t<\/section>\n\t\n<div class=\"row\"  id=\"row-73582587\">\n\n\t<div id=\"col-87710877\" class=\"col small-12 large-12\"  >\n\t\t\t\t<div class=\"col-inner\"  >\n\t\t\t\n\t\t\t\n\t<div class=\"box has-hover   has-hover box-text-bottom\" >\n\n\t\t<div class=\"box-image\" style=\"width:57%;\">\n\t\t\t\t\t\t<div class=\"\" >\n\t\t\t\t<img loading=\"lazy\" decoding=\"async\" width=\"1652\" height=\"2276\" src=\"https:\/\/www.vape4wholesale.com\/wp-content\/uploads\/2026\/01\/Certificate-of-Incorporation-of-Joystine.jpg\" class=\"attachment- size-\" alt=\"\u015awiadectwo rejestracji sp\u00f3\u0142ki Joystine\" srcset=\"https:\/\/www.vape4wholesale.com\/wp-content\/uploads\/2026\/01\/Certificate-of-Incorporation-of-Joystine.jpg 1652w, https:\/\/www.vape4wholesale.com\/wp-content\/uploads\/2026\/01\/Certificate-of-Incorporation-of-Joystine-218x300.jpg 218w, https:\/\/www.vape4wholesale.com\/wp-content\/uploads\/2026\/01\/Certificate-of-Incorporation-of-Joystine-743x1024.jpg 743w, https:\/\/www.vape4wholesale.com\/wp-content\/uploads\/2026\/01\/Certificate-of-Incorporation-of-Joystine-768x1058.jpg 768w, https:\/\/www.vape4wholesale.com\/wp-content\/uploads\/2026\/01\/Certificate-of-Incorporation-of-Joystine-1115x1536.jpg 1115w, https:\/\/www.vape4wholesale.com\/wp-content\/uploads\/2026\/01\/Certificate-of-Incorporation-of-Joystine-1487x2048.jpg 1487w, https:\/\/www.vape4wholesale.com\/wp-content\/uploads\/2026\/01\/Certificate-of-Incorporation-of-Joystine-9x12.jpg 9w, https:\/\/www.vape4wholesale.com\/wp-content\/uploads\/2026\/01\/Certificate-of-Incorporation-of-Joystine-510x703.jpg 510w\" sizes=\"auto, (max-width: 1652px) 100vw, 1652px\" \/>\t\t\t\t\t\t\t\t\t\t\t<\/div>\n\t\t\t\t\t<\/div>\n\n\t\t<div class=\"box-text text-center\" >\n\t\t\t<div class=\"box-text-inner\">\n\t\t\t\t\n<h4>\u015awiadectwo rejestracji<\/h4>\n<p>JOYSTINE GROUP LIMITED<\/p>\n\t\t\t<\/div>\n\t\t<\/div>\n\t<\/div>\n\t\n\t\t<\/div>\n\t\t\t\t\t<\/div>\n\n\t\n<\/div>\n\n\n\t<section class=\"section dark\" id=\"section_660621009\">\n\t\t<div class=\"section-bg fill\" >\n\t\t\t\t\t\t\t\t\t\n\t\t\t\n\n\t\t<\/div>\n\n\t\t\n\n\t\t<div class=\"section-content relative\">\n\t\t\t\n<div class=\"row align-center\" style=\"max-width:1300px\" id=\"row-180726270\">\n\n\t<div id=\"col-52211557\" class=\"col medium-8 small-12 large-5\"  >\n\t\t\t\t<div class=\"col-inner text-center\"  >\n\t\t\t\n\t\t\t\n\t<div id=\"gap-1425614394\" class=\"gap-element clearfix\" style=\"display:block; height:auto;\">\n\t\t\n<style>\n#gap-1425614394 {\n  padding-top: 50px;\n}\n@media (min-width:550px) {\n  #gap-1425614394 {\n    padding-top: 100px;\n  }\n}\n<\/style>\n\t<\/div>\n\t\n\t<div id=\"text-1632685599\" class=\"text\">\n\t\t\n<h2>Otw\u00f3rz konto hurtowe<\/h2>\n\t\t\n<style>\n#text-1632685599 {\n  font-size: 1.75rem;\n  text-align: center;\n}\n<\/style>\n\t<\/div>\n\t\n<div class=\"text-center\"><div class=\"is-divider divider clearfix\" style=\"max-width:100px;height:4px;background-color:rgb(147, 199, 229);\"><\/div><\/div>\n\t<div id=\"text-3222542489\" class=\"text\">\n\t\t\n<p>Za\u0142\u00f3\u017c konto i rozpocznij z nami wsp\u00f3\u0142prac\u0119\uff01<br \/>\n\t\t\n<style>\n#text-3222542489 {\n  text-align: center;\n}\n<\/style>\n\t<\/div>\n\t\n<a href=\"\/pl\/rejestr\/\" class=\"button white\" style=\"border-radius:10px;padding:5px 30px 5px 30px;\">\n\t\t<span>Otw\u00f3rz konto<\/span>\n\t<\/a>\n\n\t<div id=\"gap-430437454\" class=\"gap-element clearfix\" style=\"display:block; height:auto;\">\n\t\t\n<style>\n#gap-430437454 {\n  padding-top: 5px;\n}\n@media (min-width:550px) {\n  #gap-430437454 {\n    padding-top: 30px;\n  }\n}\n<\/style>\n\t<\/div>\n\t\n\t\t<\/div>\n\t\t\t\t\t<\/div>\n\n\t\n<\/div>\n\t\t<\/div>\n\n\t\t\n<style>\n#section_660621009 {\n  padding-top: 50px;\n  padding-bottom: 50px;\n  background-color: #01554b;\n}\n<\/style>\n\t<\/section>","protected":false},"excerpt":{"rendered":"","protected":false},"author":1,"featured_media":0,"parent":0,"menu_order":0,"comment_status":"closed","ping_status":"open","template":"page-blank.php","meta":{"footnotes":""},"class_list":["post-2","page","type-page","status-publish","hentry"],"aioseo_notices":[],"_links":{"self":[{"href":"https:\/\/www.vape4wholesale.com\/pl\/wp-json\/wp\/v2\/pages\/2","targetHints":{"allow":["GET"]}}],"collection":[{"href":"https:\/\/www.vape4wholesale.com\/pl\/wp-json\/wp\/v2\/pages"}],"about":[{"href":"https:\/\/www.vape4wholesale.com\/pl\/wp-json\/wp\/v2\/types\/page"}],"author":[{"embeddable":true,"href":"https:\/\/www.vape4wholesale.com\/pl\/wp-json\/wp\/v2\/users\/1"}],"replies":[{"embeddable":true,"href":"https:\/\/www.vape4wholesale.com\/pl\/wp-json\/wp\/v2\/comments?post=2"}],"version-history":[{"count":5,"href":"https:\/\/www.vape4wholesale.com\/pl\/wp-json\/wp\/v2\/pages\/2\/revisions"}],"predecessor-version":[{"id":28420,"href":"https:\/\/www.vape4wholesale.com\/pl\/wp-json\/wp\/v2\/pages\/2\/revisions\/28420"}],"wp:attachment":[{"href":"https:\/\/www.vape4wholesale.com\/pl\/wp-json\/wp\/v2\/media?parent=2"}],"curies":[{"name":"wp","href":"https:\/\/api.w.org\/{rel}","templated":true}]}}