{"id":11349,"date":"2023-06-25T14:21:26","date_gmt":"2023-06-25T14:21:26","guid":{"rendered":"https:\/\/www.vape4wholesale.com\/?page_id=11349"},"modified":"2023-06-25T14:21:26","modified_gmt":"2023-06-25T14:21:26","slug":"zasady-i-warunki","status":"publish","type":"page","link":"https:\/\/www.vape4wholesale.com\/pl\/zasady-i-warunki","title":{"rendered":"Zasady i warunki"},"content":{"rendered":"<p><strong><b>Zasady i warunki<\/b><\/strong><\/p>\n<p>PRZED ROZPOCZ\u0118CIEM KORZYSTANIA Z NINIEJSZEJ WITRYNY NALE\u017bY UWA\u017bNIE PRZECZYTA\u0106 PONI\u017bSZE WARUNKI U\u017bYTKOWANIA. Wszyscy u\u017cytkownicy tej witryny zgadzaj\u0105 si\u0119, \u017ce dost\u0119p do niej i korzystanie z niej podlega poni\u017cszym warunkom i innym obowi\u0105zuj\u0105cym przepisom prawa. Je\u015bli nie zgadzasz si\u0119 z tymi warunkami, nie korzystaj z tej witryny.<\/p>\n<p><strong><b>Prawa autorskie<\/b><\/strong><\/p>\n<p>Ca\u0142a zawarto\u015b\u0107 zawarta na tej stronie, w tym mi\u0119dzy innymi tekst, grafika lub kod, jest chroniona prawem autorskim jako praca zbiorowa zgodnie z chi\u0144skimi i innymi prawami autorskimi i jest w\u0142asno\u015bci\u0105 vape4wholesale.com. Praca zbiorowa obejmuje prace, kt\u00f3re s\u0105 licencjonowane przez vape4wholesale.com. Copyright 2009-2015, vape4wholesale.com WSZYSTKIE PRAWA ZASTRZE\u017bONE. Zezwala si\u0119 na elektroniczne kopiowanie i drukowanie papierowych kopii tej witryny wy\u0142\u0105cznie w celu z\u0142o\u017cenia zam\u00f3wienia w vape4wholesale.com lub zakupu produkt\u00f3w vape4wholesale.com. Mo\u017cesz wy\u015bwietla\u0107 i, z zastrze\u017ceniem wszelkich wyra\u017anie okre\u015blonych ogranicze\u0144 lub ogranicze\u0144 dotycz\u0105cych okre\u015blonych materia\u0142\u00f3w, pobiera\u0107 lub drukowa\u0107 fragmenty materia\u0142\u00f3w z r\u00f3\u017cnych obszar\u00f3w witryny wy\u0142\u0105cznie do w\u0142asnego, niekomercyjnego u\u017cytku lub w celu z\u0142o\u017cenia zam\u00f3wienia w vape4wholesale.com lub zakupu produkt\u00f3w vape4wholesale.com. Jakiekolwiek inne wykorzystanie, w tym mi\u0119dzy innymi powielanie, dystrybucja, wy\u015bwietlanie lub przesy\u0142anie zawarto\u015bci tej witryny jest surowo zabronione, chyba \u017ce zosta\u0142o to autoryzowane przez vape4wholesale.com. Ponadto u\u017cytkownik zgadza si\u0119 nie zmienia\u0107 ani nie usuwa\u0107 \u017cadnych informacji o prawach w\u0142asno\u015bci z materia\u0142\u00f3w pobranych z witryny.<\/p>\n<p><strong><b>Znaki towarowe<\/b><\/strong><\/p>\n<p>Wszystkie znaki towarowe, znaki us\u0142ugowe i nazwy handlowe vape4wholesale.com u\u017cyte w witrynie s\u0105 w\u0142asno\u015bci\u0105 oryginalnych producent\u00f3w.<\/p>\n<p><strong><b>Wy\u0142\u0105czenie odpowiedzialno\u015bci z tytu\u0142u gwarancji<\/b><\/strong><\/p>\n<p>Ta strona oraz materia\u0142y i produkty na tej stronie s\u0105 dostarczane \"w stanie, w jakim si\u0119 znajduj\u0105\" i bez jakichkolwiek gwarancji, wyra\u017anych lub dorozumianych. W najszerszym zakresie dopuszczalnym przez obowi\u0105zuj\u0105ce prawo, vape4wholesale.com<\/p>\n<p>zrzeka si\u0119 wszelkich gwarancji, wyra\u017anych lub dorozumianych, w tym mi\u0119dzy innymi dorozumianych gwarancji przydatno\u015bci handlowej i przydatno\u015bci do okre\u015blonego celu oraz nienaruszania praw. vape4wholesale.com nie o\u015bwiadcza ani nie gwarantuje, \u017ce funkcje zawarte w witrynie b\u0119d\u0105 nieprzerwane lub wolne od b\u0142\u0119d\u00f3w, \u017ce wady zostan\u0105 naprawione, ani \u017ce ta witryna lub serwer udost\u0119pniaj\u0105cy witryn\u0119 s\u0105 wolne od wirus\u00f3w lub innych szkodliwych element\u00f3w.<\/p>\n<p>vape4wholesale.com nie udziela \u017cadnych gwarancji ani o\u015bwiadcze\u0144 dotycz\u0105cych korzystania z materia\u0142\u00f3w na tej stronie pod wzgl\u0119dem ich poprawno\u015bci, dok\u0142adno\u015bci, adekwatno\u015bci, przydatno\u015bci, terminowo\u015bci, niezawodno\u015bci lub w inny spos\u00f3b. Niekt\u00f3re stany nie zezwalaj\u0105 na ograniczenia lub wy\u0142\u0105czenia gwarancji, wi\u0119c powy\u017csze ograniczenia mog\u0105 nie mie\u0107 zastosowania.<\/p>\n<p><strong><b>Ograniczenie odpowiedzialno\u015bci<\/b><\/strong><\/p>\n<p>vape4wholesale.com nie ponosi odpowiedzialno\u015bci za jakiekolwiek szczeg\u00f3lne lub wynikowe szkody wynikaj\u0105ce z u\u017cycia lub niemo\u017cno\u015bci u\u017cycia materia\u0142\u00f3w na tej stronie lub dzia\u0142ania produkt\u00f3w, nawet je\u015bli vape4wholesale.com zosta\u0142 poinformowany o mo\u017cliwo\u015bci wyst\u0105pienia takich szk\u00f3d. Obowi\u0105zuj\u0105ce prawo mo\u017ce nie zezwala\u0107 na ograniczenie lub wy\u0142\u0105czenie odpowiedzialno\u015bci za szkody przypadkowe lub wynikowe, wi\u0119c powy\u017csze ograniczenie lub wy\u0142\u0105czenie mo\u017ce nie mie\u0107 zastosowania.<\/p>\n<p><strong><b>B\u0142\u0119dy typograficzne<\/b><\/strong><\/p>\n<p>W przypadku, gdy produkt vape4wholesale.com zostanie omy\u0142kowo wymieniony po nieprawid\u0142owej cenie, vape4wholesale.com zastrzega sobie prawo do odmowy lub anulowania wszelkich zam\u00f3wie\u0144 z\u0142o\u017conych na produkt wymieniony po nieprawid\u0142owej cenie. vape4wholesale.com zastrzega sobie prawo do odmowy lub anulowania wszelkich takich zam\u00f3wie\u0144, niezale\u017cnie od tego, czy zam\u00f3wienie zosta\u0142o potwierdzone, a karta kredytowa obci\u0105\u017cona. Je\u015bli karta kredytowa zosta\u0142a ju\u017c obci\u0105\u017cona za zakup, a zam\u00f3wienie zostanie anulowane, vape4wholesale.com wystawi kredyt na konto karty kredytowej w wysoko\u015bci nieprawid\u0142owej ceny.<\/p>\n<p><strong><b>Okres obowi\u0105zywania; Rozwi\u0105zanie<\/b><\/strong><\/p>\n<p>Niniejsze warunki maj\u0105 zastosowanie do u\u017cytkownika po uzyskaniu dost\u0119pu do witryny i\/lub zako\u0144czeniu procesu rejestracji lub zakup\u00f3w. Niniejsze warunki lub dowolna ich cz\u0119\u015b\u0107 mog\u0105 zosta\u0107 rozwi\u0105zane przez vape4wholesale.com bez powiadomienia w dowolnym momencie i z dowolnego powodu. Postanowienia dotycz\u0105ce praw autorskich, znaku towarowego, wy\u0142\u0105czenia odpowiedzialno\u015bci, ograniczenia odpowiedzialno\u015bci, odszkodowania i r\u00f3\u017cnych postanowie\u0144 pozostaj\u0105 w mocy po rozwi\u0105zaniu umowy.<\/p>\n<p><strong><b>Zawiadomienie<\/b><\/strong><\/p>\n<p>vape4wholesale.com mo\u017ce dostarczy\u0107 Ci powiadomienie za po\u015brednictwem poczty elektronicznej, og\u00f3lnego powiadomienia na stronie lub w inny niezawodny spos\u00f3b na adres podany vape4wholesale.com.<\/p>\n<p><strong><b>R\u00f3\u017cne<\/b><\/strong><\/p>\n<p>Korzystanie z tej witryny podlega pod ka\u017cdym wzgl\u0119dem prawu stanu Nowy Jork, USA, bez wzgl\u0119du na wyb\u00f3r przepis\u00f3w prawa, a nie Konwencji ONZ z 1980 r. o umowach mi\u0119dzynarodowej sprzeda\u017cy towar\u00f3w. U\u017cytkownik zgadza si\u0119, \u017ce jurysdykcja i miejsce wszelkich post\u0119powa\u0144 prawnych bezpo\u015brednio lub po\u015brednio wynikaj\u0105cych z lub zwi\u0105zanych z t\u0105 witryn\u0105 (w tym mi\u0119dzy innymi z zakupem produkt\u00f3w vape4wholesale.com) b\u0119d\u0105 znajdowa\u0107 si\u0119 w s\u0105dach stanowych lub federalnych znajduj\u0105cych si\u0119 w hrabstwie Queens w stanie Nowy Jork. Wszelkie przyczyny dzia\u0142a\u0144 lub roszcze\u0144, kt\u00f3re mo\u017cesz mie\u0107 w odniesieniu do witryny (w tym mi\u0119dzy innymi zakupu produkt\u00f3w vape4wholesale.com), musz\u0105 zosta\u0107 wszcz\u0119te w ci\u0105gu jednego (1) roku od powstania roszczenia lub przyczyny dzia\u0142ania. Brak nalegania lub egzekwowania przez vape4wholesale.com \u015bcis\u0142ego wykonania kt\u00f3regokolwiek z postanowie\u0144 niniejszych warunk\u00f3w nie b\u0119dzie interpretowany jako zrzeczenie si\u0119 jakiegokolwiek postanowienia lub prawa. Ani przebieg post\u0119powania mi\u0119dzy stronami, ani praktyka handlowa nie b\u0119d\u0105 dzia\u0142a\u0107 w celu modyfikacji kt\u00f3regokolwiek z tych warunk\u00f3w. vape4wholesale.com mo\u017ce scedowa\u0107 swoje prawa i obowi\u0105zki wynikaj\u0105ce z niniejszej Umowy na dowoln\u0105 stron\u0119 w dowolnym momencie bez powiadomienia.<\/p>\n<p><strong><b>Korzystanie z witryny<\/b><\/strong><\/p>\n<p>N\u0119kanie w jakikolwiek spos\u00f3b lub w jakiejkolwiek formie na stronie, w tym za po\u015brednictwem poczty elektronicznej, czatu lub przy u\u017cyciu obscenicznego lub obra\u017aliwego j\u0119zyka, jest surowo zabronione. Podszywanie si\u0119 pod inne osoby, w tym vape4wholesale.com lub innych licencjonowanych pracownik\u00f3w, gospodarzy lub przedstawicieli, a tak\u017ce innych cz\u0142onk\u00f3w lub odwiedzaj\u0105cych witryn\u0119, jest zabronione. U\u017cytkownik nie mo\u017ce przesy\u0142a\u0107, rozpowszechnia\u0107 ani w inny spos\u00f3b publikowa\u0107 za po\u015brednictwem witryny \u017cadnych tre\u015bci, kt\u00f3re s\u0105 znies\u0142awiaj\u0105ce, oszczercze, obsceniczne, zawieraj\u0105ce gro\u017aby, naruszaj\u0105ce prywatno\u015b\u0107 lub prawa do wizerunku, obra\u017aliwe, nielegalne lub w inny spos\u00f3b budz\u0105ce zastrze\u017cenia, kt\u00f3re mog\u0105 stanowi\u0107 przest\u0119pstwo lub zach\u0119ca\u0107 do przest\u0119pstwa, narusza\u0107 prawa jakiejkolwiek strony lub kt\u00f3re mog\u0105 w inny spos\u00f3b powodowa\u0107 odpowiedzialno\u015b\u0107 lub narusza\u0107 jakiekolwiek prawo. U\u017cytkownik nie mo\u017ce zamieszcza\u0107 w witrynie tre\u015bci komercyjnych ani korzysta\u0107 z witryny w celu nak\u0142aniania innych os\u00f3b do do\u0142\u0105czenia lub zostania cz\u0142onkami jakiejkolwiek innej komercyjnej us\u0142ugi online lub innej organizacji.<\/p>\n<p><strong><b>Zastrze\u017cenie dotycz\u0105ce uczestnictwa<\/b><\/strong><\/p>\n<p>vape4wholesale.com nie przegl\u0105da i nie mo\u017ce przegl\u0105da\u0107 wszystkich komunikat\u00f3w i materia\u0142\u00f3w publikowanych lub tworzonych przez u\u017cytkownik\u00f3w uzyskuj\u0105cych dost\u0119p do witryny i nie ponosi \u017cadnej odpowiedzialno\u015bci za tre\u015b\u0107 tych komunikat\u00f3w i materia\u0142\u00f3w. Przyjmujesz do wiadomo\u015bci, \u017ce zapewniaj\u0105c Ci mo\u017cliwo\u015b\u0107 przegl\u0105dania i rozpowszechniania tre\u015bci generowanych przez u\u017cytkownik\u00f3w na stronie, vape4wholesale.com dzia\u0142a jedynie jako pasywny kana\u0142 takiej dystrybucji i nie podejmuje \u017cadnych zobowi\u0105za\u0144 ani odpowiedzialno\u015bci zwi\u0105zanych z jak\u0105kolwiek tre\u015bci\u0105 lub dzia\u0142aniami na stronie. Jednak vape4wholesale.com zastrzega sobie prawo do blokowania lub usuwania komunikacji lub materia\u0142\u00f3w, kt\u00f3re uzna za (a) obra\u017aliwe, znies\u0142awiaj\u0105ce lub obsceniczne, (b) oszuka\u0144cze, zwodnicze lub wprowadzaj\u0105ce w b\u0142\u0105d, (c) naruszaj\u0105ce prawa autorskie, znaki towarowe lub inne prawa w\u0142asno\u015bci intelektualnej innej osoby lub (d) obra\u017aliwe lub w inny spos\u00f3b niedopuszczalne dla vape4wholesale.com wed\u0142ug w\u0142asnego uznania.<\/p>\n<p><strong><b>Odszkodowanie<\/b><\/strong><\/p>\n<p>U\u017cytkownik zgadza si\u0119 zabezpieczy\u0107, broni\u0107 i chroni\u0107 vape4wholesale.com, jego urz\u0119dnik\u00f3w, dyrektor\u00f3w, pracownik\u00f3w, agent\u00f3w, licencjodawc\u00f3w i dostawc\u00f3w (zwanych \u0142\u0105cznie \"Dostawcami us\u0142ug\") przed wszelkimi stratami, wydatkami, odszkodowaniami i kosztami, w tym uzasadnionymi honorariami prawnik\u00f3w, wynikaj\u0105cymi z naruszenia niniejszych warunk\u00f3w lub jakiejkolwiek dzia\u0142alno\u015bci zwi\u0105zanej z kontem u\u017cytkownika (w tym zaniedbania lub niew\u0142a\u015bciwego post\u0119powania) przez u\u017cytkownika lub jak\u0105kolwiek inn\u0105 osob\u0119 uzyskuj\u0105c\u0105 dost\u0119p do witryny przy u\u017cyciu konta internetowego.<\/p>\n<p><strong><b>Linki stron trzecich<\/b><\/strong><\/p>\n<p>W celu zapewnienia naszym odwiedzaj\u0105cym wi\u0119kszej warto\u015bci, vape4wholesale.com mo\u017ce \u0142\u0105czy\u0107 si\u0119 z witrynami obs\u0142ugiwanymi przez strony trzecie. Jednak nawet je\u015bli strona trzecia jest powi\u0105zana z vape4wholesale.com, vape4wholesale.com nie ma kontroli nad tymi powi\u0105zanymi stronami, z kt\u00f3rych wszystkie maj\u0105 oddzielne praktyki dotycz\u0105ce prywatno\u015bci i gromadzenia danych, niezale\u017cne od vape4wholesale.com. Witryny, do kt\u00f3rych prowadz\u0105 \u0142\u0105cza, s\u0105 przeznaczone wy\u0142\u0105cznie dla wygody u\u017cytkownika, kt\u00f3ry uzyskuje do nich dost\u0119p na w\u0142asne ryzyko. Niemniej jednak vape4wholesale.com stara si\u0119 chroni\u0107 integralno\u015b\u0107 swojej witryny internetowej i umieszczonych na niej link\u00f3w, dlatego prosi o wszelkie opinie dotycz\u0105ce nie tylko w\u0142asnej witryny, ale tak\u017ce witryn, do kt\u00f3rych prowadzi (w tym je\u015bli okre\u015blony link nie dzia\u0142a).<\/p>\n<p><strong><b>Zastrze\u017cenie<\/b><\/strong><\/p>\n<p>Produkty te nie s\u0105 przeznaczone do diagnozowania, leczenia ani zapobiegania jakimkolwiek chorobom. Przedstawione informacje i o\u015bwiadczenia s\u0142u\u017c\u0105 celom edukacyjnym i nie maj\u0105 na celu zast\u0105pienia porady pracownika s\u0142u\u017cby zdrowia. Kupuj\u0105c te produkty, u\u017cytkownik zgadza si\u0119 u\u017cywa\u0107 ich na w\u0142asne ryzyko. W \u017cadnym wypadku vape4wholesale.com nie b\u0119dzie ponosi\u0107 odpowiedzialno\u015bci, bezpo\u015brednio lub po\u015brednio, za jakiekolwiek straty lub szkody spowodowane lub rzekomo spowodowane w zwi\u0105zku z korzystaniem lub poleganiem na jakimkolwiek produkcie na tej stronie. Nasze produkty s\u0105 przeznaczone wy\u0142\u0105cznie dla DOROS\u0141YCH. Nasze produkty nie mog\u0105 by\u0107 u\u017cywane przez osoby poni\u017cej wieku uprawniaj\u0105cego do palenia w stanie, w kt\u00f3rym zamieszkuj\u0105. Inne grupy, kt\u00f3re powinny skonsultowa\u0107 si\u0119 z lekarzem przed u\u017cyciem obejmuj\u0105 (ale nie ograniczaj\u0105 si\u0119 do): Osoby cierpi\u0105ce na choroby serca lub wysokie ci\u015bnienie krwi. Kobiety w ci\u0105\u017cy, karmi\u0105ce piersi\u0105 lub planuj\u0105ce zaj\u015bcie w ci\u0105\u017c\u0119. Osoby uczulone na nikotyn\u0119 lub inne produkty na bazie PG.<\/p>\n<p><strong><b>Ostrze\u017cenie dotycz\u0105ce baterii litowo-jonowej<\/b><\/strong><\/p>\n<p>UWAGA: podczas pracy z ogniwami litowo-jonowymi s\u0105 one bardzo wra\u017cliwe na charakterystyk\u0119 \u0142adowania i mog\u0105 eksplodowa\u0107 w przypadku niew\u0142a\u015bciwego obchodzenia si\u0119 z nimi. U\u017cytkownik powinien posiada\u0107 wystarczaj\u0105c\u0105 wiedz\u0119 na temat akumulator\u00f3w litowo-jonowych w zakresie \u0142adowania, roz\u0142adowywania i monta\u017cu przed u\u017cyciem. Akumulatory nale\u017cy \u0142adowa\u0107 i przechowywa\u0107 w ognioodpornym pojemniku. Nigdy nie pozostawia\u0107 akumulator\u00f3w bez nadzoru podczas \u0142adowania lub u\u017cytkowania. Podczas \u0142adowania nie nale\u017cy umieszcza\u0107 akumulator\u00f3w na drewnianej powierzchni lub dywanie. Baterie nale\u017cy \u0142adowa\u0107 w ognioodpornym pojemniku. Nie u\u017cywaj \u0142adowarek zakupionych poza vape4wholesale.com do \u0142adowania akumulator\u00f3w zakupionych w vape4wholesale.com. Mo\u017ce to spowodowa\u0107 uszkodzenie baterii i nieprawid\u0142owe dzia\u0142anie, kt\u00f3re mo\u017ce spowodowa\u0107 powa\u017cne obra\u017cenia. Nie ponosimy odpowiedzialno\u015bci za uszkodzenia spowodowane jak\u0105kolwiek modyfikacj\u0105 baterii w formie lub kszta\u0142cie. Nie ponosimy odpowiedzialno\u015bci za jakiekolwiek uszkodzenia spowodowane niew\u0142a\u015bciwym u\u017cytkowaniem lub niew\u0142a\u015bciw\u0105 obs\u0142ug\u0105 tych akumulator\u00f3w litowo-jonowych.<\/p>\n<p>Wi\u0119cej informacji na temat prawid\u0142owego przechowywania i konserwacji baterii litowych mo\u017cna znale\u017a\u0107 tutaj:<\/p>\n<p>http:\/\/batteryuniversity.com\/<\/p>\n<p><strong><b>Zastrze\u017cenie dotycz\u0105ce wizerunku produktu<\/b><\/strong><\/p>\n<p>Zdj\u0119cia produkt\u00f3w s\u0142u\u017c\u0105 wy\u0142\u0105cznie do cel\u00f3w ilustracyjnych. Rzeczywiste kolory produkt\u00f3w mog\u0105 si\u0119 r\u00f3\u017cni\u0107 w zale\u017cno\u015bci od rozdzielczo\u015bci ekranu i o\u015bwietlenia. NIE DO SPRZEDA\u017bY NIELETNIM. Produkty sprzedawane na tej stronie mog\u0105 zawiera\u0107 nikotyn\u0119, kt\u00f3ra jest substancj\u0105 silnie uzale\u017cniaj\u0105c\u0105. KALIFORNIA PROPOZYCJA 65 - Ostrze\u017cenie: Ten produkt zawiera nikotyn\u0119, substancj\u0119 chemiczn\u0105, o kt\u00f3rej stan Kalifornia wie, \u017ce powoduje wady wrodzone lub inne szkody rozrodcze. Produkty sprzedawane na tej stronie s\u0105 przeznaczone dla doros\u0142ych palaczy. Aby zakupi\u0107 produkty, musisz by\u0107 w wieku uprawniaj\u0105cym do palenia na danym terytorium. Przed u\u017cyciem nale\u017cy skonsultowa\u0107 si\u0119 z lekarzem. Eliquid na tej stronie mo\u017ce zawiera\u0107 glikol propylenowy i\/lub gliceryn\u0119 ro\u015blinn\u0105, nikotyn\u0119 i aromaty. Nasze produkty mog\u0105 by\u0107 truj\u0105ce w przypadku spo\u017cycia doustnego. Produkty sprzedawane przez vape4wholesale nie s\u0105 produktami do rzucania palenia i nie zosta\u0142y ocenione przez Food and Drug Administration, ani nie s\u0105 przeznaczone do leczenia, zapobiegania lub leczenia jakiejkolwiek choroby lub stanu. Dla ich ochrony nale\u017cy przechowywa\u0107 je poza zasi\u0119giem dzieci i zwierz\u0105t domowych. Przed zakupem naszych produkt\u00f3w nale\u017cy zapozna\u0107 si\u0119 z naszym regulaminem. KORZYSTAJ ZE WSZYSTKICH PRODUKT\u00d3W NA TEJ STRONIE NA W\u0141ASNE RYZYKO!<\/p>","protected":false},"excerpt":{"rendered":"<p>Przed rozpocz\u0119ciem korzystania z niniejszej witryny internetowej nale\u017cy dok\u0142adnie zapozna\u0107 si\u0119 z poni\u017cszymi warunkami u\u017cytkowania. Wszyscy u\u017cytkownicy tej witryny zgadzaj\u0105 si\u0119, \u017ce dost\u0119p do niej i korzystanie z niej podlega poni\u017cszym warunkom i innym obowi\u0105zuj\u0105cym przepisom prawa. Je\u015bli nie zgadzasz si\u0119 z tymi warunkami, prosimy [...]","protected":false},"author":1,"featured_media":0,"parent":0,"menu_order":0,"comment_status":"closed","ping_status":"closed","template":"","meta":{"footnotes":""},"class_list":["post-11349","page","type-page","status-publish","hentry"],"aioseo_notices":[],"_links":{"self":[{"href":"https:\/\/www.vape4wholesale.com\/pl\/wp-json\/wp\/v2\/pages\/11349","targetHints":{"allow":["GET"]}}],"collection":[{"href":"https:\/\/www.vape4wholesale.com\/pl\/wp-json\/wp\/v2\/pages"}],"about":[{"href":"https:\/\/www.vape4wholesale.com\/pl\/wp-json\/wp\/v2\/types\/page"}],"author":[{"embeddable":true,"href":"https:\/\/www.vape4wholesale.com\/pl\/wp-json\/wp\/v2\/users\/1"}],"replies":[{"embeddable":true,"href":"https:\/\/www.vape4wholesale.com\/pl\/wp-json\/wp\/v2\/comments?post=11349"}],"version-history":[{"count":0,"href":"https:\/\/www.vape4wholesale.com\/pl\/wp-json\/wp\/v2\/pages\/11349\/revisions"}],"wp:attachment":[{"href":"https:\/\/www.vape4wholesale.com\/pl\/wp-json\/wp\/v2\/media?parent=11349"}],"curies":[{"name":"wp","href":"https:\/\/api.w.org\/{rel}","templated":true}]}}