{"id":23160,"date":"2025-07-06T00:21:03","date_gmt":"2025-07-05T16:21:03","guid":{"rendered":"https:\/\/www.vape4wholesale.com\/?post_type=product&#038;p=23160"},"modified":"2026-03-30T11:11:59","modified_gmt":"2026-03-30T03:11:59","slug":"bang-king-triple-3in1-85k-puffs-wegwerp-vape-groothandel","status":"publish","type":"product","link":"https:\/\/www.vape4wholesale.com\/nl\/product\/bang-king-triple-3in1-85k-puffs-wegwerp-vape-groothandel","title":{"rendered":"Bang King Triple 3in1 85K Puffs Wegwerp Vape Groothandel"},"content":{"rendered":"<p class=\"ds-markdown-paragraph\"><a title=\"Bang\" href=\"https:\/\/www.vape4wholesale.com\/nl\/product_merk\/klap\/\" target=\"_blank\" rel=\"noopener\">Bang<\/a> King Triple 3in1 85K Puffs Disposable Vape is een innovatief alles-in-\u00e9\u00e9n vaping apparaat met drie verschillende smaakcartridges in \u00e9\u00e9n apparaat. Met een eenvoudig hef-en-draaimechanisme voor het mondstuk kun je moeiteloos wisselen tussen smaken.<\/p>\n<p class=\"ds-markdown-paragraph\">Verpakt met 63 ml e-liquid (ongeveer 21 ml per cartridge), zorgt dit apparaat voor langdurig plezier. Het ingebouwde scherm biedt realtime controle van het e-liquid niveau en de batterijstatus, zodat je volledig op de hoogte blijft van de prestaties van je apparaat.<\/p>\n<p class=\"ds-markdown-paragraph\">Aangedreven door een 600mAh oplaadbare Type-C batterij, levert het langdurig gebruik zonder vaak opnieuw op te laden. Om tegemoet te komen aan verschillende voorkeuren, bieden we 16 unieke smaakcombinaties, met nicotinesterkte opties van 0%, 2%, en 5% - perfect voor zowel casual als ervaren vapers.<\/p>\n<h2><strong>Bang King Triple 3in1 85K Vape Belangrijkste Kenmerken<\/strong><\/h2>\n<p>&nbsp;<\/p>\n<ul>\n<li>Drievoudig smaaksysteem - Schakel naadloos tussen 3 smaken<\/li>\n<li>63 ml totale e-vloeistof (21 ml per cartridge)<\/li>\n<li>Slimme weergave - Houd het sap- en batterijniveau bij<\/li>\n<li>600mAh USB-C oplaadbare batterij<\/li>\n<li>1.0\u03a9*3 Mesh Coil - Geoptimaliseerd voor zachte, smaakvolle damp<\/li>\n<li>16 smaakvarianten | 0%\/2%\/5% nicotine-opties<\/li>\n<\/ul>\n<h2><strong>Beschikbare smaken<\/strong><\/h2>\n<p>1.Watermeloen ijs \/ Red Bull \/ Aardbei Kiwi<br \/>\n2.Citroen limoen \/ Aardbei watermeloen \/ Bosbessen ijs<br \/>\n3.Aardbei Banaan \/ Framboos Watermeloen \/Roze Limonade<br \/>\n4.Blue Razz Kers \/ Koele Munt \/ Perzik Mango<br \/>\n5.Tropisch Fruit \/ Aardbei Watermeloen \/ Citroen Perzik<br \/>\n6.Pinappel Kokosnoot \/ Aardbei Banaan \/ Blue Razz<br \/>\n7.Aardbei Watermeloen \/ Tripel Meloen \/ Aardbeienijs<br \/>\n8.Miexd Fruit \/ Mango Perzik \/ Druivenijs<br \/>\n9.Aardbei Vanille cola \/ Perzik ijs \/ Zwarte draak ijs<br \/>\n10.Weelderig ijs \/ Kiwi passievrucht guave \/ aardbei mango<br \/>\n11.Aardbei Watermeloen \/ Watermeloen \/ Blue Razz<br \/>\n12.Berry limonade \/ Aardbei Red Bull \/ Aardbei Pomp<br \/>\n13.Dubbele appel \/ fruitige fusie \/ ananas<br \/>\n14.Cola Ice \/ Mr Blue \/ Cherry Cola<br \/>\n15.Aardbei Donut \/ Bananenijs \/ Love 66<br \/>\n16.Ice Tea Lomon ijs \/ Mango ON ijs \/ Lychee ijs<\/p>\n<h2><strong>Verpakkingsgegevens<\/strong><\/h2>\n<ul>\n<li>1\/Doos<\/li>\n<li>10\/ Displaydoos<\/li>\n<li>100\/ doos, 15.0kg<\/li>\n<\/ul>\n<figure id=\"attachment_22956\" aria-describedby=\"caption-attachment-22956\" style=\"width: 800px\" class=\"wp-caption alignnone\"><img loading=\"lazy\" decoding=\"async\" class=\"size-full wp-image-22956\" title=\"Bang King Triple 3in1 85K Puffs Wegwerpvape Citroen Perzik\" src=\"https:\/\/www.vape4wholesale.com\/wp-content\/uploads\/2025\/06\/Bang-King-Triple-3in1-85K-Puffs-Disposable-Vape-Lemon-Peach.webp\" alt=\"Bang King Triple 3in1 85K Puffs Wegwerpvape Citroen Perzik\" width=\"800\" height=\"800\" srcset=\"https:\/\/www.vape4wholesale.com\/wp-content\/uploads\/2025\/06\/Bang-King-Triple-3in1-85K-Puffs-Disposable-Vape-Lemon-Peach.webp 800w, https:\/\/www.vape4wholesale.com\/wp-content\/uploads\/2025\/06\/Bang-King-Triple-3in1-85K-Puffs-Disposable-Vape-Lemon-Peach-247x247.webp 247w, https:\/\/www.vape4wholesale.com\/wp-content\/uploads\/2025\/06\/Bang-King-Triple-3in1-85K-Puffs-Disposable-Vape-Lemon-Peach-100x100.webp 100w, https:\/\/www.vape4wholesale.com\/wp-content\/uploads\/2025\/06\/Bang-King-Triple-3in1-85K-Puffs-Disposable-Vape-Lemon-Peach-510x510.webp 510w, https:\/\/www.vape4wholesale.com\/wp-content\/uploads\/2025\/06\/Bang-King-Triple-3in1-85K-Puffs-Disposable-Vape-Lemon-Peach-300x300.webp 300w, https:\/\/www.vape4wholesale.com\/wp-content\/uploads\/2025\/06\/Bang-King-Triple-3in1-85K-Puffs-Disposable-Vape-Lemon-Peach-150x150.webp 150w, https:\/\/www.vape4wholesale.com\/wp-content\/uploads\/2025\/06\/Bang-King-Triple-3in1-85K-Puffs-Disposable-Vape-Lemon-Peach-768x768.webp 768w, https:\/\/www.vape4wholesale.com\/wp-content\/uploads\/2025\/06\/Bang-King-Triple-3in1-85K-Puffs-Disposable-Vape-Lemon-Peach-12x12.webp 12w, https:\/\/www.vape4wholesale.com\/wp-content\/uploads\/2025\/06\/Bang-King-Triple-3in1-85K-Puffs-Disposable-Vape-Lemon-Peach-64x64.webp 64w\" sizes=\"auto, (max-width: 800px) 100vw, 800px\" \/><figcaption id=\"caption-attachment-22956\" class=\"wp-caption-text\">Bang King Triple 3in1 85K Puffs Wegwerpvape Citroen Perzik<\/figcaption><\/figure>\n<h2>WAAROM WIJ?<\/h2>\r\n<ul>\r\n<li>Echte, betrouwbare en professionele vape-bron.<\/li>\r\n<li>100% Echte Garantie: Wij leveren alleen originele en echte producten, weigeren namaak.<\/li>\r\n<li>100% Leveringsgarantie: We gebruiken de beste verzendmethode om ervoor te zorgen dat je de bestelling 100% ontvangt.<\/li>\r\n<li>We geven je het trackingnummer en verzendlabel na verzending en volgen de goederen voor je totdat je ervoor tekent.<\/li>\r\n<li>Geen douaneproblemen, geen tarieven<\/li>\r\n<\/ul>","protected":false},"excerpt":{"rendered":"<div class=\"wsppc_div_block woocommerce_before_add_to_cart_form\">\r\n<p><strong><span style=\"color: #00a859;\">Clear customs<\/span> before delivery &amp; 100% Delivery Guarantee, Delivery in 19~25 days around.\u00a0<\/strong><\/p>\r\n<\/div>\n<p><span style=\"color: #d83131;\"><strong>We zijn gestopt met het leveren van dit product.<\/strong><\/span><\/p>\n<p><a title=\"Waspe 3in1 60000 drievoudige vape\" href=\"https:\/\/www.vape4wholesale.com\/nl\/product\/waspe-aiviou-3in1-60000-puffs-wegwerp-vape\/\" target=\"_blank\" rel=\"noopener\"><strong>Klik hier<\/strong><\/a> om ons aanbevolen alternatieve item te bestellen.<\/p>","protected":false},"featured_media":22964,"comment_status":"open","ping_status":"closed","template":"","meta":[],"pwb-brand":[1275],"product_cat":[873],"product_tag":[22,24,249,1200,1201],"class_list":{"0":"post-23160","1":"product","2":"type-product","3":"status-publish","4":"has-post-thumbnail","6":"pwb-brand-bang","7":"product_cat-above-20k-puffs","8":"product_tag-disposable","9":"product_tag-wholesale","10":"product_tag-bang","11":"product_tag-63-0ml","12":"product_tag-85000-puffs","13":"wcpa_has_options","15":"first","16":"instock","17":"featured","18":"shipping-taxable","19":"purchasable","20":"product-type-variable"},"aioseo_notices":[],"brands":[{"id":1275,"name":"Bang","slug":"klap"}],"_links":{"self":[{"href":"https:\/\/www.vape4wholesale.com\/nl\/wp-json\/wp\/v2\/product\/23160","targetHints":{"allow":["GET"]}}],"collection":[{"href":"https:\/\/www.vape4wholesale.com\/nl\/wp-json\/wp\/v2\/product"}],"about":[{"href":"https:\/\/www.vape4wholesale.com\/nl\/wp-json\/wp\/v2\/types\/product"}],"replies":[{"embeddable":true,"href":"https:\/\/www.vape4wholesale.com\/nl\/wp-json\/wp\/v2\/comments?post=23160"}],"wp:featuredmedia":[{"embeddable":true,"href":"https:\/\/www.vape4wholesale.com\/nl\/wp-json\/wp\/v2\/media\/22964"}],"wp:attachment":[{"href":"https:\/\/www.vape4wholesale.com\/nl\/wp-json\/wp\/v2\/media?parent=23160"}],"wp:term":[{"taxonomy":"pwb-brand","embeddable":true,"href":"https:\/\/www.vape4wholesale.com\/nl\/wp-json\/wp\/v2\/pwb-brand?post=23160"},{"taxonomy":"product_cat","embeddable":true,"href":"https:\/\/www.vape4wholesale.com\/nl\/wp-json\/wp\/v2\/product_cat?post=23160"},{"taxonomy":"product_tag","embeddable":true,"href":"https:\/\/www.vape4wholesale.com\/nl\/wp-json\/wp\/v2\/product_tag?post=23160"}],"curies":[{"name":"wp","href":"https:\/\/api.w.org\/{rel}","templated":true}]}}