{"id":9844,"date":"2023-05-30T19:22:51","date_gmt":"2023-05-30T11:22:51","guid":{"rendered":"https:\/\/www.vape4wholesale.com\/?post_type=product&#038;p=9844"},"modified":"2026-01-26T13:42:45","modified_gmt":"2026-01-26T13:42:45","slug":"bang-king-9000-puff-monouso-vape-allingrosso","status":"publish","type":"product","link":"https:\/\/www.vape4wholesale.com\/it\/product\/bang-king-9000-puffs-disposable-vape-wholesale","title":{"rendered":"Bang King 9000 boccate di vapore monouso all'ingrosso"},"content":{"rendered":"<p>il <strong><a href=\"https:\/\/www.vape4wholesale.com\/it\/marca_prodotto\/botto\/\">Bang<\/a> Re 9000<\/strong> \u00e8 l'ultimo vape monouso alla moda lanciato dal marchio Bang. Il vape \u00e8 confezionato con un elemento sportivo, il bicchiere d'acqua, che rende il vaper pi\u00f9 sportivo e alla moda quando usa questo prodotto. Quando si indossa un abbigliamento sportivo casual, tenendo in mano questo prodotto Bang King 9000, diventa immediatamente il centro dell'attenzione, e l'abbinamento \u00e8 molto buono.<\/p>\n<h2>Bang King 9000 Vape Specifiche:<\/h2>\n<p>Soffi: fino a 9000<br \/>\nCapacit\u00e0: 20 ml<br \/>\nNicotina: 0% \/2% \/3% \/ 5%<br \/>\nBatteria: 800mah Batteria ricaricabile<br \/>\nPeso: 90g\/PCS<br \/>\nQuantit\u00e0\/cartone: 200 pezzi\/cartone<br \/>\nPeso lordo: 18 KG\/scatola<\/p>\n<h2>Aromi:<\/h2>\n<p>1) Menta fresca<br \/>\n2) Ghiaccio al lampone e mirtillo<br \/>\n3) Pesca al mango<br \/>\n4) Anguria e mirtillo<br \/>\n5) Mango di mora<br \/>\n6) Ghiaccio all'anguria<br \/>\n7) Misto di bacche<br \/>\n8) Ghiaccio all'uva<br \/>\n9) Mela acida<br \/>\n10) Ghiaccio al mirtillo rosso<br \/>\n11) Kiwi al mirtillo rosso<br \/>\n12) Kiwi Frutto della passione Guava<br \/>\n13) Ghiaccio alla pesca<br \/>\n14) Mr. Blue<br \/>\n15) Sangue di tigre<br \/>\n16) Fragola e banana<\/p>\n<p><img loading=\"lazy\" decoding=\"async\" class=\"alignnone size-full wp-image-11838\" title=\"BANG King 9000 Vape monouso all&#039;ingrosso (9)\" src=\"https:\/\/www.vape4wholesale.com\/wp-content\/uploads\/2023\/05\/BANG-King-9000-Disposable-Vape-Wholesale-9.jpg\" alt=\"BANG King 9000 Vape monouso all&#039;ingrosso (9)\" width=\"730\" height=\"730\" srcset=\"https:\/\/www.vape4wholesale.com\/wp-content\/uploads\/2023\/05\/BANG-King-9000-Disposable-Vape-Wholesale-9.jpg 730w, https:\/\/www.vape4wholesale.com\/wp-content\/uploads\/2023\/05\/BANG-King-9000-Disposable-Vape-Wholesale-9-247x247.jpg 247w, https:\/\/www.vape4wholesale.com\/wp-content\/uploads\/2023\/05\/BANG-King-9000-Disposable-Vape-Wholesale-9-100x100.jpg 100w, https:\/\/www.vape4wholesale.com\/wp-content\/uploads\/2023\/05\/BANG-King-9000-Disposable-Vape-Wholesale-9-510x510.jpg 510w, https:\/\/www.vape4wholesale.com\/wp-content\/uploads\/2023\/05\/BANG-King-9000-Disposable-Vape-Wholesale-9-64x64.jpg 64w, https:\/\/www.vape4wholesale.com\/wp-content\/uploads\/2023\/05\/BANG-King-9000-Disposable-Vape-Wholesale-9-300x300.jpg 300w, https:\/\/www.vape4wholesale.com\/wp-content\/uploads\/2023\/05\/BANG-King-9000-Disposable-Vape-Wholesale-9-150x150.jpg 150w\" sizes=\"auto, (max-width: 730px) 100vw, 730px\" \/><\/p>","protected":false},"excerpt":{"rendered":"[scf-template id=&#8217;11434&#8242;]\n","protected":false},"featured_media":11838,"comment_status":"open","ping_status":"closed","template":"","meta":[],"pwb-brand":[1275],"product_cat":[870],"product_tag":[336,22,24,172,249],"class_list":{"0":"post-9844","1":"product","2":"type-product","3":"status-publish","4":"has-post-thumbnail","6":"pwb-brand-bang","7":"product_cat-8000-10000-puffs","8":"product_tag-9000-puffs","9":"product_tag-disposable","10":"product_tag-wholesale","11":"product_tag-20-0ml","12":"product_tag-bang","13":"wcpa_has_options","15":"first","16":"outofstock","17":"shipping-taxable","18":"purchasable","19":"product-type-variable"},"aioseo_notices":[],"brands":[{"id":1275,"name":"Bang","slug":"botto"}],"_links":{"self":[{"href":"https:\/\/www.vape4wholesale.com\/it\/wp-json\/wp\/v2\/product\/9844","targetHints":{"allow":["GET"]}}],"collection":[{"href":"https:\/\/www.vape4wholesale.com\/it\/wp-json\/wp\/v2\/product"}],"about":[{"href":"https:\/\/www.vape4wholesale.com\/it\/wp-json\/wp\/v2\/types\/product"}],"replies":[{"embeddable":true,"href":"https:\/\/www.vape4wholesale.com\/it\/wp-json\/wp\/v2\/comments?post=9844"}],"wp:featuredmedia":[{"embeddable":true,"href":"https:\/\/www.vape4wholesale.com\/it\/wp-json\/wp\/v2\/media\/11838"}],"wp:attachment":[{"href":"https:\/\/www.vape4wholesale.com\/it\/wp-json\/wp\/v2\/media?parent=9844"}],"wp:term":[{"taxonomy":"pwb-brand","embeddable":true,"href":"https:\/\/www.vape4wholesale.com\/it\/wp-json\/wp\/v2\/pwb-brand?post=9844"},{"taxonomy":"product_cat","embeddable":true,"href":"https:\/\/www.vape4wholesale.com\/it\/wp-json\/wp\/v2\/product_cat?post=9844"},{"taxonomy":"product_tag","embeddable":true,"href":"https:\/\/www.vape4wholesale.com\/it\/wp-json\/wp\/v2\/product_tag?post=9844"}],"curies":[{"name":"wp","href":"https:\/\/api.w.org\/{rel}","templated":true}]}}