{"id":8755,"date":"2023-03-30T09:44:56","date_gmt":"2023-03-30T01:44:56","guid":{"rendered":"https:\/\/www.vape4wholesale.com\/?post_type=product&#038;p=8755"},"modified":"2026-03-23T00:56:45","modified_gmt":"2026-03-22T16:56:45","slug":"hqd-cuvie-plus-1200-puff-monouso-vape-allingrosso","status":"publish","type":"product","link":"https:\/\/www.vape4wholesale.com\/it\/product\/hqd-cuvie-plus-1200-puffs-disposable-vape-wholesale","title":{"rendered":"HQD Cuvie Plus 1200 boccate di vapore monouso all'ingrosso"},"content":{"rendered":"<p><strong><a href=\"https:\/\/www.vape4wholesale.com\/it\/marca_prodotto\/hqd\/\">HQD<\/a> Cuvie Plus 1200<\/strong> Il dispositivo di svapo usa e getta \u00e8 rivoluzionario con una batteria da 950 mAh e una durata di oltre 1200 boccate! Ha un sapore super ricco che si distingue dalla concorrenza. Scegliete l'e-liquid che pi\u00f9 vi piace tra i 54 aromi disponibili. Grazie alle sue dimensioni ridotte, alla facilit\u00e0 di trasporto e di utilizzo e alla produzione di un ottimo gusto, \u00e8 difficile sbagliare con la cialda monouso HQD Cuvie Plus. Dai un'occhiata alla nostra collezione di bundle di vape usa e getta.<\/p>\n<h2>HQD Cuvie Plus 1200 Dettagli:<\/h2>\n<p>Dimensioni: \u00d818x101mm<br \/>\nCapacit\u00e0 della batteria: 950mAh<br \/>\nGamma di potenza: 7~12W<br \/>\nNumero di soffi: 1200<br \/>\nPeso: 45 g<br \/>\nTensione di ingresso: 3,7 V<br \/>\nCapacit\u00e0 e-liquido: 5,0 ml<br \/>\nConcentrazione: 50mg\/ml<br \/>\nResistenza: 1,8\u03a9<br \/>\nGusti: 54 gusti disponibili<\/p>\n<h2><\/h2>\n<h2>HQD Cuvie Plus 1200 Aromi:<\/h2>\n<p>Mela Pesca<br \/>\nLimone rosa<br \/>\nMango Guava<br \/>\nPog Arancia Guava<br \/>\nMirtillo Lampone<br \/>\nGelato SBCC<br \/>\nMenta ghiacciata<br \/>\nUva<br \/>\nMirtillo<br \/>\nLimonata ai mirtilli<br \/>\nFragola e banana<br \/>\nGhiaccio lussureggiante<br \/>\nGhiaccio all'ananas<br \/>\nGhiaccio al litchi<br \/>\nGhiaccio al mango<br \/>\nFragola<br \/>\nPina Colada<br \/>\nBevanda energetica<br \/>\nCaramelle<br \/>\nGhiaccio nero<br \/>\nKiwi Melograno<br \/>\nGhiaccio rosso<br \/>\nMiami Vice<br \/>\nFusione di frutta<br \/>\nAnguria alla fragola<br \/>\nFragole e biscotti<br \/>\nCantalupo<br \/>\nArcobaleno<br \/>\nTres Leches<br \/>\nLimonata alla fragola<br \/>\nGhiaccio alla banana<br \/>\nMojito<br \/>\nBurro di arachidi<br \/>\nMango e pesca<br \/>\nCioccolato e menta<br \/>\nMiele di litchi<br \/>\nT\u00e8 freddo<br \/>\nGhiaccio al melone<br \/>\nRibes<br \/>\nZucchero filato<br \/>\nMela Honeycrisp<br \/>\nGhiaccio alla pesca<br \/>\nCiliegia Melograno<br \/>\nMenta del cielo<br \/>\nCoconut Grove<br \/>\nTabacco<br \/>\nNoci Tabacco<br \/>\nLibero<br \/>\nFragola Kiwi<br \/>\nAcqua di bolle<br \/>\nBacche fresche<br \/>\nFrutto del drago alla fragola<br \/>\nGranatina<br \/>\nBig Smoke<\/p>\n<h2>Peso e imballaggio<\/h2>\n<ul>\n<li>Dimensione del cartone: 395x295x290 mm<\/li>\n<li>Q.T\u00c0: 240PCS<\/li>\n<li>PESO SPECIFICO: 13,5 KG<\/li>\n<\/ul>\n<p><img loading=\"lazy\" decoding=\"async\" class=\"alignnone size-full wp-image-11766\" title=\"HQD Cuvie Plus 1200 soffi monouso (3)\" src=\"https:\/\/www.vape4wholesale.com\/wp-content\/uploads\/2023\/03\/HQD-Cuvie-Plus-1200-Puffs-Disposable-Vape-Wholesale-3.jpg\" alt=\"HQD Cuvie Plus 1200 soffi monouso (3)\" width=\"766\" height=\"800\" srcset=\"https:\/\/www.vape4wholesale.com\/wp-content\/uploads\/2023\/03\/HQD-Cuvie-Plus-1200-Puffs-Disposable-Vape-Wholesale-3.jpg 766w, https:\/\/www.vape4wholesale.com\/wp-content\/uploads\/2023\/03\/HQD-Cuvie-Plus-1200-Puffs-Disposable-Vape-Wholesale-3-510x533.jpg 510w, https:\/\/www.vape4wholesale.com\/wp-content\/uploads\/2023\/03\/HQD-Cuvie-Plus-1200-Puffs-Disposable-Vape-Wholesale-3-64x67.jpg 64w, https:\/\/www.vape4wholesale.com\/wp-content\/uploads\/2023\/03\/HQD-Cuvie-Plus-1200-Puffs-Disposable-Vape-Wholesale-3-287x300.jpg 287w\" sizes=\"auto, (max-width: 766px) 100vw, 766px\" \/> <img loading=\"lazy\" decoding=\"async\" class=\"alignnone size-full wp-image-11768\" title=\"HQD Cuvie Plus 1200 soffi monouso Vape all&#039;ingrosso (8)\" src=\"https:\/\/www.vape4wholesale.com\/wp-content\/uploads\/2023\/03\/HQD-Cuvie-Plus-1200-Puffs-Disposable-Vape-Wholesale-8.jpg\" alt=\"HQD Cuvie Plus 1200 soffi monouso Vape all&#039;ingrosso (8)\" width=\"766\" height=\"800\" srcset=\"https:\/\/www.vape4wholesale.com\/wp-content\/uploads\/2023\/03\/HQD-Cuvie-Plus-1200-Puffs-Disposable-Vape-Wholesale-8.jpg 766w, https:\/\/www.vape4wholesale.com\/wp-content\/uploads\/2023\/03\/HQD-Cuvie-Plus-1200-Puffs-Disposable-Vape-Wholesale-8-510x533.jpg 510w, https:\/\/www.vape4wholesale.com\/wp-content\/uploads\/2023\/03\/HQD-Cuvie-Plus-1200-Puffs-Disposable-Vape-Wholesale-8-64x67.jpg 64w, https:\/\/www.vape4wholesale.com\/wp-content\/uploads\/2023\/03\/HQD-Cuvie-Plus-1200-Puffs-Disposable-Vape-Wholesale-8-287x300.jpg 287w\" sizes=\"auto, (max-width: 766px) 100vw, 766px\" \/> <img loading=\"lazy\" decoding=\"async\" class=\"alignnone size-full wp-image-11769\" title=\"HQD Cuvie Plus 1200 soffi monouso Vape all&#039;ingrosso (15)\" src=\"https:\/\/www.vape4wholesale.com\/wp-content\/uploads\/2023\/03\/HQD-Cuvie-Plus-1200-Puffs-Disposable-Vape-Wholesale-15.jpg\" alt=\"HQD Cuvie Plus 1200 soffi monouso Vape all&#039;ingrosso (15)\" width=\"766\" height=\"800\" srcset=\"https:\/\/www.vape4wholesale.com\/wp-content\/uploads\/2023\/03\/HQD-Cuvie-Plus-1200-Puffs-Disposable-Vape-Wholesale-15.jpg 766w, https:\/\/www.vape4wholesale.com\/wp-content\/uploads\/2023\/03\/HQD-Cuvie-Plus-1200-Puffs-Disposable-Vape-Wholesale-15-510x533.jpg 510w, https:\/\/www.vape4wholesale.com\/wp-content\/uploads\/2023\/03\/HQD-Cuvie-Plus-1200-Puffs-Disposable-Vape-Wholesale-15-64x67.jpg 64w, https:\/\/www.vape4wholesale.com\/wp-content\/uploads\/2023\/03\/HQD-Cuvie-Plus-1200-Puffs-Disposable-Vape-Wholesale-15-287x300.jpg 287w\" sizes=\"auto, (max-width: 766px) 100vw, 766px\" \/><img loading=\"lazy\" decoding=\"async\" class=\"alignnone size-full wp-image-11770\" title=\"HQD Cuvie Plus 1200 soffi monouso Vape Wholesale (17)\" src=\"https:\/\/www.vape4wholesale.com\/wp-content\/uploads\/2023\/03\/HQD-Cuvie-Plus-1200-Puffs-Disposable-Vape-Wholesale-17.jpg\" alt=\"HQD Cuvie Plus 1200 soffi monouso Vape Wholesale (17)\" width=\"766\" height=\"800\" srcset=\"https:\/\/www.vape4wholesale.com\/wp-content\/uploads\/2023\/03\/HQD-Cuvie-Plus-1200-Puffs-Disposable-Vape-Wholesale-17.jpg 766w, https:\/\/www.vape4wholesale.com\/wp-content\/uploads\/2023\/03\/HQD-Cuvie-Plus-1200-Puffs-Disposable-Vape-Wholesale-17-510x533.jpg 510w, https:\/\/www.vape4wholesale.com\/wp-content\/uploads\/2023\/03\/HQD-Cuvie-Plus-1200-Puffs-Disposable-Vape-Wholesale-17-64x67.jpg 64w, https:\/\/www.vape4wholesale.com\/wp-content\/uploads\/2023\/03\/HQD-Cuvie-Plus-1200-Puffs-Disposable-Vape-Wholesale-17-287x300.jpg 287w\" sizes=\"auto, (max-width: 766px) 100vw, 766px\" \/> <img loading=\"lazy\" decoding=\"async\" class=\"alignnone size-full wp-image-11771\" title=\"HQD Cuvie Plus 1200 soffi monouso Vape all&#039;ingrosso (20)\" src=\"https:\/\/www.vape4wholesale.com\/wp-content\/uploads\/2023\/03\/HQD-Cuvie-Plus-1200-Puffs-Disposable-Vape-Wholesale-20.jpg\" alt=\"HQD Cuvie Plus 1200 soffi monouso Vape all&#039;ingrosso (20)\" width=\"766\" height=\"800\" srcset=\"https:\/\/www.vape4wholesale.com\/wp-content\/uploads\/2023\/03\/HQD-Cuvie-Plus-1200-Puffs-Disposable-Vape-Wholesale-20.jpg 766w, https:\/\/www.vape4wholesale.com\/wp-content\/uploads\/2023\/03\/HQD-Cuvie-Plus-1200-Puffs-Disposable-Vape-Wholesale-20-510x533.jpg 510w, https:\/\/www.vape4wholesale.com\/wp-content\/uploads\/2023\/03\/HQD-Cuvie-Plus-1200-Puffs-Disposable-Vape-Wholesale-20-64x67.jpg 64w, https:\/\/www.vape4wholesale.com\/wp-content\/uploads\/2023\/03\/HQD-Cuvie-Plus-1200-Puffs-Disposable-Vape-Wholesale-20-287x300.jpg 287w\" sizes=\"auto, (max-width: 766px) 100vw, 766px\" \/> <img loading=\"lazy\" decoding=\"async\" class=\"alignnone size-full wp-image-11772\" title=\"HQD Cuvie Plus 1200 soffi monouso Vape Wholesale (22)\" src=\"https:\/\/www.vape4wholesale.com\/wp-content\/uploads\/2023\/03\/HQD-Cuvie-Plus-1200-Puffs-Disposable-Vape-Wholesale-22.jpg\" alt=\"HQD Cuvie Plus 1200 soffi monouso Vape Wholesale (22)\" width=\"766\" height=\"800\" srcset=\"https:\/\/www.vape4wholesale.com\/wp-content\/uploads\/2023\/03\/HQD-Cuvie-Plus-1200-Puffs-Disposable-Vape-Wholesale-22.jpg 766w, https:\/\/www.vape4wholesale.com\/wp-content\/uploads\/2023\/03\/HQD-Cuvie-Plus-1200-Puffs-Disposable-Vape-Wholesale-22-510x533.jpg 510w, https:\/\/www.vape4wholesale.com\/wp-content\/uploads\/2023\/03\/HQD-Cuvie-Plus-1200-Puffs-Disposable-Vape-Wholesale-22-64x67.jpg 64w, https:\/\/www.vape4wholesale.com\/wp-content\/uploads\/2023\/03\/HQD-Cuvie-Plus-1200-Puffs-Disposable-Vape-Wholesale-22-287x300.jpg 287w\" sizes=\"auto, (max-width: 766px) 100vw, 766px\" \/> <img loading=\"lazy\" decoding=\"async\" class=\"alignnone size-full wp-image-11773\" title=\"HQD Cuvie Plus 1200 soffi monouso Vape all&#039;ingrosso (24)\" src=\"https:\/\/www.vape4wholesale.com\/wp-content\/uploads\/2023\/03\/HQD-Cuvie-Plus-1200-Puffs-Disposable-Vape-Wholesale-24.jpg\" alt=\"HQD Cuvie Plus 1200 soffi monouso Vape all&#039;ingrosso (24)\" width=\"766\" height=\"800\" srcset=\"https:\/\/www.vape4wholesale.com\/wp-content\/uploads\/2023\/03\/HQD-Cuvie-Plus-1200-Puffs-Disposable-Vape-Wholesale-24.jpg 766w, https:\/\/www.vape4wholesale.com\/wp-content\/uploads\/2023\/03\/HQD-Cuvie-Plus-1200-Puffs-Disposable-Vape-Wholesale-24-510x533.jpg 510w, https:\/\/www.vape4wholesale.com\/wp-content\/uploads\/2023\/03\/HQD-Cuvie-Plus-1200-Puffs-Disposable-Vape-Wholesale-24-64x67.jpg 64w, https:\/\/www.vape4wholesale.com\/wp-content\/uploads\/2023\/03\/HQD-Cuvie-Plus-1200-Puffs-Disposable-Vape-Wholesale-24-287x300.jpg 287w\" sizes=\"auto, (max-width: 766px) 100vw, 766px\" \/> <img loading=\"lazy\" decoding=\"async\" class=\"alignnone size-full wp-image-11774\" title=\"HQD Cuvie Plus 1200 soffi monouso Vape Wholesale (28)\" src=\"https:\/\/www.vape4wholesale.com\/wp-content\/uploads\/2023\/03\/HQD-Cuvie-Plus-1200-Puffs-Disposable-Vape-Wholesale-28.jpg\" alt=\"HQD Cuvie Plus 1200 soffi monouso Vape Wholesale (28)\" width=\"766\" height=\"800\" srcset=\"https:\/\/www.vape4wholesale.com\/wp-content\/uploads\/2023\/03\/HQD-Cuvie-Plus-1200-Puffs-Disposable-Vape-Wholesale-28.jpg 766w, https:\/\/www.vape4wholesale.com\/wp-content\/uploads\/2023\/03\/HQD-Cuvie-Plus-1200-Puffs-Disposable-Vape-Wholesale-28-510x533.jpg 510w, https:\/\/www.vape4wholesale.com\/wp-content\/uploads\/2023\/03\/HQD-Cuvie-Plus-1200-Puffs-Disposable-Vape-Wholesale-28-64x67.jpg 64w, https:\/\/www.vape4wholesale.com\/wp-content\/uploads\/2023\/03\/HQD-Cuvie-Plus-1200-Puffs-Disposable-Vape-Wholesale-28-287x300.jpg 287w\" sizes=\"auto, (max-width: 766px) 100vw, 766px\" \/> <img loading=\"lazy\" decoding=\"async\" class=\"alignnone size-full wp-image-11775\" title=\"HQD Cuvie Plus 1200 soffi usa e getta (30)\" src=\"https:\/\/www.vape4wholesale.com\/wp-content\/uploads\/2023\/03\/HQD-Cuvie-Plus-1200-Puffs-Disposable-Vape-Wholesale-30.jpg\" alt=\"HQD Cuvie Plus 1200 soffi usa e getta (30)\" width=\"766\" height=\"800\" srcset=\"https:\/\/www.vape4wholesale.com\/wp-content\/uploads\/2023\/03\/HQD-Cuvie-Plus-1200-Puffs-Disposable-Vape-Wholesale-30.jpg 766w, https:\/\/www.vape4wholesale.com\/wp-content\/uploads\/2023\/03\/HQD-Cuvie-Plus-1200-Puffs-Disposable-Vape-Wholesale-30-510x533.jpg 510w, https:\/\/www.vape4wholesale.com\/wp-content\/uploads\/2023\/03\/HQD-Cuvie-Plus-1200-Puffs-Disposable-Vape-Wholesale-30-64x67.jpg 64w, https:\/\/www.vape4wholesale.com\/wp-content\/uploads\/2023\/03\/HQD-Cuvie-Plus-1200-Puffs-Disposable-Vape-Wholesale-30-287x300.jpg 287w\" sizes=\"auto, (max-width: 766px) 100vw, 766px\" \/> <img loading=\"lazy\" decoding=\"async\" class=\"alignnone size-full wp-image-11776\" title=\"HQD Cuvie Plus 1200 soffi monouso Vape Wholesale (33)\" src=\"https:\/\/www.vape4wholesale.com\/wp-content\/uploads\/2023\/03\/HQD-Cuvie-Plus-1200-Puffs-Disposable-Vape-Wholesale-33.jpg\" alt=\"HQD Cuvie Plus 1200 soffi monouso Vape Wholesale (33)\" width=\"766\" height=\"800\" srcset=\"https:\/\/www.vape4wholesale.com\/wp-content\/uploads\/2023\/03\/HQD-Cuvie-Plus-1200-Puffs-Disposable-Vape-Wholesale-33.jpg 766w, https:\/\/www.vape4wholesale.com\/wp-content\/uploads\/2023\/03\/HQD-Cuvie-Plus-1200-Puffs-Disposable-Vape-Wholesale-33-510x533.jpg 510w, https:\/\/www.vape4wholesale.com\/wp-content\/uploads\/2023\/03\/HQD-Cuvie-Plus-1200-Puffs-Disposable-Vape-Wholesale-33-64x67.jpg 64w, https:\/\/www.vape4wholesale.com\/wp-content\/uploads\/2023\/03\/HQD-Cuvie-Plus-1200-Puffs-Disposable-Vape-Wholesale-33-287x300.jpg 287w\" sizes=\"auto, (max-width: 766px) 100vw, 766px\" \/> <img loading=\"lazy\" decoding=\"async\" class=\"alignnone size-full wp-image-11777\" title=\"HQD Cuvie Plus 1200 soffi monouso Vape all&#039;ingrosso (37)\" src=\"https:\/\/www.vape4wholesale.com\/wp-content\/uploads\/2023\/03\/HQD-Cuvie-Plus-1200-Puffs-Disposable-Vape-Wholesale-37.jpg\" alt=\"HQD Cuvie Plus 1200 soffi monouso Vape all&#039;ingrosso (37)\" width=\"766\" height=\"800\" srcset=\"https:\/\/www.vape4wholesale.com\/wp-content\/uploads\/2023\/03\/HQD-Cuvie-Plus-1200-Puffs-Disposable-Vape-Wholesale-37.jpg 766w, https:\/\/www.vape4wholesale.com\/wp-content\/uploads\/2023\/03\/HQD-Cuvie-Plus-1200-Puffs-Disposable-Vape-Wholesale-37-510x533.jpg 510w, https:\/\/www.vape4wholesale.com\/wp-content\/uploads\/2023\/03\/HQD-Cuvie-Plus-1200-Puffs-Disposable-Vape-Wholesale-37-64x67.jpg 64w, https:\/\/www.vape4wholesale.com\/wp-content\/uploads\/2023\/03\/HQD-Cuvie-Plus-1200-Puffs-Disposable-Vape-Wholesale-37-287x300.jpg 287w\" sizes=\"auto, (max-width: 766px) 100vw, 766px\" \/> <img loading=\"lazy\" decoding=\"async\" class=\"alignnone size-full wp-image-11778\" title=\"HQD Cuvie Plus 1200 soffi monouso Vape Wholesale (49)\" src=\"https:\/\/www.vape4wholesale.com\/wp-content\/uploads\/2023\/03\/HQD-Cuvie-Plus-1200-Puffs-Disposable-Vape-Wholesale-49.jpg\" alt=\"HQD Cuvie Plus 1200 soffi monouso Vape Wholesale (49)\" width=\"766\" height=\"800\" srcset=\"https:\/\/www.vape4wholesale.com\/wp-content\/uploads\/2023\/03\/HQD-Cuvie-Plus-1200-Puffs-Disposable-Vape-Wholesale-49.jpg 766w, https:\/\/www.vape4wholesale.com\/wp-content\/uploads\/2023\/03\/HQD-Cuvie-Plus-1200-Puffs-Disposable-Vape-Wholesale-49-510x533.jpg 510w, https:\/\/www.vape4wholesale.com\/wp-content\/uploads\/2023\/03\/HQD-Cuvie-Plus-1200-Puffs-Disposable-Vape-Wholesale-49-64x67.jpg 64w, https:\/\/www.vape4wholesale.com\/wp-content\/uploads\/2023\/03\/HQD-Cuvie-Plus-1200-Puffs-Disposable-Vape-Wholesale-49-287x300.jpg 287w\" sizes=\"auto, (max-width: 766px) 100vw, 766px\" \/> <img loading=\"lazy\" decoding=\"async\" class=\"alignnone size-full wp-image-11779\" title=\"HQD Cuvie Plus 1200 soffi monouso Vape all&#039;ingrosso (52)\" src=\"https:\/\/www.vape4wholesale.com\/wp-content\/uploads\/2023\/03\/HQD-Cuvie-Plus-1200-Puffs-Disposable-Vape-Wholesale-52.jpg\" alt=\"HQD Cuvie Plus 1200 soffi monouso Vape all&#039;ingrosso (52)\" width=\"766\" height=\"800\" srcset=\"https:\/\/www.vape4wholesale.com\/wp-content\/uploads\/2023\/03\/HQD-Cuvie-Plus-1200-Puffs-Disposable-Vape-Wholesale-52.jpg 766w, https:\/\/www.vape4wholesale.com\/wp-content\/uploads\/2023\/03\/HQD-Cuvie-Plus-1200-Puffs-Disposable-Vape-Wholesale-52-510x533.jpg 510w, https:\/\/www.vape4wholesale.com\/wp-content\/uploads\/2023\/03\/HQD-Cuvie-Plus-1200-Puffs-Disposable-Vape-Wholesale-52-64x67.jpg 64w, https:\/\/www.vape4wholesale.com\/wp-content\/uploads\/2023\/03\/HQD-Cuvie-Plus-1200-Puffs-Disposable-Vape-Wholesale-52-287x300.jpg 287w\" sizes=\"auto, (max-width: 766px) 100vw, 766px\" \/><\/p>\n<p>&nbsp;<\/p>","protected":false},"excerpt":{"rendered":"[scf-template id=&#8217;11434&#8242;]\n","protected":false},"featured_media":11772,"comment_status":"open","ping_status":"closed","template":"","meta":[],"pwb-brand":[1280],"product_cat":[48],"product_tag":[22,24,46,446,461],"class_list":{"0":"post-8755","1":"product","2":"type-product","3":"status-publish","4":"has-post-thumbnail","6":"pwb-brand-hqd","7":"product_cat-below-2000-puffs","8":"product_tag-disposable","9":"product_tag-wholesale","10":"product_tag-5-0ml","11":"product_tag-1200-puffs","12":"product_tag-hqd","14":"first","15":"outofstock","16":"shipping-taxable","17":"purchasable","18":"product-type-variable","19":"has-default-attributes"},"aioseo_notices":[],"brands":[{"id":1280,"name":"HQD","slug":"hqd"}],"_links":{"self":[{"href":"https:\/\/www.vape4wholesale.com\/it\/wp-json\/wp\/v2\/product\/8755","targetHints":{"allow":["GET"]}}],"collection":[{"href":"https:\/\/www.vape4wholesale.com\/it\/wp-json\/wp\/v2\/product"}],"about":[{"href":"https:\/\/www.vape4wholesale.com\/it\/wp-json\/wp\/v2\/types\/product"}],"replies":[{"embeddable":true,"href":"https:\/\/www.vape4wholesale.com\/it\/wp-json\/wp\/v2\/comments?post=8755"}],"wp:featuredmedia":[{"embeddable":true,"href":"https:\/\/www.vape4wholesale.com\/it\/wp-json\/wp\/v2\/media\/11772"}],"wp:attachment":[{"href":"https:\/\/www.vape4wholesale.com\/it\/wp-json\/wp\/v2\/media?parent=8755"}],"wp:term":[{"taxonomy":"pwb-brand","embeddable":true,"href":"https:\/\/www.vape4wholesale.com\/it\/wp-json\/wp\/v2\/pwb-brand?post=8755"},{"taxonomy":"product_cat","embeddable":true,"href":"https:\/\/www.vape4wholesale.com\/it\/wp-json\/wp\/v2\/product_cat?post=8755"},{"taxonomy":"product_tag","embeddable":true,"href":"https:\/\/www.vape4wholesale.com\/it\/wp-json\/wp\/v2\/product_tag?post=8755"}],"curies":[{"name":"wp","href":"https:\/\/api.w.org\/{rel}","templated":true}]}}