{"id":6952,"date":"2023-02-14T08:12:14","date_gmt":"2023-02-14T00:12:14","guid":{"rendered":"https:\/\/www.vape4wholesale.com\/?post_type=product&#038;p=6952"},"modified":"2026-01-26T13:43:06","modified_gmt":"2026-01-26T13:43:06","slug":"randm-sunax-21000-soffi-monouso-vape-allingrosso","status":"publish","type":"product","link":"https:\/\/www.vape4wholesale.com\/it\/product\/randm-sunax-21000-puffs-disposable-vape-wholesale","title":{"rendered":"Randm Sunax 21000 boccate di vapore monouso all'ingrosso"},"content":{"rendered":"<p><strong><a href=\"https:\/\/www.vape4wholesale.com\/it\/marca_prodotto\/randm\/\">RandM<\/a> Sunax 21000<\/strong>\u00a0\u00e8 un dispositivo di svapo monouso con cialde intercambiabili. \u00c8 inoltre dotato di controllo del flusso d'aria ed \u00e8 ricaricabile. Contiene 14 ml di succo elettronico ai sali di nicotina 0\/2\/3\/5% e consente di svapare fino a 7000 boccate per ogni cialda. Ci sono 12 gusti da scegliere. Il controllo del flusso d'aria consente di scegliere il punto pi\u00f9 adatto a se stessi e viene fornito con una porta ricaricabile Type-C sul fondo del dispositivo, che garantisce di finire l'ultima goccia di succo di frutta nel serbatoio per tutto il tempo.<\/p>\n<h2><b data-stringify-type=\"bold\">RandM\u00a0<strong>Sunax 21000<\/strong>\u00a0Dispositivo monouso Caratteristiche:<\/b><\/h2>\n<p>\u26110\/2\/3\/5% Sale di nicotina.<br \/>\n\u261114ML di E-liquid *3<br \/>\nControllo del flusso d'aria<br \/>\nBobina a rete<br \/>\nBatteria ricaricabile<br \/>\nBatteria integrata da 850 mAh.<br \/>\n\u261112 gusti disponibili.<br \/>\n\u26115 pezzi in una scatola da esposizione.<br \/>\n\u261190pz in un cartone\/ 19KG<\/p>\n<p>\u2611 dimensione del cartone: 50,8*49,8*37,2 CM<\/p>\n<h2><b data-stringify-type=\"bold\">Gusti disponibili:<\/b><\/h2>\n<p>1 Menta fresca<br \/>\n2 Ghiaccio Lush<br \/>\n3 Ciambella alla fragola<br \/>\n4 Orso gommoso<br \/>\n5 Limonata rosa<br \/>\n6 Bacche miste<br \/>\n7 Anguria al mirtillo rosso<br \/>\n8 Mela Rossa Limone<br \/>\n9 Zucchero filato<br \/>\n10.Mr blu<br \/>\n11 Pompelmo ghiacciato<br \/>\n12.Cola<\/p>\n<p><img loading=\"lazy\" decoding=\"async\" class=\"alignnone size-full wp-image-12453\" title=\"RANDM SUNAX 21000 VAPE MONOUSO ALL&#039;INGROSSO (1)\" src=\"https:\/\/www.vape4wholesale.com\/wp-content\/uploads\/2023\/02\/RANDM-SUNAX-21000-DISPOSABLE-VAPE-WHOLESALE-1.jpg\" alt=\"RANDM SUNAX 21000 VAPE MONOUSO ALL&#039;INGROSSO (1)\" width=\"590\" height=\"504\" srcset=\"https:\/\/www.vape4wholesale.com\/wp-content\/uploads\/2023\/02\/RANDM-SUNAX-21000-DISPOSABLE-VAPE-WHOLESALE-1.jpg 590w, https:\/\/www.vape4wholesale.com\/wp-content\/uploads\/2023\/02\/RANDM-SUNAX-21000-DISPOSABLE-VAPE-WHOLESALE-1-510x436.jpg 510w, https:\/\/www.vape4wholesale.com\/wp-content\/uploads\/2023\/02\/RANDM-SUNAX-21000-DISPOSABLE-VAPE-WHOLESALE-1-64x55.jpg 64w, https:\/\/www.vape4wholesale.com\/wp-content\/uploads\/2023\/02\/RANDM-SUNAX-21000-DISPOSABLE-VAPE-WHOLESALE-1-300x256.jpg 300w\" sizes=\"auto, (max-width: 590px) 100vw, 590px\" \/> <img loading=\"lazy\" decoding=\"async\" class=\"alignnone size-full wp-image-12457\" title=\"RANDM SUNAX 21000 VAPE MONOUSO ALL&#039;INGROSSO (5)\" src=\"https:\/\/www.vape4wholesale.com\/wp-content\/uploads\/2023\/02\/RANDM-SUNAX-21000-DISPOSABLE-VAPE-WHOLESALE-5.jpg\" alt=\"RANDM SUNAX 21000 VAPE MONOUSO ALL&#039;INGROSSO (5)\" width=\"590\" height=\"590\" srcset=\"https:\/\/www.vape4wholesale.com\/wp-content\/uploads\/2023\/02\/RANDM-SUNAX-21000-DISPOSABLE-VAPE-WHOLESALE-5.jpg 590w, https:\/\/www.vape4wholesale.com\/wp-content\/uploads\/2023\/02\/RANDM-SUNAX-21000-DISPOSABLE-VAPE-WHOLESALE-5-247x247.jpg 247w, https:\/\/www.vape4wholesale.com\/wp-content\/uploads\/2023\/02\/RANDM-SUNAX-21000-DISPOSABLE-VAPE-WHOLESALE-5-100x100.jpg 100w, https:\/\/www.vape4wholesale.com\/wp-content\/uploads\/2023\/02\/RANDM-SUNAX-21000-DISPOSABLE-VAPE-WHOLESALE-5-510x510.jpg 510w, https:\/\/www.vape4wholesale.com\/wp-content\/uploads\/2023\/02\/RANDM-SUNAX-21000-DISPOSABLE-VAPE-WHOLESALE-5-64x64.jpg 64w, https:\/\/www.vape4wholesale.com\/wp-content\/uploads\/2023\/02\/RANDM-SUNAX-21000-DISPOSABLE-VAPE-WHOLESALE-5-300x300.jpg 300w, https:\/\/www.vape4wholesale.com\/wp-content\/uploads\/2023\/02\/RANDM-SUNAX-21000-DISPOSABLE-VAPE-WHOLESALE-5-150x150.jpg 150w\" sizes=\"auto, (max-width: 590px) 100vw, 590px\" \/> <img loading=\"lazy\" decoding=\"async\" class=\"alignnone size-full wp-image-12463\" title=\"RANDM SUNAX 21000 VAPE MONOUSO ALL&#039;INGROSSO (11)\" src=\"https:\/\/www.vape4wholesale.com\/wp-content\/uploads\/2023\/02\/RANDM-SUNAX-21000-DISPOSABLE-VAPE-WHOLESALE-11.jpg\" alt=\"RANDM SUNAX 21000 VAPE MONOUSO ALL&#039;INGROSSO (11)\" width=\"590\" height=\"590\" srcset=\"https:\/\/www.vape4wholesale.com\/wp-content\/uploads\/2023\/02\/RANDM-SUNAX-21000-DISPOSABLE-VAPE-WHOLESALE-11.jpg 590w, https:\/\/www.vape4wholesale.com\/wp-content\/uploads\/2023\/02\/RANDM-SUNAX-21000-DISPOSABLE-VAPE-WHOLESALE-11-247x247.jpg 247w, https:\/\/www.vape4wholesale.com\/wp-content\/uploads\/2023\/02\/RANDM-SUNAX-21000-DISPOSABLE-VAPE-WHOLESALE-11-100x100.jpg 100w, https:\/\/www.vape4wholesale.com\/wp-content\/uploads\/2023\/02\/RANDM-SUNAX-21000-DISPOSABLE-VAPE-WHOLESALE-11-510x510.jpg 510w, https:\/\/www.vape4wholesale.com\/wp-content\/uploads\/2023\/02\/RANDM-SUNAX-21000-DISPOSABLE-VAPE-WHOLESALE-11-64x64.jpg 64w, https:\/\/www.vape4wholesale.com\/wp-content\/uploads\/2023\/02\/RANDM-SUNAX-21000-DISPOSABLE-VAPE-WHOLESALE-11-300x300.jpg 300w, https:\/\/www.vape4wholesale.com\/wp-content\/uploads\/2023\/02\/RANDM-SUNAX-21000-DISPOSABLE-VAPE-WHOLESALE-11-150x150.jpg 150w\" sizes=\"auto, (max-width: 590px) 100vw, 590px\" \/> <img loading=\"lazy\" decoding=\"async\" class=\"alignnone size-full wp-image-12464\" title=\"RANDM SUNAX 21000 VAPE MONOUSO ALL&#039;INGROSSO (12)\" src=\"https:\/\/www.vape4wholesale.com\/wp-content\/uploads\/2023\/02\/RANDM-SUNAX-21000-DISPOSABLE-VAPE-WHOLESALE-12.jpg\" alt=\"RANDM SUNAX 21000 VAPE MONOUSO ALL&#039;INGROSSO (12)\" width=\"590\" height=\"590\" srcset=\"https:\/\/www.vape4wholesale.com\/wp-content\/uploads\/2023\/02\/RANDM-SUNAX-21000-DISPOSABLE-VAPE-WHOLESALE-12.jpg 590w, https:\/\/www.vape4wholesale.com\/wp-content\/uploads\/2023\/02\/RANDM-SUNAX-21000-DISPOSABLE-VAPE-WHOLESALE-12-247x247.jpg 247w, https:\/\/www.vape4wholesale.com\/wp-content\/uploads\/2023\/02\/RANDM-SUNAX-21000-DISPOSABLE-VAPE-WHOLESALE-12-100x100.jpg 100w, https:\/\/www.vape4wholesale.com\/wp-content\/uploads\/2023\/02\/RANDM-SUNAX-21000-DISPOSABLE-VAPE-WHOLESALE-12-510x510.jpg 510w, https:\/\/www.vape4wholesale.com\/wp-content\/uploads\/2023\/02\/RANDM-SUNAX-21000-DISPOSABLE-VAPE-WHOLESALE-12-64x64.jpg 64w, https:\/\/www.vape4wholesale.com\/wp-content\/uploads\/2023\/02\/RANDM-SUNAX-21000-DISPOSABLE-VAPE-WHOLESALE-12-300x300.jpg 300w, https:\/\/www.vape4wholesale.com\/wp-content\/uploads\/2023\/02\/RANDM-SUNAX-21000-DISPOSABLE-VAPE-WHOLESALE-12-150x150.jpg 150w\" sizes=\"auto, (max-width: 590px) 100vw, 590px\" \/><\/p>","protected":false},"excerpt":{"rendered":"[scf-template id=&#8217;11434&#8242;]\n","protected":false},"featured_media":12453,"comment_status":"open","ping_status":"closed","template":"","meta":[],"pwb-brand":[1270],"product_cat":[873],"product_tag":[22,24,177,272,362],"class_list":{"0":"post-6952","1":"product","2":"type-product","3":"status-publish","4":"has-post-thumbnail","6":"pwb-brand-randm","7":"product_cat-above-20k-puffs","8":"product_tag-disposable","9":"product_tag-wholesale","10":"product_tag-14-0ml","11":"product_tag-randm","12":"product_tag-21000-puffs","13":"wcpa_has_options","15":"first","16":"outofstock","17":"shipping-taxable","18":"purchasable","19":"product-type-variable"},"aioseo_notices":[],"brands":[{"id":1270,"name":"Randm","slug":"randm"}],"_links":{"self":[{"href":"https:\/\/www.vape4wholesale.com\/it\/wp-json\/wp\/v2\/product\/6952","targetHints":{"allow":["GET"]}}],"collection":[{"href":"https:\/\/www.vape4wholesale.com\/it\/wp-json\/wp\/v2\/product"}],"about":[{"href":"https:\/\/www.vape4wholesale.com\/it\/wp-json\/wp\/v2\/types\/product"}],"replies":[{"embeddable":true,"href":"https:\/\/www.vape4wholesale.com\/it\/wp-json\/wp\/v2\/comments?post=6952"}],"wp:featuredmedia":[{"embeddable":true,"href":"https:\/\/www.vape4wholesale.com\/it\/wp-json\/wp\/v2\/media\/12453"}],"wp:attachment":[{"href":"https:\/\/www.vape4wholesale.com\/it\/wp-json\/wp\/v2\/media?parent=6952"}],"wp:term":[{"taxonomy":"pwb-brand","embeddable":true,"href":"https:\/\/www.vape4wholesale.com\/it\/wp-json\/wp\/v2\/pwb-brand?post=6952"},{"taxonomy":"product_cat","embeddable":true,"href":"https:\/\/www.vape4wholesale.com\/it\/wp-json\/wp\/v2\/product_cat?post=6952"},{"taxonomy":"product_tag","embeddable":true,"href":"https:\/\/www.vape4wholesale.com\/it\/wp-json\/wp\/v2\/product_tag?post=6952"}],"curies":[{"name":"wp","href":"https:\/\/api.w.org\/{rel}","templated":true}]}}