{"id":5324,"date":"2022-07-20T10:51:19","date_gmt":"2022-07-20T02:51:19","guid":{"rendered":"https:\/\/www.vape4wholesale.com\/?post_type=product&#038;p=5324"},"modified":"2026-01-26T13:43:35","modified_gmt":"2026-01-26T13:43:35","slug":"bang-xxl-2000-puff-monouso-vape-allingrosso","status":"publish","type":"product","link":"https:\/\/www.vape4wholesale.com\/it\/product\/bang-xxl-2000-puffs-disposable-vape-wholesale","title":{"rendered":"Bang XXL 2000 boccate di vapore monouso all'ingrosso"},"content":{"rendered":"<p>il <a href=\"https:\/\/www.vape4wholesale.com\/it\/marca_prodotto\/botto\/\">Bang<\/a> XXL 2000 vape viene fornito con 850mah batteria, 6,5 ml eliquid 2% \/ 5%, supporta max 2000 soffi, ordine a vape4wholesale per ottenere il miglior prezzo e la spedizione veloce.<\/p>\n<p>Vi presentiamo il nuovo vape usa e getta basato sulla tecnologia, noto come il\u00a0<strong>Bang XXL\u00a0<\/strong>Vape monouso. Questa svapata \u00e8 il nuovo tipo di marca bang. Viene fornito con 2000 boccate per dispositivo, che durano pi\u00f9 a lungo di altri prodotti monouso bang presenti sul mercato. Le 2000 boccate possono essere consumate in media in una settimana. I vape usa e getta Bang XXL sono vape usa e getta di fascia alta che offrono un sapore delizioso all'interno di un dispositivo ad alta resa di puff. Anche se il dispositivo non ha pulsanti, \u00e8 sufficiente iniziare a svapare per accenderlo. Tuttavia, ogni dispositivo Bang XXL produce circa 2.000 boccate di succo elettronico fruttato, succulento e alla menta, e ogni sapore di queste svapate ha un gusto molto esotico. Le papille gustative della vostra lingua sentiranno questi sapori esotici e lasceranno in voi una sensazione di felicit\u00e0 e gioia. Il dispositivo usa e getta, quindi, racchiude un'incredibile variet\u00e0 di sapori, come il succo di banana ghiacciato, la menta fresca e cos\u00ec via, e questi e-liquidi aromatizzati vengono trasportati in un dispositivo facile da trasportare. Il dispositivo viene fornito pre-riempito con 6,5 ml di e-juice e con una batteria integrata da 800 mAh di lunga durata che \u00e8 monouso. Tuttavia, il dispositivo usa e getta \u00e8 stato progettato per offrire succhi elettronici di lunga durata e dal sapore esotico. Il dispositivo \u00e8 noto anche come sistema di vaping all-in-one grazie alle sue diverse caratteristiche di qualit\u00e0. La quantit\u00e0 di sale di nicotina presente nell'e-liquid ha la capacit\u00e0 di aumentare il gusto dell'aroma nel dispositivo. Il meccanismo del dispositivo \u00e8 completamente automatico e il suo utilizzo non presenta alcuna complessit\u00e0.<\/p>\n<h2><strong>Bang XXL 2000 Puffs Disposable Vape Caratteristiche e specifiche<\/strong><\/h2>\n<ul>\n<li>Sono disponibili 2000 Puff per dispositivo.<\/li>\n<li>Il dispositivo \u00e8 riservato agli adulti di et\u00e0 superiore ai 21 anni e non \u00e8 destinato ai minori.<\/li>\n<li>Il rapporto Vg\/Pg \u00e8 rispettivamente 70\/30 Miscela.<\/li>\n<li>La gradazione di nicotina \u00e8 5% O 50MG.<\/li>\n<li>L'aspettativa di vita del dispositivo \u00e8 di circa 2 anni.<\/li>\n<li>La capacit\u00e0 del dispositivo \u00e8 di 6,5 ml.<\/li>\n<li>\u00c8 un design senza pulsanti.<\/li>\n<li>Batteria da 850 mAh.<\/li>\n<li>Il dispositivo \u00e8 garantito come autentico 100%.<\/li>\n<\/ul>\n<h2><strong>I sapori<\/strong><\/h2>\n<p>Ghiaccio alla mela<br \/>\nGhiaccio alla banana<br \/>\nGhiaccio al mirtillo<br \/>\nGhiaccio alla gomma<br \/>\nGhiaccio alla cola<br \/>\nMenta fresca<br \/>\nGhiaccio d'uva<br \/>\nOrso gommoso<br \/>\nMelone di melone<br \/>\nGhiaccio al limone<br \/>\nMango Guava<br \/>\nBacche miste<br \/>\nSoda all'arancia<br \/>\nGhiaccio alla pesca<br \/>\nPinacolada<br \/>\nMango Pinapple<br \/>\nMela rossa<br \/>\nFrutto della passione Red Raz<br \/>\nFragola e banana<br \/>\nGelato alla fragola<br \/>\nFragola Wateymlon<br \/>\nGhiaccio Watermlon<\/p>\n<h2><strong>Imballaggio e peso<\/strong><\/h2>\n<p>Dimensione del cartone master: 44.5*43.5*27mm, 300 PCS dentro, 19.5kg<\/p>\n<p><img loading=\"lazy\" decoding=\"async\" class=\"alignnone size-full wp-image-13104\" title=\"Bang XXL 2000 soffi usa e getta (4)\" src=\"https:\/\/www.vape4wholesale.com\/wp-content\/uploads\/2022\/07\/Bang-XXL-2000-Puffs-Disposable-Vape-Wholesale-4.jpg\" alt=\"Bang XXL 2000 soffi usa e getta (4)\" width=\"800\" height=\"800\" srcset=\"https:\/\/www.vape4wholesale.com\/wp-content\/uploads\/2022\/07\/Bang-XXL-2000-Puffs-Disposable-Vape-Wholesale-4.jpg 800w, https:\/\/www.vape4wholesale.com\/wp-content\/uploads\/2022\/07\/Bang-XXL-2000-Puffs-Disposable-Vape-Wholesale-4-247x247.jpg 247w, https:\/\/www.vape4wholesale.com\/wp-content\/uploads\/2022\/07\/Bang-XXL-2000-Puffs-Disposable-Vape-Wholesale-4-100x100.jpg 100w, https:\/\/www.vape4wholesale.com\/wp-content\/uploads\/2022\/07\/Bang-XXL-2000-Puffs-Disposable-Vape-Wholesale-4-510x510.jpg 510w\" sizes=\"auto, (max-width: 800px) 100vw, 800px\" \/> <img loading=\"lazy\" decoding=\"async\" class=\"alignnone size-full wp-image-13105\" title=\"Bang XXL 2000 soffi usa e getta (5)\" src=\"https:\/\/www.vape4wholesale.com\/wp-content\/uploads\/2022\/07\/Bang-XXL-2000-Puffs-Disposable-Vape-Wholesale-5.jpg\" alt=\"Bang XXL 2000 soffi usa e getta (5)\" width=\"800\" height=\"800\" srcset=\"https:\/\/www.vape4wholesale.com\/wp-content\/uploads\/2022\/07\/Bang-XXL-2000-Puffs-Disposable-Vape-Wholesale-5.jpg 800w, https:\/\/www.vape4wholesale.com\/wp-content\/uploads\/2022\/07\/Bang-XXL-2000-Puffs-Disposable-Vape-Wholesale-5-247x247.jpg 247w, https:\/\/www.vape4wholesale.com\/wp-content\/uploads\/2022\/07\/Bang-XXL-2000-Puffs-Disposable-Vape-Wholesale-5-100x100.jpg 100w, https:\/\/www.vape4wholesale.com\/wp-content\/uploads\/2022\/07\/Bang-XXL-2000-Puffs-Disposable-Vape-Wholesale-5-510x510.jpg 510w, https:\/\/www.vape4wholesale.com\/wp-content\/uploads\/2022\/07\/Bang-XXL-2000-Puffs-Disposable-Vape-Wholesale-5-64x64.jpg 64w, https:\/\/www.vape4wholesale.com\/wp-content\/uploads\/2022\/07\/Bang-XXL-2000-Puffs-Disposable-Vape-Wholesale-5-300x300.jpg 300w, https:\/\/www.vape4wholesale.com\/wp-content\/uploads\/2022\/07\/Bang-XXL-2000-Puffs-Disposable-Vape-Wholesale-5-150x150.jpg 150w, https:\/\/www.vape4wholesale.com\/wp-content\/uploads\/2022\/07\/Bang-XXL-2000-Puffs-Disposable-Vape-Wholesale-5-768x768.jpg 768w\" sizes=\"auto, (max-width: 800px) 100vw, 800px\" \/> <img loading=\"lazy\" decoding=\"async\" class=\"alignnone size-full wp-image-13106\" title=\"Bang XXL 2000 soffi usa e getta (6)\" src=\"https:\/\/www.vape4wholesale.com\/wp-content\/uploads\/2022\/07\/Bang-XXL-2000-Puffs-Disposable-Vape-Wholesale-6.jpg\" alt=\"Bang XXL 2000 soffi usa e getta (6)\" width=\"800\" height=\"800\" srcset=\"https:\/\/www.vape4wholesale.com\/wp-content\/uploads\/2022\/07\/Bang-XXL-2000-Puffs-Disposable-Vape-Wholesale-6.jpg 800w, https:\/\/www.vape4wholesale.com\/wp-content\/uploads\/2022\/07\/Bang-XXL-2000-Puffs-Disposable-Vape-Wholesale-6-247x247.jpg 247w, https:\/\/www.vape4wholesale.com\/wp-content\/uploads\/2022\/07\/Bang-XXL-2000-Puffs-Disposable-Vape-Wholesale-6-100x100.jpg 100w, https:\/\/www.vape4wholesale.com\/wp-content\/uploads\/2022\/07\/Bang-XXL-2000-Puffs-Disposable-Vape-Wholesale-6-510x510.jpg 510w, https:\/\/www.vape4wholesale.com\/wp-content\/uploads\/2022\/07\/Bang-XXL-2000-Puffs-Disposable-Vape-Wholesale-6-64x64.jpg 64w, https:\/\/www.vape4wholesale.com\/wp-content\/uploads\/2022\/07\/Bang-XXL-2000-Puffs-Disposable-Vape-Wholesale-6-300x300.jpg 300w, https:\/\/www.vape4wholesale.com\/wp-content\/uploads\/2022\/07\/Bang-XXL-2000-Puffs-Disposable-Vape-Wholesale-6-150x150.jpg 150w, https:\/\/www.vape4wholesale.com\/wp-content\/uploads\/2022\/07\/Bang-XXL-2000-Puffs-Disposable-Vape-Wholesale-6-768x768.jpg 768w\" sizes=\"auto, (max-width: 800px) 100vw, 800px\" \/> <img loading=\"lazy\" decoding=\"async\" class=\"alignnone size-full wp-image-13102\" title=\"Bang XXL 2000 soffi usa e getta (2)\" src=\"https:\/\/www.vape4wholesale.com\/wp-content\/uploads\/2022\/07\/Bang-XXL-2000-Puffs-Disposable-Vape-Wholesale-2.jpg\" alt=\"Bang XXL 2000 soffi usa e getta (2)\" width=\"800\" height=\"800\" srcset=\"https:\/\/www.vape4wholesale.com\/wp-content\/uploads\/2022\/07\/Bang-XXL-2000-Puffs-Disposable-Vape-Wholesale-2.jpg 800w, https:\/\/www.vape4wholesale.com\/wp-content\/uploads\/2022\/07\/Bang-XXL-2000-Puffs-Disposable-Vape-Wholesale-2-247x247.jpg 247w, https:\/\/www.vape4wholesale.com\/wp-content\/uploads\/2022\/07\/Bang-XXL-2000-Puffs-Disposable-Vape-Wholesale-2-100x100.jpg 100w, https:\/\/www.vape4wholesale.com\/wp-content\/uploads\/2022\/07\/Bang-XXL-2000-Puffs-Disposable-Vape-Wholesale-2-510x510.jpg 510w\" sizes=\"auto, (max-width: 800px) 100vw, 800px\" \/> <img loading=\"lazy\" decoding=\"async\" class=\"alignnone size-full wp-image-13101\" title=\"Bang XXL 2000 soffi di vapore monouso all&#039;ingrosso (1)\" src=\"https:\/\/www.vape4wholesale.com\/wp-content\/uploads\/2022\/07\/Bang-XXL-2000-Puffs-Disposable-Vape-Wholesale-1.jpg\" alt=\"Bang XXL 2000 soffi di vapore monouso all&#039;ingrosso (1)\" width=\"800\" height=\"800\" srcset=\"https:\/\/www.vape4wholesale.com\/wp-content\/uploads\/2022\/07\/Bang-XXL-2000-Puffs-Disposable-Vape-Wholesale-1.jpg 800w, https:\/\/www.vape4wholesale.com\/wp-content\/uploads\/2022\/07\/Bang-XXL-2000-Puffs-Disposable-Vape-Wholesale-1-247x247.jpg 247w, https:\/\/www.vape4wholesale.com\/wp-content\/uploads\/2022\/07\/Bang-XXL-2000-Puffs-Disposable-Vape-Wholesale-1-100x100.jpg 100w, https:\/\/www.vape4wholesale.com\/wp-content\/uploads\/2022\/07\/Bang-XXL-2000-Puffs-Disposable-Vape-Wholesale-1-510x510.jpg 510w, https:\/\/www.vape4wholesale.com\/wp-content\/uploads\/2022\/07\/Bang-XXL-2000-Puffs-Disposable-Vape-Wholesale-1-64x64.jpg 64w, https:\/\/www.vape4wholesale.com\/wp-content\/uploads\/2022\/07\/Bang-XXL-2000-Puffs-Disposable-Vape-Wholesale-1-300x300.jpg 300w, https:\/\/www.vape4wholesale.com\/wp-content\/uploads\/2022\/07\/Bang-XXL-2000-Puffs-Disposable-Vape-Wholesale-1-150x150.jpg 150w, https:\/\/www.vape4wholesale.com\/wp-content\/uploads\/2022\/07\/Bang-XXL-2000-Puffs-Disposable-Vape-Wholesale-1-768x768.jpg 768w\" sizes=\"auto, (max-width: 800px) 100vw, 800px\" \/> <img loading=\"lazy\" decoding=\"async\" class=\"alignnone size-full wp-image-13103\" title=\"Bang XXL 2000 soffi usa e getta (3)\" src=\"https:\/\/www.vape4wholesale.com\/wp-content\/uploads\/2022\/07\/Bang-XXL-2000-Puffs-Disposable-Vape-Wholesale-3.jpg\" alt=\"Bang XXL 2000 soffi usa e getta (3)\" width=\"800\" height=\"800\" srcset=\"https:\/\/www.vape4wholesale.com\/wp-content\/uploads\/2022\/07\/Bang-XXL-2000-Puffs-Disposable-Vape-Wholesale-3.jpg 800w, https:\/\/www.vape4wholesale.com\/wp-content\/uploads\/2022\/07\/Bang-XXL-2000-Puffs-Disposable-Vape-Wholesale-3-247x247.jpg 247w, https:\/\/www.vape4wholesale.com\/wp-content\/uploads\/2022\/07\/Bang-XXL-2000-Puffs-Disposable-Vape-Wholesale-3-100x100.jpg 100w, https:\/\/www.vape4wholesale.com\/wp-content\/uploads\/2022\/07\/Bang-XXL-2000-Puffs-Disposable-Vape-Wholesale-3-510x510.jpg 510w, https:\/\/www.vape4wholesale.com\/wp-content\/uploads\/2022\/07\/Bang-XXL-2000-Puffs-Disposable-Vape-Wholesale-3-64x64.jpg 64w, https:\/\/www.vape4wholesale.com\/wp-content\/uploads\/2022\/07\/Bang-XXL-2000-Puffs-Disposable-Vape-Wholesale-3-300x300.jpg 300w, https:\/\/www.vape4wholesale.com\/wp-content\/uploads\/2022\/07\/Bang-XXL-2000-Puffs-Disposable-Vape-Wholesale-3-150x150.jpg 150w, https:\/\/www.vape4wholesale.com\/wp-content\/uploads\/2022\/07\/Bang-XXL-2000-Puffs-Disposable-Vape-Wholesale-3-768x768.jpg 768w\" sizes=\"auto, (max-width: 800px) 100vw, 800px\" \/><\/p>","protected":false},"excerpt":{"rendered":"[scf-template id=&#8217;11434&#8242;]\n","protected":false},"featured_media":13102,"comment_status":"open","ping_status":"closed","template":"","meta":[],"pwb-brand":[1275],"product_cat":[25],"product_tag":[22,24,164,167,249],"class_list":{"0":"post-5324","1":"product","2":"type-product","3":"status-publish","4":"has-post-thumbnail","6":"pwb-brand-bang","7":"product_cat-2000-3000-puffs","8":"product_tag-disposable","9":"product_tag-wholesale","10":"product_tag-2000-puffs","11":"product_tag-6-5ml","12":"product_tag-bang","13":"wcpa_has_options","15":"first","16":"outofstock","17":"shipping-taxable","18":"purchasable","19":"product-type-variable"},"aioseo_notices":[],"brands":[{"id":1275,"name":"Bang","slug":"botto"}],"_links":{"self":[{"href":"https:\/\/www.vape4wholesale.com\/it\/wp-json\/wp\/v2\/product\/5324","targetHints":{"allow":["GET"]}}],"collection":[{"href":"https:\/\/www.vape4wholesale.com\/it\/wp-json\/wp\/v2\/product"}],"about":[{"href":"https:\/\/www.vape4wholesale.com\/it\/wp-json\/wp\/v2\/types\/product"}],"replies":[{"embeddable":true,"href":"https:\/\/www.vape4wholesale.com\/it\/wp-json\/wp\/v2\/comments?post=5324"}],"wp:featuredmedia":[{"embeddable":true,"href":"https:\/\/www.vape4wholesale.com\/it\/wp-json\/wp\/v2\/media\/13102"}],"wp:attachment":[{"href":"https:\/\/www.vape4wholesale.com\/it\/wp-json\/wp\/v2\/media?parent=5324"}],"wp:term":[{"taxonomy":"pwb-brand","embeddable":true,"href":"https:\/\/www.vape4wholesale.com\/it\/wp-json\/wp\/v2\/pwb-brand?post=5324"},{"taxonomy":"product_cat","embeddable":true,"href":"https:\/\/www.vape4wholesale.com\/it\/wp-json\/wp\/v2\/product_cat?post=5324"},{"taxonomy":"product_tag","embeddable":true,"href":"https:\/\/www.vape4wholesale.com\/it\/wp-json\/wp\/v2\/product_tag?post=5324"}],"curies":[{"name":"wp","href":"https:\/\/api.w.org\/{rel}","templated":true}]}}