{"id":29112,"date":"2026-01-28T16:07:10","date_gmt":"2026-01-28T16:07:10","guid":{"rendered":"https:\/\/www.vape4wholesale.com\/?post_type=product&#038;p=29112"},"modified":"2026-04-15T18:20:56","modified_gmt":"2026-04-15T10:20:56","slug":"fizzy-smart-150k-15in1-disposale-vape-allingrosso","status":"publish","type":"product","link":"https:\/\/www.vape4wholesale.com\/it\/product\/fizzy-smart-150k-15in1-disposale-vape-wholesale","title":{"rendered":"Ingrosso di sigarette elettroniche usa e getta Fizzy Smart 150K 15in1"},"content":{"rendered":"<p class=\"ds-markdown-paragraph\">Il <a title=\"Frizzante\" href=\"\/it\/marca_prodotto\/frizzante\/\" target=\"_blank\" rel=\"noopener\">Frizzante<\/a> Smart 150K 15in1 rappresenta un'innovazione nella tecnologia dei vape usa e getta, in quanto \u00e8 il primo dispositivo multi-flavor controllato in modo intelligente al mondo. Partendo dai tradizionali metodi meccanici come i bocchini rotanti, utilizza un sistema di chip intelligenti per gestire ed erogare elettronicamente gli aromi dalle quattro cialde di e-liquid indipendenti. Questa innovazione di base consente di passare senza soluzione di continuit\u00e0 dai quattro gusti primari e permette una sofisticata miscelazione dei sapori.<\/p>\n<p class=\"ds-markdown-paragraph\">Al di l\u00e0 dei singoli sapori, il dispositivo sblocca una gamma di esperienze senza precedenti attraverso una combinazione intelligente. Gli utenti possono mescolare in modo creativo due o tre dei quattro aromi di base per creare profili ibridi unici, oppure attivare tutte e quattro le cialde contemporaneamente per ottenere una fusione complessa. Questa capacit\u00e0 di miscelazione intelligente trasforma i quattro aromi originali in un totale di 15 possibili esperienze di gusto all'interno di un unico dispositivo compatto.<\/p>\n<p class=\"ds-markdown-paragraph\">La Fizzy Smart 150K \u00e8 stata progettata per offrire una capacit\u00e0 e una convenienza eccezionali. Offre fino a 150.000 boccate da ben 80 ml di e-liquid, alimentate da una batteria ricaricabile da 1000 mAh di lunga durata dotata di porta Type-C. Il dispositivo \u00e8 dotato di una bobina a rete di qualit\u00e0 superiore per un sapore e una produzione di vapore costanti, di un display a LED informativo sullo stato della batteria e della capsula ed \u00e8 disponibile nelle gradazioni di nicotina 2% o 5%. Ogni unit\u00e0 pesa 176 g ed \u00e8 confezionata in modo efficiente per la vendita al dettaglio e la spedizione.<\/p>\n<h2 class=\"ds-markdown-paragraph\"><strong>Fizzy Smart 150K 15in1 Disposale Vape Rivoluzionario sistema di aromatizzazione<\/strong><\/h2>\n<ul>\n<li>\n<p class=\"ds-markdown-paragraph\"><strong>Quattro baccelli indipendenti:<\/strong>\u00a0Ogni dispositivo contiene quattro cialde separate, ciascuna precaricata con un aroma diverso.<\/p>\n<\/li>\n<li>\n<p class=\"ds-markdown-paragraph\"><strong>Commutazione e miscelazione intelligente degli aromi:<\/strong>\u00a0Passate senza problemi dai quattro gusti principali a un mondo di sapori complessi:<\/p>\n<ul>\n<li>\n<p class=\"ds-markdown-paragraph\">Miscela\u00a0<strong>due qualsiasi<\/strong>\u00a0per creare un nuovo ibrido.<\/p>\n<\/li>\n<li>\n<p class=\"ds-markdown-paragraph\">Miscela\u00a0<strong>qualsiasi tre<\/strong>\u00a0sapori per un profilo sofisticato.<\/p>\n<\/li>\n<li>\n<p class=\"ds-markdown-paragraph\">Attivare tutti\u00a0<strong>quattro gusti contemporaneamente<\/strong>\u00a0per una fusione unica.<\/p>\n<\/li>\n<\/ul>\n<\/li>\n<li>\n<p class=\"ds-markdown-paragraph\"><strong>Possibilit\u00e0 di sapori totali:<\/strong>\u00a0Questa capacit\u00e0 di miscelazione intelligente rende\u00a0<strong>15 diverse esperienze di gusto possibili in un unico dispositivo.<\/strong><\/p>\n<\/li>\n<\/ul>\n<h2 class=\"ds-markdown-paragraph\"><strong>Specifiche tecniche<\/strong><\/h2>\n<ul>\n<li class=\"ds-markdown-paragraph\">Conteggio dei soffi: Fino a 150.000 soffi<\/li>\n<li class=\"ds-markdown-paragraph\">Sistema di aromi: 15 aromi in 1 dispositivo (tramite miscelazione intelligente)<\/li>\n<li class=\"ds-markdown-paragraph\">Bobina: bobina a rete ad alte prestazioni<\/li>\n<li class=\"ds-markdown-paragraph\">Capacit\u00e0 e-liquid: 80 ml totali<\/li>\n<li class=\"ds-markdown-paragraph\">Batteria: batteria ricaricabile integrata da 1000 mAh<\/li>\n<li class=\"ds-markdown-paragraph\">Dosaggio della nicotina: Disponibile nelle opzioni 2% (20mg) e 5% (50mg).<\/li>\n<li class=\"ds-markdown-paragraph\">Ricarica: Comoda porta di ricarica USB Tipo-C<\/li>\n<li class=\"ds-markdown-paragraph\">Display: Display LED intelligente per lo stato della batteria e della capsula<\/li>\n<li class=\"ds-markdown-paragraph\">Peso del prodotto: 176 g per dispositivo<\/li>\n<\/ul>\n<h2><strong>Aromi di svapo Fizzy Smart 150K 15in1 Disposale disponibili (nuovi aromi)<\/strong><\/h2>\n<p>1. Ghiaccio all'anguria &amp; Red Bull &amp; Lampone alla fragola &amp; Ghiaccio al triplo melone<br \/>\n2. Ghiaccio alla fragola e Kiwi Frutto della passione Guava e Pesca Mango Anguria e Uva Burst<br \/>\n3. Fragola Kiwi Melograno &amp; Red Bull &amp; Mirtillo Mirtillo Ciliegia &amp; Ananas Cocco<br \/>\n4. Fragola Kiwi &amp; Frutti di bosco misti &amp; Anguria Bubblegum &amp; Pesca succosa<br \/>\n5. Sex On The Beach &amp; Banana alla fragola &amp; Limonata Blue Razz &amp; Anguria al lampone<br \/>\n6. Punch di frutta tropicale &amp; Melone alla ciliegia &amp; Ghiaccio al mirtillo &amp; Skittles alla fragola<br \/>\n7. Amore 66 &amp; Fragola Kiwi &amp; Anguria Mirtillo &amp; Ghiaccio Nero Frutto del Drago Fragola<br \/>\n8. Fragola, lampone e ananas, pesca, frutto della passione, Cola frizzante e Monster Mango.<br \/>\n9. Bacca nera Lampone e anguria Ciliegia e ghiaccio Fragola Uva e frutto della passione Arancia Pesca<br \/>\n10. Ciliegia frizzante &amp; Fragola Frutto del drago &amp; Limone Lime &amp; Coco Loco<br \/>\n11. Coca alla fragola e vaniglia &amp; Limonata rosa &amp; Ghiaccio all'anguria &amp; Bacca alla ciliegia<br \/>\n12. Mirtillo, lampone e fragola, anguria, mojito e mentolo.<\/p>\n<figure id=\"attachment_29100\" aria-describedby=\"caption-attachment-29100\" style=\"width: 800px\" class=\"wp-caption alignnone\"><img loading=\"lazy\" decoding=\"async\" class=\"wp-image-29100 size-full\" title=\"Fizzy Smart 150K 15in1 usa e getta Vape Wholesale 1\" src=\"https:\/\/www.vape4wholesale.com\/wp-content\/uploads\/2026\/01\/Fizzy-Smart-150K-15in1-Disposable-Vape-Wholesale_1.webp\" alt=\"Fizzy Smart 150K 15in1 usa e getta Vape Wholesale 1\" width=\"800\" height=\"800\" srcset=\"https:\/\/www.vape4wholesale.com\/wp-content\/uploads\/2026\/01\/Fizzy-Smart-150K-15in1-Disposable-Vape-Wholesale_1.webp 800w, https:\/\/www.vape4wholesale.com\/wp-content\/uploads\/2026\/01\/Fizzy-Smart-150K-15in1-Disposable-Vape-Wholesale_1-300x300.webp 300w, https:\/\/www.vape4wholesale.com\/wp-content\/uploads\/2026\/01\/Fizzy-Smart-150K-15in1-Disposable-Vape-Wholesale_1-150x150.webp 150w, https:\/\/www.vape4wholesale.com\/wp-content\/uploads\/2026\/01\/Fizzy-Smart-150K-15in1-Disposable-Vape-Wholesale_1-768x768.webp 768w, https:\/\/www.vape4wholesale.com\/wp-content\/uploads\/2026\/01\/Fizzy-Smart-150K-15in1-Disposable-Vape-Wholesale_1-12x12.webp 12w, https:\/\/www.vape4wholesale.com\/wp-content\/uploads\/2026\/01\/Fizzy-Smart-150K-15in1-Disposable-Vape-Wholesale_1-247x247.webp 247w, https:\/\/www.vape4wholesale.com\/wp-content\/uploads\/2026\/01\/Fizzy-Smart-150K-15in1-Disposable-Vape-Wholesale_1-510x510.webp 510w, https:\/\/www.vape4wholesale.com\/wp-content\/uploads\/2026\/01\/Fizzy-Smart-150K-15in1-Disposable-Vape-Wholesale_1-100x100.webp 100w\" sizes=\"auto, (max-width: 800px) 100vw, 800px\" \/><figcaption id=\"caption-attachment-29100\" class=\"wp-caption-text\">Fizzy Smart 150K 15in1 usa e getta Vape all'ingrosso<\/figcaption><\/figure>\n<p><img loading=\"lazy\" decoding=\"async\" class=\"alignnone size-full wp-image-29105\" title=\"Fizzy Smart 150K 15in1 Vaporizzatore Usa e Getta all&#039;Ingrosso 6\" src=\"https:\/\/www.vape4wholesale.com\/wp-content\/uploads\/2026\/01\/Fizzy-Smart-150K-15in1-Disposable-Vape-Wholesale_6.webp\" alt=\"Fizzy Smart 150K 15in1 Vaporizzatore Usa e Getta all&#039;Ingrosso 6\" width=\"800\" height=\"800\" srcset=\"https:\/\/www.vape4wholesale.com\/wp-content\/uploads\/2026\/01\/Fizzy-Smart-150K-15in1-Disposable-Vape-Wholesale_6.webp 800w, https:\/\/www.vape4wholesale.com\/wp-content\/uploads\/2026\/01\/Fizzy-Smart-150K-15in1-Disposable-Vape-Wholesale_6-300x300.webp 300w, https:\/\/www.vape4wholesale.com\/wp-content\/uploads\/2026\/01\/Fizzy-Smart-150K-15in1-Disposable-Vape-Wholesale_6-150x150.webp 150w, https:\/\/www.vape4wholesale.com\/wp-content\/uploads\/2026\/01\/Fizzy-Smart-150K-15in1-Disposable-Vape-Wholesale_6-768x768.webp 768w, https:\/\/www.vape4wholesale.com\/wp-content\/uploads\/2026\/01\/Fizzy-Smart-150K-15in1-Disposable-Vape-Wholesale_6-12x12.webp 12w, https:\/\/www.vape4wholesale.com\/wp-content\/uploads\/2026\/01\/Fizzy-Smart-150K-15in1-Disposable-Vape-Wholesale_6-247x247.webp 247w, https:\/\/www.vape4wholesale.com\/wp-content\/uploads\/2026\/01\/Fizzy-Smart-150K-15in1-Disposable-Vape-Wholesale_6-510x510.webp 510w, https:\/\/www.vape4wholesale.com\/wp-content\/uploads\/2026\/01\/Fizzy-Smart-150K-15in1-Disposable-Vape-Wholesale_6-100x100.webp 100w\" sizes=\"auto, (max-width: 800px) 100vw, 800px\" \/><\/p>\n<h2>PERCH\u00c9 NOI?<\/h2>\r\n<ul>\r\n<li>Fonte di svapo reale, affidabile e professionale.<\/li>\r\n<li>100% Garanzia genuina: Forniamo solo prodotti originali e genuini, rifiutiamo la contraffazione.<\/li>\r\n<li>100% Garanzia di consegna: Usiamo il miglior metodo di spedizione per garantire che si riceve l'ordine 100%.<\/li>\r\n<li>Dopo la spedizione, vi forniremo il numero di tracking e l'etichetta di spedizione e seguiremo la merce per voi fino alla vostra firma.<\/li>\r\n<li>Nessun problema doganale, nessuna tariffa<\/li>\r\n<\/ul>","protected":false},"excerpt":{"rendered":"<p><b><span style=\"color: #00a859;\">Spedizione gratuita<\/span>\u00a0dal magazzino europeo, tempo di consegna 7-15 giorni lavorativi.<\/b><\/p>\r\n<div class=\"wsppc_div_block woocommerce_before_add_to_cart_form\">\r\n<p><strong>Sdoganamento prima della consegna e% Garanzia di Consegna al 100%<\/strong><\/p>\r\n<\/div>","protected":false},"featured_media":29101,"comment_status":"open","ping_status":"closed","template":"","meta":[],"pwb-brand":[1268],"product_cat":[938],"product_tag":[948,1248,1296,22,24],"class_list":{"0":"post-29112","1":"product","2":"type-product","3":"status-publish","4":"has-post-thumbnail","6":"pwb-brand-fizzy","7":"product_cat-europe-warehouse","8":"product_tag-fizzy","9":"product_tag-150000-puffs","10":"product_tag-80-0ml","11":"product_tag-disposable","12":"product_tag-wholesale","13":"product_shipping_class-eu-warehouse","14":"wcpa_has_options","16":"first","17":"instock","18":"shipping-taxable","19":"purchasable","20":"product-type-variable"},"aioseo_notices":[],"brands":[{"id":1268,"name":"Frizzante","slug":"frizzante"}],"_links":{"self":[{"href":"https:\/\/www.vape4wholesale.com\/it\/wp-json\/wp\/v2\/product\/29112","targetHints":{"allow":["GET"]}}],"collection":[{"href":"https:\/\/www.vape4wholesale.com\/it\/wp-json\/wp\/v2\/product"}],"about":[{"href":"https:\/\/www.vape4wholesale.com\/it\/wp-json\/wp\/v2\/types\/product"}],"replies":[{"embeddable":true,"href":"https:\/\/www.vape4wholesale.com\/it\/wp-json\/wp\/v2\/comments?post=29112"}],"wp:featuredmedia":[{"embeddable":true,"href":"https:\/\/www.vape4wholesale.com\/it\/wp-json\/wp\/v2\/media\/29101"}],"wp:attachment":[{"href":"https:\/\/www.vape4wholesale.com\/it\/wp-json\/wp\/v2\/media?parent=29112"}],"wp:term":[{"taxonomy":"pwb-brand","embeddable":true,"href":"https:\/\/www.vape4wholesale.com\/it\/wp-json\/wp\/v2\/pwb-brand?post=29112"},{"taxonomy":"product_cat","embeddable":true,"href":"https:\/\/www.vape4wholesale.com\/it\/wp-json\/wp\/v2\/product_cat?post=29112"},{"taxonomy":"product_tag","embeddable":true,"href":"https:\/\/www.vape4wholesale.com\/it\/wp-json\/wp\/v2\/product_tag?post=29112"}],"curies":[{"name":"wp","href":"https:\/\/api.w.org\/{rel}","templated":true}]}}