{"id":26299,"date":"2025-12-14T20:41:16","date_gmt":"2025-12-14T12:41:16","guid":{"rendered":"https:\/\/www.vape4wholesale.com\/?post_type=product&#038;p=26299"},"modified":"2026-04-07T11:04:33","modified_gmt":"2026-04-07T03:04:33","slug":"razz-bar-60k-vaporizzatore-usa-e-getta-allingrosso","status":"publish","type":"product","link":"https:\/\/www.vape4wholesale.com\/it\/product\/razz-bar-60k-disposable-vape-wholesale","title":{"rendered":"Razz Bar 60K Vaporizzatore usa e getta all'ingrosso"},"content":{"rendered":"<p class=\"ds-markdown-paragraph\">il <a title=\"Razz Bar\" href=\"https:\/\/www.vape4wholesale.com\/it\/marca_prodotto\/bar-razz\/\" target=\"_blank\" rel=\"noopener\"><strong>Razz Bar<\/strong><\/a> 60K Puffs Crystal Disposable Vape \u00e8 un dispositivo premium progettato per lasciare il segno. La sua caratteristica distintiva \u00e8 un guscio elegante e senza soluzione di continuit\u00e0, simile al cristallo, che offre un aspetto sofisticato e lo distingue dai normali vaporizzatori. Progettato per una resistenza eccezionale, offre ben 60.000 boccate da un generoso serbatoio di e-liquid pre-riempito da 64 ml, garantendo prestazioni e valore di lunga durata.<\/p>\n<p class=\"ds-markdown-paragraph\">Goditi un vapore morbido e saporito grazie all'affidabile batteria ricaricabile da 650 mAh con comoda ricarica Type-C e una bobina mesh avanzata. Questa tecnologia garantisce un sapore ricco e costante dal primo all'ultimo tiro. Per soddisfare le diverse preferenze, Razz Bar offre una scelta di concentrazioni di sale di nicotina 2% (20 mg) o 5% (50 mg) e una vasta gamma di 16 aromi meticolosamente realizzati, dalle popolari miscele fruttate come Blueberry Watermelon a miscele uniche come Strawberry Vanilla Coke.<\/p>\n<p class=\"ds-markdown-paragraph\">Ideale per rivenditori e distributori, questa sigaretta elettronica usa e getta combina prestazioni elevate e ottima commerciabilit\u00e0. Il corpo trasparente unificato \u00e8 caratterizzato da eleganti adesivi specifici per ogni gusto, per una presentazione sofisticata. Disponibile nell'Unione Europea per una spedizione rapida e senza intoppi, la sigaretta elettronica usa e getta Razz Bar 60K Puffs Crystal \u00e8 un prodotto affidabile e molto richiesto, pronto ad arricchire il tuo inventario e a soddisfare i gusti di una vasta gamma di clienti.<\/p>\n<h2 class=\"ds-markdown-paragraph\">Razz Bar 60K Vape usa e getta Dettagli rapidi<\/h2>\n<ul>\n<li class=\"ds-markdown-paragraph\">Numero di boccate: fino a 60.000 boccate<\/li>\n<li class=\"ds-markdown-paragraph\">Capacit\u00e0 del liquido elettronico: serbatoio preriempito da 64 ml<\/li>\n<li class=\"ds-markdown-paragraph\">Batteria: ricaricabile da 650 mAh (ricarica Type-C)<\/li>\n<li class=\"ds-markdown-paragraph\">Contenuto di nicotina: opzioni 2% (20 mg) e 5% (50 mg)<\/li>\n<li class=\"ds-markdown-paragraph\">Tecnologia della bobina: bobina a maglia avanzata per un gusto morbido<\/li>\n<li class=\"ds-markdown-paragraph\">Design: guscio premium senza cuciture simile al cristallo<\/li>\n<li class=\"ds-markdown-paragraph\">Gamma di gusti: 16 gusti popolari e unici<\/li>\n<li class=\"ds-markdown-paragraph\">Ubicazione delle scorte: magazzino UE per consegne rapide<\/li>\n<\/ul>\n<h2>Gusti disponibili<\/h2>\n<p>1.Banana alla fragola<\/p>\n<p>2. Ghiaccio alla pesca succosa<\/p>\n<p>3. Coco Loco<\/p>\n<p>4. Mirtillo acido Lampone<\/p>\n<p>5. Zucchero filato<\/p>\n<p>6.Orso gommoso<\/p>\n<p>7. Mirtillo e anguria<\/p>\n<p>8. Limone, pesca e frutto della passione<\/p>\n<p>9. Frutto del drago nero ghiacciato Fragola<\/p>\n<p>10. Frutti di bosco misti<\/p>\n<p>11. Amore 66<\/p>\n<p>12.Kiwi alla fragola<\/p>\n<p>13. Frutta tropicale<\/p>\n<p>14. Coca-Cola alla fragola e vaniglia<\/p>\n<p>15. Limone e lime<\/p>\n<p>16. Sogno d'estate<\/p>\n<figure id=\"attachment_26298\" aria-describedby=\"caption-attachment-26298\" style=\"width: 800px\" class=\"wp-caption alignnone\"><img loading=\"lazy\" decoding=\"async\" class=\"size-full wp-image-26298\" title=\"Razz Bar 60K Vape usa e getta\" src=\"https:\/\/www.vape4wholesale.com\/wp-content\/uploads\/2025\/12\/Razz-Bar-60K-Disposable-Vape.webp\" alt=\"Razz Bar 60K Vape usa e getta\" width=\"800\" height=\"1055\" srcset=\"https:\/\/www.vape4wholesale.com\/wp-content\/uploads\/2025\/12\/Razz-Bar-60K-Disposable-Vape.webp 800w, https:\/\/www.vape4wholesale.com\/wp-content\/uploads\/2025\/12\/Razz-Bar-60K-Disposable-Vape-510x673.webp 510w, https:\/\/www.vape4wholesale.com\/wp-content\/uploads\/2025\/12\/Razz-Bar-60K-Disposable-Vape-227x300.webp 227w, https:\/\/www.vape4wholesale.com\/wp-content\/uploads\/2025\/12\/Razz-Bar-60K-Disposable-Vape-776x1024.webp 776w, https:\/\/www.vape4wholesale.com\/wp-content\/uploads\/2025\/12\/Razz-Bar-60K-Disposable-Vape-768x1013.webp 768w, https:\/\/www.vape4wholesale.com\/wp-content\/uploads\/2025\/12\/Razz-Bar-60K-Disposable-Vape-9x12.webp 9w, https:\/\/www.vape4wholesale.com\/wp-content\/uploads\/2025\/12\/Razz-Bar-60K-Disposable-Vape-64x84.webp 64w\" sizes=\"auto, (max-width: 800px) 100vw, 800px\" \/><figcaption id=\"caption-attachment-26298\" class=\"wp-caption-text\">Razz Bar 60K Vape usa e getta<\/figcaption><\/figure>\n<p><img loading=\"lazy\" decoding=\"async\" class=\"size-full wp-image-26292\" title=\"Razz Bar 60K Vape usa e getta all&#039;ingrosso 1\" src=\"https:\/\/www.vape4wholesale.com\/wp-content\/uploads\/2025\/12\/Razz-Bar-60K-Disposable-Vape-Wholesale_1.webp\" alt=\"Razz Bar 60K Vape usa e getta all&#039;ingrosso 1\" width=\"800\" height=\"800\" srcset=\"https:\/\/www.vape4wholesale.com\/wp-content\/uploads\/2025\/12\/Razz-Bar-60K-Disposable-Vape-Wholesale_1.webp 800w, https:\/\/www.vape4wholesale.com\/wp-content\/uploads\/2025\/12\/Razz-Bar-60K-Disposable-Vape-Wholesale_1-247x247.webp 247w, https:\/\/www.vape4wholesale.com\/wp-content\/uploads\/2025\/12\/Razz-Bar-60K-Disposable-Vape-Wholesale_1-100x100.webp 100w, https:\/\/www.vape4wholesale.com\/wp-content\/uploads\/2025\/12\/Razz-Bar-60K-Disposable-Vape-Wholesale_1-510x510.webp 510w\" sizes=\"auto, (max-width: 800px) 100vw, 800px\" \/><\/p>\n<h2>PERCH\u00c9 NOI?<\/h2>\r\n<ul>\r\n<li>Fonte di svapo reale, affidabile e professionale.<\/li>\r\n<li>100% Garanzia genuina: Forniamo solo prodotti originali e genuini, rifiutiamo la contraffazione.<\/li>\r\n<li>100% Garanzia di consegna: Usiamo il miglior metodo di spedizione per garantire che si riceve l'ordine 100%.<\/li>\r\n<li>Dopo la spedizione, vi forniremo il numero di tracking e l'etichetta di spedizione e seguiremo la merce per voi fino alla vostra firma.<\/li>\r\n<li>Nessun problema doganale, nessuna tariffa<\/li>\r\n<\/ul>","protected":false},"excerpt":{"rendered":"<p><b><span style=\"color: #00a859;\">Spedizione gratuita<\/span>\u00a0dal magazzino europeo, tempo di consegna 7-15 giorni lavorativi.<\/b><\/p>\r\n<div class=\"wsppc_div_block woocommerce_before_add_to_cart_form\">\r\n<p><strong>Sdoganamento prima della consegna e% Garanzia di Consegna al 100%<\/strong><\/p>\r\n<\/div>","protected":false},"featured_media":26292,"comment_status":"open","ping_status":"closed","template":"","meta":[],"pwb-brand":[1266],"product_cat":[938],"product_tag":[22,24,1114,1209,1246],"class_list":{"0":"post-26299","1":"product","2":"type-product","3":"status-publish","4":"has-post-thumbnail","6":"pwb-brand-razz-bar","7":"product_cat-europe-warehouse","8":"product_tag-disposable","9":"product_tag-wholesale","10":"product_tag-60000-puffs","11":"product_tag-razz-bar","12":"product_tag-64-0ml","13":"product_shipping_class-eu-warehouse","14":"wcpa_has_options","16":"first","17":"instock","18":"shipping-taxable","19":"purchasable","20":"product-type-variable"},"aioseo_notices":[],"brands":[{"id":1266,"name":"Razz Bar","slug":"bar-razz"}],"_links":{"self":[{"href":"https:\/\/www.vape4wholesale.com\/it\/wp-json\/wp\/v2\/product\/26299","targetHints":{"allow":["GET"]}}],"collection":[{"href":"https:\/\/www.vape4wholesale.com\/it\/wp-json\/wp\/v2\/product"}],"about":[{"href":"https:\/\/www.vape4wholesale.com\/it\/wp-json\/wp\/v2\/types\/product"}],"replies":[{"embeddable":true,"href":"https:\/\/www.vape4wholesale.com\/it\/wp-json\/wp\/v2\/comments?post=26299"}],"wp:featuredmedia":[{"embeddable":true,"href":"https:\/\/www.vape4wholesale.com\/it\/wp-json\/wp\/v2\/media\/26292"}],"wp:attachment":[{"href":"https:\/\/www.vape4wholesale.com\/it\/wp-json\/wp\/v2\/media?parent=26299"}],"wp:term":[{"taxonomy":"pwb-brand","embeddable":true,"href":"https:\/\/www.vape4wholesale.com\/it\/wp-json\/wp\/v2\/pwb-brand?post=26299"},{"taxonomy":"product_cat","embeddable":true,"href":"https:\/\/www.vape4wholesale.com\/it\/wp-json\/wp\/v2\/product_cat?post=26299"},{"taxonomy":"product_tag","embeddable":true,"href":"https:\/\/www.vape4wholesale.com\/it\/wp-json\/wp\/v2\/product_tag?post=26299"}],"curies":[{"name":"wp","href":"https:\/\/api.w.org\/{rel}","templated":true}]}}