{"id":25297,"date":"2025-10-22T20:54:47","date_gmt":"2025-10-22T12:54:47","guid":{"rendered":"https:\/\/www.vape4wholesale.com\/?post_type=product&#038;p=25297"},"modified":"2026-01-26T13:38:20","modified_gmt":"2026-01-26T13:38:20","slug":"fihp-60000-3in1-tripli-sapori-monouso-vape-allingrosso","status":"publish","type":"product","link":"https:\/\/www.vape4wholesale.com\/it\/product\/fihp-60000-3in1-triple-flavors-disposable-vape-wholesale","title":{"rendered":"FIHP 60000 3in1 triplo gusto Vape monouso all'ingrosso"},"content":{"rendered":"<p class=\"ds-markdown-paragraph\">Il <a title=\"FIHP\" href=\"https:\/\/www.vape4wholesale.com\/it\/marca_prodotto\/fihp\/\" target=\"_blank\" rel=\"noopener\"><strong>FIHP<\/strong><\/a> 60000 3in1 Triple Flavors monouso stabilisce un nuovo standard di longevit\u00e0 e gusto, offrendo un'impareggiabile durata di 60.000 boccate da un singolo dispositivo. \u00c8 precaricato con ben 54 ml di e-liquid, disponibile a scelta con gradazione di nicotina 2% o 5%. Il cuore di questa esperienza \u00e8 l'avanzata Dual Mesh Coil (0,9ohm), che vaporizza sapientemente l'esclusivo e-liquid Triple Flavor per produrre un vapore ricco, complesso e costantemente soddisfacente dall'inizio alla fine.<\/p>\n<p class=\"ds-markdown-paragraph\">Progettato per garantire la massima praticit\u00e0 e le massime prestazioni, il dispositivo \u00e8 dotato di una robusta batteria ricaricabile da 650 mAh e di una moderna porta di ricarica Type-C, che garantisce la disponibilit\u00e0 di energia ogni volta che ne avete bisogno. Il display a LED integrato fornisce un controllo chiaro e in tempo reale del livello della batteria, per non essere mai colti di sorpresa. Il suo design elegante ed ergonomico, che misura 42*42*110 mm, la rende straordinariamente portatile ma sufficientemente potente per essere il vostro compagno di svapo per tutto il giorno.<\/p>\n<h2 class=\"ds-markdown-paragraph\"><strong>FIHP 60000 3in1 Triple Flavors Vape Caratteristiche chiave<\/strong><\/h2>\n<ul>\n<li class=\"ds-markdown-paragraph\">Ben 60.000 soffi: Progettato per garantire un'estrema longevit\u00e0, eliminando la necessit\u00e0 di frequenti sostituzioni.<\/li>\n<li class=\"ds-markdown-paragraph\">Esperienza di triplo sapore: Godetevi un profilo aromatico dinamico e complesso che si evolve a ogni boccata.<\/li>\n<li class=\"ds-markdown-paragraph\">Tecnologia a doppia maglia (0,9ohm): La nostra avanzata bobina a doppia maglia assicura un riscaldamento pi\u00f9 rapido, un sapore pi\u00f9 ricco e una produzione di vapore pi\u00f9 densa.<\/li>\n<li class=\"ds-markdown-paragraph\">Liquido elettronico preriempito grande da 54 ml: Pre-riempito con 54 ml di e-liquid di alta qualit\u00e0 a base di nicotina salina. Scegliere tra la gradazione di nicotina 2% o 5% in base alle proprie preferenze.<\/li>\n<li class=\"ds-markdown-paragraph\">Batteria integrata da 650 mAh: Fornisce un'alimentazione sufficiente per l'intera durata del dispositivo.<\/li>\n<li class=\"ds-markdown-paragraph\">Ricarica rapida Type-C: Tornate a svapare rapidamente grazie alla moderna porta di ricarica USB Type-C.<\/li>\n<li class=\"ds-markdown-paragraph\">Display LED chiaro: Controlla facilmente il livello della batteria per evitare sorprese.<\/li>\n<\/ul>\n<h2><strong>Specifiche rapide del prodotto<\/strong><\/h2>\n<p>Capacit\u00e0 di soffio: Circa 60.000 soffi<br \/>\nCapacit\u00e0 del liquido elettronico: 54 ml (pre-riempito)<br \/>\nDosaggio della nicotina: 2% o 5%<br \/>\nBatteria: 650mah ricaricabile<br \/>\nPorta di ricarica: Tipo-C<br \/>\nBobina: Bobina a doppia maglia, 0,9ohm<br \/>\nDisplay: Indicatore LED della batteria<br \/>\nDimensioni del prodotto: 42 x 42 x 110 mm<br \/>\nSapore: Triplo gusto<br \/>\nInformazioni sulla spedizione (per i grossisti):<br \/>\nDimensioni del cartone: 470 x 390 x 260 mm<br \/>\nQuantit\u00e0 per cartone: 160 pezzi<br \/>\nPeso lordo per cartone: 21,5 kg<\/p>\n<h2 class=\"ds-markdown-paragraph\"><strong>FIHP 60000 3in1 Tripli gusti disponibili<\/strong><\/h2>\n<p>01# Ghiaccio all'anguria &amp; Red Bull &amp; Kiwi alla fragola<br \/>\n02# Limone, lime, fragola, anguria e mirtillo<br \/>\n03# Fragola, banana, doppia mela e anguria al lampone<br \/>\n04# Fragola Kiwi &amp; Ananas Mango Acido &amp; Red Bull<br \/>\n05# Frutti tropicali e fragole Anguria e pesca al limone<br \/>\n06# Ananas cocco &amp; Blue Razz &amp; Fragola banana<br \/>\n07# Fragola e lampone, triplo melone e ananas acido al mango<br \/>\n08# Frutti di bosco e lamponi Anguria e pesca al mango<br \/>\n09# Mirtillo, lampone e fragola Coca-Cola alla vaniglia e limone Lime<br \/>\n10# Ghiaccio all'anguria, frutti di bosco alla pesca e triplo melone<\/p>\n<h2><strong>Dettagli sull'imballaggio<\/strong><\/h2>\n<p>1 pz\/scatola singola<br \/>\n10 pezzi\/scatola<br \/>\n160 pezzi\/cartone (dimensioni del cartone: 470 x 390 x 260 mm)<br \/>\nPeso lordo per cartone: 21,5 kg<\/p>\n<figure id=\"attachment_25311\" aria-describedby=\"caption-attachment-25311\" style=\"width: 800px\" class=\"wp-caption alignnone\"><img loading=\"lazy\" decoding=\"async\" class=\"wp-image-25311 size-full\" title=\"FIHP 60000 3in1 Triplo gusto Vape monouso 1\" src=\"https:\/\/www.vape4wholesale.com\/wp-content\/uploads\/2025\/10\/FIHP-60000-3in1-Triple-Flavors-Disposable-Vape_1.webp\" alt=\"FIHP 60000 3in1 Triplo gusto Vape monouso 1\" width=\"800\" height=\"800\" srcset=\"https:\/\/www.vape4wholesale.com\/wp-content\/uploads\/2025\/10\/FIHP-60000-3in1-Triple-Flavors-Disposable-Vape_1.webp 800w, https:\/\/www.vape4wholesale.com\/wp-content\/uploads\/2025\/10\/FIHP-60000-3in1-Triple-Flavors-Disposable-Vape_1-247x247.webp 247w, https:\/\/www.vape4wholesale.com\/wp-content\/uploads\/2025\/10\/FIHP-60000-3in1-Triple-Flavors-Disposable-Vape_1-100x100.webp 100w, https:\/\/www.vape4wholesale.com\/wp-content\/uploads\/2025\/10\/FIHP-60000-3in1-Triple-Flavors-Disposable-Vape_1-510x510.webp 510w, https:\/\/www.vape4wholesale.com\/wp-content\/uploads\/2025\/10\/FIHP-60000-3in1-Triple-Flavors-Disposable-Vape_1-300x300.webp 300w, https:\/\/www.vape4wholesale.com\/wp-content\/uploads\/2025\/10\/FIHP-60000-3in1-Triple-Flavors-Disposable-Vape_1-150x150.webp 150w, https:\/\/www.vape4wholesale.com\/wp-content\/uploads\/2025\/10\/FIHP-60000-3in1-Triple-Flavors-Disposable-Vape_1-768x768.webp 768w, https:\/\/www.vape4wholesale.com\/wp-content\/uploads\/2025\/10\/FIHP-60000-3in1-Triple-Flavors-Disposable-Vape_1-12x12.webp 12w, https:\/\/www.vape4wholesale.com\/wp-content\/uploads\/2025\/10\/FIHP-60000-3in1-Triple-Flavors-Disposable-Vape_1-64x64.webp 64w\" sizes=\"auto, (max-width: 800px) 100vw, 800px\" \/><figcaption id=\"caption-attachment-25311\" class=\"wp-caption-text\">FIHP 60000 3in1 Triplo gusto Vape usa e getta<\/figcaption><\/figure>\n<h2>PERCH\u00c9 NOI?<\/h2>\r\n<ul>\r\n<li>Fonte di svapo reale, affidabile e professionale.<\/li>\r\n<li>100% Garanzia genuina: Forniamo solo prodotti originali e genuini, rifiutiamo la contraffazione.<\/li>\r\n<li>100% Garanzia di consegna: Usiamo il miglior metodo di spedizione per garantire che si riceve l'ordine 100%.<\/li>\r\n<li>Dopo la spedizione, vi forniremo il numero di tracking e l'etichetta di spedizione e seguiremo la merce per voi fino alla vostra firma.<\/li>\r\n<li>Nessun problema doganale, nessuna tariffa<\/li>\r\n<\/ul>","protected":false},"excerpt":{"rendered":"<div class=\"wsppc_div_block woocommerce_before_add_to_cart_form\">\r\n<p><strong><span style=\"color: #00a859;\">Clear customs<\/span> before delivery &amp; 100% Delivery Guarantee, Delivery in 19~25 days around.\u00a0<\/strong><\/p>\r\n<\/div>","protected":false},"featured_media":25316,"comment_status":"open","ping_status":"closed","template":"","meta":[],"pwb-brand":[1279],"product_cat":[873],"product_tag":[22,24,878,1114,1115],"class_list":{"0":"post-25297","1":"product","2":"type-product","3":"status-publish","4":"has-post-thumbnail","6":"pwb-brand-fihp","7":"product_cat-above-20k-puffs","8":"product_tag-disposable","9":"product_tag-wholesale","10":"product_tag-fihp","11":"product_tag-60000-puffs","12":"product_tag-54-0ml","13":"wcpa_has_options","15":"first","16":"instock","17":"shipping-taxable","18":"purchasable","19":"product-type-variable"},"aioseo_notices":[],"brands":[{"id":1279,"name":"FIHP","slug":"fihp"}],"_links":{"self":[{"href":"https:\/\/www.vape4wholesale.com\/it\/wp-json\/wp\/v2\/product\/25297","targetHints":{"allow":["GET"]}}],"collection":[{"href":"https:\/\/www.vape4wholesale.com\/it\/wp-json\/wp\/v2\/product"}],"about":[{"href":"https:\/\/www.vape4wholesale.com\/it\/wp-json\/wp\/v2\/types\/product"}],"replies":[{"embeddable":true,"href":"https:\/\/www.vape4wholesale.com\/it\/wp-json\/wp\/v2\/comments?post=25297"}],"wp:featuredmedia":[{"embeddable":true,"href":"https:\/\/www.vape4wholesale.com\/it\/wp-json\/wp\/v2\/media\/25316"}],"wp:attachment":[{"href":"https:\/\/www.vape4wholesale.com\/it\/wp-json\/wp\/v2\/media?parent=25297"}],"wp:term":[{"taxonomy":"pwb-brand","embeddable":true,"href":"https:\/\/www.vape4wholesale.com\/it\/wp-json\/wp\/v2\/pwb-brand?post=25297"},{"taxonomy":"product_cat","embeddable":true,"href":"https:\/\/www.vape4wholesale.com\/it\/wp-json\/wp\/v2\/product_cat?post=25297"},{"taxonomy":"product_tag","embeddable":true,"href":"https:\/\/www.vape4wholesale.com\/it\/wp-json\/wp\/v2\/product_tag?post=25297"}],"curies":[{"name":"wp","href":"https:\/\/api.w.org\/{rel}","templated":true}]}}