{"id":23271,"date":"2025-07-07T00:00:13","date_gmt":"2025-07-06T16:00:13","guid":{"rendered":"https:\/\/www.vape4wholesale.com\/?post_type=product&#038;p=23271"},"modified":"2026-03-19T19:03:58","modified_gmt":"2026-03-19T11:03:58","slug":"fumot-digital-monkey-40000-puffs-vape-usa-e-getta-allingrosso","status":"publish","type":"product","link":"https:\/\/www.vape4wholesale.com\/it\/prodotto\/fumot-digital-monkey-40000-puffs-vape-usa-e-getta-allingrosso","title":{"rendered":"Fumot Digital Monkey 40000 Puffs Vape usa e getta all'ingrosso"},"content":{"rendered":"<p>Il<strong><a title=\"Fumot\" href=\"https:\/\/www.vape4wholesale.com\/it\/marca_prodotto\/fumot\/\" target=\"_blank\" rel=\"noopener\"> Fumot<\/a> Scimmia digitale 40000<\/strong> \u00e8 una svapata monouso a doppia bobina con display intelligente e modalit\u00e0 commutabili. \u00c8 una versione aggiornata del popolare <a title=\"Fumot 12000\" href=\"https:\/\/www.vape4wholesale.com\/it\/prodotto\/fumot-digital-box-12000-vape-usa-e-getta-allingrosso\/\" target=\"_blank\" rel=\"noopener\">Fumot 12000<\/a> Il dispositivo \u00e8 dotato di un'elegante superficie esterna smaltata e di un ampio schermo frontale. Il display non solo mostra la grafica \"Digital Monkey\", ma fornisce anche informazioni in tempo reale sul livello di eliquid, sulla durata della batteria e sulla modalit\u00e0 di svapo corrente. Questo dispositivo offre due modalit\u00e0 di svapo Double Engine Mode e Single Engine Modewhe possono essere facilmente commutate utilizzando il pulsante situato nella parte inferiore del dispositivo. Digital Monkey \u00e8 disponibile in 16 aromi e offre 2 livelli di nicotina per soddisfare le diverse preferenze.<\/p>\n<p>Il display di Digital Monkey fornisce informazioni in tempo reale sul livello dell'e-liquid, sulla durata della batteria e sulla modalit\u00e0 di svapo corrente Dual Engine Mode (D) o Single Engine Mode (S) per migliorare la vostra esperienza di svapo.<\/p>\n<p>Il vape Dual Mesh utilizza un elemento riscaldante con due strati di materiale a rete, creando una superficie pi\u00f9 ampia per il contatto e il riscaldamento uniforme dell'e-liquid. Il risultato \u00e8 un gusto pi\u00f9 morbido e soddisfacente.<\/p>\n<p>Grazie alla batteria ricaricabile integrata da 850 mAh, \u00e8 possibile ricaricarla pi\u00f9 volte, in modo da non ritrovarsi con batterie usa e getta scariche prima che l'e-liquid si esaurisca.<\/p>\n<h2><strong>Fumot Digital Monkey 40000 puff monouso Vape Dettagli rapidi<\/strong><\/h2>\n<ul>\n<li class=\"ds-markdown-paragraph\">Bign\u00e8: Fino a 40.000<\/li>\n<li class=\"ds-markdown-paragraph\">Batteria: 850 mAh (ricaricabile tramite USB-C)<\/li>\n<li class=\"ds-markdown-paragraph\">Bobina: Dual Mesh (vapore pi\u00f9 fluido e saporito)<\/li>\n<li class=\"ds-markdown-paragraph\">Display: Schermo intelligente (livello di e-liquid in tempo reale, batteria, indicatore di modalit\u00e0)<\/li>\n<li>Capacit\u00e0 e-liquid: 16mL (pre-riempito)<\/li>\n<li class=\"ds-markdown-paragraph\">Potenzialit\u00e0 della nicotina: 2% (20mg) e 5% (50mg)<\/li>\n<li class=\"ds-markdown-paragraph\">Gusti: 16 opzioni (variet\u00e0 per gusti diversi)<\/li>\n<li class=\"ds-markdown-paragraph\">Design: Esterno smaltato e grafica \"Digital Monkey<\/li>\n<li class=\"ds-markdown-paragraph\">Aggiornato da: Fumot 12000 (migliore visualizzazione, doppia maglia, maggiore durata)<\/li>\n<li class=\"ds-markdown-paragraph\">Modalit\u00e0 di lavoro: Double Engine (D) - Vapore pi\u00f9 intenso\/ Single Engine (S) - Vaping standard (commutabile tramite il pulsante inferiore)<\/li>\n<\/ul>\n<h2><strong>Gusti disponibili<\/strong><\/h2>\n<p>1. Ghiaccio alla banana<br \/>\n2. Anguria alla fragola<br \/>\n3. Zecca di Miami<br \/>\n4. Mirtillo Lampone<br \/>\n5. Ghiaccio nero<br \/>\n6. Ghiaccio gommoso bianco<br \/>\n7. Ghiaccio all'anguria<br \/>\n8. Ghiaccio alla pesca succosa<br \/>\n9. Limonata rosa<br \/>\n10. Mango alla fragola<br \/>\n11. Pesca, mango e anguria<br \/>\n12. Uva e limone<br \/>\n13. Esplosione arcobaleno tropicale<br \/>\n14. Bomba alla ciliegia<br \/>\n15. Caramelle alla menta e fragola<br \/>\n16. Doppia mela<\/p>\n<figure id=\"attachment_23272\" aria-describedby=\"caption-attachment-23272\" style=\"width: 1248px\" class=\"wp-caption alignnone\"><img loading=\"lazy\" decoding=\"async\" class=\"size-full wp-image-23272\" title=\"Fumot Digital Monkey 40000 boccate di vapore monouso\" src=\"https:\/\/www.vape4wholesale.com\/wp-content\/uploads\/2025\/07\/Fumot-Digital-Monkey-40000-Puffs-Disposable-Vape.webp\" alt=\"Fumot Digital Monkey 40000 boccate di vapore monouso\" width=\"1248\" height=\"800\" srcset=\"https:\/\/www.vape4wholesale.com\/wp-content\/uploads\/2025\/07\/Fumot-Digital-Monkey-40000-Puffs-Disposable-Vape.webp 1248w, https:\/\/www.vape4wholesale.com\/wp-content\/uploads\/2025\/07\/Fumot-Digital-Monkey-40000-Puffs-Disposable-Vape-510x327.webp 510w, https:\/\/www.vape4wholesale.com\/wp-content\/uploads\/2025\/07\/Fumot-Digital-Monkey-40000-Puffs-Disposable-Vape-300x192.webp 300w, https:\/\/www.vape4wholesale.com\/wp-content\/uploads\/2025\/07\/Fumot-Digital-Monkey-40000-Puffs-Disposable-Vape-1024x656.webp 1024w, https:\/\/www.vape4wholesale.com\/wp-content\/uploads\/2025\/07\/Fumot-Digital-Monkey-40000-Puffs-Disposable-Vape-768x492.webp 768w, https:\/\/www.vape4wholesale.com\/wp-content\/uploads\/2025\/07\/Fumot-Digital-Monkey-40000-Puffs-Disposable-Vape-18x12.webp 18w, https:\/\/www.vape4wholesale.com\/wp-content\/uploads\/2025\/07\/Fumot-Digital-Monkey-40000-Puffs-Disposable-Vape-64x41.webp 64w\" sizes=\"auto, (max-width: 1248px) 100vw, 1248px\" \/><figcaption id=\"caption-attachment-23272\" class=\"wp-caption-text\">Fumot Digital Monkey 40000 boccate di vapore monouso<\/figcaption><\/figure>\n<h2>PERCH\u00c9 NOI?<\/h2>\r\n<ul>\r\n<li>Fonte di svapo reale, affidabile e professionale.<\/li>\r\n<li>100% Garanzia genuina: Forniamo solo prodotti originali e genuini, rifiutiamo la contraffazione.<\/li>\r\n<li>100% Garanzia di consegna: Usiamo il miglior metodo di spedizione per garantire che si riceve l'ordine 100%.<\/li>\r\n<li>Dopo la spedizione, vi forniremo il numero di tracking e l'etichetta di spedizione e seguiremo la merce per voi fino alla vostra firma.<\/li>\r\n<li>Nessun problema doganale, nessuna tariffa<\/li>\r\n<\/ul>","protected":false},"excerpt":{"rendered":"<div class=\"wsppc_div_block woocommerce_before_add_to_cart_form\">\r\n<p><strong><span style=\"color: #00a859;\">Clear customs<\/span> before delivery &amp; 100% Delivery Guarantee, Delivery in 19~25 days around.\u00a0<\/strong><\/p>\r\n<\/div>","protected":false},"featured_media":23259,"comment_status":"open","ping_status":"closed","template":"","meta":[],"pwb-brand":[1269],"product_cat":[873],"product_tag":[22,24,592,933,1016],"class_list":{"0":"post-23271","1":"product","2":"type-product","3":"status-publish","4":"has-post-thumbnail","6":"pwb-brand-fumot","7":"product_cat-above-20k-puffs","8":"product_tag-disposable","9":"product_tag-wholesale","10":"product_tag-fumot","11":"product_tag-35-0ml","12":"product_tag-40000-puffs","13":"wcpa_has_options","15":"first","16":"outofstock","17":"featured","18":"shipping-taxable","19":"purchasable","20":"product-type-variable"},"aioseo_notices":[],"brands":[{"id":1269,"name":"Fumot","slug":"fumot"}],"_links":{"self":[{"href":"https:\/\/www.vape4wholesale.com\/it\/wp-json\/wp\/v2\/product\/23271","targetHints":{"allow":["GET"]}}],"collection":[{"href":"https:\/\/www.vape4wholesale.com\/it\/wp-json\/wp\/v2\/product"}],"about":[{"href":"https:\/\/www.vape4wholesale.com\/it\/wp-json\/wp\/v2\/types\/product"}],"replies":[{"embeddable":true,"href":"https:\/\/www.vape4wholesale.com\/it\/wp-json\/wp\/v2\/comments?post=23271"}],"wp:featuredmedia":[{"embeddable":true,"href":"https:\/\/www.vape4wholesale.com\/it\/wp-json\/wp\/v2\/media\/23259"}],"wp:attachment":[{"href":"https:\/\/www.vape4wholesale.com\/it\/wp-json\/wp\/v2\/media?parent=23271"}],"wp:term":[{"taxonomy":"pwb-brand","embeddable":true,"href":"https:\/\/www.vape4wholesale.com\/it\/wp-json\/wp\/v2\/pwb-brand?post=23271"},{"taxonomy":"product_cat","embeddable":true,"href":"https:\/\/www.vape4wholesale.com\/it\/wp-json\/wp\/v2\/product_cat?post=23271"},{"taxonomy":"product_tag","embeddable":true,"href":"https:\/\/www.vape4wholesale.com\/it\/wp-json\/wp\/v2\/product_tag?post=23271"}],"curies":[{"name":"wp","href":"https:\/\/api.w.org\/{rel}","templated":true}]}}