{"id":23021,"date":"2025-06-26T23:11:15","date_gmt":"2025-06-26T15:11:15","guid":{"rendered":"https:\/\/www.vape4wholesale.com\/?post_type=product&#038;p=23021"},"modified":"2026-03-30T11:11:35","modified_gmt":"2026-03-30T03:11:35","slug":"bang-box-3in1-80k-soffi-monouso-vape-allingrosso","status":"publish","type":"product","link":"https:\/\/www.vape4wholesale.com\/it\/product\/bang-box-3in1-80k-puffs-disposable-vape-wholesale","title":{"rendered":"Bang Box 3in1 80K soffi monouso Vape all'ingrosso"},"content":{"rendered":"<p><a href=\"https:\/\/www.vape4wholesale.com\/it\/marca_prodotto\/botto\/\" target=\"_blank\" rel=\"noopener\">Bang<\/a> Box 3in1 80K Disposable Vape rivoluziona l'esperienza del vaping con il suo innovativo sistema di cialde 3-in-1. Dotato di triple cialde integrate e di un bocchino ruotabile, consente di passare istantaneamente da un aroma all'altro senza dover ricorrere a pi\u00f9 dispositivi. Con ben 80.000 boccate, una capacit\u00e0 di 60 ml di e-liquid di lunga durata e una batteria ricaricabile da 850 mAh Type-C, questo dispositivo \u00e8 progettato per un uso prolungato e senza problemi. Il display intelligente vi tiene informati con aggiornamenti in tempo reale sui livelli di e-liquid e sulla durata della batteria, assicurandovi di non essere mai colti di sorpresa.<\/p>\n<p>Godetevi un'esperienza su misura con 2 tipi di intensit\u00e0 di nicotina (20mg o 50mg) e 12 meravigliosi aromi, che vanno dalle miscele fruttate a quelle ghiacciate. Il design compatto e a prova di perdite offre un'estrazione fluida e saporita, senza pulsanti o impostazioni complicate: solo pura comodit\u00e0. Che siate amanti degli aromi o forti fumatori, la Bang Box 3in1 si adatta alle vostre preferenze senza sforzo.<\/p>\n<h2 class=\"ds-markdown-paragraph\">Bang Box 3in1 80K Vape usa e getta Dettagli rapidi<\/h2>\n<ul>\n<li class=\"ds-markdown-paragraph\">Bign\u00e8: Fino a 80.000<\/li>\n<li class=\"ds-markdown-paragraph\">Capacit\u00e0 e-liquid: 60mL (pre-riempito)<\/li>\n<li class=\"ds-markdown-paragraph\">Batteria: 850mAh ricaricabile (Tipo-C)<\/li>\n<li class=\"ds-markdown-paragraph\">Dosaggi di nicotina: 20 mg (2%) \/ 50 mg (5%)<\/li>\n<li class=\"ds-markdown-paragraph\">Gusti: 12 opzioni uniche<\/li>\n<li class=\"ds-markdown-paragraph\">Display: Schermo intelligente (livello di e-liquid e batteria)<\/li>\n<li class=\"ds-markdown-paragraph\">Caratteristiche principali: Triplo gusto 3 in 1<\/li>\n<li class=\"ds-markdown-paragraph\">Design: Compatto, a prova di perdite, senza pulsanti<\/li>\n<li class=\"ds-markdown-paragraph\">Ideale per: Variet\u00e0 di sapori e lunga durata del vapore<\/li>\n<\/ul>\n<h2>Gusti disponibili<\/h2>\n<p>1) Banana alla fragola \/ Anguria al lampone \/Amore 666<br \/>\n2) Frutta tropicale \/Anguria fragola \/ Pesca limone<br \/>\n3) Cola alla fragola e vaniglia \/Mela acida e lampone \/Lemon lime<br \/>\n4) Doppio Uva \/ Mango al lampone \/ Lampone acido al mirtillo ghiacciato<br \/>\n5) Gelato all'anguria\/gelato alla fragola\/triplo melone<br \/>\n6) Soda al limone e cola \/ Gomme al cocomero \/ Ghiaccio del Drago Nero<br \/>\n7) Triplo ghiaccio ai frutti di bosco \/ pesca al mango \/ kiwi ai frutti di bosco<br \/>\n8) Ghiaccio alla fragola \/ Anguria alla fragola \/ Pesca al mango all'ananas<br \/>\n9) Cocco all'ananas \/Caramella al lampone e fragola \/Ghiaccio azzurro<br \/>\n10) Limone e lime \/Mango e pesca \/ Anguria \/ Mirtillo ghiacciato<br \/>\n11) Ghiaccio all'anguria \/Red Bull \/Fragola Kiwi<br \/>\n12) Kiwi alla fragola \/ Ananas al mango acido \/ Red Bull alla fragola<\/p>\n<figure id=\"attachment_23023\" aria-describedby=\"caption-attachment-23023\" style=\"width: 800px\" class=\"wp-caption alignnone\"><img loading=\"lazy\" decoding=\"async\" class=\"size-full wp-image-23023\" title=\"Bang Box 3in1 80K soffi monouso Vape all&#039;ingrosso\" src=\"https:\/\/www.vape4wholesale.com\/wp-content\/uploads\/2025\/06\/Bang-Box-3in1-80K-Puffs-Disposable-Vape-Wholesale-1.webp\" alt=\"Bang Box 3in1 80K soffi monouso Vape all&#039;ingrosso\" width=\"800\" height=\"1422\" srcset=\"https:\/\/www.vape4wholesale.com\/wp-content\/uploads\/2025\/06\/Bang-Box-3in1-80K-Puffs-Disposable-Vape-Wholesale-1.webp 800w, https:\/\/www.vape4wholesale.com\/wp-content\/uploads\/2025\/06\/Bang-Box-3in1-80K-Puffs-Disposable-Vape-Wholesale-1-510x907.webp 510w, https:\/\/www.vape4wholesale.com\/wp-content\/uploads\/2025\/06\/Bang-Box-3in1-80K-Puffs-Disposable-Vape-Wholesale-1-169x300.webp 169w, https:\/\/www.vape4wholesale.com\/wp-content\/uploads\/2025\/06\/Bang-Box-3in1-80K-Puffs-Disposable-Vape-Wholesale-1-576x1024.webp 576w, https:\/\/www.vape4wholesale.com\/wp-content\/uploads\/2025\/06\/Bang-Box-3in1-80K-Puffs-Disposable-Vape-Wholesale-1-768x1365.webp 768w, https:\/\/www.vape4wholesale.com\/wp-content\/uploads\/2025\/06\/Bang-Box-3in1-80K-Puffs-Disposable-Vape-Wholesale-1-7x12.webp 7w, https:\/\/www.vape4wholesale.com\/wp-content\/uploads\/2025\/06\/Bang-Box-3in1-80K-Puffs-Disposable-Vape-Wholesale-1-64x114.webp 64w\" sizes=\"auto, (max-width: 800px) 100vw, 800px\" \/><figcaption id=\"caption-attachment-23023\" class=\"wp-caption-text\">Bang Box 3in1 80K soffi monouso Vape all'ingrosso<\/figcaption><\/figure>\n<h2>PERCH\u00c9 NOI?<\/h2>\r\n<ul>\r\n<li>Fonte di svapo reale, affidabile e professionale.<\/li>\r\n<li>100% Garanzia genuina: Forniamo solo prodotti originali e genuini, rifiutiamo la contraffazione.<\/li>\r\n<li>100% Garanzia di consegna: Usiamo il miglior metodo di spedizione per garantire che si riceve l'ordine 100%.<\/li>\r\n<li>Dopo la spedizione, vi forniremo il numero di tracking e l'etichetta di spedizione e seguiremo la merce per voi fino alla vostra firma.<\/li>\r\n<li>Nessun problema doganale, nessuna tariffa<\/li>\r\n<\/ul>","protected":false},"excerpt":{"rendered":"<div class=\"wsppc_div_block woocommerce_before_add_to_cart_form\">\r\n<p><strong><span style=\"color: #00a859;\">Sdoganare<\/span> prima della consegna e Garanzia di consegna al 100%, consegna in circa 19~25 giorni.\u00a0<\/strong><\/p>\r\n<\/div>","protected":false},"featured_media":22971,"comment_status":"open","ping_status":"closed","template":"","meta":[],"pwb-brand":[1275],"product_cat":[873],"product_tag":[22,24,249,1182,1197],"class_list":{"0":"post-23021","1":"product","2":"type-product","3":"status-publish","4":"has-post-thumbnail","6":"pwb-brand-bang","7":"product_cat-above-20k-puffs","8":"product_tag-disposable","9":"product_tag-wholesale","10":"product_tag-bang","11":"product_tag-60-0ml","12":"product_tag-80000-puffs","13":"wcpa_has_options","15":"first","16":"instock","17":"featured","18":"shipping-taxable","19":"purchasable","20":"product-type-variable"},"aioseo_notices":[],"brands":[{"id":1275,"name":"Bang","slug":"botto"}],"_links":{"self":[{"href":"https:\/\/www.vape4wholesale.com\/it\/wp-json\/wp\/v2\/product\/23021","targetHints":{"allow":["GET"]}}],"collection":[{"href":"https:\/\/www.vape4wholesale.com\/it\/wp-json\/wp\/v2\/product"}],"about":[{"href":"https:\/\/www.vape4wholesale.com\/it\/wp-json\/wp\/v2\/types\/product"}],"replies":[{"embeddable":true,"href":"https:\/\/www.vape4wholesale.com\/it\/wp-json\/wp\/v2\/comments?post=23021"}],"wp:featuredmedia":[{"embeddable":true,"href":"https:\/\/www.vape4wholesale.com\/it\/wp-json\/wp\/v2\/media\/22971"}],"wp:attachment":[{"href":"https:\/\/www.vape4wholesale.com\/it\/wp-json\/wp\/v2\/media?parent=23021"}],"wp:term":[{"taxonomy":"pwb-brand","embeddable":true,"href":"https:\/\/www.vape4wholesale.com\/it\/wp-json\/wp\/v2\/pwb-brand?post=23021"},{"taxonomy":"product_cat","embeddable":true,"href":"https:\/\/www.vape4wholesale.com\/it\/wp-json\/wp\/v2\/product_cat?post=23021"},{"taxonomy":"product_tag","embeddable":true,"href":"https:\/\/www.vape4wholesale.com\/it\/wp-json\/wp\/v2\/product_tag?post=23021"}],"curies":[{"name":"wp","href":"https:\/\/api.w.org\/{rel}","templated":true}]}}