{"id":22859,"date":"2025-06-21T11:41:43","date_gmt":"2025-06-21T03:41:43","guid":{"rendered":"https:\/\/www.vape4wholesale.com\/?post_type=product&#038;p=22859"},"modified":"2026-04-07T17:01:45","modified_gmt":"2026-04-07T09:01:45","slug":"happ-bar-gr30000-monouso-vape-allingrosso","status":"publish","type":"product","link":"https:\/\/www.vape4wholesale.com\/it\/product\/happ-bar-gr30000-disposable-vape-wholesale","title":{"rendered":"Happ Bar GR30000 Vape monouso all'ingrosso"},"content":{"rendered":"<p class=\"ds-markdown-paragraph\">Il\u00a0<a href=\"https:\/\/www.vape4wholesale.com\/it\/marca_prodotto\/bar-felice\/\" target=\"_blank\" rel=\"noopener\">Happ Bar<\/a> Il Vape monouso GR30000 \u00e8 l'aggiornamento definitivo del <a href=\"https:\/\/www.vape4wholesale.com\/it\/prodotto\/happ-bar-gr20000-monouso-vape-allingrosso\/\" target=\"_blank\" rel=\"noopener\">GR20000<\/a>che offre un'impareggiabile quantit\u00e0 di 30.000 boccate per una soddisfazione di lunga durata. Con un'enorme capacit\u00e0 di 30 ml di e-liquid e un flusso d'aria regolabile, questa svapata monouso di qualit\u00e0 superiore offre nuvole morbide e saporite ogni volta. Scegliete tra l'intensit\u00e0 di nicotina 2% o 5% per soddisfare le vostre preferenze e godetevi la comodit\u00e0 di una batteria ricaricabile da 650 mAh con ricarica USB Type-C. Il display digitale integrato vi tiene informati sulla durata della batteria e sui livelli di e-juice, assicurandovi di non rimanere mai a secco inaspettatamente.<\/p>\n<p class=\"ds-markdown-paragraph\">Provate la nuova generazione del vaping usa e getta con gli aggiornamenti all'avanguardia del GR30000. A differenza degli usa e getta standard, \u00e8 dotata di una bobina a maglia da 1,0 ohm per un sapore pi\u00f9 ricco e una produzione di vapore costante. La ricarica rapida Type-C riduce i tempi di inattivit\u00e0, mentre i 20 deliziosi aromi soddisfano tutti i gusti, dal fruttato al mentolo ghiacciato. Sia che siate forti fumatori o che preferiate un tiro pi\u00f9 morbido, il flusso d'aria regolabile vi permette di personalizzare l'estrazione per un'esperienza perfetta.<\/p>\n<p class=\"ds-markdown-paragraph\">Passate alla svapata monouso pi\u00f9 duratura: App Bar GR30000! Con 30 ml di e-liquid, ricaricabile e un elegante display, supera i tradizionali monouso. Acquista ora ed esplora 20 gusti rinfrescanti, tutti progettati per la massima soddisfazione.<\/p>\n<h2>Happ Bar GR30000 Vape usa e getta Dettagli rapidi<\/h2>\n<p class=\"ds-markdown-paragraph\">Bign\u00e8: 30.000 (longevit\u00e0 estesa)<br \/>\nPunti di forza della nicotina: 2% e 5% (hit morbido o forte)<br \/>\nBatteria: 650mAh (ricaricabile tramite Type-C)<br \/>\nCapacit\u00e0 del liquido elettronico: 30 ml (pre-riempito, non sono necessarie ricariche)<br \/>\nResistenza della bobina: 1.0ohm mesh (sapore e vapore equilibrati)<br \/>\nSchermo del display: Mostra la durata della batteria e il livello di e-juice<br \/>\nControllo del flusso d'aria: Regolabile per un'aspirazione pi\u00f9 stretta\/pi\u00f9 lenta<br \/>\nAromi: oltre 20 opzioni (frutta, mentolo, dessert, ecc.).<br \/>\nAggiornamento: tecnologia e capacit\u00e0 migliorate rispetto a GR20000<\/p>\n<h2>Gusti disponibili<\/h2>\n<p>1. Mirtillo Lampone<br \/>\n2. Kiwi alla fragola<br \/>\n3. Anguria al lampone<br \/>\n4. Kiwi Frutto della passione Guava<br \/>\n5. Mirtillo Ciliegia Mirtillo Rosso<br \/>\n6. Fragola e lampone<br \/>\n7. Ghiaccio all'anguria<br \/>\n8. Banana alla fragola<br \/>\n9. Ghiaccio al mirtillo<br \/>\n10. Ghiaccio alla fragola<br \/>\n11. Ghiaccio alla ciliegia<br \/>\n12. Orso gommoso blu Razz<br \/>\n13. Ananas cocco<br \/>\n14. Coca-Cola alla fragola e vaniglia<br \/>\n15. Melone di Hami<br \/>\n16. Grandine di limone<br \/>\n17. Mango mostruoso<br \/>\n18. Ghiaccio alla cola<br \/>\n19. Menta nera<br \/>\n20. Grandine di pesche<br \/>\n21. Il paradiso del cocco<br \/>\n22. Anguria Kiwi<\/p>\n<figure id=\"attachment_22856\" aria-describedby=\"caption-attachment-22856\" style=\"width: 800px\" class=\"wp-caption alignnone\"><img loading=\"lazy\" decoding=\"async\" class=\"wp-image-22856 size-full\" title=\"Happ Bar GR30000 Vape monouso all&#039;ingrosso\" src=\"https:\/\/www.vape4wholesale.com\/wp-content\/uploads\/2025\/06\/Happ-Bar-GR30000-Disposable-Vape-Wholesale.webp\" alt=\"Happ Bar GR30000 Vape monouso all&#039;ingrosso\" width=\"800\" height=\"800\" srcset=\"https:\/\/www.vape4wholesale.com\/wp-content\/uploads\/2025\/06\/Happ-Bar-GR30000-Disposable-Vape-Wholesale.webp 800w, https:\/\/www.vape4wholesale.com\/wp-content\/uploads\/2025\/06\/Happ-Bar-GR30000-Disposable-Vape-Wholesale-247x247.webp 247w, https:\/\/www.vape4wholesale.com\/wp-content\/uploads\/2025\/06\/Happ-Bar-GR30000-Disposable-Vape-Wholesale-100x100.webp 100w, https:\/\/www.vape4wholesale.com\/wp-content\/uploads\/2025\/06\/Happ-Bar-GR30000-Disposable-Vape-Wholesale-510x510.webp 510w\" sizes=\"auto, (max-width: 800px) 100vw, 800px\" \/><figcaption id=\"caption-attachment-22856\" class=\"wp-caption-text\"><span style=\"vertical-align: inherit;\"><span style=\"vertical-align: inherit;\">Happ Bar GR30000 Vape monouso all'ingrosso<\/span><\/span><\/figcaption><\/figure>\n<h2>PERCH\u00c9 NOI?<\/h2>\r\n<ul>\r\n<li>Fonte di svapo reale, affidabile e professionale.<\/li>\r\n<li>100% Garanzia genuina: Forniamo solo prodotti originali e genuini, rifiutiamo la contraffazione.<\/li>\r\n<li>100% Garanzia di consegna: Usiamo il miglior metodo di spedizione per garantire che si riceve l'ordine 100%.<\/li>\r\n<li>Dopo la spedizione, vi forniremo il numero di tracking e l'etichetta di spedizione e seguiremo la merce per voi fino alla vostra firma.<\/li>\r\n<li>Nessun problema doganale, nessuna tariffa<\/li>\r\n<\/ul>\n<p>&nbsp;<\/p>","protected":false},"excerpt":{"rendered":"<p><b><span style=\"color: #00a859;\">Spedizione gratuita<\/span>\u00a0dal magazzino europeo, tempo di consegna 7-15 giorni lavorativi.<\/b><\/p>\r\n<div class=\"wsppc_div_block woocommerce_before_add_to_cart_form\">\r\n<p><strong>Sdoganamento prima della consegna e% Garanzia di Consegna al 100%<\/strong><\/p>\r\n<\/div>","protected":false},"featured_media":22856,"comment_status":"open","ping_status":"closed","template":"","meta":[],"pwb-brand":[1267],"product_cat":[938],"product_tag":[24,683,850,1035,22],"class_list":{"0":"post-22859","1":"product","2":"type-product","3":"status-publish","4":"has-post-thumbnail","6":"pwb-brand-happ-bar","7":"product_cat-europe-warehouse","8":"product_tag-wholesale","9":"product_tag-30-0ml","10":"product_tag-30000-puffs","11":"product_tag-happ-bar","12":"product_tag-disposable","13":"product_shipping_class-eu-warehouse","14":"wcpa_has_options","16":"first","17":"instock","18":"featured","19":"shipping-taxable","20":"purchasable","21":"product-type-variable"},"aioseo_notices":[],"brands":[{"id":1267,"name":"Happ Bar","slug":"bar-felice"}],"_links":{"self":[{"href":"https:\/\/www.vape4wholesale.com\/it\/wp-json\/wp\/v2\/product\/22859","targetHints":{"allow":["GET"]}}],"collection":[{"href":"https:\/\/www.vape4wholesale.com\/it\/wp-json\/wp\/v2\/product"}],"about":[{"href":"https:\/\/www.vape4wholesale.com\/it\/wp-json\/wp\/v2\/types\/product"}],"replies":[{"embeddable":true,"href":"https:\/\/www.vape4wholesale.com\/it\/wp-json\/wp\/v2\/comments?post=22859"}],"wp:featuredmedia":[{"embeddable":true,"href":"https:\/\/www.vape4wholesale.com\/it\/wp-json\/wp\/v2\/media\/22856"}],"wp:attachment":[{"href":"https:\/\/www.vape4wholesale.com\/it\/wp-json\/wp\/v2\/media?parent=22859"}],"wp:term":[{"taxonomy":"pwb-brand","embeddable":true,"href":"https:\/\/www.vape4wholesale.com\/it\/wp-json\/wp\/v2\/pwb-brand?post=22859"},{"taxonomy":"product_cat","embeddable":true,"href":"https:\/\/www.vape4wholesale.com\/it\/wp-json\/wp\/v2\/product_cat?post=22859"},{"taxonomy":"product_tag","embeddable":true,"href":"https:\/\/www.vape4wholesale.com\/it\/wp-json\/wp\/v2\/product_tag?post=22859"}],"curies":[{"name":"wp","href":"https:\/\/api.w.org\/{rel}","templated":true}]}}