{"id":22135,"date":"2025-05-15T16:49:29","date_gmt":"2025-05-15T08:49:29","guid":{"rendered":"https:\/\/www.vape4wholesale.com\/?post_type=product&#038;p=22135"},"modified":"2026-01-26T13:39:05","modified_gmt":"2026-01-26T13:39:05","slug":"happ-bar-twin-pod-35000-vape-monouso","status":"publish","type":"product","link":"https:\/\/www.vape4wholesale.com\/it\/prodotto\/happ-bar-twin-pod-35000-vape-monouso","title":{"rendered":"Happ Bar Twin Pod 35000 Vape usa e getta"},"content":{"rendered":"<p class=\"ds-markdown-paragraph\">Il <a title=\"Happ Bar\" href=\"https:\/\/www.vape4wholesale.com\/it\/marca_prodotto\/bar-felice\/\"><strong>Happ Bar<\/strong> <\/a>Twin Pod 35000 Disposable Vape \u00e8 il dispositivo a doppio gusto per eccellenza. Con ben 35.000 boccate, questo dispositivo aggiornato \u00e8 dotato di due serbatoi da 18 ml e di un bocchino rotante per passare senza sforzo da un aroma all'altro. Alimentato da una batteria ricaricabile Type-C da 650 mAh e da bobine a doppia maglia (1,0ohm), offre un vapore fluido e ricco e prestazioni di lunga durata.<\/p>\n<p class=\"ds-markdown-paragraph\">\u00c8 disponibile con intensit\u00e0 di nicotina 2% e 5% a scelta e un elegante design sfumato con display a LED per un'esperienza di vaping elegante. Il sistema a doppio serbatoio elimina la necessit\u00e0 di utilizzare pi\u00f9 dispositivi, mentre la maggiore capacit\u00e0 di e-liquid garantisce un uso prolungato. Perfetta per i vapers che desiderano variet\u00e0 e convenienza senza compromettere il sapore o la qualit\u00e0 del vapore.<\/p>\n<p class=\"ds-markdown-paragraph\">Progettata per la portabilit\u00e0 e le prestazioni, combina innovazione e praticit\u00e0. Il suo design accattivante, la lunga durata della batteria e la tecnologia a doppio gusto ne fanno una scelta di spicco per il vaping di tutto il giorno. Potenziate la vostra esperienza oggi stesso con questa svapata monouso ad alta capacit\u00e0 e ricca di funzioni!<\/p>\n<h2 class=\"ds-markdown-paragraph\"><strong>Happ Bar Twin Pod 35000 Vape usa e getta Dettagli rapidi<\/strong><\/h2>\n<ul>\n<li>\n<p class=\"ds-markdown-paragraph\"><strong>Bign\u00e8:<\/strong>\u00a035,000<\/p>\n<\/li>\n<li>\n<p class=\"ds-markdown-paragraph\"><strong>Nicotina:<\/strong>\u00a02% o 5% (opzionale)<\/p>\n<\/li>\n<li>\n<p class=\"ds-markdown-paragraph\"><strong>Batteria:<\/strong>\u00a0650 mAh (ricaricabile di tipo C)<\/p>\n<\/li>\n<li>\n<p class=\"ds-markdown-paragraph\"><strong>Capacit\u00e0 del liquido elettronico:<\/strong> 36ML-18mL + 18mL (doppio serbatoio)<\/p>\n<\/li>\n<li>\n<p class=\"ds-markdown-paragraph\"><strong>Bobina:<\/strong>\u00a0Maglia doppia (1,0ohm)<\/p>\n<\/li>\n<li>\n<p class=\"ds-markdown-paragraph\"><strong>Design:<\/strong>\u00a0Colori sfumati + display a LED<\/p>\n<\/li>\n<\/ul>\n<h2><strong>Perch\u00e9 scegliere Happ Bar Twin Pod 35000?<\/strong><\/h2>\n<ul>\n<li class=\"ds-markdown-paragraph\">Due sapori in un unico dispositivo - Per passare da un sapore all'altro basta una semplice rotazione del boccaglio.<\/li>\n<li class=\"ds-markdown-paragraph\">Pi\u00f9 duraturo e pi\u00f9 economico - Una maggiore capacit\u00e0 di e-juice significa meno sostituzioni.<\/li>\n<li class=\"ds-markdown-paragraph\">Colpi morbidi e saporiti - Le avanzate bobine a doppia maglia migliorano il vapore e il gusto.<\/li>\n<li class=\"ds-markdown-paragraph\">Design accattivante - Si distingue per la vivace finitura sfumata e il display a LED.<\/li>\n<\/ul>\n<h2><strong>Gusti disponibili<\/strong><\/h2>\n<ol>\n<li>Pesco, mango, ananas e fragola<\/li>\n<li>Limonata Blue Razz e ghiaccio alla pesca<\/li>\n<li>Fragola Kiwi e Ghiaccio Lush<\/li>\n<li>Caramello al lampone e doppia mela<\/li>\n<li>Ghiaccio all'anguria e limone al lime<\/li>\n<li>Ghiaccio al mirtillo, lampone, limone e ciliegia<\/li>\n<li>Coca-Cola alla fragola e vaniglia e frutti di bosco misti<\/li>\n<li>Gomma da masticare al mirtillo, ciliegia, mirtillo rosso e anguria<\/li>\n<li>Ghiaccio alla fragola, banana e cola<\/li>\n<li>Ghiaccio all'ananas, cocco e mirtilli<\/li>\n<li>Red Bull Ice e Hami Melon<\/li>\n<li>Ghiaccio all'uva e pesca alla mela<\/li>\n<\/ol>\n<figure id=\"attachment_22120\" aria-describedby=\"caption-attachment-22120\" style=\"width: 800px\" class=\"wp-caption alignnone\"><img loading=\"lazy\" decoding=\"async\" class=\"size-full wp-image-22120\" title=\"Happ Bar Twin Pod 35000 Mirtillo, ciliegia, mirtillo rosso e anguria Bubble Gum\" src=\"https:\/\/www.vape4wholesale.com\/wp-content\/uploads\/2025\/05\/Happ-Bar-Twin-Pod-35000-Blueberry-Cherry-Cranberry-Watermelon-Bubble-Gum.webp\" alt=\"Happ Bar Twin Pod 35000 Mirtillo, ciliegia, mirtillo rosso e anguria Bubble Gum\" width=\"800\" height=\"800\" srcset=\"https:\/\/www.vape4wholesale.com\/wp-content\/uploads\/2025\/05\/Happ-Bar-Twin-Pod-35000-Blueberry-Cherry-Cranberry-Watermelon-Bubble-Gum.webp 800w, https:\/\/www.vape4wholesale.com\/wp-content\/uploads\/2025\/05\/Happ-Bar-Twin-Pod-35000-Blueberry-Cherry-Cranberry-Watermelon-Bubble-Gum-247x247.webp 247w, https:\/\/www.vape4wholesale.com\/wp-content\/uploads\/2025\/05\/Happ-Bar-Twin-Pod-35000-Blueberry-Cherry-Cranberry-Watermelon-Bubble-Gum-100x100.webp 100w, https:\/\/www.vape4wholesale.com\/wp-content\/uploads\/2025\/05\/Happ-Bar-Twin-Pod-35000-Blueberry-Cherry-Cranberry-Watermelon-Bubble-Gum-510x510.webp 510w, https:\/\/www.vape4wholesale.com\/wp-content\/uploads\/2025\/05\/Happ-Bar-Twin-Pod-35000-Blueberry-Cherry-Cranberry-Watermelon-Bubble-Gum-300x300.webp 300w, https:\/\/www.vape4wholesale.com\/wp-content\/uploads\/2025\/05\/Happ-Bar-Twin-Pod-35000-Blueberry-Cherry-Cranberry-Watermelon-Bubble-Gum-150x150.webp 150w, https:\/\/www.vape4wholesale.com\/wp-content\/uploads\/2025\/05\/Happ-Bar-Twin-Pod-35000-Blueberry-Cherry-Cranberry-Watermelon-Bubble-Gum-768x768.webp 768w, https:\/\/www.vape4wholesale.com\/wp-content\/uploads\/2025\/05\/Happ-Bar-Twin-Pod-35000-Blueberry-Cherry-Cranberry-Watermelon-Bubble-Gum-12x12.webp 12w, https:\/\/www.vape4wholesale.com\/wp-content\/uploads\/2025\/05\/Happ-Bar-Twin-Pod-35000-Blueberry-Cherry-Cranberry-Watermelon-Bubble-Gum-64x64.webp 64w\" sizes=\"auto, (max-width: 800px) 100vw, 800px\" \/><figcaption id=\"caption-attachment-22120\" class=\"wp-caption-text\">Happ Bar Twin Pod 35000 Mirtillo, ciliegia, mirtillo rosso e anguria Bubble Gum<\/figcaption><\/figure>\n<h2>PERCH\u00c9 NOI?<\/h2>\r\n<ul>\r\n<li>Fonte di svapo reale, affidabile e professionale.<\/li>\r\n<li>100% Garanzia genuina: Forniamo solo prodotti originali e genuini, rifiutiamo la contraffazione.<\/li>\r\n<li>100% Garanzia di consegna: Usiamo il miglior metodo di spedizione per garantire che si riceve l'ordine 100%.<\/li>\r\n<li>Dopo la spedizione, vi forniremo il numero di tracking e l'etichetta di spedizione e seguiremo la merce per voi fino alla vostra firma.<\/li>\r\n<li>Nessun problema doganale, nessuna tariffa<\/li>\r\n<\/ul>","protected":false},"excerpt":{"rendered":"<p><b><span style=\"color: #00a859;\">Free shipping<\/span>\u00a0from Europe warehouse, 7-15 working days delivery time.<\/b><\/p>\r\n<div class=\"wsppc_div_block woocommerce_before_add_to_cart_form\">\r\n<p><strong>Clear customs before delivery &amp; 100% Delivery Guarantee<\/strong><\/p>\r\n<\/div>","protected":false},"featured_media":22122,"comment_status":"open","ping_status":"closed","template":"","meta":[],"pwb-brand":[1267],"product_cat":[938],"product_tag":[22,24,849,1023,1035],"class_list":{"0":"post-22135","1":"product","2":"type-product","3":"status-publish","4":"has-post-thumbnail","6":"pwb-brand-happ-bar","7":"product_cat-europe-warehouse","8":"product_tag-disposable","9":"product_tag-wholesale","10":"product_tag-36-0ml","11":"product_tag-35000-puffs","12":"product_tag-happ-bar","13":"product_shipping_class-eu-warehouse","14":"wcpa_has_options","16":"first","17":"instock","18":"featured","19":"shipping-taxable","20":"purchasable","21":"product-type-variable"},"aioseo_notices":[],"brands":[{"id":1267,"name":"Happ Bar","slug":"bar-felice"}],"_links":{"self":[{"href":"https:\/\/www.vape4wholesale.com\/it\/wp-json\/wp\/v2\/product\/22135","targetHints":{"allow":["GET"]}}],"collection":[{"href":"https:\/\/www.vape4wholesale.com\/it\/wp-json\/wp\/v2\/product"}],"about":[{"href":"https:\/\/www.vape4wholesale.com\/it\/wp-json\/wp\/v2\/types\/product"}],"replies":[{"embeddable":true,"href":"https:\/\/www.vape4wholesale.com\/it\/wp-json\/wp\/v2\/comments?post=22135"}],"wp:featuredmedia":[{"embeddable":true,"href":"https:\/\/www.vape4wholesale.com\/it\/wp-json\/wp\/v2\/media\/22122"}],"wp:attachment":[{"href":"https:\/\/www.vape4wholesale.com\/it\/wp-json\/wp\/v2\/media?parent=22135"}],"wp:term":[{"taxonomy":"pwb-brand","embeddable":true,"href":"https:\/\/www.vape4wholesale.com\/it\/wp-json\/wp\/v2\/pwb-brand?post=22135"},{"taxonomy":"product_cat","embeddable":true,"href":"https:\/\/www.vape4wholesale.com\/it\/wp-json\/wp\/v2\/product_cat?post=22135"},{"taxonomy":"product_tag","embeddable":true,"href":"https:\/\/www.vape4wholesale.com\/it\/wp-json\/wp\/v2\/product_tag?post=22135"}],"curies":[{"name":"wp","href":"https:\/\/api.w.org\/{rel}","templated":true}]}}