{"id":21602,"date":"2025-04-21T21:47:54","date_gmt":"2025-04-21T13:47:54","guid":{"rendered":"https:\/\/www.vape4wholesale.com\/?post_type=product&#038;p=21602"},"modified":"2026-05-08T20:28:30","modified_gmt":"2026-05-08T12:28:30","slug":"vozol-gear-power-20k-vape-monouso-allingrosso","status":"publish","type":"product","link":"https:\/\/www.vape4wholesale.com\/it\/product\/vozol-gear-power-20k-disposable-vape-wholesale","title":{"rendered":"Vozol Gear Power 20K Vape monouso all'ingrosso"},"content":{"rendered":"<p class=\"ds-markdown-paragraph\">il <a title=\"Vozol\" href=\"https:\/\/www.vape4wholesale.com\/it\/marca_prodotto\/vozol\/\"><strong>Vozol<\/strong><\/a> Gear Power 20K \u00e8 una svapata monouso avanzata alimentata dalla tecnologia S.i.L.C. per un sapore e una produzione di vapore ultra-lisci. Dotato di un intelligente sistema a doppia alimentazione, \u00e8 possibile passare dalla modalit\u00e0 Eco (fino a 20.000 boccate) per un uso prolungato alla modalit\u00e0 Power (fino a 12.000 boccate) per nuvole e ricchezza intensificate, il tutto in un dispositivo compatto.<\/p>\n<p class=\"ds-markdown-paragraph\">Dotata di una Dual Mesh Coil, questa svapata assicura un riscaldamento costante e una maggiore chiarezza del sapore, mentre il display a tutto schermo vi tiene informati sulla durata della batteria e sui livelli di e-liquid in tempo reale. Pre-riempita con 20 ml di e-liquid di qualit\u00e0 superiore e con una gradazione di nicotina di 5% (50 mg), offre un colpo in gola soddisfacente e una forte soddisfazione di nicotina.<\/p>\n<h2>Vozol Gear Power 20K Vape Dettagli veloci<\/h2>\n<ul>\n<li>S.i.L.C. Tech<\/li>\n<li>Modalit\u00e0 ECO\/POWER a doppia alimentazione<\/li>\n<li>Fino a 20000 boccate in modalit\u00e0 Eco<\/li>\n<li>Fino a 12000 boccate in modalit\u00e0 Power<\/li>\n<li>Bobina a doppia maglia<\/li>\n<li>Visualizzazione a schermo intero<\/li>\n<li>Liquido elettronico pre-riempito da 20 ml<\/li>\n<li>5%(50mg) Forza di Nicotina<\/li>\n<\/ul>\n<h2>Gusti disponibili<\/h2>\n<p>1. Ghiaccio all'anguria<br \/>\n2. Ghiaccio all'uva<br \/>\n3. Ghiaccio al mango<br \/>\n4. Ghiaccio doppio alla mela<br \/>\n5. Lavafire<br \/>\n6. Tempesta di mirtilli<br \/>\n7. Mojito blu<br \/>\n8. Mango Ananas Pompelmo<br \/>\n9. Kiwi alla fragola<br \/>\n10. Anguria al lampone<br \/>\n11. Ghiaccio blu Razz<br \/>\n12. Mango alla fragola<br \/>\n13. Limone e lime<br \/>\n14. Limonata alla ciliegia<br \/>\n15. Bacche miste<br \/>\n16. Frutto del drago Banana Ciliegia<br \/>\n17. Menta al limone<br \/>\n19. Ghiaccio alla pesca<br \/>\n20. Anguria alla fragola<\/p>\n<h2>Dettagli sull'imballaggio<\/h2>\n<ul>\n<li>1\/scatola di cerniere<\/li>\n<li>10\/scatola di visualizzazione<\/li>\n<li>200\/cartone, 22,8 kg<\/li>\n<\/ul>\n<figure id=\"attachment_21614\" aria-describedby=\"caption-attachment-21614\" style=\"width: 750px\" class=\"wp-caption alignnone\"><img loading=\"lazy\" decoding=\"async\" class=\"wp-image-21614 size-full\" title=\"Vozol Gear Power 20K Vape monouso all&#039;ingrosso (1)\" src=\"https:\/\/www.vape4wholesale.com\/wp-content\/uploads\/2025\/04\/Vozol-Gear-Power-20K-Disposable-Vape-Wholesale-1.webp\" alt=\"Vozol Gear Power 20K Vape monouso all&#039;ingrosso (1)\" width=\"750\" height=\"800\" srcset=\"https:\/\/www.vape4wholesale.com\/wp-content\/uploads\/2025\/04\/Vozol-Gear-Power-20K-Disposable-Vape-Wholesale-1.webp 750w, https:\/\/www.vape4wholesale.com\/wp-content\/uploads\/2025\/04\/Vozol-Gear-Power-20K-Disposable-Vape-Wholesale-1-510x544.webp 510w, https:\/\/www.vape4wholesale.com\/wp-content\/uploads\/2025\/04\/Vozol-Gear-Power-20K-Disposable-Vape-Wholesale-1-281x300.webp 281w, https:\/\/www.vape4wholesale.com\/wp-content\/uploads\/2025\/04\/Vozol-Gear-Power-20K-Disposable-Vape-Wholesale-1-11x12.webp 11w, https:\/\/www.vape4wholesale.com\/wp-content\/uploads\/2025\/04\/Vozol-Gear-Power-20K-Disposable-Vape-Wholesale-1-64x68.webp 64w\" sizes=\"auto, (max-width: 750px) 100vw, 750px\" \/><figcaption id=\"caption-attachment-21614\" class=\"wp-caption-text\">Vozol Gear Power 20K Vape monouso all'ingrosso<\/figcaption><\/figure>\n<h2>PERCH\u00c9 NOI?<\/h2>\r\n<ul>\r\n<li>Fonte di svapo reale, affidabile e professionale.<\/li>\r\n<li>100% Garanzia genuina: Forniamo solo prodotti originali e genuini, rifiutiamo la contraffazione.<\/li>\r\n<li>100% Garanzia di consegna: Usiamo il miglior metodo di spedizione per garantire che si riceve l'ordine 100%.<\/li>\r\n<li>Dopo la spedizione, vi forniremo il numero di tracking e l'etichetta di spedizione e seguiremo la merce per voi fino alla vostra firma.<\/li>\r\n<li>Nessun problema doganale, nessuna tariffa<\/li>\r\n<\/ul>","protected":false},"excerpt":{"rendered":"<p><b><span style=\"color: #00a859;\">Spedizione gratuita<\/span>\u00a0dal magazzino europeo, tempo di consegna 7-15 giorni lavorativi.<\/b><\/p>\r\n<div class=\"wsppc_div_block woocommerce_before_add_to_cart_form\">\r\n<p><strong>Sdoganamento prima della consegna e% Garanzia di Consegna al 100%<\/strong><\/p>\r\n<\/div>","protected":false},"featured_media":21612,"comment_status":"open","ping_status":"closed","template":"","meta":[],"pwb-brand":[1276],"product_cat":[938],"product_tag":[22,24,172,794,1137],"class_list":{"0":"post-21602","1":"product","2":"type-product","3":"status-publish","4":"has-post-thumbnail","6":"pwb-brand-vozol","7":"product_cat-europe-warehouse","8":"product_tag-disposable","9":"product_tag-wholesale","10":"product_tag-20-0ml","11":"product_tag-20000-puffs","12":"product_tag-vozol","13":"product_shipping_class-eu-warehouse","15":"first","16":"outofstock","17":"featured","18":"shipping-taxable","19":"purchasable","20":"product-type-variable"},"aioseo_notices":[],"brands":[{"id":1276,"name":"Vozol","slug":"vozol"}],"_links":{"self":[{"href":"https:\/\/www.vape4wholesale.com\/it\/wp-json\/wp\/v2\/product\/21602","targetHints":{"allow":["GET"]}}],"collection":[{"href":"https:\/\/www.vape4wholesale.com\/it\/wp-json\/wp\/v2\/product"}],"about":[{"href":"https:\/\/www.vape4wholesale.com\/it\/wp-json\/wp\/v2\/types\/product"}],"replies":[{"embeddable":true,"href":"https:\/\/www.vape4wholesale.com\/it\/wp-json\/wp\/v2\/comments?post=21602"}],"wp:featuredmedia":[{"embeddable":true,"href":"https:\/\/www.vape4wholesale.com\/it\/wp-json\/wp\/v2\/media\/21612"}],"wp:attachment":[{"href":"https:\/\/www.vape4wholesale.com\/it\/wp-json\/wp\/v2\/media?parent=21602"}],"wp:term":[{"taxonomy":"pwb-brand","embeddable":true,"href":"https:\/\/www.vape4wholesale.com\/it\/wp-json\/wp\/v2\/pwb-brand?post=21602"},{"taxonomy":"product_cat","embeddable":true,"href":"https:\/\/www.vape4wholesale.com\/it\/wp-json\/wp\/v2\/product_cat?post=21602"},{"taxonomy":"product_tag","embeddable":true,"href":"https:\/\/www.vape4wholesale.com\/it\/wp-json\/wp\/v2\/product_tag?post=21602"}],"curies":[{"name":"wp","href":"https:\/\/api.w.org\/{rel}","templated":true}]}}