{"id":20242,"date":"2025-02-26T11:53:11","date_gmt":"2025-02-26T03:53:11","guid":{"rendered":"https:\/\/www.vape4wholesale.com\/?post_type=product&#038;p=20242"},"modified":"2026-01-27T13:44:46","modified_gmt":"2026-01-27T13:44:46","slug":"uwin-crystal-20000-puff-monouso-vape-allingrosso-2","status":"publish","type":"product","link":"https:\/\/www.vape4wholesale.com\/it\/product\/uwin-crystal-20000-puffs-disposable-vape-wholesale","title":{"rendered":"Uwin Crystal 20000 Puffs Vape usa e getta all'ingrosso"},"content":{"rendered":"<p>Il\u00a0<a title=\"Uwin\" href=\"https:\/\/www.vape4wholesale.com\/it\/marca_prodotto\/uwin\/\" target=\"_blank\" rel=\"noopener\"><strong>Uwin<\/strong><\/a> Crystal 20000 \u00e8 un dispositivo SHISHA HOOKAH di qualit\u00e0 superiore, progettato per offrire un'esperienza di vaping eccezionale. Con un'enorme capacit\u00e0 di 25 ml e un supporto fino a 20.000 puff, questo dispositivo assicura un divertimento duraturo senza la necessit\u00e0 di frequenti ricariche. L'impressionante numero di puff e la grande capacit\u00e0 di e-liquid lo rendono una scelta affidabile sia per gli utenti occasionali che per quelli pi\u00f9 esigenti.<\/p>\n<p>Dotato di una batteria ricaricabile da 850 mAh e di una comoda porta Type-C, Uwin Crystal 20000 \u00e8 costruito per garantire convenienza ed efficienza. La tecnologia avanzata della bobina a rete migliora l'erogazione del sapore, offrendo un'esperienza di svapo fluida e soddisfacente a ogni boccata. A casa o in viaggio, questo dispositivo offre prestazioni costanti e facilit\u00e0 d'uso.<\/p>\n<p>Inoltre, Uwin Crystal 20000 soddisfa un'ampia gamma di preferenze con 12 gusti unici e opzioni di nicotina che vanno da 0%, 2%, 3% e 5%. Questa versatilit\u00e0 garantisce che ogni utente possa trovare il suo abbinamento perfetto. Che siate appassionati esperti o nuovi di SHISHA HOOKAH, Uwin Crystal 20000 combina innovazione, stile e funzionalit\u00e0 per un'esperienza di svapo senza pari.<\/p>\n<h2>Uwin Crystal 20000 usa e getta Vape Dettaglio veloce<\/h2>\n<ul>\n<li>0% 2% 3% 5% Nicotina<\/li>\n<li>Bign\u00e8: 20000<\/li>\n<li>Capacit\u00e0: 25 ml<\/li>\n<li>200 pezzi \/Cartone<\/li>\n<li>10 pezzi \/Box<\/li>\n<li>12 gusti disponibili<\/li>\n<li>850 mAh Porta ricaricabile in cobalto di tipo C<\/li>\n<li>Bobina: bobina a rete<\/li>\n<\/ul>\n<h2>Gusti disponibili<\/h2>\n<p>1.Mirtillo con ghiaccio<br \/>\n2.Kiwi frutto della passione guava<br \/>\n3.kiwi alla fragola<br \/>\n4.Bacche miste<br \/>\n5.Anguria alla fragola<br \/>\n6.Ghiaccio d'uva<br \/>\n7.Ghiaccio all'anguria<br \/>\n8.Ghiaccio alla ciliegia<br \/>\n9.Ghiaccio alla fragola<br \/>\n10.Ghiaccio alla pesca<br \/>\n11.Mirtillo lampone<br \/>\n12.Love 66<\/p>\n<h2>Dettaglio dell'imballaggio<\/h2>\n<ul>\n<li>Ogni cartone: 20,3 kg<\/li>\n<li>Dimensione del cartone: 39.5*39*30.5CM<\/li>\n<\/ul>\n<figure id=\"attachment_20246\" aria-describedby=\"caption-attachment-20246\" style=\"width: 800px\" class=\"wp-caption alignnone\"><img loading=\"lazy\" decoding=\"async\" class=\"size-full wp-image-20246\" title=\"Uwin Crystal 20000 Puffs Vape usa e getta all&#039;ingrosso\" src=\"https:\/\/www.vape4wholesale.com\/wp-content\/uploads\/2025\/02\/Uwin-Crystal-20000-Puffs-Disposable-Vape-Wholesale.webp\" alt=\"Uwin Crystal 20000 Puffs Vape usa e getta all&#039;ingrosso\" width=\"800\" height=\"800\" srcset=\"https:\/\/www.vape4wholesale.com\/wp-content\/uploads\/2025\/02\/Uwin-Crystal-20000-Puffs-Disposable-Vape-Wholesale.webp 800w, https:\/\/www.vape4wholesale.com\/wp-content\/uploads\/2025\/02\/Uwin-Crystal-20000-Puffs-Disposable-Vape-Wholesale-247x247.webp 247w, https:\/\/www.vape4wholesale.com\/wp-content\/uploads\/2025\/02\/Uwin-Crystal-20000-Puffs-Disposable-Vape-Wholesale-100x100.webp 100w, https:\/\/www.vape4wholesale.com\/wp-content\/uploads\/2025\/02\/Uwin-Crystal-20000-Puffs-Disposable-Vape-Wholesale-510x510.webp 510w, https:\/\/www.vape4wholesale.com\/wp-content\/uploads\/2025\/02\/Uwin-Crystal-20000-Puffs-Disposable-Vape-Wholesale-64x64.webp 64w, https:\/\/www.vape4wholesale.com\/wp-content\/uploads\/2025\/02\/Uwin-Crystal-20000-Puffs-Disposable-Vape-Wholesale-300x300.webp 300w, https:\/\/www.vape4wholesale.com\/wp-content\/uploads\/2025\/02\/Uwin-Crystal-20000-Puffs-Disposable-Vape-Wholesale-150x150.webp 150w, https:\/\/www.vape4wholesale.com\/wp-content\/uploads\/2025\/02\/Uwin-Crystal-20000-Puffs-Disposable-Vape-Wholesale-768x768.webp 768w, https:\/\/www.vape4wholesale.com\/wp-content\/uploads\/2025\/02\/Uwin-Crystal-20000-Puffs-Disposable-Vape-Wholesale-12x12.webp 12w\" sizes=\"auto, (max-width: 800px) 100vw, 800px\" \/><figcaption id=\"caption-attachment-20246\" class=\"wp-caption-text\">Uwin Crystal 20000 Puffs Vape usa e getta all'ingrosso<\/figcaption><\/figure>\n<figure id=\"attachment_20245\" aria-describedby=\"caption-attachment-20245\" style=\"width: 1000px\" class=\"wp-caption alignnone\"><img loading=\"lazy\" decoding=\"async\" class=\"size-full wp-image-20245\" title=\"Uwin Crystal 20000 Puffs Vape banner usa e getta\" src=\"https:\/\/www.vape4wholesale.com\/wp-content\/uploads\/2025\/02\/Uwin-Crystal-20000-Puffs-Disposable-Vape-banner.webp\" alt=\"Uwin Crystal 20000 Puffs Vape banner usa e getta\" width=\"1000\" height=\"667\" srcset=\"https:\/\/www.vape4wholesale.com\/wp-content\/uploads\/2025\/02\/Uwin-Crystal-20000-Puffs-Disposable-Vape-banner.webp 1000w, https:\/\/www.vape4wholesale.com\/wp-content\/uploads\/2025\/02\/Uwin-Crystal-20000-Puffs-Disposable-Vape-banner-510x340.webp 510w, https:\/\/www.vape4wholesale.com\/wp-content\/uploads\/2025\/02\/Uwin-Crystal-20000-Puffs-Disposable-Vape-banner-64x43.webp 64w, https:\/\/www.vape4wholesale.com\/wp-content\/uploads\/2025\/02\/Uwin-Crystal-20000-Puffs-Disposable-Vape-banner-300x200.webp 300w, https:\/\/www.vape4wholesale.com\/wp-content\/uploads\/2025\/02\/Uwin-Crystal-20000-Puffs-Disposable-Vape-banner-768x512.webp 768w, https:\/\/www.vape4wholesale.com\/wp-content\/uploads\/2025\/02\/Uwin-Crystal-20000-Puffs-Disposable-Vape-banner-18x12.webp 18w\" sizes=\"auto, (max-width: 1000px) 100vw, 1000px\" \/><figcaption id=\"caption-attachment-20245\" class=\"wp-caption-text\">Uwin Crystal 20000 Puffs Vape banner usa e getta<\/figcaption><\/figure>\n<h2>PERCH\u00c9 NOI?<\/h2>\r\n<ul>\r\n<li>Fonte di svapo reale, affidabile e professionale.<\/li>\r\n<li>100% Garanzia genuina: Forniamo solo prodotti originali e genuini, rifiutiamo la contraffazione.<\/li>\r\n<li>100% Garanzia di consegna: Usiamo il miglior metodo di spedizione per garantire che si riceve l'ordine 100%.<\/li>\r\n<li>Dopo la spedizione, vi forniremo il numero di tracking e l'etichetta di spedizione e seguiremo la merce per voi fino alla vostra firma.<\/li>\r\n<li>Nessun problema doganale, nessuna tariffa<\/li>\r\n<\/ul>","protected":false},"excerpt":{"rendered":"<div class=\"wsppc_div_block woocommerce_before_add_to_cart_form\">\r\n<p><strong><span style=\"color: #00a859;\">Sdoganare<\/span> prima della consegna e Garanzia di consegna al 100%, consegna in circa 19~25 giorni.\u00a0<\/strong><\/p>\r\n<\/div>","protected":false},"featured_media":20246,"comment_status":"open","ping_status":"closed","template":"","meta":[],"pwb-brand":[1274],"product_cat":[874],"product_tag":[22,24,692,794,936],"class_list":{"0":"post-20242","1":"product","2":"type-product","3":"status-publish","4":"has-post-thumbnail","6":"pwb-brand-uwin","7":"product_cat-shisha-type","8":"product_tag-disposable","9":"product_tag-wholesale","10":"product_tag-25-0ml","11":"product_tag-20000-puffs","12":"product_tag-uwin","13":"wcpa_has_options","15":"first","16":"instock","17":"featured","18":"shipping-taxable","19":"purchasable","20":"product-type-variable"},"aioseo_notices":[],"brands":[{"id":1274,"name":"Uwin","slug":"uwin"}],"_links":{"self":[{"href":"https:\/\/www.vape4wholesale.com\/it\/wp-json\/wp\/v2\/product\/20242","targetHints":{"allow":["GET"]}}],"collection":[{"href":"https:\/\/www.vape4wholesale.com\/it\/wp-json\/wp\/v2\/product"}],"about":[{"href":"https:\/\/www.vape4wholesale.com\/it\/wp-json\/wp\/v2\/types\/product"}],"replies":[{"embeddable":true,"href":"https:\/\/www.vape4wholesale.com\/it\/wp-json\/wp\/v2\/comments?post=20242"}],"wp:featuredmedia":[{"embeddable":true,"href":"https:\/\/www.vape4wholesale.com\/it\/wp-json\/wp\/v2\/media\/20246"}],"wp:attachment":[{"href":"https:\/\/www.vape4wholesale.com\/it\/wp-json\/wp\/v2\/media?parent=20242"}],"wp:term":[{"taxonomy":"pwb-brand","embeddable":true,"href":"https:\/\/www.vape4wholesale.com\/it\/wp-json\/wp\/v2\/pwb-brand?post=20242"},{"taxonomy":"product_cat","embeddable":true,"href":"https:\/\/www.vape4wholesale.com\/it\/wp-json\/wp\/v2\/product_cat?post=20242"},{"taxonomy":"product_tag","embeddable":true,"href":"https:\/\/www.vape4wholesale.com\/it\/wp-json\/wp\/v2\/product_tag?post=20242"}],"curies":[{"name":"wp","href":"https:\/\/api.w.org\/{rel}","templated":true}]}}