{"id":18450,"date":"2024-12-22T12:10:02","date_gmt":"2024-12-22T04:10:02","guid":{"rendered":"https:\/\/www.vape4wholesale.com\/?post_type=product&#038;p=18450"},"modified":"2026-01-29T05:32:28","modified_gmt":"2026-01-29T05:32:28","slug":"vape-aiviou-25000-puff-monouso-allingrosso","status":"publish","type":"product","link":"https:\/\/www.vape4wholesale.com\/it\/product\/waspe-aiviou-25000-puffs-disposable-vape-wholesale","title":{"rendered":"WASPE Aiviou 25000 soffi monouso Vape all'ingrosso"},"content":{"rendered":"<p>Il <strong><a title=\"WASPE\" href=\"https:\/\/www.vape4wholesale.com\/it\/marca_prodotto\/vespa\/\">WASPE<\/a> Aiviou 25000 Vape monouso<\/strong> viene fornito pre-riempito con 25 ml di succo elettronico ed eroga fino a 25.000 boccate. Il classico display incorporato \u00e8 funzionale e utile, e ricorda di ricaricare la svapata per ogni evenienza. Le bobine a doppia maglia incarnano la tecnologia moderna e, naturalmente, questa svapata supporta la popolare modalit\u00e0 Boost. Per un uso responsabile, c'\u00e8 anche un blocco per bambini per evitare l'uso da parte di minorenni, e il WASPE 25000 offre un'ampia potenza di aspirazione e un buon aroma senza fronzoli.<\/p>\n<p>WASPE Aiviou 25000 25K Puffs \u00e8 dotato di display LCD ed \u00e8 un dispositivo di vaping avanzato progettato per prestazioni e convenienza superiori. Questa svapata monouso ha una grande capacit\u00e0, fino a 25.000 boccate, per garantire un uso duraturo e la massima soddisfazione.<\/p>\n<p>Il WASPE Aiviou 25000 \u00e8 dotato di un'ampia capacit\u00e0 di e-liquid da 25 ml ed \u00e8 disponibile nelle opzioni di nicotina 0%, 2% e 5% per soddisfare le diverse preferenze. Il dispositivo \u00e8 dotato di bobine a doppia maglia per migliorare la produzione di vapore e l'erogazione del sapore, per un'esperienza di svapo fluida e piacevole.<\/p>\n<p>Il WASPE Aiviou 25000 \u00e8 progettato per essere facile da usare, con un display LCD che fornisce informazioni dettagliate a colpo d'occhio e una porta di ricarica Type-C che assicura una ricarica rapida ed efficiente per ridurre al minimo i tempi di inattivit\u00e0. Con una capacit\u00e0 della batteria di 650 mAh, questo modello fornisce un'alimentazione affidabile per lunghi periodi di utilizzo.<\/p>\n<p>WASPE Aiviou 25000 25K Puffs Original Edition Display LCD Disposable Vape \u00e8 la perfetta combinazione di innovazione e qualit\u00e0. Che siate principianti o esperti, WASPE vi garantisce un'esperienza di vaping di qualit\u00e0 e all'altezza delle vostre aspettative.<\/p>\n<p>&nbsp;<\/p>\n<h2>WASPE Aiviou 25000 25K Vape usa e getta Dettagli rapidi<\/h2>\n<ul>\n<li>Batteria ricaricabile integrata da 650 mAh<\/li>\n<li>Pre-riempito con 25 ml di succo elettronico<\/li>\n<li>Design della bobina a doppia maglia con 2 modalit\u00e0 di vaporizzazione: Modalit\u00e0 ECO\/Boost<\/li>\n<li>Il display digitale mostra la modalit\u00e0, la durata della batteria e il volume del succo elettronico.<\/li>\n<li>Puff supporta. 25000 porte<\/li>\n<li>Blocco per bambini<\/li>\n<li>5% (50mg) concentrazione di nicotina<\/li>\n<li>Ricarica USB Tipo-C<\/li>\n<\/ul>\n<h2>Gusti disponibili<\/h2>\n<ul>\n<li>1. Ghiaccio all'anguria<\/li>\n<li>2. Mirtillo su ghiaccio<\/li>\n<li>3. Anguria alla fragola<\/li>\n<li>4. Limonata di mirtilli e lamponi<\/li>\n<li>5. Ghiaccio alla ciliegia<\/li>\n<li>6. Pesca, mango e anguria<\/li>\n<li>7. Bacche miste<\/li>\n<li>8. Ghiaccio alla pesca<\/li>\n<li>9. Kiwi alla fragola<\/li>\n<li>10. Ghiaccio d'uva<\/li>\n<\/ul>\n<h2>Dettagli sull'imballaggio<\/h2>\n<ul>\n<li>1 pz\/scatola singola<\/li>\n<li>10 pezzi\/scatola di esposizione<\/li>\n<li>200 pezzi in un cartone<\/li>\n<li>Ogni cartone 21 kg<\/li>\n<\/ul>\n<figure id=\"attachment_18476\" aria-describedby=\"caption-attachment-18476\" style=\"width: 800px\" class=\"wp-caption alignnone\"><img loading=\"lazy\" decoding=\"async\" class=\"wp-image-18476 size-full\" title=\"WASPE Aiviou 25000 soffi monouso Vape all&#039;ingrosso\" src=\"https:\/\/www.vape4wholesale.com\/wp-content\/uploads\/2024\/12\/WSAPE-Aiviou-25000-Puffs-Disposable-Vape-Wholesale.jpg\" alt=\"WASPE Aiviou 25000 soffi monouso Vape all&#039;ingrosso\" width=\"800\" height=\"800\" srcset=\"https:\/\/www.vape4wholesale.com\/wp-content\/uploads\/2024\/12\/WSAPE-Aiviou-25000-Puffs-Disposable-Vape-Wholesale.jpg 800w, https:\/\/www.vape4wholesale.com\/wp-content\/uploads\/2024\/12\/WSAPE-Aiviou-25000-Puffs-Disposable-Vape-Wholesale-247x247.jpg 247w, https:\/\/www.vape4wholesale.com\/wp-content\/uploads\/2024\/12\/WSAPE-Aiviou-25000-Puffs-Disposable-Vape-Wholesale-100x100.jpg 100w, https:\/\/www.vape4wholesale.com\/wp-content\/uploads\/2024\/12\/WSAPE-Aiviou-25000-Puffs-Disposable-Vape-Wholesale-510x510.jpg 510w, https:\/\/www.vape4wholesale.com\/wp-content\/uploads\/2024\/12\/WSAPE-Aiviou-25000-Puffs-Disposable-Vape-Wholesale-64x64.jpg 64w, https:\/\/www.vape4wholesale.com\/wp-content\/uploads\/2024\/12\/WSAPE-Aiviou-25000-Puffs-Disposable-Vape-Wholesale-300x300.jpg 300w, https:\/\/www.vape4wholesale.com\/wp-content\/uploads\/2024\/12\/WSAPE-Aiviou-25000-Puffs-Disposable-Vape-Wholesale-150x150.jpg 150w, https:\/\/www.vape4wholesale.com\/wp-content\/uploads\/2024\/12\/WSAPE-Aiviou-25000-Puffs-Disposable-Vape-Wholesale-768x768.jpg 768w, https:\/\/www.vape4wholesale.com\/wp-content\/uploads\/2024\/12\/WSAPE-Aiviou-25000-Puffs-Disposable-Vape-Wholesale-12x12.jpg 12w\" sizes=\"auto, (max-width: 800px) 100vw, 800px\" \/><figcaption id=\"caption-attachment-18476\" class=\"wp-caption-text\">WASPE Aiviou 25000 soffi monouso Vape all'ingrosso<\/figcaption><\/figure>\n<h2>PERCH\u00c9 NOI?<\/h2>\r\n<ul>\r\n<li>Fonte di svapo reale, affidabile e professionale.<\/li>\r\n<li>100% Garanzia genuina: Forniamo solo prodotti originali e genuini, rifiutiamo la contraffazione.<\/li>\r\n<li>100% Garanzia di consegna: Usiamo il miglior metodo di spedizione per garantire che si riceve l'ordine 100%.<\/li>\r\n<li>Dopo la spedizione, vi forniremo il numero di tracking e l'etichetta di spedizione e seguiremo la merce per voi fino alla vostra firma.<\/li>\r\n<li>Nessun problema doganale, nessuna tariffa<\/li>\r\n<\/ul>","protected":false},"excerpt":{"rendered":"<div class=\"wsppc_div_block woocommerce_before_add_to_cart_form\">\r\n<p><strong><span style=\"color: #00a859;\">Sdoganare<\/span> prima della consegna e Garanzia di consegna al 100%, consegna in circa 19~25 giorni.\u00a0<\/strong><\/p>\r\n<\/div>","protected":false},"featured_media":18476,"comment_status":"open","ping_status":"closed","template":"","meta":[],"pwb-brand":[1272],"product_cat":[873],"product_tag":[22,24,692,915,999],"class_list":{"0":"post-18450","1":"product","2":"type-product","3":"status-publish","4":"has-post-thumbnail","6":"pwb-brand-waspe","7":"product_cat-above-20k-puffs","8":"product_tag-disposable","9":"product_tag-wholesale","10":"product_tag-25-0ml","11":"product_tag-25000-puffs","12":"product_tag-waspe","13":"wcpa_has_options","15":"first","16":"outofstock","17":"shipping-taxable","18":"purchasable","19":"product-type-variable"},"aioseo_notices":[],"brands":[{"id":1272,"name":"Vespe","slug":"vespa"}],"_links":{"self":[{"href":"https:\/\/www.vape4wholesale.com\/it\/wp-json\/wp\/v2\/product\/18450","targetHints":{"allow":["GET"]}}],"collection":[{"href":"https:\/\/www.vape4wholesale.com\/it\/wp-json\/wp\/v2\/product"}],"about":[{"href":"https:\/\/www.vape4wholesale.com\/it\/wp-json\/wp\/v2\/types\/product"}],"replies":[{"embeddable":true,"href":"https:\/\/www.vape4wholesale.com\/it\/wp-json\/wp\/v2\/comments?post=18450"}],"wp:featuredmedia":[{"embeddable":true,"href":"https:\/\/www.vape4wholesale.com\/it\/wp-json\/wp\/v2\/media\/18476"}],"wp:attachment":[{"href":"https:\/\/www.vape4wholesale.com\/it\/wp-json\/wp\/v2\/media?parent=18450"}],"wp:term":[{"taxonomy":"pwb-brand","embeddable":true,"href":"https:\/\/www.vape4wholesale.com\/it\/wp-json\/wp\/v2\/pwb-brand?post=18450"},{"taxonomy":"product_cat","embeddable":true,"href":"https:\/\/www.vape4wholesale.com\/it\/wp-json\/wp\/v2\/product_cat?post=18450"},{"taxonomy":"product_tag","embeddable":true,"href":"https:\/\/www.vape4wholesale.com\/it\/wp-json\/wp\/v2\/product_tag?post=18450"}],"curies":[{"name":"wp","href":"https:\/\/api.w.org\/{rel}","templated":true}]}}