{"id":17656,"date":"2024-11-22T16:17:27","date_gmt":"2024-11-22T08:17:27","guid":{"rendered":"https:\/\/www.vape4wholesale.com\/?post_type=product&#038;p=17656"},"modified":"2026-01-27T14:30:36","modified_gmt":"2026-01-27T14:30:36","slug":"bang-30k-pro-30000-puff-monouso-vape-allingrosso","status":"publish","type":"product","link":"https:\/\/www.vape4wholesale.com\/it\/prodotto\/bang-30k-pro-30000-puff-monouso-vape-allingrosso","title":{"rendered":"Bang 30K Pro 30000 boccate di vapore monouso all'ingrosso"},"content":{"rendered":"<p>il <a title=\"Bang\" href=\"https:\/\/www.vape4wholesale.com\/it\/marca_prodotto\/botto\/\">Bang<\/a> 30K PRO 30000 Puffs Dual Flavors Disposable Vape \u00e8 dotato di un grande schermo lcd colorato. con doppio pod da 18ml che supporta fino a 30000 puffs.<\/p>\n<p>Dotata di doppia pod da 18ML, Bang 30K PRO offre il vantaggio unico del doppio aroma, che consente di passare da un aroma all'altro per un'esperienza di svapo dinamica e personalizzabile con facilit\u00e0. La bobina a rete con resistenza da 1,0\u03a9 garantisce una produzione di vapore omogenea, un sapore ricco e un colpo in gola ottimale, rendendo ogni boccata una delizia.<\/p>\n<p>Disponibile nelle gradazioni di nicotina 0%, 2%, 3% e 5% e con 16 aromi entusiasmanti, Bang 30K PRO \u00e8 perfetta sia per i nuovi vapers che per quelli pi\u00f9 esperti. Sia che si preferisca un'esperienza liscia senza nicotina o un tiro pi\u00f9 forte, questa penna da svapo offre la flessibilit\u00e0 necessaria per soddisfare le proprie esigenze.<\/p>\n<p>Ordina in blocco la nostra ampia selezione di 16 gusti di Bang 30K Pro al miglior prezzo e con spedizione rapida. <a title=\"video del Bang 30K Pro\" href=\"https:\/\/youtu.be\/xAxFvRWn5J4?si=UdMmrEcyp-Uwo4NE\" target=\"_blank\" rel=\"nofollow noopener\">video del Bang 30K Pro<\/a>!<\/p>\n<h2 dir=\"auto\">Bang 30K PRO 30000 Caratteristiche principali<\/h2>\n<ul>\n<li><strong>Conteggio delle boccate massicce:<\/strong>\u00a0Fino a 30.000 boccate, per una soddisfazione di lunga durata.<\/li>\n<li><strong>Sistema a doppio aroma:<\/strong>\u00a0Passate facilmente da un gusto all'altro per variare ogni sessione.<\/li>\n<li><strong>Batteria potente:<\/strong>\u00a0La batteria ricaricabile da 550 mAh garantisce un vaping prolungato senza frequenti ricariche.<\/li>\n<li><strong>Livelli di nicotina personalizzabili:<\/strong>\u00a0Disponibile nelle gradazioni di nicotina 0%, 2%, 3% e 5% per soddisfare le vostre preferenze.<\/li>\n<li><strong>Design elegante:<\/strong>\u00a0Ergonomico, compatto ed elegante, progettato per il comfort e l'estetica.<\/li>\n<li><strong>Ampia gamma di sapori:<\/strong>\u00a0Scegliete tra un'ampia selezione di combinazioni di sapori unici e deliziosi.<\/li>\n<\/ul>\n<h2>Gusti disponibili<\/h2>\n<ul>\n<li>Menta anguria e mirtillo<\/li>\n<li>Mela acida e mirtillo lampone<\/li>\n<li>Red Bull e Mango alla fragola<\/li>\n<li>Ghiaccio all'uva e Coca Cola alla ciliegia<\/li>\n<li>Ghiaccio alla pesca e anguria alla fragola<\/li>\n<li>Amore 66 &amp; Fragola Kiwi<\/li>\n<li>Sakura Uva e Fragola Litchi<\/li>\n<li>Ghiaccio di frutta mista e mirtilli<\/li>\n<li>Ghiaccio del Drago Nero e Banana alla Fragola<\/li>\n<li>Ghiaccio al mango, pesca e banana<\/li>\n<li>Doppia mela e kiwi Frutto della passione Melograno<\/li>\n<li>Ghiaccio alla menta e tripla bacca<\/li>\n<li>Mirtillo, ciliegia, mirtillo rosso e anguria Boom di frutti di bosco<\/li>\n<li>Ghiaccio all'ananas e Blue Fusion<\/li>\n<li>Purple Rain &amp; Fragola Lampone Ciliegia Ghiaccio<\/li>\n<li>Drago Nero Ghiaccio e Pesca Ananas Mango<\/li>\n<\/ul>\n<h2>Dettagli sull'imballaggio<\/h2>\n<ul>\n<li>1pc\/scatola singola<\/li>\n<li>10 pezzi\/confezione<\/li>\n<li>200 pezzi\/cartone master<\/li>\n<\/ul>\n<figure id=\"attachment_18248\" aria-describedby=\"caption-attachment-18248\" style=\"width: 800px\" class=\"wp-caption alignnone\"><img loading=\"lazy\" decoding=\"async\" class=\"size-full wp-image-18248\" title=\"Bang 30K Pro 30000 boccate di vapore monouso all&#039;ingrosso anguria e menta mirtillo\" src=\"https:\/\/www.vape4wholesale.com\/wp-content\/uploads\/2024\/11\/Bang-30K-Pro-30000-Puffs-Disposable-Vape-Wholesale-Watermelon-Blueberry-Mint.jpg\" alt=\"Bang 30K Pro 30000 boccate di vapore monouso all&#039;ingrosso anguria e menta mirtillo\" width=\"800\" height=\"800\" srcset=\"https:\/\/www.vape4wholesale.com\/wp-content\/uploads\/2024\/11\/Bang-30K-Pro-30000-Puffs-Disposable-Vape-Wholesale-Watermelon-Blueberry-Mint.jpg 800w, https:\/\/www.vape4wholesale.com\/wp-content\/uploads\/2024\/11\/Bang-30K-Pro-30000-Puffs-Disposable-Vape-Wholesale-Watermelon-Blueberry-Mint-247x247.jpg 247w, https:\/\/www.vape4wholesale.com\/wp-content\/uploads\/2024\/11\/Bang-30K-Pro-30000-Puffs-Disposable-Vape-Wholesale-Watermelon-Blueberry-Mint-100x100.jpg 100w, https:\/\/www.vape4wholesale.com\/wp-content\/uploads\/2024\/11\/Bang-30K-Pro-30000-Puffs-Disposable-Vape-Wholesale-Watermelon-Blueberry-Mint-510x510.jpg 510w\" sizes=\"auto, (max-width: 800px) 100vw, 800px\" \/><figcaption id=\"caption-attachment-18248\" class=\"wp-caption-text\">Bang 30K Pro 30000 boccate di vapore monouso all'ingrosso<\/figcaption><\/figure>\n<h2>PERCH\u00c9 NOI?<\/h2>\r\n<ul>\r\n<li>Fonte di svapo reale, affidabile e professionale.<\/li>\r\n<li>100% Garanzia genuina: Forniamo solo prodotti originali e genuini, rifiutiamo la contraffazione.<\/li>\r\n<li>100% Garanzia di consegna: Usiamo il miglior metodo di spedizione per garantire che si riceve l'ordine 100%.<\/li>\r\n<li>Dopo la spedizione, vi forniremo il numero di tracking e l'etichetta di spedizione e seguiremo la merce per voi fino alla vostra firma.<\/li>\r\n<li>Nessun problema doganale, nessuna tariffa<\/li>\r\n<\/ul>","protected":false},"excerpt":{"rendered":"<div class=\"wsppc_div_block woocommerce_before_add_to_cart_form\">\r\n<p><strong><span style=\"color: #00a859;\">Clear customs<\/span> before delivery &amp; 100% Delivery Guarantee, Delivery in 19~25 days around.\u00a0<\/strong><\/p>\r\n<\/div>","protected":false},"featured_media":18248,"comment_status":"open","ping_status":"closed","template":"","meta":[],"pwb-brand":[1275],"product_cat":[873],"product_tag":[249,849,850,22,24],"class_list":{"0":"post-17656","1":"product","2":"type-product","3":"status-publish","4":"has-post-thumbnail","6":"pwb-brand-bang","7":"product_cat-above-20k-puffs","8":"product_tag-bang","9":"product_tag-36-0ml","10":"product_tag-30000-puffs","11":"product_tag-disposable","12":"product_tag-wholesale","13":"wcpa_has_options","15":"first","16":"instock","17":"shipping-taxable","18":"purchasable","19":"product-type-variable"},"aioseo_notices":[],"brands":[{"id":1275,"name":"Bang","slug":"botto"}],"_links":{"self":[{"href":"https:\/\/www.vape4wholesale.com\/it\/wp-json\/wp\/v2\/product\/17656","targetHints":{"allow":["GET"]}}],"collection":[{"href":"https:\/\/www.vape4wholesale.com\/it\/wp-json\/wp\/v2\/product"}],"about":[{"href":"https:\/\/www.vape4wholesale.com\/it\/wp-json\/wp\/v2\/types\/product"}],"replies":[{"embeddable":true,"href":"https:\/\/www.vape4wholesale.com\/it\/wp-json\/wp\/v2\/comments?post=17656"}],"wp:featuredmedia":[{"embeddable":true,"href":"https:\/\/www.vape4wholesale.com\/it\/wp-json\/wp\/v2\/media\/18248"}],"wp:attachment":[{"href":"https:\/\/www.vape4wholesale.com\/it\/wp-json\/wp\/v2\/media?parent=17656"}],"wp:term":[{"taxonomy":"pwb-brand","embeddable":true,"href":"https:\/\/www.vape4wholesale.com\/it\/wp-json\/wp\/v2\/pwb-brand?post=17656"},{"taxonomy":"product_cat","embeddable":true,"href":"https:\/\/www.vape4wholesale.com\/it\/wp-json\/wp\/v2\/product_cat?post=17656"},{"taxonomy":"product_tag","embeddable":true,"href":"https:\/\/www.vape4wholesale.com\/it\/wp-json\/wp\/v2\/product_tag?post=17656"}],"curies":[{"name":"wp","href":"https:\/\/api.w.org\/{rel}","templated":true}]}}