{"id":17549,"date":"2024-11-17T00:36:25","date_gmt":"2024-11-16T16:36:25","guid":{"rendered":"https:\/\/www.vape4wholesale.com\/?post_type=product&#038;p=17549"},"modified":"2026-04-16T23:33:00","modified_gmt":"2026-04-16T15:33:00","slug":"uwin-crystal-10000-puff-monouso-vape","status":"publish","type":"product","link":"https:\/\/www.vape4wholesale.com\/it\/product\/uwin-crystal-10000-puffs-disposable-vape","title":{"rendered":"Uwin Crystal 10000 boccate di vapore usa e getta"},"content":{"rendered":"<p>Il\u00a0<strong><a href=\"\/it\/marca_prodotto\/uwin\/\">Uwin<\/a>\u00a0Cristallo 10000<\/strong> Puffs Disposable Vape \u00e8 un vaporizzatore compatto e pre-riempito che offre fino a 10000 boccate di vapore aromatico. Il suo design elegante garantisce la portabilit\u00e0, mentre la variet\u00e0 di aromi soddisfa i gusti individuali. Basta usare e smaltire dopo l'uso per un'esperienza di vaping conveniente.<\/p>\n<p>Ordina in blocco la nostra ampia selezione di 15 gusti Uwin Crystal 10000 al miglior prezzo e con spedizione rapida.<\/p>\n<h2><strong>Caratteristiche del dispositivo Uwin Crystal 10000<\/strong><\/h2>\n<ul>\n<li>0% 2% 3% 5% Nicotina<\/li>\n<li>Bign\u00e8: 10000<\/li>\n<li>Capacit\u00e0: 18 ml<\/li>\n<li>200 pezzi \/Cartone<\/li>\n<li>10 pezzi \/Box<\/li>\n<li>15 gusti disponibili<\/li>\n<li>650 mAh Porta ricaricabile al cobalto di tipo C<\/li>\n<li>Bobina: bobina a rete da 0,8 ohm<\/li>\n<li>Ogni cartone: 17,3 kg<\/li>\n<li>Dimensione del cartone: 36.5*36.7*31.5 CM<\/li>\n<li>LUCI RGB<\/li>\n<\/ul>\n<h2><strong>Panoramica del prodotto e caratteristiche<\/strong><\/h2>\n<p>UWIN CRYSTAL 10000 Puffs Disposable Vape \u00e8 un notevole concorrente nel mercato dei vape usa e getta, progettato per soddisfare sia i principianti che gli utenti esperti. Uno dei suoi attributi pi\u00f9 impressionanti \u00e8 il notevole numero di puff, che offre fino a 10000 puff per dispositivo. Questa caratteristica non solo migliora l'esperienza complessiva di svapo, ma fornisce anche un valore eccellente per gli utenti che cercano una lunga durata nelle loro scelte di svapo usa e getta.<\/p>\n<p>In termini di opzioni di gusto, UWIN CRYSTAL vanta un'ampia selezione, con un totale di 50 gusti diversi. Questa ampia variet\u00e0 soddisfa le diverse preferenze di palato, attraendo gli utenti che amano sperimentare con gusti diversi. Dagli intrugli fruttati alle miscele di tabacco tradizionali, l'assortimento garantisce che ogni utente possa trovare il proprio aroma ideale. Le intriganti combinazioni e la qualit\u00e0 degli aromi distinguono CRYSTAL da molti concorrenti dello stesso segmento di mercato.<\/p>\n<p>Il design facile da usare del dispositivo ne aumenta il fascino. Costruito pensando alla portabilit\u00e0, il CRYSTAL sta comodamente in mano, rendendolo comodo per gli utenti in movimento. Il design elegante e leggero permette di trasportarlo facilmente, consentendo agli utenti di godersi l'esperienza di svapo senza problemi. Inoltre, il dispositivo incorpora una tecnologia di vaping avanzata, che garantisce una produzione di vapore omogenea e costante a ogni boccata.<\/p>\n<p>La durata della batteria di UWIN CRYSTAL \u00e8 un'altra caratteristica fondamentale, in quanto \u00e8 progettata per supportare l'impressionante numero di soffi senza richiedere ricariche frequenti. Questa funzionalit\u00e0 la rende ideale per gli utenti che preferiscono una sessione di svapo affidabile e ininterrotta. Nel complesso, UWIN CRYSTAL 10000 Puffs Disposable Vape combina un design innovativo, una variet\u00e0 di sapori e prestazioni di lunga durata, distinguendosi come la scelta migliore tra i vape usa e getta disponibili oggi sul mercato.<\/p>\n<h2><strong>Variet\u00e0 di sapori ed esperienza d'uso<\/strong><\/h2>\n<p>UWIN CRYSTAL 10000 Puffs Disposable Vape \u00e8 rinomato per la sua impressionante gamma di opzioni di sapore, che soddisfa un pubblico eterogeneo di appassionati di vaping. Gli utenti possono sbizzarrirsi con una serie di profili che spaziano da vivaci intrugli fruttati a decadenti selezioni di dessert. La variet\u00e0 assicura che sia i vapers alle prime armi che gli utenti pi\u00f9 esperti possano trovare sapori che soddisfino le loro preferenze personali, migliorando l'esperienza complessiva del vaping.<\/p>\n<p>Tra i gusti fruttati pi\u00f9 diffusi, si trovano opzioni come anguria, mango e frutti di bosco misti, che evocano un'esperienza rinfrescante e rinvigorente. Questi sapori sono spesso caratterizzati da una dolcezza stuzzicante, bilanciata da una vivacit\u00e0 che stimola il palato. Gli utilizzatori riferiscono spesso di una piacevole sensazione in bocca, dove le note naturali di frutta emergono senza problemi durante l'inalazione. Inoltre, il retrogusto \u00e8 tipicamente pulito, consentendo agli utenti di godere dell'essenza persistente del sapore scelto senza residui sgradevoli.<\/p>\n<p>All'altro capo dello spettro, i gusti da dessert indulgenti come la crema pasticcera alla vaniglia e il cioccolato fudge offrono un'esperienza soddisfacente per i pi\u00f9 golosi. Questi aromi presentano spesso un profilo pi\u00f9 ricco e cremoso, in contrasto con le opzioni fruttate pi\u00f9 leggere. I feedback dei clienti sottolineano che i gusti dolci spesso producono un colpo in gola pi\u00f9 consistente, vantaggioso per chi cerca una sensazione di svapo pi\u00f9 profonda. Queste esperienze possono essere particolarmente gratificanti, soprattutto durante le sessioni di svapo occasionali o di piacere.<\/p>\n<p>Inoltre, la qualit\u00e0 complessiva dell'estrazione di UWIN CRYSTAL 10000 \u00e8 lodevole. Gli utenti esprimono spesso soddisfazione per l'equilibrio tra produzione di vapore e ritenzione di aroma, che contribuisce a un'esperienza di svapo coesa. La capacit\u00e0 del dispositivo di offrire un sapore costante per tutta la sua durata lo distingue in un mercato affollato. Sia che si voglia sperimentare nuovi aromi, sia che ci si voglia accontentare di uno dei preferiti, UWIN CRYSTAL 10000 offre un motivo convincente per esplorare le sue diverse offerte di aromi.<\/p>\n<h2><strong>Uwin Crystal 10000 <\/strong><strong>Gusti disponibili<\/strong><\/h2>\n<table width=\"333\">\n<tbody>\n<tr>\n<td width=\"333\">1.Mirtillo Lampone<\/td>\n<\/tr>\n<tr>\n<td>2.Grape ice<\/td>\n<\/tr>\n<tr>\n<td>3.Anguria alla fragola<\/td>\n<\/tr>\n<tr>\n<td>4.Blueberry on ice<\/td>\n<\/tr>\n<tr>\n<td>5.Watermelon ice<\/td>\n<\/tr>\n<tr>\n<td>6.Cherry ice<\/td>\n<\/tr>\n<tr>\n<td>7.Strawberry raspberry cherry<\/td>\n<\/tr>\n<tr>\n<td>8.Kiwi Passion fruit guava<\/td>\n<\/tr>\n<tr>\n<td>9.Ghiaccio alla fragola<\/td>\n<\/tr>\n<tr>\n<td>10.Peach ice<\/td>\n<\/tr>\n<tr>\n<td>11.Strawberry kiwi<\/td>\n<\/tr>\n<tr>\n<td>12.Peach berry<\/td>\n<\/tr>\n<tr>\n<td>13.Cherry cola<\/td>\n<\/tr>\n<tr>\n<td>14.Mixed berry<\/td>\n<\/tr>\n<tr>\n<td>15.Mr blue<\/td>\n<\/tr>\n<tr>\n<td>16.Lady Killa<\/td>\n<\/tr>\n<tr>\n<td>17.Love 66<\/td>\n<\/tr>\n<tr>\n<td>18.Strawberry Cranberry cherry<\/td>\n<\/tr>\n<tr>\n<td>19.Banana alla fragola<\/td>\n<\/tr>\n<tr>\n<td>20.Peach mango pineapple<\/td>\n<\/tr>\n<tr>\n<td>21.Blue razz lemonade<\/td>\n<\/tr>\n<tr>\n<td>22.Red Bull<\/td>\n<\/tr>\n<tr>\n<td>23.Strawberry grape<\/td>\n<\/tr>\n<tr>\n<td>24.Cherry berry<\/td>\n<\/tr>\n<tr>\n<td>25.Miami Mint<\/td>\n<\/tr>\n<tr>\n<td>26.Cola ice<\/td>\n<\/tr>\n<tr>\n<td>27.Two Apple<\/td>\n<\/tr>\n<tr>\n<td>28.Vanilla ice<\/td>\n<\/tr>\n<tr>\n<td>29.Passion Fruit ice<\/td>\n<\/tr>\n<tr>\n<td>30.Lemon lime<\/td>\n<\/tr>\n<\/tbody>\n<\/table>\n<figure id=\"attachment_17544\" aria-describedby=\"caption-attachment-17544\" style=\"width: 800px\" class=\"wp-caption alignnone\"><img loading=\"lazy\" decoding=\"async\" class=\"wp-image-17544 size-full\" title=\"Uwin Crystal 10000 soffi monouso Vape Watermelon Ice\" src=\"https:\/\/www.vape4wholesale.com\/wp-content\/uploads\/2024\/11\/Uwin-Crystal-10000-Puffs-Disposable-Vape-Watermelon-Ice.jpg\" alt=\"Uwin Crystal 10000 soffi monouso Vape Watermelon Ice\" width=\"800\" height=\"800\" srcset=\"https:\/\/www.vape4wholesale.com\/wp-content\/uploads\/2024\/11\/Uwin-Crystal-10000-Puffs-Disposable-Vape-Watermelon-Ice.jpg 800w, https:\/\/www.vape4wholesale.com\/wp-content\/uploads\/2024\/11\/Uwin-Crystal-10000-Puffs-Disposable-Vape-Watermelon-Ice-247x247.jpg 247w, https:\/\/www.vape4wholesale.com\/wp-content\/uploads\/2024\/11\/Uwin-Crystal-10000-Puffs-Disposable-Vape-Watermelon-Ice-100x100.jpg 100w, https:\/\/www.vape4wholesale.com\/wp-content\/uploads\/2024\/11\/Uwin-Crystal-10000-Puffs-Disposable-Vape-Watermelon-Ice-510x510.jpg 510w, https:\/\/www.vape4wholesale.com\/wp-content\/uploads\/2024\/11\/Uwin-Crystal-10000-Puffs-Disposable-Vape-Watermelon-Ice-64x64.jpg 64w, https:\/\/www.vape4wholesale.com\/wp-content\/uploads\/2024\/11\/Uwin-Crystal-10000-Puffs-Disposable-Vape-Watermelon-Ice-300x300.jpg 300w, https:\/\/www.vape4wholesale.com\/wp-content\/uploads\/2024\/11\/Uwin-Crystal-10000-Puffs-Disposable-Vape-Watermelon-Ice-150x150.jpg 150w, https:\/\/www.vape4wholesale.com\/wp-content\/uploads\/2024\/11\/Uwin-Crystal-10000-Puffs-Disposable-Vape-Watermelon-Ice-768x768.jpg 768w, https:\/\/www.vape4wholesale.com\/wp-content\/uploads\/2024\/11\/Uwin-Crystal-10000-Puffs-Disposable-Vape-Watermelon-Ice-12x12.jpg 12w\" sizes=\"auto, (max-width: 800px) 100vw, 800px\" \/><figcaption id=\"caption-attachment-17544\" class=\"wp-caption-text\">Uwin Crystal 10000 Puffs Vape usa e getta all'ingrosso<\/figcaption><\/figure>\n<p><img loading=\"lazy\" decoding=\"async\" class=\"alignnone size-full wp-image-17548\" title=\"Uwin Crystal 10000 soffi di striscione per vape usa e getta\" src=\"https:\/\/www.vape4wholesale.com\/wp-content\/uploads\/2024\/11\/Uwin-Crystal-10000-Puffs-Disposable-Vape-Banner.jpg\" alt=\"Uwin Crystal 10000 soffi di striscione per vape usa e getta\" width=\"800\" height=\"500\" srcset=\"https:\/\/www.vape4wholesale.com\/wp-content\/uploads\/2024\/11\/Uwin-Crystal-10000-Puffs-Disposable-Vape-Banner.jpg 800w, https:\/\/www.vape4wholesale.com\/wp-content\/uploads\/2024\/11\/Uwin-Crystal-10000-Puffs-Disposable-Vape-Banner-510x319.jpg 510w, https:\/\/www.vape4wholesale.com\/wp-content\/uploads\/2024\/11\/Uwin-Crystal-10000-Puffs-Disposable-Vape-Banner-64x40.jpg 64w, https:\/\/www.vape4wholesale.com\/wp-content\/uploads\/2024\/11\/Uwin-Crystal-10000-Puffs-Disposable-Vape-Banner-300x188.jpg 300w, https:\/\/www.vape4wholesale.com\/wp-content\/uploads\/2024\/11\/Uwin-Crystal-10000-Puffs-Disposable-Vape-Banner-768x480.jpg 768w, https:\/\/www.vape4wholesale.com\/wp-content\/uploads\/2024\/11\/Uwin-Crystal-10000-Puffs-Disposable-Vape-Banner-18x12.jpg 18w\" sizes=\"auto, (max-width: 800px) 100vw, 800px\" \/> <img loading=\"lazy\" decoding=\"async\" class=\"alignnone size-full wp-image-17547\" title=\"Uwin Crystal 10000 soffi usa e getta Vape Banner 2\" src=\"https:\/\/www.vape4wholesale.com\/wp-content\/uploads\/2024\/11\/Uwin-Crystal-10000-Puffs-Disposable-Vape-Banner-2.jpg\" alt=\"Uwin Crystal 10000 soffi usa e getta Vape Banner 2\" width=\"800\" height=\"500\" srcset=\"https:\/\/www.vape4wholesale.com\/wp-content\/uploads\/2024\/11\/Uwin-Crystal-10000-Puffs-Disposable-Vape-Banner-2.jpg 800w, https:\/\/www.vape4wholesale.com\/wp-content\/uploads\/2024\/11\/Uwin-Crystal-10000-Puffs-Disposable-Vape-Banner-2-510x319.jpg 510w, https:\/\/www.vape4wholesale.com\/wp-content\/uploads\/2024\/11\/Uwin-Crystal-10000-Puffs-Disposable-Vape-Banner-2-64x40.jpg 64w, https:\/\/www.vape4wholesale.com\/wp-content\/uploads\/2024\/11\/Uwin-Crystal-10000-Puffs-Disposable-Vape-Banner-2-300x188.jpg 300w, https:\/\/www.vape4wholesale.com\/wp-content\/uploads\/2024\/11\/Uwin-Crystal-10000-Puffs-Disposable-Vape-Banner-2-768x480.jpg 768w, https:\/\/www.vape4wholesale.com\/wp-content\/uploads\/2024\/11\/Uwin-Crystal-10000-Puffs-Disposable-Vape-Banner-2-18x12.jpg 18w\" sizes=\"auto, (max-width: 800px) 100vw, 800px\" \/><\/p>\n<h2>PERCH\u00c9 NOI?<\/h2>\r\n<ul>\r\n<li>Fonte di svapo reale, affidabile e professionale.<\/li>\r\n<li>100% Garanzia genuina: Forniamo solo prodotti originali e genuini, rifiutiamo la contraffazione.<\/li>\r\n<li>100% Garanzia di consegna: Usiamo il miglior metodo di spedizione per garantire che si riceve l'ordine 100%.<\/li>\r\n<li>Dopo la spedizione, vi forniremo il numero di tracking e l'etichetta di spedizione e seguiremo la merce per voi fino alla vostra firma.<\/li>\r\n<li>Nessun problema doganale, nessuna tariffa<\/li>\r\n<\/ul>","protected":false},"excerpt":{"rendered":"<div class=\"wsppc_div_block woocommerce_before_add_to_cart_form\">\r\n<p><strong><span style=\"color: #00a859;\">Clear customs<\/span> before delivery &amp; 100% Delivery Guarantee, Delivery in 19~25 days around.\u00a0<\/strong><\/p>\r\n<\/div>","protected":false},"featured_media":17540,"comment_status":"open","ping_status":"closed","template":"","meta":[],"pwb-brand":[1274],"product_cat":[871],"product_tag":[22,24,244,324,936],"class_list":{"0":"post-17549","1":"product","2":"type-product","3":"status-publish","4":"has-post-thumbnail","6":"pwb-brand-uwin","7":"product_cat-10-15k-puffs","8":"product_tag-disposable","9":"product_tag-wholesale","10":"product_tag-18-0ml","11":"product_tag-10000-puffs","12":"product_tag-uwin","13":"wcpa_has_options","15":"first","16":"instock","17":"shipping-taxable","18":"purchasable","19":"product-type-variable"},"aioseo_notices":[],"brands":[{"id":1274,"name":"Uwin","slug":"uwin"}],"_links":{"self":[{"href":"https:\/\/www.vape4wholesale.com\/it\/wp-json\/wp\/v2\/product\/17549","targetHints":{"allow":["GET"]}}],"collection":[{"href":"https:\/\/www.vape4wholesale.com\/it\/wp-json\/wp\/v2\/product"}],"about":[{"href":"https:\/\/www.vape4wholesale.com\/it\/wp-json\/wp\/v2\/types\/product"}],"replies":[{"embeddable":true,"href":"https:\/\/www.vape4wholesale.com\/it\/wp-json\/wp\/v2\/comments?post=17549"}],"wp:featuredmedia":[{"embeddable":true,"href":"https:\/\/www.vape4wholesale.com\/it\/wp-json\/wp\/v2\/media\/17540"}],"wp:attachment":[{"href":"https:\/\/www.vape4wholesale.com\/it\/wp-json\/wp\/v2\/media?parent=17549"}],"wp:term":[{"taxonomy":"pwb-brand","embeddable":true,"href":"https:\/\/www.vape4wholesale.com\/it\/wp-json\/wp\/v2\/pwb-brand?post=17549"},{"taxonomy":"product_cat","embeddable":true,"href":"https:\/\/www.vape4wholesale.com\/it\/wp-json\/wp\/v2\/product_cat?post=17549"},{"taxonomy":"product_tag","embeddable":true,"href":"https:\/\/www.vape4wholesale.com\/it\/wp-json\/wp\/v2\/product_tag?post=17549"}],"curies":[{"name":"wp","href":"https:\/\/api.w.org\/{rel}","templated":true}]}}