{"id":17032,"date":"2024-10-18T22:01:00","date_gmt":"2024-10-18T14:01:00","guid":{"rendered":"https:\/\/www.vape4wholesale.com\/?post_type=product&#038;p=17032"},"modified":"2026-01-27T14:35:14","modified_gmt":"2026-01-27T14:35:14","slug":"fumot-tornado-30k-musica-monouso-vape-allingrosso","status":"publish","type":"product","link":"https:\/\/www.vape4wholesale.com\/it\/product\/fumot-tornado-30k-music-disposable-vape-wholesale","title":{"rendered":"Fumot Tornado 30K Music Vape usa e getta all'ingrosso"},"content":{"rendered":"<p>Fumot Tornado 30K Music \u00e8 un dispositivo di svapo monouso da 30.000 puff alimentato da RandM. Tornado 30K Music utilizza una bobina a rete da 1,0\u03a9 e una batteria ricaricabile integrata da 600 mAh. \u00c8 possibile scegliere tra un totale di 30 aromi e 4 gradazioni di nicotina.<\/p>\n<p>La caratteristica pi\u00f9 interessante di Tornado 30K Music \u00e8 che la luce RGB pu\u00f2 lampeggiare a ritmo di musica. Immaginate di utilizzarla in un bar, potrete persino ballare al ritmo della vostra svapata.<\/p>\n<h2><strong>Fumot Tornado 30K Dettagli musicali:<\/strong><\/h2>\n<p>0% 2% 3% 5% Nicotina<br \/>\n\u2611 Bign\u00e8: 30000<br \/>\n\u2611 30 gusti disponibili<br \/>\n\u2611 600mah ricaricabile<br \/>\nBobina a maglie da 1,0\u03a9<br \/>\n\u2611 Tipo-C<br \/>\n\u2611 ogni cartone kg<br \/>\n\u2611 Le luci cambiano con la musica<\/p>\n<h2><strong>Fumot Tornado 30K Musica Gusti opzionali:<\/strong><\/h2>\n<p>1. Ghiaccio alla banana<br \/>\n2. Ghiaccio nero<br \/>\n3. Ghiaccio blu Razz<br \/>\n4. Mirtillo su ghiaccio<br \/>\n5. Mirtillo Lampone<br \/>\n6. Lampone acido al mirtillo<br \/>\n7. Ghiaccio alla ciliegia<br \/>\n8. Ciliegia Cola<br \/>\n9. Ghiaccio alla cola<br \/>\n10. Menta fresca<br \/>\n11. Doppia mela<br \/>\n12. Dr. Blue<br \/>\n13. Ghiaccio d'uva<br \/>\n14. Ghiacciolo<br \/>\n15. Kiwi Frutto della passione Guava<br \/>\n16. Amore 66<br \/>\n17. Ghiaccio lussureggiante<br \/>\n18. Bacche miste<br \/>\n19. Bacca di pesca<br \/>\n20. Ghiaccio alla pesca<br \/>\n21. Pesca, ananas e mango<br \/>\n22. Ghiaccio all'ananas<br \/>\n23. Limonata rosa<br \/>\n24. Birilli<br \/>\n25. Banana alla fragola<br \/>\n26. Uva fragola<br \/>\n27. Ghiaccio alla fragola<br \/>\n28. Anguria alla fragola<br \/>\n29. Triplo mango<br \/>\n30. Vimto<\/p>\n<p>&nbsp;<\/p>\n<h2>Dettagli sull'imballaggio<\/h2>\n<ul>\n<li>160 pezzi\/cartone<\/li>\n<li>peso 20,07Kg<\/li>\n<li>dimensione del cartone: 412*332*325MM<\/li>\n<\/ul>\n<figure id=\"attachment_17096\" aria-describedby=\"caption-attachment-17096\" style=\"width: 800px\" class=\"wp-caption alignnone\"><img loading=\"lazy\" decoding=\"async\" class=\"wp-image-17096 size-full\" title=\"Fumot Tornado 30K Music Vape monouso all&#039;ingrosso (1)\" src=\"https:\/\/www.vape4wholesale.com\/wp-content\/uploads\/2024\/10\/Fumot-Tornado-30K-Music-Disposable-Vape-Wholesale-1.jpg\" alt=\"Fumot Tornado 30K Music Vape monouso all&#039;ingrosso (1)\" width=\"800\" height=\"800\" srcset=\"https:\/\/www.vape4wholesale.com\/wp-content\/uploads\/2024\/10\/Fumot-Tornado-30K-Music-Disposable-Vape-Wholesale-1.jpg 800w, https:\/\/www.vape4wholesale.com\/wp-content\/uploads\/2024\/10\/Fumot-Tornado-30K-Music-Disposable-Vape-Wholesale-1-247x247.jpg 247w, https:\/\/www.vape4wholesale.com\/wp-content\/uploads\/2024\/10\/Fumot-Tornado-30K-Music-Disposable-Vape-Wholesale-1-100x100.jpg 100w, https:\/\/www.vape4wholesale.com\/wp-content\/uploads\/2024\/10\/Fumot-Tornado-30K-Music-Disposable-Vape-Wholesale-1-510x510.jpg 510w\" sizes=\"auto, (max-width: 800px) 100vw, 800px\" \/><figcaption id=\"caption-attachment-17096\" class=\"wp-caption-text\">Fumot Tornado 30K Music Vape usa e getta all'ingrosso<\/figcaption><\/figure>\n<p><img loading=\"lazy\" decoding=\"async\" class=\"alignnone size-full wp-image-17094\" title=\"Fumot Tornado 30K Music Vape monouso all&#039;ingrosso (2)\" src=\"https:\/\/www.vape4wholesale.com\/wp-content\/uploads\/2024\/10\/Fumot-Tornado-30K-Music-Disposable-Vape-Wholesale-2.jpg\" alt=\"Fumot Tornado 30K Music Vape monouso all&#039;ingrosso (2)\" width=\"800\" height=\"800\" srcset=\"https:\/\/www.vape4wholesale.com\/wp-content\/uploads\/2024\/10\/Fumot-Tornado-30K-Music-Disposable-Vape-Wholesale-2.jpg 800w, https:\/\/www.vape4wholesale.com\/wp-content\/uploads\/2024\/10\/Fumot-Tornado-30K-Music-Disposable-Vape-Wholesale-2-247x247.jpg 247w, https:\/\/www.vape4wholesale.com\/wp-content\/uploads\/2024\/10\/Fumot-Tornado-30K-Music-Disposable-Vape-Wholesale-2-100x100.jpg 100w, https:\/\/www.vape4wholesale.com\/wp-content\/uploads\/2024\/10\/Fumot-Tornado-30K-Music-Disposable-Vape-Wholesale-2-510x510.jpg 510w, https:\/\/www.vape4wholesale.com\/wp-content\/uploads\/2024\/10\/Fumot-Tornado-30K-Music-Disposable-Vape-Wholesale-2-64x64.jpg 64w, https:\/\/www.vape4wholesale.com\/wp-content\/uploads\/2024\/10\/Fumot-Tornado-30K-Music-Disposable-Vape-Wholesale-2-300x300.jpg 300w, https:\/\/www.vape4wholesale.com\/wp-content\/uploads\/2024\/10\/Fumot-Tornado-30K-Music-Disposable-Vape-Wholesale-2-150x150.jpg 150w, https:\/\/www.vape4wholesale.com\/wp-content\/uploads\/2024\/10\/Fumot-Tornado-30K-Music-Disposable-Vape-Wholesale-2-768x768.jpg 768w, https:\/\/www.vape4wholesale.com\/wp-content\/uploads\/2024\/10\/Fumot-Tornado-30K-Music-Disposable-Vape-Wholesale-2-12x12.jpg 12w\" sizes=\"auto, (max-width: 800px) 100vw, 800px\" \/> <img loading=\"lazy\" decoding=\"async\" class=\"alignnone size-full wp-image-17095\" title=\"Fumot Tornado 30K Music Vape monouso all&#039;ingrosso (3)\" src=\"https:\/\/www.vape4wholesale.com\/wp-content\/uploads\/2024\/10\/Fumot-Tornado-30K-Music-Disposable-Vape-Wholesale-3.jpg\" alt=\"Fumot Tornado 30K Music Vape monouso all&#039;ingrosso (3)\" width=\"800\" height=\"800\" srcset=\"https:\/\/www.vape4wholesale.com\/wp-content\/uploads\/2024\/10\/Fumot-Tornado-30K-Music-Disposable-Vape-Wholesale-3.jpg 800w, https:\/\/www.vape4wholesale.com\/wp-content\/uploads\/2024\/10\/Fumot-Tornado-30K-Music-Disposable-Vape-Wholesale-3-247x247.jpg 247w, https:\/\/www.vape4wholesale.com\/wp-content\/uploads\/2024\/10\/Fumot-Tornado-30K-Music-Disposable-Vape-Wholesale-3-100x100.jpg 100w, https:\/\/www.vape4wholesale.com\/wp-content\/uploads\/2024\/10\/Fumot-Tornado-30K-Music-Disposable-Vape-Wholesale-3-510x510.jpg 510w\" sizes=\"auto, (max-width: 800px) 100vw, 800px\" \/><\/p>\n<h2>PERCH\u00c9 NOI?<\/h2>\r\n<ul>\r\n<li>Fonte di svapo reale, affidabile e professionale.<\/li>\r\n<li>100% Garanzia genuina: Forniamo solo prodotti originali e genuini, rifiutiamo la contraffazione.<\/li>\r\n<li>100% Garanzia di consegna: Usiamo il miglior metodo di spedizione per garantire che si riceve l'ordine 100%.<\/li>\r\n<li>Dopo la spedizione, vi forniremo il numero di tracking e l'etichetta di spedizione e seguiremo la merce per voi fino alla vostra firma.<\/li>\r\n<li>Nessun problema doganale, nessuna tariffa<\/li>\r\n<\/ul>","protected":false},"excerpt":{"rendered":"<p><strong><span style=\"color: #d83131;\">NOTA: questo prodotto \u00e8 stato dismesso e non \u00e8 pi\u00f9 disponibile. \u00c8 possibile acquistare un prodotto simile tramite il pulsante sottostante<\/span><\/strong><\/p>\n<a href=\"\/it\/prodotto\/uwin-randm-tornado-beat-35k-vape-usa-e-getta\/\" class=\"button secondary is-secondary is-medium\" >\n\t\t<span>\u2192Ordina il prodotto simile<\/span>\n\t<\/a>","protected":false},"featured_media":17095,"comment_status":"open","ping_status":"closed","template":"","meta":[],"pwb-brand":[1269],"product_cat":[873],"product_tag":[22,24,592,692,850],"class_list":{"0":"post-17032","1":"product","2":"type-product","3":"status-publish","4":"has-post-thumbnail","6":"pwb-brand-fumot","7":"product_cat-above-20k-puffs","8":"product_tag-disposable","9":"product_tag-wholesale","10":"product_tag-fumot","11":"product_tag-25-0ml","12":"product_tag-30000-puffs","13":"wcpa_has_options","15":"first","16":"outofstock","17":"featured","18":"shipping-taxable","19":"purchasable","20":"product-type-variable"},"aioseo_notices":[],"brands":[{"id":1269,"name":"Fumot","slug":"fumot"}],"_links":{"self":[{"href":"https:\/\/www.vape4wholesale.com\/it\/wp-json\/wp\/v2\/product\/17032","targetHints":{"allow":["GET"]}}],"collection":[{"href":"https:\/\/www.vape4wholesale.com\/it\/wp-json\/wp\/v2\/product"}],"about":[{"href":"https:\/\/www.vape4wholesale.com\/it\/wp-json\/wp\/v2\/types\/product"}],"replies":[{"embeddable":true,"href":"https:\/\/www.vape4wholesale.com\/it\/wp-json\/wp\/v2\/comments?post=17032"}],"wp:featuredmedia":[{"embeddable":true,"href":"https:\/\/www.vape4wholesale.com\/it\/wp-json\/wp\/v2\/media\/17095"}],"wp:attachment":[{"href":"https:\/\/www.vape4wholesale.com\/it\/wp-json\/wp\/v2\/media?parent=17032"}],"wp:term":[{"taxonomy":"pwb-brand","embeddable":true,"href":"https:\/\/www.vape4wholesale.com\/it\/wp-json\/wp\/v2\/pwb-brand?post=17032"},{"taxonomy":"product_cat","embeddable":true,"href":"https:\/\/www.vape4wholesale.com\/it\/wp-json\/wp\/v2\/product_cat?post=17032"},{"taxonomy":"product_tag","embeddable":true,"href":"https:\/\/www.vape4wholesale.com\/it\/wp-json\/wp\/v2\/product_tag?post=17032"}],"curies":[{"name":"wp","href":"https:\/\/api.w.org\/{rel}","templated":true}]}}