{"id":16479,"date":"2024-07-29T13:00:24","date_gmt":"2024-07-29T05:00:24","guid":{"rendered":"https:\/\/www.vape4wholesale.com\/?post_type=product&#038;p=16479"},"modified":"2026-01-26T13:40:24","modified_gmt":"2026-01-26T13:40:24","slug":"vape-ricaricabile-old-school-rrd-allingrosso","status":"publish","type":"product","link":"https:\/\/www.vape4wholesale.com\/it\/product\/old-school-rrd-refillable-vape-wholesale","title":{"rendered":"Vape ricaricabile Old School RRD all'ingrosso"},"content":{"rendered":"<p>il vape Old School RRD \u00e8 ricaricabile e con design bicolore sfumato, \u00e8 dotato di batteria ricaricabile da 650mAh, la capsula pu\u00f2 contenere 4ml di eliquid al massimo.<\/p>\n<h2><strong>Informazioni sul prodotto Old School RRD<\/strong><\/h2>\n<ul>\n<li>Funzione di accensione e spegnimento: 5 clic in 2 secondi e la luce rossa lampeggia 5 volte prima dell'accensione\/spegnimento.<\/li>\n<li>Funzione di regolazione della pressione: 3 clic di seguito per cambiare marcia<\/li>\n<li>Luce rossa: 3,0v<\/li>\n<li>LUCE BLU: 3,5V<\/li>\n<li>Luce verde: 4.0v<\/li>\n<li>Batteria: 650mAh ricaricabile<\/li>\n<li>Capacit\u00e0 della capsula: 4ml<\/li>\n<\/ul>\n<h2><strong>Colori disponibili<\/strong><\/h2>\n<ul>\n<li>Rosso e arancione<\/li>\n<li>Blu e viola<\/li>\n<li>Verde e grigio<\/li>\n<li>Viola e blu<\/li>\n<li>Blu e giallo<\/li>\n<li>Verde e rosso<\/li>\n<\/ul>\n<h2><strong>Specifiche del prodotto<\/strong><\/h2>\n<ul>\n<li>Scatola regalo: 49*17*100mm 1PCS 45g<\/li>\n<li>Scatola grande: 101*91*103mm 10PCS 477g<\/li>\n<li>Outercarton: 325*479*237mm 300PCS 16.3kg<\/li>\n<\/ul>\n<figure id=\"attachment_16472\" aria-describedby=\"caption-attachment-16472\" style=\"width: 1000px\" class=\"wp-caption alignnone\"><img loading=\"lazy\" decoding=\"async\" class=\"wp-image-16472 size-full\" title=\"Vape ricaricabile Old School RRD all&#039;ingrosso (8)\" src=\"https:\/\/www.vape4wholesale.com\/wp-content\/uploads\/2024\/07\/Old-School-RRD-Refillable-Vape-Wholesale-8.webp\" alt=\"Vape ricaricabile Old School RRD all&#039;ingrosso (8)\" width=\"1000\" height=\"1000\" srcset=\"https:\/\/www.vape4wholesale.com\/wp-content\/uploads\/2024\/07\/Old-School-RRD-Refillable-Vape-Wholesale-8.webp 1000w, https:\/\/www.vape4wholesale.com\/wp-content\/uploads\/2024\/07\/Old-School-RRD-Refillable-Vape-Wholesale-8-247x247.webp 247w, https:\/\/www.vape4wholesale.com\/wp-content\/uploads\/2024\/07\/Old-School-RRD-Refillable-Vape-Wholesale-8-100x100.webp 100w, https:\/\/www.vape4wholesale.com\/wp-content\/uploads\/2024\/07\/Old-School-RRD-Refillable-Vape-Wholesale-8-510x510.webp 510w, https:\/\/www.vape4wholesale.com\/wp-content\/uploads\/2024\/07\/Old-School-RRD-Refillable-Vape-Wholesale-8-64x64.webp 64w, https:\/\/www.vape4wholesale.com\/wp-content\/uploads\/2024\/07\/Old-School-RRD-Refillable-Vape-Wholesale-8-300x300.webp 300w, https:\/\/www.vape4wholesale.com\/wp-content\/uploads\/2024\/07\/Old-School-RRD-Refillable-Vape-Wholesale-8-150x150.webp 150w, https:\/\/www.vape4wholesale.com\/wp-content\/uploads\/2024\/07\/Old-School-RRD-Refillable-Vape-Wholesale-8-768x768.webp 768w, https:\/\/www.vape4wholesale.com\/wp-content\/uploads\/2024\/07\/Old-School-RRD-Refillable-Vape-Wholesale-8-12x12.webp 12w\" sizes=\"auto, (max-width: 1000px) 100vw, 1000px\" \/><figcaption id=\"caption-attachment-16472\" class=\"wp-caption-text\">Vape ricaricabile Old School RRD all'ingrosso<\/figcaption><\/figure>\n<p><img loading=\"lazy\" decoding=\"async\" class=\"alignnone size-full wp-image-16474\" title=\"Vape ricaricabile Old School RRD all&#039;ingrosso (10)\" src=\"https:\/\/www.vape4wholesale.com\/wp-content\/uploads\/2024\/07\/Old-School-RRD-Refillable-Vape-Wholesale-10.webp\" alt=\"Vape ricaricabile Old School RRD all&#039;ingrosso (10)\" width=\"1000\" height=\"1000\" srcset=\"https:\/\/www.vape4wholesale.com\/wp-content\/uploads\/2024\/07\/Old-School-RRD-Refillable-Vape-Wholesale-10.webp 1000w, https:\/\/www.vape4wholesale.com\/wp-content\/uploads\/2024\/07\/Old-School-RRD-Refillable-Vape-Wholesale-10-247x247.webp 247w, https:\/\/www.vape4wholesale.com\/wp-content\/uploads\/2024\/07\/Old-School-RRD-Refillable-Vape-Wholesale-10-100x100.webp 100w, https:\/\/www.vape4wholesale.com\/wp-content\/uploads\/2024\/07\/Old-School-RRD-Refillable-Vape-Wholesale-10-510x510.webp 510w\" sizes=\"auto, (max-width: 1000px) 100vw, 1000px\" \/><\/p>\n<h2>PERCH\u00c9 NOI?<\/h2>\r\n<ul>\r\n<li>Fonte di svapo reale, affidabile e professionale.<\/li>\r\n<li>100% Garanzia genuina: Forniamo solo prodotti originali e genuini, rifiutiamo la contraffazione.<\/li>\r\n<li>100% Garanzia di consegna: Usiamo il miglior metodo di spedizione per garantire che si riceve l'ordine 100%.<\/li>\r\n<li>Dopo la spedizione, vi forniremo il numero di tracking e l'etichetta di spedizione e seguiremo la merce per voi fino alla vostra firma.<\/li>\r\n<li>Nessun problema doganale, nessuna tariffa<\/li>\r\n<\/ul>","protected":false},"excerpt":{"rendered":"<div class=\"wsppc_div_block woocommerce_before_add_to_cart_form\">\r\n<p><strong><span style=\"color: #00a859;\">Sdoganare<\/span> prima della consegna e Garanzia di consegna al 100%, consegna in circa 19~25 giorni.\u00a0<\/strong><\/p>\r\n<\/div>\n<p>Questo prodotto viene fornito senza eliquid<\/p>\n<p>MOQ: 200 PCS\/ colore<\/p>","protected":false},"featured_media":16473,"comment_status":"open","ping_status":"closed","template":"","meta":[],"pwb-brand":[1289],"product_cat":[15],"product_tag":[],"class_list":{"0":"post-16479","1":"product","2":"type-product","3":"status-publish","4":"has-post-thumbnail","6":"pwb-brand-others","7":"product_cat-others","9":"first","10":"instock","11":"shipping-taxable","12":"purchasable","13":"product-type-variable"},"aioseo_notices":[],"brands":[{"id":1289,"name":"Altri","slug":"altri"}],"_links":{"self":[{"href":"https:\/\/www.vape4wholesale.com\/it\/wp-json\/wp\/v2\/product\/16479","targetHints":{"allow":["GET"]}}],"collection":[{"href":"https:\/\/www.vape4wholesale.com\/it\/wp-json\/wp\/v2\/product"}],"about":[{"href":"https:\/\/www.vape4wholesale.com\/it\/wp-json\/wp\/v2\/types\/product"}],"replies":[{"embeddable":true,"href":"https:\/\/www.vape4wholesale.com\/it\/wp-json\/wp\/v2\/comments?post=16479"}],"wp:featuredmedia":[{"embeddable":true,"href":"https:\/\/www.vape4wholesale.com\/it\/wp-json\/wp\/v2\/media\/16473"}],"wp:attachment":[{"href":"https:\/\/www.vape4wholesale.com\/it\/wp-json\/wp\/v2\/media?parent=16479"}],"wp:term":[{"taxonomy":"pwb-brand","embeddable":true,"href":"https:\/\/www.vape4wholesale.com\/it\/wp-json\/wp\/v2\/pwb-brand?post=16479"},{"taxonomy":"product_cat","embeddable":true,"href":"https:\/\/www.vape4wholesale.com\/it\/wp-json\/wp\/v2\/product_cat?post=16479"},{"taxonomy":"product_tag","embeddable":true,"href":"https:\/\/www.vape4wholesale.com\/it\/wp-json\/wp\/v2\/product_tag?post=16479"}],"curies":[{"name":"wp","href":"https:\/\/api.w.org\/{rel}","templated":true}]}}