{"id":16379,"date":"2024-07-24T11:33:00","date_gmt":"2024-07-24T03:33:00","guid":{"rendered":"https:\/\/www.vape4wholesale.com\/?post_type=product&#038;p=16379"},"modified":"2026-03-30T08:19:54","modified_gmt":"2026-03-30T00:19:54","slug":"vapsolo-super-15000-puff-monouso-vape-allingrosso-2","status":"publish","type":"product","link":"https:\/\/www.vape4wholesale.com\/it\/product\/vapsolo-super-15000-puffs-disposable-vape-wholesale","title":{"rendered":"Vapsolo Super 15000 Puffs Vape usa e getta all'ingrosso"},"content":{"rendered":"<p>Il <a href=\"\/it\/marca_prodotto\/vapsolo\/\">Vapsolo<\/a> Super 15000 Puffs \u00e8 un vape monouso ricaricabile di alta qualit\u00e0 che offre fino a 15.000 puff con opzioni di nicotina 2% o 5%, con una batteria da 650 mAh, una capacit\u00e0 di 25 ml di e-liguid e una variet\u00e0 di sapori ricchi, perfetti per grossisti e rivenditori che cercano prodotti di vaping di alta qualit\u00e0.<\/p>\n<p>Ordina in blocco la nostra ampia selezione di 15 aromi di Vapsolo Super 15000 puffs vape al miglior prezzo e con spedizione veloce.<\/p>\n<h2><strong>Vapsolo Super 15000 soffi usa e getta Vape Dettaglio rapido<\/strong><\/h2>\n<ul>\n<li>Bign\u00e8: 15000 Bign\u00e8<\/li>\n<li>Flusso d'aria a 4 livelli<\/li>\n<li>Capacit\u00e0 del liquido elettronico: 25 ML<\/li>\n<li>Capacit\u00e0 della batteria: 650MAH<\/li>\n<li>Bobina a rete<\/li>\n<li>Resistenza della bobina: 1,0\u03a9<\/li>\n<li>porta di tipo C, ricaricabile<\/li>\n<\/ul>\n<h2><strong>Gusti disponibili<\/strong><\/h2>\n<ol>\n<li>Razz blu<\/li>\n<li>Ghiaccio al mirtillo<\/li>\n<li>Doppia mela<\/li>\n<li>Ghiaccio all'anguria<\/li>\n<li>Fragola Kiwi<\/li>\n<li>Bacche miste<\/li>\n<li>Red Bull<\/li>\n<li>Mirtillo Ciliegia Mirtillo Rosso<\/li>\n<li>Limone e lime<\/li>\n<li>Birilli<\/li>\n<li>Sogno d'estate<\/li>\n<li>Fragola e banana<\/li>\n<li>Anguria al lampone<\/li>\n<li>Cola al mirtillo e alla ciliegia<\/li>\n<li>Ghiaccio Nero Pompelmo Fragola<\/li>\n<li>Cola alla fragola e vaniglia<\/li>\n<li>Limonata rosa<\/li>\n<li>Ghiaccio alla fragola<\/li>\n<li>Pesca Mango Ananas<\/li>\n<li>Ghiaccio al mirtillo e ribes nero<\/li>\n<\/ol>\n<h2><strong>Elenco degli imballaggi<\/strong><\/h2>\n<p>200pcs\/ctn; 21.9kg\/ctn<br \/>\nDimensione del cartone: 44*43*26.5CM<\/p>\n<figure id=\"attachment_16389\" aria-describedby=\"caption-attachment-16389\" style=\"width: 800px\" class=\"wp-caption alignnone\"><img loading=\"lazy\" decoding=\"async\" class=\"size-full wp-image-16389\" title=\"Vapsolo Super 15000 Puffs usa e getta Vape all&#039;ingrosso Red Bull\" src=\"https:\/\/www.vape4wholesale.com\/wp-content\/uploads\/2024\/07\/Vapsolo-Super-15000-Puffs-Disposable-Vape-Wholesale-Red-Bull.jpg\" alt=\"Vapsolo Super 15000 Puffs usa e getta Vape all&#039;ingrosso Red Bull\" width=\"800\" height=\"800\" srcset=\"https:\/\/www.vape4wholesale.com\/wp-content\/uploads\/2024\/07\/Vapsolo-Super-15000-Puffs-Disposable-Vape-Wholesale-Red-Bull.jpg 800w, https:\/\/www.vape4wholesale.com\/wp-content\/uploads\/2024\/07\/Vapsolo-Super-15000-Puffs-Disposable-Vape-Wholesale-Red-Bull-247x247.jpg 247w, https:\/\/www.vape4wholesale.com\/wp-content\/uploads\/2024\/07\/Vapsolo-Super-15000-Puffs-Disposable-Vape-Wholesale-Red-Bull-100x100.jpg 100w, https:\/\/www.vape4wholesale.com\/wp-content\/uploads\/2024\/07\/Vapsolo-Super-15000-Puffs-Disposable-Vape-Wholesale-Red-Bull-510x510.jpg 510w, https:\/\/www.vape4wholesale.com\/wp-content\/uploads\/2024\/07\/Vapsolo-Super-15000-Puffs-Disposable-Vape-Wholesale-Red-Bull-64x64.jpg 64w, https:\/\/www.vape4wholesale.com\/wp-content\/uploads\/2024\/07\/Vapsolo-Super-15000-Puffs-Disposable-Vape-Wholesale-Red-Bull-300x300.jpg 300w, https:\/\/www.vape4wholesale.com\/wp-content\/uploads\/2024\/07\/Vapsolo-Super-15000-Puffs-Disposable-Vape-Wholesale-Red-Bull-150x150.jpg 150w, https:\/\/www.vape4wholesale.com\/wp-content\/uploads\/2024\/07\/Vapsolo-Super-15000-Puffs-Disposable-Vape-Wholesale-Red-Bull-768x768.jpg 768w, https:\/\/www.vape4wholesale.com\/wp-content\/uploads\/2024\/07\/Vapsolo-Super-15000-Puffs-Disposable-Vape-Wholesale-Red-Bull-12x12.jpg 12w\" sizes=\"auto, (max-width: 800px) 100vw, 800px\" \/><figcaption id=\"caption-attachment-16389\" class=\"wp-caption-text\">Vapsolo Super 15000 Puffs Vape usa e getta all'ingrosso<\/figcaption><\/figure>\n<h2>PERCH\u00c9 NOI?<\/h2>\r\n<ul>\r\n<li>Fonte di svapo reale, affidabile e professionale.<\/li>\r\n<li>100% Garanzia genuina: Forniamo solo prodotti originali e genuini, rifiutiamo la contraffazione.<\/li>\r\n<li>100% Garanzia di consegna: Usiamo il miglior metodo di spedizione per garantire che si riceve l'ordine 100%.<\/li>\r\n<li>Dopo la spedizione, vi forniremo il numero di tracking e l'etichetta di spedizione e seguiremo la merce per voi fino alla vostra firma.<\/li>\r\n<li>Nessun problema doganale, nessuna tariffa<\/li>\r\n<\/ul>","protected":false},"excerpt":{"rendered":"<p><b><span style=\"color: #00a859;\">Spedizione gratuita<\/span>\u00a0dal magazzino europeo, tempo di consegna 7-15 giorni lavorativi.<\/b><\/p>\r\n<div class=\"wsppc_div_block woocommerce_before_add_to_cart_form\">\r\n<p><strong>Sdoganamento prima della consegna e% Garanzia di Consegna al 100%<\/strong><\/p>\r\n<\/div>","protected":false},"featured_media":16388,"comment_status":"open","ping_status":"closed","template":"","meta":[],"pwb-brand":[1271],"product_cat":[938],"product_tag":[899,22,24,684,692],"class_list":{"0":"post-16379","1":"product","2":"type-product","3":"status-publish","4":"has-post-thumbnail","6":"pwb-brand-vapsolo","7":"product_cat-europe-warehouse","8":"product_tag-vapsolo","9":"product_tag-disposable","10":"product_tag-wholesale","11":"product_tag-15000-puffs","12":"product_tag-25-0ml","13":"product_shipping_class-eu-warehouse","14":"wcpa_has_options","16":"first","17":"instock","18":"shipping-taxable","19":"purchasable","20":"product-type-variable"},"aioseo_notices":[],"brands":[{"id":1271,"name":"Vapsolo","slug":"vapsolo"}],"_links":{"self":[{"href":"https:\/\/www.vape4wholesale.com\/it\/wp-json\/wp\/v2\/product\/16379","targetHints":{"allow":["GET"]}}],"collection":[{"href":"https:\/\/www.vape4wholesale.com\/it\/wp-json\/wp\/v2\/product"}],"about":[{"href":"https:\/\/www.vape4wholesale.com\/it\/wp-json\/wp\/v2\/types\/product"}],"replies":[{"embeddable":true,"href":"https:\/\/www.vape4wholesale.com\/it\/wp-json\/wp\/v2\/comments?post=16379"}],"wp:featuredmedia":[{"embeddable":true,"href":"https:\/\/www.vape4wholesale.com\/it\/wp-json\/wp\/v2\/media\/16388"}],"wp:attachment":[{"href":"https:\/\/www.vape4wholesale.com\/it\/wp-json\/wp\/v2\/media?parent=16379"}],"wp:term":[{"taxonomy":"pwb-brand","embeddable":true,"href":"https:\/\/www.vape4wholesale.com\/it\/wp-json\/wp\/v2\/pwb-brand?post=16379"},{"taxonomy":"product_cat","embeddable":true,"href":"https:\/\/www.vape4wholesale.com\/it\/wp-json\/wp\/v2\/product_cat?post=16379"},{"taxonomy":"product_tag","embeddable":true,"href":"https:\/\/www.vape4wholesale.com\/it\/wp-json\/wp\/v2\/product_tag?post=16379"}],"curies":[{"name":"wp","href":"https:\/\/api.w.org\/{rel}","templated":true}]}}