{"id":1604,"date":"2021-12-15T12:57:31","date_gmt":"2021-12-15T04:57:31","guid":{"rendered":"https:\/\/www.vape4wholesale.com\/?post_type=product&#038;p=1604"},"modified":"2026-01-26T13:43:50","modified_gmt":"2026-01-26T13:43:50","slug":"lavie-bar-2-vape-usa-e-getta-senza-nicotina-800-soffi-allingrosso","status":"publish","type":"product","link":"https:\/\/www.vape4wholesale.com\/it\/product\/lavie-bar-2-nicotine-free-disposable-vape-800-puffs-wholesale","title":{"rendered":"Lavie Bar 2% \/ Vape monouso senza nicotina (800 boccate) all'ingrosso"},"content":{"rendered":"<p>Il <a href=\"https:\/\/www.vape4wholesale.com\/it\/marca_prodotto\/lavie\/\">Lavie<\/a> La versione Bar 2% \/ senza nicotina soddisfa i requisiti della maggior parte dei paesi dell'UE, cos\u00ec come coloro che hanno bisogno di vapes con un gusto pi\u00f9 leggero, viene fornito con una batteria da 450mah che dura 800 puff, l'e-liquid \u00e8 3,2ml con 2% o 0% forza di nicotina.<\/p>\n<p><strong>SAPORI:<\/strong><\/p>\n<p>Cocktail, menta fresca, Cola, mirtillo, mix di bacche, ghiaccio d'uva,<br \/>\nMelone coco, Pesca ghiacciata, Limonata rosa, Anguria-fragola.<\/p>\n<p><strong>Imballaggio:<\/strong><\/p>\n<p>ciascuno con confezione piccola, 10 pezzi in confezione media.<br \/>\n300 PCS\/cartone master, 11,5KG<\/p>\n<p><img loading=\"lazy\" decoding=\"async\" class=\"alignnone size-full wp-image-13436\" title=\"Lavie Bar 2 Vape usa e getta 800 soffi all&#039;ingrosso Dettaglio 2\" src=\"https:\/\/www.vape4wholesale.com\/wp-content\/uploads\/2021\/12\/Lavie-Bar-2-Disposable-Vape-800-Puffs-Wholesale_Detail_2.jpg\" alt=\"Lavie Bar 2 Vape usa e getta 800 soffi all&#039;ingrosso Dettaglio 2\" width=\"800\" height=\"1076\" srcset=\"https:\/\/www.vape4wholesale.com\/wp-content\/uploads\/2021\/12\/Lavie-Bar-2-Disposable-Vape-800-Puffs-Wholesale_Detail_2.jpg 800w, https:\/\/www.vape4wholesale.com\/wp-content\/uploads\/2021\/12\/Lavie-Bar-2-Disposable-Vape-800-Puffs-Wholesale_Detail_2-510x686.jpg 510w, https:\/\/www.vape4wholesale.com\/wp-content\/uploads\/2021\/12\/Lavie-Bar-2-Disposable-Vape-800-Puffs-Wholesale_Detail_2-64x86.jpg 64w, https:\/\/www.vape4wholesale.com\/wp-content\/uploads\/2021\/12\/Lavie-Bar-2-Disposable-Vape-800-Puffs-Wholesale_Detail_2-223x300.jpg 223w, https:\/\/www.vape4wholesale.com\/wp-content\/uploads\/2021\/12\/Lavie-Bar-2-Disposable-Vape-800-Puffs-Wholesale_Detail_2-761x1024.jpg 761w, https:\/\/www.vape4wholesale.com\/wp-content\/uploads\/2021\/12\/Lavie-Bar-2-Disposable-Vape-800-Puffs-Wholesale_Detail_2-768x1033.jpg 768w\" sizes=\"auto, (max-width: 800px) 100vw, 800px\" \/> \u00a0 \u00a0\u00a0<img loading=\"lazy\" decoding=\"async\" class=\"alignnone size-full wp-image-13450\" title=\"Lavie Bar 2 Vape usa e getta 800 soffi all&#039;ingrosso\" src=\"https:\/\/www.vape4wholesale.com\/wp-content\/uploads\/2021\/12\/Lavie-Bar-2-Disposable-Vape-800-Puffs-Wholesale.jpg\" alt=\"Lavie Bar 2 Vape usa e getta 800 soffi all&#039;ingrosso\" width=\"1000\" height=\"1000\" srcset=\"https:\/\/www.vape4wholesale.com\/wp-content\/uploads\/2021\/12\/Lavie-Bar-2-Disposable-Vape-800-Puffs-Wholesale.jpg 1000w, https:\/\/www.vape4wholesale.com\/wp-content\/uploads\/2021\/12\/Lavie-Bar-2-Disposable-Vape-800-Puffs-Wholesale-247x247.jpg 247w, https:\/\/www.vape4wholesale.com\/wp-content\/uploads\/2021\/12\/Lavie-Bar-2-Disposable-Vape-800-Puffs-Wholesale-100x100.jpg 100w, https:\/\/www.vape4wholesale.com\/wp-content\/uploads\/2021\/12\/Lavie-Bar-2-Disposable-Vape-800-Puffs-Wholesale-510x510.jpg 510w, https:\/\/www.vape4wholesale.com\/wp-content\/uploads\/2021\/12\/Lavie-Bar-2-Disposable-Vape-800-Puffs-Wholesale-64x64.jpg 64w, https:\/\/www.vape4wholesale.com\/wp-content\/uploads\/2021\/12\/Lavie-Bar-2-Disposable-Vape-800-Puffs-Wholesale-300x300.jpg 300w, https:\/\/www.vape4wholesale.com\/wp-content\/uploads\/2021\/12\/Lavie-Bar-2-Disposable-Vape-800-Puffs-Wholesale-150x150.jpg 150w, https:\/\/www.vape4wholesale.com\/wp-content\/uploads\/2021\/12\/Lavie-Bar-2-Disposable-Vape-800-Puffs-Wholesale-768x768.jpg 768w\" sizes=\"auto, (max-width: 1000px) 100vw, 1000px\" \/> \u00a0<img loading=\"lazy\" decoding=\"async\" class=\"alignnone size-full wp-image-13452\" title=\"Lavie Bar 2 Vape usa e getta 800 soffi all&#039;ingrosso Dettaglio 1\" src=\"https:\/\/www.vape4wholesale.com\/wp-content\/uploads\/2021\/12\/Lavie-Bar-2-Disposable-Vape-800-Puffs-Wholesale_Detail_1.jpg\" alt=\"Lavie Bar 2 Vape usa e getta 800 soffi all&#039;ingrosso Dettaglio 1\" width=\"800\" height=\"643\" srcset=\"https:\/\/www.vape4wholesale.com\/wp-content\/uploads\/2021\/12\/Lavie-Bar-2-Disposable-Vape-800-Puffs-Wholesale_Detail_1.jpg 800w, https:\/\/www.vape4wholesale.com\/wp-content\/uploads\/2021\/12\/Lavie-Bar-2-Disposable-Vape-800-Puffs-Wholesale_Detail_1-510x410.jpg 510w, https:\/\/www.vape4wholesale.com\/wp-content\/uploads\/2021\/12\/Lavie-Bar-2-Disposable-Vape-800-Puffs-Wholesale_Detail_1-64x51.jpg 64w, https:\/\/www.vape4wholesale.com\/wp-content\/uploads\/2021\/12\/Lavie-Bar-2-Disposable-Vape-800-Puffs-Wholesale_Detail_1-300x241.jpg 300w, https:\/\/www.vape4wholesale.com\/wp-content\/uploads\/2021\/12\/Lavie-Bar-2-Disposable-Vape-800-Puffs-Wholesale_Detail_1-768x617.jpg 768w\" sizes=\"auto, (max-width: 800px) 100vw, 800px\" \/><\/p>\n<h2>PERCH\u00c9 NOI?<\/h2>\r\n<ul>\r\n<li>Fonte di svapo reale, affidabile e professionale.<\/li>\r\n<li>100% Garanzia genuina: Forniamo solo prodotti originali e genuini, rifiutiamo la contraffazione.<\/li>\r\n<li>100% Garanzia di consegna: Usiamo il miglior metodo di spedizione per garantire che si riceve l'ordine 100%.<\/li>\r\n<li>Dopo la spedizione, vi forniremo il numero di tracking e l'etichetta di spedizione e seguiremo la merce per voi fino alla vostra firma.<\/li>\r\n<li>Nessun problema doganale, nessuna tariffa<\/li>\r\n<\/ul>","protected":false},"excerpt":{"rendered":"<div class=\"wsppc_div_block woocommerce_before_add_to_cart_form\">\r\n<p><strong><span style=\"color: #00a859;\">Sdoganare<\/span> prima della consegna e Garanzia di consegna al 100%, consegna in circa 19~25 giorni.\u00a0<\/strong><\/p>\r\n<\/div>","protected":false},"featured_media":13439,"comment_status":"open","ping_status":"closed","template":"","meta":[],"pwb-brand":[1277],"product_cat":[48],"product_tag":[22,24,37,87,90],"class_list":{"0":"post-1604","1":"product","2":"type-product","3":"status-publish","4":"has-post-thumbnail","6":"pwb-brand-lavie","7":"product_cat-below-2000-puffs","8":"product_tag-disposable","9":"product_tag-wholesale","10":"product_tag-lavie","11":"product_tag-3-2ml","12":"product_tag-800-puffs","13":"wcpa_has_options","15":"first","16":"instock","17":"shipping-taxable","18":"purchasable","19":"product-type-variable"},"aioseo_notices":[],"brands":[{"id":1277,"name":"Lavie","slug":"lavie"}],"_links":{"self":[{"href":"https:\/\/www.vape4wholesale.com\/it\/wp-json\/wp\/v2\/product\/1604","targetHints":{"allow":["GET"]}}],"collection":[{"href":"https:\/\/www.vape4wholesale.com\/it\/wp-json\/wp\/v2\/product"}],"about":[{"href":"https:\/\/www.vape4wholesale.com\/it\/wp-json\/wp\/v2\/types\/product"}],"replies":[{"embeddable":true,"href":"https:\/\/www.vape4wholesale.com\/it\/wp-json\/wp\/v2\/comments?post=1604"}],"wp:featuredmedia":[{"embeddable":true,"href":"https:\/\/www.vape4wholesale.com\/it\/wp-json\/wp\/v2\/media\/13439"}],"wp:attachment":[{"href":"https:\/\/www.vape4wholesale.com\/it\/wp-json\/wp\/v2\/media?parent=1604"}],"wp:term":[{"taxonomy":"pwb-brand","embeddable":true,"href":"https:\/\/www.vape4wholesale.com\/it\/wp-json\/wp\/v2\/pwb-brand?post=1604"},{"taxonomy":"product_cat","embeddable":true,"href":"https:\/\/www.vape4wholesale.com\/it\/wp-json\/wp\/v2\/product_cat?post=1604"},{"taxonomy":"product_tag","embeddable":true,"href":"https:\/\/www.vape4wholesale.com\/it\/wp-json\/wp\/v2\/product_tag?post=1604"}],"curies":[{"name":"wp","href":"https:\/\/api.w.org\/{rel}","templated":true}]}}