{"id":15324,"date":"2023-01-13T11:02:43","date_gmt":"2023-01-13T03:02:43","guid":{"rendered":"https:\/\/www.vape4wholesale.com\/?post_type=product&#038;p=15324"},"modified":"2026-01-26T13:43:08","modified_gmt":"2026-01-26T13:43:08","slug":"lavie-bar-1600-soffi-monouso-vape-allingrosso","status":"publish","type":"product","link":"https:\/\/www.vape4wholesale.com\/it\/product\/lavie-bar-1600-puffs-disposable-vape-wholesale","title":{"rendered":"Lavie Bar 1600 soffi monouso Vape all'ingrosso"},"content":{"rendered":"<p>Lavie Bar 1600 \u00e8 un vape usa e getta dal design elegante, con una batteria integrata ad alta capacit\u00e0 da 800 mAh e una capacit\u00e0 di 5,3 ml di olio e-liquid per 1600 boccate con un gusto morbido e un formato carino e compatto, facile da trasportare e che offre un'esperienza di vaping pi\u00f9 deliziosa.<\/p>\n<p>Ordina in blocco la nostra ampia selezione di Lavie Bar 1600 8 gusti al miglior prezzo all'ingrosso e con spedizione rapida!<\/p>\n<h2><strong>Lavie Bar 1600 Disposable Vape Specifiche:<\/strong><\/h2>\n<p>Marchio: Lavie<\/p>\n<p>Soffi: sono disponibili 1600 soffi per ogni dispositivo.<\/p>\n<p>Nicotine:0%\/2%\/5%<\/p>\n<p>Capacit\u00e0 del succo elettronico: 5.3ML<\/p>\n<p>Batteria: 800mAh<\/p>\n<p>&nbsp;<\/p>\n<h2>I sapori<\/h2>\n<ol>\n<li>Zucchero filato<\/li>\n<li>Ananas fragola e cocco<\/li>\n<li>Ghiaccio al mango<\/li>\n<li>Ghiaccio alla pesca<\/li>\n<li>Ghiaccio all'anguria<\/li>\n<li>Bacche miste<\/li>\n<li>Uva Arancia Mela<\/li>\n<li>Arancia Mango Guava<\/li>\n<\/ol>\n<p>&nbsp;<\/p>\n<h2>Imballaggio e peso<\/h2>\n<p>0,05KG\/PCS, 10 pezzi\/scatola media.<\/p>\n<p>300PCS\/cartone master, 17,5KG per cartone<\/p>\n<figure id=\"attachment_15325\" aria-describedby=\"caption-attachment-15325\" style=\"width: 800px\" class=\"wp-caption alignnone\"><img loading=\"lazy\" decoding=\"async\" class=\"size-full wp-image-15325\" title=\"Lavie Bar 1600 soffi monouso Vape all&#039;ingrosso\" src=\"https:\/\/www.vape4wholesale.com\/wp-content\/uploads\/2024\/03\/Lavie-Bar-1600-Puffs-Disposable-Vape-Wholesale.jpg\" alt=\"Lavie Bar 1600 soffi monouso Vape all&#039;ingrosso\" width=\"800\" height=\"800\" srcset=\"https:\/\/www.vape4wholesale.com\/wp-content\/uploads\/2024\/03\/Lavie-Bar-1600-Puffs-Disposable-Vape-Wholesale.jpg 800w, https:\/\/www.vape4wholesale.com\/wp-content\/uploads\/2024\/03\/Lavie-Bar-1600-Puffs-Disposable-Vape-Wholesale-247x247.jpg 247w, https:\/\/www.vape4wholesale.com\/wp-content\/uploads\/2024\/03\/Lavie-Bar-1600-Puffs-Disposable-Vape-Wholesale-100x100.jpg 100w, https:\/\/www.vape4wholesale.com\/wp-content\/uploads\/2024\/03\/Lavie-Bar-1600-Puffs-Disposable-Vape-Wholesale-510x510.jpg 510w, https:\/\/www.vape4wholesale.com\/wp-content\/uploads\/2024\/03\/Lavie-Bar-1600-Puffs-Disposable-Vape-Wholesale-64x64.jpg 64w, https:\/\/www.vape4wholesale.com\/wp-content\/uploads\/2024\/03\/Lavie-Bar-1600-Puffs-Disposable-Vape-Wholesale-300x300.jpg 300w, https:\/\/www.vape4wholesale.com\/wp-content\/uploads\/2024\/03\/Lavie-Bar-1600-Puffs-Disposable-Vape-Wholesale-150x150.jpg 150w, https:\/\/www.vape4wholesale.com\/wp-content\/uploads\/2024\/03\/Lavie-Bar-1600-Puffs-Disposable-Vape-Wholesale-768x768.jpg 768w\" sizes=\"auto, (max-width: 800px) 100vw, 800px\" \/><figcaption id=\"caption-attachment-15325\" class=\"wp-caption-text\">Lavie Bar 1600 soffi monouso Vape all'ingrosso<\/figcaption><\/figure>","protected":false},"excerpt":{"rendered":"[scf-template id=&#8217;11434&#8242;]\n","protected":false},"featured_media":15325,"comment_status":"open","ping_status":"closed","template":"","meta":[],"pwb-brand":[1277],"product_cat":[48],"product_tag":[753,22,24,37,43],"class_list":{"0":"post-15324","1":"product","2":"type-product","3":"status-publish","4":"has-post-thumbnail","6":"pwb-brand-lavie","7":"product_cat-below-2000-puffs","8":"product_tag-5-3ml","9":"product_tag-disposable","10":"product_tag-wholesale","11":"product_tag-lavie","12":"product_tag-1600-puffs","13":"wcpa_has_options","15":"first","16":"outofstock","17":"shipping-taxable","18":"purchasable","19":"product-type-variable"},"aioseo_notices":[],"brands":[{"id":1277,"name":"Lavie","slug":"lavie"}],"_links":{"self":[{"href":"https:\/\/www.vape4wholesale.com\/it\/wp-json\/wp\/v2\/product\/15324","targetHints":{"allow":["GET"]}}],"collection":[{"href":"https:\/\/www.vape4wholesale.com\/it\/wp-json\/wp\/v2\/product"}],"about":[{"href":"https:\/\/www.vape4wholesale.com\/it\/wp-json\/wp\/v2\/types\/product"}],"replies":[{"embeddable":true,"href":"https:\/\/www.vape4wholesale.com\/it\/wp-json\/wp\/v2\/comments?post=15324"}],"wp:featuredmedia":[{"embeddable":true,"href":"https:\/\/www.vape4wholesale.com\/it\/wp-json\/wp\/v2\/media\/15325"}],"wp:attachment":[{"href":"https:\/\/www.vape4wholesale.com\/it\/wp-json\/wp\/v2\/media?parent=15324"}],"wp:term":[{"taxonomy":"pwb-brand","embeddable":true,"href":"https:\/\/www.vape4wholesale.com\/it\/wp-json\/wp\/v2\/pwb-brand?post=15324"},{"taxonomy":"product_cat","embeddable":true,"href":"https:\/\/www.vape4wholesale.com\/it\/wp-json\/wp\/v2\/product_cat?post=15324"},{"taxonomy":"product_tag","embeddable":true,"href":"https:\/\/www.vape4wholesale.com\/it\/wp-json\/wp\/v2\/product_tag?post=15324"}],"curies":[{"name":"wp","href":"https:\/\/api.w.org\/{rel}","templated":true}]}}