{"id":15211,"date":"2024-02-29T22:03:31","date_gmt":"2024-02-29T14:03:31","guid":{"rendered":"https:\/\/www.vape4wholesale.com\/?post_type=product&#038;p=15211"},"modified":"2026-01-26T13:41:23","modified_gmt":"2026-01-26T13:41:23","slug":"elf-bar-bc18000-vape-monouso-allingrosso","status":"publish","type":"product","link":"https:\/\/www.vape4wholesale.com\/it\/product\/elf-bar-bc18000-disposable-vape-wholesale","title":{"rendered":"Elf Bar BC18000 Vape monouso all'ingrosso"},"content":{"rendered":"<p>Elf Bar BC18000 \u00e8 uno degli ultimi modelli di Elf Bar e offre agli utenti fino a 18.000 boccate. Vanta due diverse modalit\u00e0: la modalit\u00e0 \"Smooth\" offre il massimo numero di boccate, mentre la modalit\u00e0 \"Turbo\" fornisce un hit pi\u00f9 intenso con nuvole di vapore pi\u00f9 grandi ma meno boccate.<\/p>\n<p>Viene fornito con 50mg di nicotina per la scelta, ordine Bulk la nostra vasta 15 selezione di Elf Bar BC18000 sapori per il nostro miglior prezzo all'ingrosso e spedizione veloce!<\/p>\n<h2><strong>Barra dell'elfo BC18000 Dettaglio rapido<\/strong><\/h2>\n<p>Capacit\u00e0 e-liquid: 25ml<br \/>\nCapacit\u00e0 della batteria: 650mAh<br \/>\nGonfiotti: Fino a 18000<br \/>\nForza della nicotina: 50mg\/ml<\/p>\n<h2><strong>Gusti disponibili<\/strong><\/h2>\n<p>1.Mirtillo nero<br \/>\n2.Blu Razz Ice<br \/>\n3.Ciliegia Lime<br \/>\n4.Mirtillo rosso d'uva<br \/>\n5.Ghiaccio d'uva<br \/>\n6.Kiwi Pompelmo Passiflora Guava<br \/>\n7.Pesca Mango Anguria<br \/>\n8.Ananas Pompelmo Dragonfruit Pompelmo<br \/>\n9.Mela acida<br \/>\n10.Banana alla fragola<br \/>\n11.Kiwi alla fragola<br \/>\n12.Pepe Menta<br \/>\n13.Ghiaccio all'anguria<br \/>\n14.Kiwi Ananas Pesca<br \/>\n15.Pompelmo Frutto della Passione<\/p>\n<h2><strong>Dettagli sull'imballaggio<\/strong><\/h2>\n<p>1 pezzo\/confezione<br \/>\n10 confezioni\/scatola<br \/>\n200 pezzi\/cartone<\/p>\n<p><strong>Dimensioni:<\/strong><br \/>\n55,5*29,5*27,5 cm<br \/>\n26KGS\/cartone<\/p>\n<figure id=\"attachment_15212\" aria-describedby=\"caption-attachment-15212\" style=\"width: 650px\" class=\"wp-caption alignnone\"><img loading=\"lazy\" decoding=\"async\" class=\"size-full wp-image-15212\" title=\"Elf Bar BC18000 Vape monouso all&#039;ingrosso\" src=\"https:\/\/www.vape4wholesale.com\/wp-content\/uploads\/2024\/02\/Elf-Bar-BC18000-Disposable-Vape-Wholesale.jpg\" alt=\"Elf Bar BC18000 Vape monouso all&#039;ingrosso\" width=\"650\" height=\"650\" srcset=\"https:\/\/www.vape4wholesale.com\/wp-content\/uploads\/2024\/02\/Elf-Bar-BC18000-Disposable-Vape-Wholesale.jpg 650w, https:\/\/www.vape4wholesale.com\/wp-content\/uploads\/2024\/02\/Elf-Bar-BC18000-Disposable-Vape-Wholesale-247x247.jpg 247w, https:\/\/www.vape4wholesale.com\/wp-content\/uploads\/2024\/02\/Elf-Bar-BC18000-Disposable-Vape-Wholesale-100x100.jpg 100w, https:\/\/www.vape4wholesale.com\/wp-content\/uploads\/2024\/02\/Elf-Bar-BC18000-Disposable-Vape-Wholesale-510x510.jpg 510w, https:\/\/www.vape4wholesale.com\/wp-content\/uploads\/2024\/02\/Elf-Bar-BC18000-Disposable-Vape-Wholesale-64x64.jpg 64w, https:\/\/www.vape4wholesale.com\/wp-content\/uploads\/2024\/02\/Elf-Bar-BC18000-Disposable-Vape-Wholesale-300x300.jpg 300w, https:\/\/www.vape4wholesale.com\/wp-content\/uploads\/2024\/02\/Elf-Bar-BC18000-Disposable-Vape-Wholesale-150x150.jpg 150w\" sizes=\"auto, (max-width: 650px) 100vw, 650px\" \/><figcaption id=\"caption-attachment-15212\" class=\"wp-caption-text\">Elf Bar BC18000 Vape monouso all'ingrosso<\/figcaption><\/figure>\n<h2>PERCH\u00c9 NOI?<\/h2>\r\n<ul>\r\n<li>Fonte di svapo reale, affidabile e professionale.<\/li>\r\n<li>100% Garanzia genuina: Forniamo solo prodotti originali e genuini, rifiutiamo la contraffazione.<\/li>\r\n<li>100% Garanzia di consegna: Usiamo il miglior metodo di spedizione per garantire che si riceve l'ordine 100%.<\/li>\r\n<li>Dopo la spedizione, vi forniremo il numero di tracking e l'etichetta di spedizione e seguiremo la merce per voi fino alla vostra firma.<\/li>\r\n<li>Nessun problema doganale, nessuna tariffa<\/li>\r\n<\/ul>","protected":false},"excerpt":{"rendered":"<div class=\"wsppc_div_block woocommerce_before_add_to_cart_form\">\r\n<p><strong><span style=\"color: #00a859;\">Sdoganare<\/span> prima della consegna e Garanzia di consegna al 100%, consegna in circa 19~25 giorni.\u00a0<\/strong><\/p>\r\n<\/div>\n<p><strong>A causa delle frequenti variazioni delle scorte dei prodotti, della quantit\u00e0 minima d'ordine e del prezzo, vi preghiamo di contattarci prima di effettuare l'ordine.<\/strong><\/p>","protected":false},"featured_media":15212,"comment_status":"open","ping_status":"closed","template":"","meta":[],"pwb-brand":[1278],"product_cat":[872],"product_tag":[60,692,719,22,24],"class_list":{"0":"post-15211","1":"product","2":"type-product","3":"status-publish","4":"has-post-thumbnail","6":"pwb-brand-elf-bar","7":"product_cat-15k-20k-puffs","8":"product_tag-elf-bar","9":"product_tag-25-0ml","10":"product_tag-18000-puffs","11":"product_tag-disposable","12":"product_tag-wholesale","14":"first","15":"instock","16":"shipping-taxable","17":"purchasable","18":"product-type-variable"},"aioseo_notices":[],"brands":[{"id":1278,"name":"Bar degli elfi","slug":"bar-degli-elfi"}],"_links":{"self":[{"href":"https:\/\/www.vape4wholesale.com\/it\/wp-json\/wp\/v2\/product\/15211","targetHints":{"allow":["GET"]}}],"collection":[{"href":"https:\/\/www.vape4wholesale.com\/it\/wp-json\/wp\/v2\/product"}],"about":[{"href":"https:\/\/www.vape4wholesale.com\/it\/wp-json\/wp\/v2\/types\/product"}],"replies":[{"embeddable":true,"href":"https:\/\/www.vape4wholesale.com\/it\/wp-json\/wp\/v2\/comments?post=15211"}],"wp:featuredmedia":[{"embeddable":true,"href":"https:\/\/www.vape4wholesale.com\/it\/wp-json\/wp\/v2\/media\/15212"}],"wp:attachment":[{"href":"https:\/\/www.vape4wholesale.com\/it\/wp-json\/wp\/v2\/media?parent=15211"}],"wp:term":[{"taxonomy":"pwb-brand","embeddable":true,"href":"https:\/\/www.vape4wholesale.com\/it\/wp-json\/wp\/v2\/pwb-brand?post=15211"},{"taxonomy":"product_cat","embeddable":true,"href":"https:\/\/www.vape4wholesale.com\/it\/wp-json\/wp\/v2\/product_cat?post=15211"},{"taxonomy":"product_tag","embeddable":true,"href":"https:\/\/www.vape4wholesale.com\/it\/wp-json\/wp\/v2\/product_tag?post=15211"}],"curies":[{"name":"wp","href":"https:\/\/api.w.org\/{rel}","templated":true}]}}