{"id":14625,"date":"2023-11-12T10:34:51","date_gmt":"2023-11-12T02:34:51","guid":{"rendered":"https:\/\/www.vape4wholesale.com\/?post_type=product&#038;p=14625"},"modified":"2026-01-26T13:41:53","modified_gmt":"2026-01-26T13:41:53","slug":"funky-lands-ci5000-vape-monouso-allingrosso","status":"publish","type":"product","link":"https:\/\/www.vape4wholesale.com\/it\/product\/funky-lands-ci5000-disposable-vape-wholesale","title":{"rendered":"Funky Lands Ci5000 Vape monouso all'ingrosso"},"content":{"rendered":"<p>Il Funky Lands Ci5000 Disposable Vape \u00e8 un gadget dinamico che cattura l'apice delle esperienze di vaping. Questo vape usa e getta \u00e8 fatto per saziare le vostre voglie e offrire un'esperienza di svapo continua. \u00c8 alimentato dalla tecnologia QUAQ Coil e ha una tonnellata di caratteristiche uniche.<br data-filtered=\"filtered\" \/><br data-filtered=\"filtered\" \/>Funky Lands Ci5000 assicura un'esposizione costante ai vostri aromi preferiti grazie alla sua enorme capacit\u00e0 di 10 ml di e-liquid. Questo gadget \u00e8 pronto a stupire con qualsiasi aroma, che si tratti delle tipiche sfumature di tabacco, di essenze dolci o di frutta acida. La potenza di 40 mg di nicotina raggiunge efficacemente l'equilibrio tra un colpo in gola soddisfacente e una morbidezza vellutata, soddisfacendo i vostri gusti in fatto di nicotina. Preparatevi a un lungo viaggio nel mondo del vaping, poich\u00e9 Funky Republic Ci5000 offre ben 5000 boccate per dispositivo.<\/p>\n<h2><strong>Funky Lands Ci5000 Disposables Caratteristiche:<\/strong><\/h2>\n<p>- Getti massimi: 5000<br data-filtered=\"filtered\" \/>- Dosaggio della nicotina: 40 mg (4%)<br data-filtered=\"filtered\" \/>- Capacit\u00e0 preriempita: 10 ml<br data-filtered=\"filtered\" \/>- Capacit\u00e0 della batteria: 650 mAh<\/p>\n<h2><strong>Gusti disponibili:<\/strong><\/h2>\n<ul>\n<li>Ghiaccio all'anguria<\/li>\n<li>Anguria BG<\/li>\n<li>Ghiaccio alla fragola<\/li>\n<li>Kiwi verde carambola<\/li>\n<li>Rinbo<\/li>\n<li>Ananas Strawnana<\/li>\n<li>Ghiaccio di montagna<\/li>\n<li>Rosa menta<\/li>\n<li>Zecca di Miami<\/li>\n<li>Mango Gami<\/li>\n<li>Ghiaccio Blu Razz<\/li>\n<li>Bacca Fiore di Pesca<\/li>\n<li>Bacca Passione Uva<\/li>\n<li>Miscela di frutti di bosco<\/li>\n<li>Triplo ghiaccio ai frutti di bosco<\/li>\n<\/ul>\n<p><img loading=\"lazy\" decoding=\"async\" class=\"alignnone size-full wp-image-14626\" title=\"Funky Ci5000 Vape monouso all&#039;ingrosso\" src=\"https:\/\/www.vape4wholesale.com\/wp-content\/uploads\/2023\/11\/Funky-Ci5000-Disposable-Vape-Wholesale.jpg\" alt=\"Funky Ci5000 Vape monouso all&#039;ingrosso\" width=\"480\" height=\"480\" srcset=\"https:\/\/www.vape4wholesale.com\/wp-content\/uploads\/2023\/11\/Funky-Ci5000-Disposable-Vape-Wholesale.jpg 480w, https:\/\/www.vape4wholesale.com\/wp-content\/uploads\/2023\/11\/Funky-Ci5000-Disposable-Vape-Wholesale-247x247.jpg 247w, https:\/\/www.vape4wholesale.com\/wp-content\/uploads\/2023\/11\/Funky-Ci5000-Disposable-Vape-Wholesale-100x100.jpg 100w, https:\/\/www.vape4wholesale.com\/wp-content\/uploads\/2023\/11\/Funky-Ci5000-Disposable-Vape-Wholesale-64x64.jpg 64w, https:\/\/www.vape4wholesale.com\/wp-content\/uploads\/2023\/11\/Funky-Ci5000-Disposable-Vape-Wholesale-300x300.jpg 300w, https:\/\/www.vape4wholesale.com\/wp-content\/uploads\/2023\/11\/Funky-Ci5000-Disposable-Vape-Wholesale-150x150.jpg 150w\" sizes=\"auto, (max-width: 480px) 100vw, 480px\" \/><\/p>","protected":false},"excerpt":{"rendered":"[scf-template id=&#8217;11434&#8242;]\n","protected":false},"featured_media":14626,"comment_status":"open","ping_status":"closed","template":"","meta":[],"pwb-brand":[1289],"product_cat":[869],"product_tag":[22,24,189,210,651],"class_list":{"0":"post-14625","1":"product","2":"type-product","3":"status-publish","4":"has-post-thumbnail","6":"pwb-brand-others","7":"product_cat-5000-8000-puffs","8":"product_tag-disposable","9":"product_tag-wholesale","10":"product_tag-5000-puffs","11":"product_tag-10-0ml","12":"product_tag-funky-lands","14":"first","15":"outofstock","16":"shipping-taxable","17":"purchasable","18":"product-type-variable"},"aioseo_notices":[],"brands":[{"id":1289,"name":"Altri","slug":"altri"}],"_links":{"self":[{"href":"https:\/\/www.vape4wholesale.com\/it\/wp-json\/wp\/v2\/product\/14625","targetHints":{"allow":["GET"]}}],"collection":[{"href":"https:\/\/www.vape4wholesale.com\/it\/wp-json\/wp\/v2\/product"}],"about":[{"href":"https:\/\/www.vape4wholesale.com\/it\/wp-json\/wp\/v2\/types\/product"}],"replies":[{"embeddable":true,"href":"https:\/\/www.vape4wholesale.com\/it\/wp-json\/wp\/v2\/comments?post=14625"}],"wp:featuredmedia":[{"embeddable":true,"href":"https:\/\/www.vape4wholesale.com\/it\/wp-json\/wp\/v2\/media\/14626"}],"wp:attachment":[{"href":"https:\/\/www.vape4wholesale.com\/it\/wp-json\/wp\/v2\/media?parent=14625"}],"wp:term":[{"taxonomy":"pwb-brand","embeddable":true,"href":"https:\/\/www.vape4wholesale.com\/it\/wp-json\/wp\/v2\/pwb-brand?post=14625"},{"taxonomy":"product_cat","embeddable":true,"href":"https:\/\/www.vape4wholesale.com\/it\/wp-json\/wp\/v2\/product_cat?post=14625"},{"taxonomy":"product_tag","embeddable":true,"href":"https:\/\/www.vape4wholesale.com\/it\/wp-json\/wp\/v2\/product_tag?post=14625"}],"curies":[{"name":"wp","href":"https:\/\/api.w.org\/{rel}","templated":true}]}}