{"id":14157,"date":"2023-08-20T17:17:06","date_gmt":"2023-08-20T09:17:06","guid":{"rendered":"https:\/\/www.vape4wholesale.com\/?post_type=product&#038;p=14157"},"modified":"2026-01-26T13:42:24","modified_gmt":"2026-01-26T13:42:24","slug":"elf-bar-pi9000-monouso-vape-allingrosso","status":"publish","type":"product","link":"https:\/\/www.vape4wholesale.com\/it\/product\/elf-bar-pi9000-disposable-vape-wholesale","title":{"rendered":"Elf Bar PI9000 Vape monouso all'ingrosso"},"content":{"rendered":"<p><b>Vape monouso Elf Bar Pi9000<\/b>\u00a0La batteria \u00e8 in grado di ospitare 19 ml di e-liquid pre-riempito, il sapore \u00e8 raffinato ma incisivo grazie alla bobina a rete integrata, e il design con forza di nicotina 4% (40mg) pu\u00f2 fornire un vapore pi\u00f9 fluido. Fornisce un'estrazione soddisfacente e prestazioni impeccabili, la batteria ricaricabile da 650 mAh supporta fino a 9000 sessioni di svapo. L'aspetto \u00e8 simile a quello di un mini cuscino e il drip tip traslucido \u00e8 utile per osservare la condensa. Dotato di un indicatore del liquido e della batteria, Pi9000 \u00e8 ideale per controllare lo stato del dispositivo e per esplorare sapori leggeri e succulenti.<\/p>\n<h2 class=\"second-title\"><strong>Elf Bar PI9000 Caratteristiche:<\/strong><\/h2>\n<ol>\n<li>Succo di svapo preriempito da 19 ml<\/li>\n<li>4%(40mg) Sale di nicchia<\/li>\n<li>Batteria ricaricabile da 650 mAh<\/li>\n<li>Porta USB-C<\/li>\n<li>Circa 9000 bolle<\/li>\n<li>Bobina di rete<\/li>\n<li>Attivato dal disegno<\/li>\n<li>Indicatori di liquido e batteria<\/li>\n<\/ol>\n<h2><strong>Elenco dei sapori:<\/strong><\/h2>\n<p>Lampone Frutto della passione Arancia<br \/>\nLampone Elfbull<br \/>\nBacca di melograno<br \/>\nLampone di bosco<br \/>\nGhiaccio all'anguria<br \/>\nGelato alla fragola<br \/>\nGhiaccio alla fragola<br \/>\nLimone rosa<br \/>\nGhiaccio alla pesca<br \/>\nMango<br \/>\nZecca di Lemont<br \/>\nMela verde<br \/>\nUva Lampone<br \/>\nGhiaccio d'uva<br \/>\nGhiaccio Elfbull<br \/>\nDoppia mela<br \/>\nTabacco crema<br \/>\nGhiaccio alla cola<br \/>\nGhiaccio al mirtillo<br \/>\nGhiaccio Blu Razz<\/p>\n<p><img loading=\"lazy\" decoding=\"async\" class=\"alignnone size-full wp-image-14162\" title=\"Elf Bar PI9000 Disposable Vape Panoramica all&#039;ingrosso\" src=\"https:\/\/www.vape4wholesale.com\/wp-content\/uploads\/2023\/08\/Elf-Bar-PI9000-Disposable-Vape-Wholesale-overview.jpg\" alt=\"Elf Bar PI9000 Disposable Vape Panoramica all&#039;ingrosso\" width=\"800\" height=\"800\" srcset=\"https:\/\/www.vape4wholesale.com\/wp-content\/uploads\/2023\/08\/Elf-Bar-PI9000-Disposable-Vape-Wholesale-overview.jpg 800w, https:\/\/www.vape4wholesale.com\/wp-content\/uploads\/2023\/08\/Elf-Bar-PI9000-Disposable-Vape-Wholesale-overview-247x247.jpg 247w, https:\/\/www.vape4wholesale.com\/wp-content\/uploads\/2023\/08\/Elf-Bar-PI9000-Disposable-Vape-Wholesale-overview-100x100.jpg 100w, https:\/\/www.vape4wholesale.com\/wp-content\/uploads\/2023\/08\/Elf-Bar-PI9000-Disposable-Vape-Wholesale-overview-510x510.jpg 510w, https:\/\/www.vape4wholesale.com\/wp-content\/uploads\/2023\/08\/Elf-Bar-PI9000-Disposable-Vape-Wholesale-overview-64x64.jpg 64w, https:\/\/www.vape4wholesale.com\/wp-content\/uploads\/2023\/08\/Elf-Bar-PI9000-Disposable-Vape-Wholesale-overview-300x300.jpg 300w, https:\/\/www.vape4wholesale.com\/wp-content\/uploads\/2023\/08\/Elf-Bar-PI9000-Disposable-Vape-Wholesale-overview-150x150.jpg 150w, https:\/\/www.vape4wholesale.com\/wp-content\/uploads\/2023\/08\/Elf-Bar-PI9000-Disposable-Vape-Wholesale-overview-768x768.jpg 768w\" sizes=\"auto, (max-width: 800px) 100vw, 800px\" \/><\/p>","protected":false},"excerpt":{"rendered":"[scf-template id=&#8217;11434&#8242;]\n<p>100% Original Elf Bar with QR Code<\/p>\n","protected":false},"featured_media":14162,"comment_status":"open","ping_status":"closed","template":"","meta":[],"pwb-brand":[1278],"product_cat":[870],"product_tag":[22,24,60,336,574],"class_list":{"0":"post-14157","1":"product","2":"type-product","3":"status-publish","4":"has-post-thumbnail","6":"pwb-brand-elf-bar","7":"product_cat-8000-10000-puffs","8":"product_tag-disposable","9":"product_tag-wholesale","10":"product_tag-elf-bar","11":"product_tag-9000-puffs","12":"product_tag-19-0ml","14":"first","15":"outofstock","16":"shipping-taxable","17":"purchasable","18":"product-type-variable"},"aioseo_notices":[],"brands":[{"id":1278,"name":"Bar degli elfi","slug":"bar-degli-elfi"}],"_links":{"self":[{"href":"https:\/\/www.vape4wholesale.com\/it\/wp-json\/wp\/v2\/product\/14157","targetHints":{"allow":["GET"]}}],"collection":[{"href":"https:\/\/www.vape4wholesale.com\/it\/wp-json\/wp\/v2\/product"}],"about":[{"href":"https:\/\/www.vape4wholesale.com\/it\/wp-json\/wp\/v2\/types\/product"}],"replies":[{"embeddable":true,"href":"https:\/\/www.vape4wholesale.com\/it\/wp-json\/wp\/v2\/comments?post=14157"}],"wp:featuredmedia":[{"embeddable":true,"href":"https:\/\/www.vape4wholesale.com\/it\/wp-json\/wp\/v2\/media\/14162"}],"wp:attachment":[{"href":"https:\/\/www.vape4wholesale.com\/it\/wp-json\/wp\/v2\/media?parent=14157"}],"wp:term":[{"taxonomy":"pwb-brand","embeddable":true,"href":"https:\/\/www.vape4wholesale.com\/it\/wp-json\/wp\/v2\/pwb-brand?post=14157"},{"taxonomy":"product_cat","embeddable":true,"href":"https:\/\/www.vape4wholesale.com\/it\/wp-json\/wp\/v2\/product_cat?post=14157"},{"taxonomy":"product_tag","embeddable":true,"href":"https:\/\/www.vape4wholesale.com\/it\/wp-json\/wp\/v2\/product_tag?post=14157"}],"curies":[{"name":"wp","href":"https:\/\/api.w.org\/{rel}","templated":true}]}}