{"id":11049,"date":"2023-06-23T21:01:55","date_gmt":"2023-06-23T13:01:55","guid":{"rendered":"https:\/\/www.vape4wholesale.com\/?post_type=product&#038;p=11049"},"modified":"2026-01-26T13:42:35","modified_gmt":"2026-01-26T13:42:35","slug":"randm-vome-monster-10000-vape-allingrosso","status":"publish","type":"product","link":"https:\/\/www.vape4wholesale.com\/it\/product\/randm-vome-monster-10000-vape-wholesale","title":{"rendered":"RandM Vome Monster 10000 Vape all'ingrosso"},"content":{"rendered":"<p><strong><a href=\"https:\/\/www.vape4wholesale.com\/it\/marca_prodotto\/randm\/\">RandM<\/a> Mostro Vome 10000 <\/strong>\u00e8 una custodia a doppio strato progettata per un bel dispositivo di vape usa e getta, con funzione di controllo del flusso d'aria ed \u00e8 ricaricabile. ha una variet\u00e0 di intensit\u00e0 di nicotina (0mg, 20mg, 30mg e 50mg) tra cui scegliere, la capacit\u00e0 dell'eliquid \u00e8 di 20ml e supporta max 10000 soffi.<\/p>\n<p>Sono disponibili 12 aromi da scegliere. Il controllo del flusso d'aria vi permette di scegliere il punto pi\u00f9 adatto a voi, inoltre \u00e8 dotato di una porta ricaricabile Type-C sul fondo del dispositivo, che vi garantisce di finire sempre l'ultima goccia di ejuice nel serbatoio.<\/p>\n<p>La Vome \u00e8 una sottomarca di Randm vape, la cui aggiunta permette a Randm di avere molti pi\u00f9 prodotti.<\/p>\n<h2>RandM Vome Monster 10000 Puffs Monouso Caratteristiche<\/h2>\n<ul>\n<li>0%\/ 2%\/ 3%\/ 5% Sale di nicotina<\/li>\n<li>20ML di liquido elettronico<\/li>\n<li>Controllo del flusso d'aria<\/li>\n<li>Bobina a rete<\/li>\n<li>Batteria ricaricabile<\/li>\n<li>Batteria integrata da 850 mAh<\/li>\n<li>12 gusti disponibili<\/li>\n<li>10 pezzi in una scatola da esposizione<\/li>\n<li>240 pezzi in un cartone<\/li>\n<\/ul>\n<h2>Gusti disponibili<\/h2>\n<ol>\n<li>Ghiaccio lussureggiante<\/li>\n<li>Menta fresca<\/li>\n<li>Bacche miste<\/li>\n<li>Ghiaccio d'uva<\/li>\n<li>Pesca mango<\/li>\n<li>Ghiaccio al mirtillo<\/li>\n<li>Caramelle arcobaleno<\/li>\n<li>Anguria alla fragola<\/li>\n<li>Ciambella alla fragola<\/li>\n<li>Cola allegra<\/li>\n<li>Limonata rosa<\/li>\n<li>Kiwi frutto della passione guava<\/li>\n<\/ol>\n<p><img loading=\"lazy\" decoding=\"async\" class=\"alignnone size-full wp-image-11491\" title=\"Randm Vome Monster 10000 soffi Vape all&#039;ingrosso\" src=\"https:\/\/www.vape4wholesale.com\/wp-content\/uploads\/2023\/06\/Randm-Vome-Monster-10000-Puffs-Vape-Wholesale.jpg\" alt=\"Randm Vome Monster 10000 soffi Vape all&#039;ingrosso\" width=\"590\" height=\"539\" srcset=\"https:\/\/www.vape4wholesale.com\/wp-content\/uploads\/2023\/06\/Randm-Vome-Monster-10000-Puffs-Vape-Wholesale.jpg 590w, https:\/\/www.vape4wholesale.com\/wp-content\/uploads\/2023\/06\/Randm-Vome-Monster-10000-Puffs-Vape-Wholesale-510x466.jpg 510w, https:\/\/www.vape4wholesale.com\/wp-content\/uploads\/2023\/06\/Randm-Vome-Monster-10000-Puffs-Vape-Wholesale-64x58.jpg 64w, https:\/\/www.vape4wholesale.com\/wp-content\/uploads\/2023\/06\/Randm-Vome-Monster-10000-Puffs-Vape-Wholesale-300x274.jpg 300w\" sizes=\"auto, (max-width: 590px) 100vw, 590px\" \/> <img loading=\"lazy\" decoding=\"async\" class=\"alignnone size-full wp-image-11492\" title=\"Fragola Anguria Randm Vome Mostro Vape 10000 Bocconi\" src=\"https:\/\/www.vape4wholesale.com\/wp-content\/uploads\/2023\/06\/Strawberry-Watermelon-Randm-Vome-Monster-Vape-10000-Puffs.jpg\" alt=\"Fragola Anguria Randm Vome Mostro Vape 10000 Bocconi\" width=\"590\" height=\"590\" srcset=\"https:\/\/www.vape4wholesale.com\/wp-content\/uploads\/2023\/06\/Strawberry-Watermelon-Randm-Vome-Monster-Vape-10000-Puffs.jpg 590w, https:\/\/www.vape4wholesale.com\/wp-content\/uploads\/2023\/06\/Strawberry-Watermelon-Randm-Vome-Monster-Vape-10000-Puffs-247x247.jpg 247w, https:\/\/www.vape4wholesale.com\/wp-content\/uploads\/2023\/06\/Strawberry-Watermelon-Randm-Vome-Monster-Vape-10000-Puffs-100x100.jpg 100w, https:\/\/www.vape4wholesale.com\/wp-content\/uploads\/2023\/06\/Strawberry-Watermelon-Randm-Vome-Monster-Vape-10000-Puffs-510x510.jpg 510w, https:\/\/www.vape4wholesale.com\/wp-content\/uploads\/2023\/06\/Strawberry-Watermelon-Randm-Vome-Monster-Vape-10000-Puffs-64x64.jpg 64w, https:\/\/www.vape4wholesale.com\/wp-content\/uploads\/2023\/06\/Strawberry-Watermelon-Randm-Vome-Monster-Vape-10000-Puffs-300x300.jpg 300w, https:\/\/www.vape4wholesale.com\/wp-content\/uploads\/2023\/06\/Strawberry-Watermelon-Randm-Vome-Monster-Vape-10000-Puffs-150x150.jpg 150w\" sizes=\"auto, (max-width: 590px) 100vw, 590px\" \/> <img loading=\"lazy\" decoding=\"async\" class=\"alignnone size-full wp-image-11493\" title=\"Ciambella Strawbery Randm Vome Monster Vape 10000 Puffs\" src=\"https:\/\/www.vape4wholesale.com\/wp-content\/uploads\/2023\/06\/Strawbery-Donut-Randm-Vome-Monster-Vape-10000-Puffs.jpg\" alt=\"Ciambella Strawbery Randm Vome Monster Vape 10000 Puffs\" width=\"590\" height=\"590\" srcset=\"https:\/\/www.vape4wholesale.com\/wp-content\/uploads\/2023\/06\/Strawbery-Donut-Randm-Vome-Monster-Vape-10000-Puffs.jpg 590w, https:\/\/www.vape4wholesale.com\/wp-content\/uploads\/2023\/06\/Strawbery-Donut-Randm-Vome-Monster-Vape-10000-Puffs-247x247.jpg 247w, https:\/\/www.vape4wholesale.com\/wp-content\/uploads\/2023\/06\/Strawbery-Donut-Randm-Vome-Monster-Vape-10000-Puffs-100x100.jpg 100w, https:\/\/www.vape4wholesale.com\/wp-content\/uploads\/2023\/06\/Strawbery-Donut-Randm-Vome-Monster-Vape-10000-Puffs-510x510.jpg 510w, https:\/\/www.vape4wholesale.com\/wp-content\/uploads\/2023\/06\/Strawbery-Donut-Randm-Vome-Monster-Vape-10000-Puffs-64x64.jpg 64w, https:\/\/www.vape4wholesale.com\/wp-content\/uploads\/2023\/06\/Strawbery-Donut-Randm-Vome-Monster-Vape-10000-Puffs-300x300.jpg 300w, https:\/\/www.vape4wholesale.com\/wp-content\/uploads\/2023\/06\/Strawbery-Donut-Randm-Vome-Monster-Vape-10000-Puffs-150x150.jpg 150w\" sizes=\"auto, (max-width: 590px) 100vw, 590px\" \/> <img loading=\"lazy\" decoding=\"async\" class=\"alignnone size-full wp-image-11483\" title=\"Ghiaccio d&#039;uva Randm Vome Mostro Vape 10000 Bocconi\" src=\"https:\/\/www.vape4wholesale.com\/wp-content\/uploads\/2023\/06\/Grape-Ice-Randm-Vome-Monster-Vape-10000-Puffs.jpg\" alt=\"Ghiaccio d&#039;uva Randm Vome Mostro Vape 10000 Bocconi\" width=\"590\" height=\"590\" srcset=\"https:\/\/www.vape4wholesale.com\/wp-content\/uploads\/2023\/06\/Grape-Ice-Randm-Vome-Monster-Vape-10000-Puffs.jpg 590w, https:\/\/www.vape4wholesale.com\/wp-content\/uploads\/2023\/06\/Grape-Ice-Randm-Vome-Monster-Vape-10000-Puffs-247x247.jpg 247w, https:\/\/www.vape4wholesale.com\/wp-content\/uploads\/2023\/06\/Grape-Ice-Randm-Vome-Monster-Vape-10000-Puffs-100x100.jpg 100w, https:\/\/www.vape4wholesale.com\/wp-content\/uploads\/2023\/06\/Grape-Ice-Randm-Vome-Monster-Vape-10000-Puffs-510x510.jpg 510w, https:\/\/www.vape4wholesale.com\/wp-content\/uploads\/2023\/06\/Grape-Ice-Randm-Vome-Monster-Vape-10000-Puffs-64x64.jpg 64w, https:\/\/www.vape4wholesale.com\/wp-content\/uploads\/2023\/06\/Grape-Ice-Randm-Vome-Monster-Vape-10000-Puffs-300x300.jpg 300w, https:\/\/www.vape4wholesale.com\/wp-content\/uploads\/2023\/06\/Grape-Ice-Randm-Vome-Monster-Vape-10000-Puffs-150x150.jpg 150w\" sizes=\"auto, (max-width: 590px) 100vw, 590px\" \/> <img loading=\"lazy\" decoding=\"async\" class=\"alignnone size-full wp-image-11482\" title=\"Menta fresca Randm Vome Monster Vape 10000 boccate\" src=\"https:\/\/www.vape4wholesale.com\/wp-content\/uploads\/2023\/06\/Cool-Mint-Randm-Vome-Monster-Vape-10000-Puffs.jpg\" alt=\"Menta fresca Randm Vome Monster Vape 10000 boccate\" width=\"590\" height=\"590\" srcset=\"https:\/\/www.vape4wholesale.com\/wp-content\/uploads\/2023\/06\/Cool-Mint-Randm-Vome-Monster-Vape-10000-Puffs.jpg 590w, https:\/\/www.vape4wholesale.com\/wp-content\/uploads\/2023\/06\/Cool-Mint-Randm-Vome-Monster-Vape-10000-Puffs-247x247.jpg 247w, https:\/\/www.vape4wholesale.com\/wp-content\/uploads\/2023\/06\/Cool-Mint-Randm-Vome-Monster-Vape-10000-Puffs-100x100.jpg 100w, https:\/\/www.vape4wholesale.com\/wp-content\/uploads\/2023\/06\/Cool-Mint-Randm-Vome-Monster-Vape-10000-Puffs-510x510.jpg 510w, https:\/\/www.vape4wholesale.com\/wp-content\/uploads\/2023\/06\/Cool-Mint-Randm-Vome-Monster-Vape-10000-Puffs-64x64.jpg 64w, https:\/\/www.vape4wholesale.com\/wp-content\/uploads\/2023\/06\/Cool-Mint-Randm-Vome-Monster-Vape-10000-Puffs-300x300.jpg 300w, https:\/\/www.vape4wholesale.com\/wp-content\/uploads\/2023\/06\/Cool-Mint-Randm-Vome-Monster-Vape-10000-Puffs-150x150.jpg 150w\" sizes=\"auto, (max-width: 590px) 100vw, 590px\" \/> <img loading=\"lazy\" decoding=\"async\" class=\"alignnone size-full wp-image-11481\" title=\"Ciliegia Cola Randm Vome Mostro Vape 10000 Soffi\" src=\"https:\/\/www.vape4wholesale.com\/wp-content\/uploads\/2023\/06\/Cherry-Cola-Randm-Vome-Monster-Vape-10000-Puffs.jpg\" alt=\"Ciliegia Cola Randm Vome Mostro Vape 10000 Soffi\" width=\"590\" height=\"590\" srcset=\"https:\/\/www.vape4wholesale.com\/wp-content\/uploads\/2023\/06\/Cherry-Cola-Randm-Vome-Monster-Vape-10000-Puffs.jpg 590w, https:\/\/www.vape4wholesale.com\/wp-content\/uploads\/2023\/06\/Cherry-Cola-Randm-Vome-Monster-Vape-10000-Puffs-247x247.jpg 247w, https:\/\/www.vape4wholesale.com\/wp-content\/uploads\/2023\/06\/Cherry-Cola-Randm-Vome-Monster-Vape-10000-Puffs-100x100.jpg 100w, https:\/\/www.vape4wholesale.com\/wp-content\/uploads\/2023\/06\/Cherry-Cola-Randm-Vome-Monster-Vape-10000-Puffs-510x510.jpg 510w, https:\/\/www.vape4wholesale.com\/wp-content\/uploads\/2023\/06\/Cherry-Cola-Randm-Vome-Monster-Vape-10000-Puffs-64x64.jpg 64w, https:\/\/www.vape4wholesale.com\/wp-content\/uploads\/2023\/06\/Cherry-Cola-Randm-Vome-Monster-Vape-10000-Puffs-300x300.jpg 300w, https:\/\/www.vape4wholesale.com\/wp-content\/uploads\/2023\/06\/Cherry-Cola-Randm-Vome-Monster-Vape-10000-Puffs-150x150.jpg 150w\" sizes=\"auto, (max-width: 590px) 100vw, 590px\" \/> <img loading=\"lazy\" decoding=\"async\" class=\"alignnone size-full wp-image-11489\" title=\"Caramelle Arcobaleno Randm Vome Mostro Vape 10000 Bocconi\" src=\"https:\/\/www.vape4wholesale.com\/wp-content\/uploads\/2023\/06\/Rainbow-Candy-Randm-Vome-Monster-Vape-10000-Puffs.jpg\" alt=\"Caramelle Arcobaleno Randm Vome Mostro Vape 10000 Bocconi\" width=\"590\" height=\"590\" srcset=\"https:\/\/www.vape4wholesale.com\/wp-content\/uploads\/2023\/06\/Rainbow-Candy-Randm-Vome-Monster-Vape-10000-Puffs.jpg 590w, https:\/\/www.vape4wholesale.com\/wp-content\/uploads\/2023\/06\/Rainbow-Candy-Randm-Vome-Monster-Vape-10000-Puffs-247x247.jpg 247w, https:\/\/www.vape4wholesale.com\/wp-content\/uploads\/2023\/06\/Rainbow-Candy-Randm-Vome-Monster-Vape-10000-Puffs-100x100.jpg 100w, https:\/\/www.vape4wholesale.com\/wp-content\/uploads\/2023\/06\/Rainbow-Candy-Randm-Vome-Monster-Vape-10000-Puffs-510x510.jpg 510w, https:\/\/www.vape4wholesale.com\/wp-content\/uploads\/2023\/06\/Rainbow-Candy-Randm-Vome-Monster-Vape-10000-Puffs-64x64.jpg 64w, https:\/\/www.vape4wholesale.com\/wp-content\/uploads\/2023\/06\/Rainbow-Candy-Randm-Vome-Monster-Vape-10000-Puffs-300x300.jpg 300w, https:\/\/www.vape4wholesale.com\/wp-content\/uploads\/2023\/06\/Rainbow-Candy-Randm-Vome-Monster-Vape-10000-Puffs-150x150.jpg 150w\" sizes=\"auto, (max-width: 590px) 100vw, 590px\" \/><\/p>","protected":false},"excerpt":{"rendered":"<p>RandM Vome Monster 10000 is double-layer case designed nice disposable vape, with airflow control &amp; rechargeable function. 0mg, 20mg, 50mg nicotine for choice.<\/p>\n[scf-template id=&#8217;11434&#8242;]\n","protected":false},"featured_media":11491,"comment_status":"open","ping_status":"closed","template":"","meta":[],"pwb-brand":[1270],"product_cat":[871],"product_tag":[272,324,517,22,24,172],"class_list":{"0":"post-11049","1":"product","2":"type-product","3":"status-publish","4":"has-post-thumbnail","6":"pwb-brand-randm","7":"product_cat-10-15k-puffs","8":"product_tag-randm","9":"product_tag-10000-puffs","10":"product_tag-vome","11":"product_tag-disposable","12":"product_tag-wholesale","13":"product_tag-20-0ml","15":"first","16":"outofstock","17":"shipping-taxable","18":"purchasable","19":"product-type-variable"},"aioseo_notices":[],"brands":[{"id":1270,"name":"Randm","slug":"randm"}],"_links":{"self":[{"href":"https:\/\/www.vape4wholesale.com\/it\/wp-json\/wp\/v2\/product\/11049","targetHints":{"allow":["GET"]}}],"collection":[{"href":"https:\/\/www.vape4wholesale.com\/it\/wp-json\/wp\/v2\/product"}],"about":[{"href":"https:\/\/www.vape4wholesale.com\/it\/wp-json\/wp\/v2\/types\/product"}],"replies":[{"embeddable":true,"href":"https:\/\/www.vape4wholesale.com\/it\/wp-json\/wp\/v2\/comments?post=11049"}],"wp:featuredmedia":[{"embeddable":true,"href":"https:\/\/www.vape4wholesale.com\/it\/wp-json\/wp\/v2\/media\/11491"}],"wp:attachment":[{"href":"https:\/\/www.vape4wholesale.com\/it\/wp-json\/wp\/v2\/media?parent=11049"}],"wp:term":[{"taxonomy":"pwb-brand","embeddable":true,"href":"https:\/\/www.vape4wholesale.com\/it\/wp-json\/wp\/v2\/pwb-brand?post=11049"},{"taxonomy":"product_cat","embeddable":true,"href":"https:\/\/www.vape4wholesale.com\/it\/wp-json\/wp\/v2\/product_cat?post=11049"},{"taxonomy":"product_tag","embeddable":true,"href":"https:\/\/www.vape4wholesale.com\/it\/wp-json\/wp\/v2\/product_tag?post=11049"}],"curies":[{"name":"wp","href":"https:\/\/api.w.org\/{rel}","templated":true}]}}