{"id":9844,"date":"2023-05-30T19:22:51","date_gmt":"2023-05-30T11:22:51","guid":{"rendered":"https:\/\/www.vape4wholesale.com\/?post_type=product&#038;p=9844"},"modified":"2026-01-26T13:42:45","modified_gmt":"2026-01-26T13:42:45","slug":"bang-king-9000-puff-eldobhato-vape-nagykereskedelem","status":"publish","type":"product","link":"https:\/\/www.vape4wholesale.com\/hu\/product\/bang-king-9000-puffs-disposable-vape-wholesale","title":{"rendered":"Bang King 9000 Puffs Eldobhat\u00f3 Vape nagykereskedelem"},"content":{"rendered":"<p>a <strong><a href=\"https:\/\/www.vape4wholesale.com\/hu\/product_brand\/bang\/\">Bang<\/a> King 9000<\/strong> a Bang m\u00e1rka \u00e1ltal ind\u00edtott leg\u00fajabb divatos eldobhat\u00f3 vape. A vape sportos elemmel - sportos vizespoh\u00e1rral - van csomagolva, ami a term\u00e9k haszn\u00e1lata sor\u00e1n sportosabb\u00e1 \u00e9s divatosabb\u00e1 teszi a Vaper-t. Ha alkalmi sportruh\u00e1zatot visel, ezt a Bang King 9000 term\u00e9ket a kez\u00e9ben tartva azonnal a figyelem k\u00f6z\u00e9ppontj\u00e1ba ker\u00fcl, \u00e9s a p\u00e1ros\u00edt\u00e1s nagyon j\u00f3.<\/p>\n<h2>Bang King 9000 Vape specifik\u00e1ci\u00f3k:<\/h2>\n<p>Puffok:9000-ig<br \/>\nKapacit\u00e1s:20 ml<br \/>\nNikotin:0% \/2% \/3% \/ 5%<br \/>\nAkkumul\u00e1tor: 800mah \u00fajrat\u00f6lthet\u0151 akkumul\u00e1tor<br \/>\nS\u00faly: 90g\/PCS<br \/>\nMennyis\u00e9g\/karton: 200 db\/doboz<br \/>\nBrutt\u00f3 s\u00faly: 18 KG\/doboz<\/p>\n<h2>\u00cdzek:<\/h2>\n<p>1) Cool Mint<br \/>\n2) \u00c1fony\u00e1s m\u00e1ln\u00e1s j\u00e9g<br \/>\n3) Mang\u00f3 barack<br \/>\n4) G\u00f6r\u00f6gdinnye Stawberry<br \/>\n5) Stawberry Mango<br \/>\n6) G\u00f6r\u00f6gdinnye j\u00e9g<br \/>\n7) Vegyes bogy\u00f3s gy\u00fcm\u00f6lcs\u00f6k<br \/>\n8) Sz\u0151l\u0151 j\u00e9g<br \/>\n9) Savany\u00fa alma<br \/>\n10) Stawberry Ice<br \/>\n11) Stawberry Kiwi<br \/>\n12) Kiwi Maracuja Guava<br \/>\n13) Barack j\u00e9g<br \/>\n14) Mr Blue<br \/>\n15) Tigrisv\u00e9r<br \/>\n16) Eper ban\u00e1n<\/p>\n<p><img loading=\"lazy\" decoding=\"async\" class=\"alignnone size-full wp-image-11838\" title=\"BANG King 9000 eldobhat\u00f3 vape nagykereskedelem (9)\" src=\"https:\/\/www.vape4wholesale.com\/wp-content\/uploads\/2023\/05\/BANG-King-9000-Disposable-Vape-Wholesale-9.jpg\" alt=\"BANG King 9000 eldobhat\u00f3 vape nagykereskedelem (9)\" width=\"730\" height=\"730\" srcset=\"https:\/\/www.vape4wholesale.com\/wp-content\/uploads\/2023\/05\/BANG-King-9000-Disposable-Vape-Wholesale-9.jpg 730w, https:\/\/www.vape4wholesale.com\/wp-content\/uploads\/2023\/05\/BANG-King-9000-Disposable-Vape-Wholesale-9-247x247.jpg 247w, https:\/\/www.vape4wholesale.com\/wp-content\/uploads\/2023\/05\/BANG-King-9000-Disposable-Vape-Wholesale-9-100x100.jpg 100w, https:\/\/www.vape4wholesale.com\/wp-content\/uploads\/2023\/05\/BANG-King-9000-Disposable-Vape-Wholesale-9-510x510.jpg 510w, https:\/\/www.vape4wholesale.com\/wp-content\/uploads\/2023\/05\/BANG-King-9000-Disposable-Vape-Wholesale-9-64x64.jpg 64w, https:\/\/www.vape4wholesale.com\/wp-content\/uploads\/2023\/05\/BANG-King-9000-Disposable-Vape-Wholesale-9-300x300.jpg 300w, https:\/\/www.vape4wholesale.com\/wp-content\/uploads\/2023\/05\/BANG-King-9000-Disposable-Vape-Wholesale-9-150x150.jpg 150w\" sizes=\"auto, (max-width: 730px) 100vw, 730px\" \/><\/p>","protected":false},"excerpt":{"rendered":"[scf-template id=&#8217;11434&#8242;]\n","protected":false},"featured_media":11838,"comment_status":"open","ping_status":"closed","template":"","meta":[],"pwb-brand":[1275],"product_cat":[870],"product_tag":[22,24,172,249,336],"class_list":{"0":"post-9844","1":"product","2":"type-product","3":"status-publish","4":"has-post-thumbnail","6":"pwb-brand-bang","7":"product_cat-8000-10000-puffs","8":"product_tag-disposable","9":"product_tag-wholesale","10":"product_tag-20-0ml","11":"product_tag-bang","12":"product_tag-9000-puffs","13":"wcpa_has_options","15":"first","16":"outofstock","17":"shipping-taxable","18":"purchasable","19":"product-type-variable"},"aioseo_notices":[],"brands":[{"id":1275,"name":"Bang","slug":"bang"}],"_links":{"self":[{"href":"https:\/\/www.vape4wholesale.com\/hu\/wp-json\/wp\/v2\/product\/9844","targetHints":{"allow":["GET"]}}],"collection":[{"href":"https:\/\/www.vape4wholesale.com\/hu\/wp-json\/wp\/v2\/product"}],"about":[{"href":"https:\/\/www.vape4wholesale.com\/hu\/wp-json\/wp\/v2\/types\/product"}],"replies":[{"embeddable":true,"href":"https:\/\/www.vape4wholesale.com\/hu\/wp-json\/wp\/v2\/comments?post=9844"}],"wp:featuredmedia":[{"embeddable":true,"href":"https:\/\/www.vape4wholesale.com\/hu\/wp-json\/wp\/v2\/media\/11838"}],"wp:attachment":[{"href":"https:\/\/www.vape4wholesale.com\/hu\/wp-json\/wp\/v2\/media?parent=9844"}],"wp:term":[{"taxonomy":"pwb-brand","embeddable":true,"href":"https:\/\/www.vape4wholesale.com\/hu\/wp-json\/wp\/v2\/pwb-brand?post=9844"},{"taxonomy":"product_cat","embeddable":true,"href":"https:\/\/www.vape4wholesale.com\/hu\/wp-json\/wp\/v2\/product_cat?post=9844"},{"taxonomy":"product_tag","embeddable":true,"href":"https:\/\/www.vape4wholesale.com\/hu\/wp-json\/wp\/v2\/product_tag?post=9844"}],"curies":[{"name":"wp","href":"https:\/\/api.w.org\/{rel}","templated":true}]}}