{"id":9550,"date":"2023-05-29T20:20:32","date_gmt":"2023-05-29T12:20:32","guid":{"rendered":"https:\/\/www.vape4wholesale.com\/?post_type=product&#038;p=9550"},"modified":"2026-01-26T13:42:48","modified_gmt":"2026-01-26T13:42:48","slug":"lavie-nio-box-9000-puff-eldobhato-vape-nagykereskedelem","status":"publish","type":"product","link":"https:\/\/www.vape4wholesale.com\/hu\/product\/lavie-nio-box-9000-puffs-disposable-vape-wholesale","title":{"rendered":"Lavie NIO BOX 9000 Puffs Eldobhat\u00f3 Vape nagykereskedelem"},"content":{"rendered":"<p>a <strong><a href=\"https:\/\/www.vape4wholesale.com\/hu\/product_brand\/lavie\/\">Lavie<\/a> NIO BOX 9000<\/strong> sz\u00e9p kialak\u00edt\u00e1s\u00fa doboz t\u00edpus\u00fa eldobhat\u00f3 vape, tiszta h\u00e9jjal \u00e9s aranyos, m\u00f3k\u00e1s matric\u00e1kkal, be\u00e9p\u00edtett 550 mAh akkumul\u00e1torral, 18 ml e-folyad\u00e9k kapacit\u00e1ssal, amely ak\u00e1r 9000 puffot is t\u00e1mogat, vape nagykereskedelmi itt a V4W-n\u00e9l.<\/p>\n<h2>LAVIE NIO BOX 9000 Eldobhat\u00f3 Vape specifik\u00e1ci\u00f3k:<\/h2>\n<ul>\n<li>M\u00e1rka: LAVIE<\/li>\n<li>Puffok:9000 puff \u00e1ll rendelkez\u00e9sre k\u00e9sz\u00fcl\u00e9kenk\u00e9nt<\/li>\n<li>Nicotine:0%\/2%\/5%<\/li>\n<li>E-juice Kapacit\u00e1s: 18ML<\/li>\n<li>Akkumul\u00e1tor:550mAh<\/li>\n<li>T\u00f6lt\u0151port: C-t\u00edpus\u00fa<\/li>\n<\/ul>\n<p>&nbsp;<\/p>\n<h2>\u00cdzek<\/h2>\n<ol>\n<li>Cola Ice<\/li>\n<li>Z\u00f6ldbab k\u00f3kusztej<\/li>\n<li>Yakult<\/li>\n<li>Eper mang\u00f3 j\u00e9g<\/li>\n<li>Dinnye j\u00e9g<\/li>\n<li>Lila sz\u0151l\u0151<\/li>\n<li>G\u00f6r\u00f6gdinnye j\u00e9g<\/li>\n<li>Guava j\u00e9g<\/li>\n<li>Dupla alma<\/li>\n<li>Eper fagylalt<\/li>\n<li>Vegyes bogy\u00f3s gy\u00fcm\u00f6lcs\u00f6k<\/li>\n<li>L\u00e9d\u00fas barack<\/li>\n<\/ol>\n<p>&nbsp;<\/p>\n<h2>Csomagol\u00e1s&amp;S\u00faly<\/h2>\n<ul>\n<li>0,090 KG\/ PC<\/li>\n<li>10 db\/ k\u00f6zepes doboz<\/li>\n<li>200 PCS \/ mester karton| 22KG<\/li>\n<\/ul>\n<figure id=\"attachment_11857\" aria-describedby=\"caption-attachment-11857\" style=\"width: 800px\" class=\"wp-caption alignnone\"><img loading=\"lazy\" decoding=\"async\" class=\"wp-image-11857 size-full\" title=\"LAVIE NIO BOX 9000 Puffs Eldobhat\u00f3 Vape Nagykereskedelem 12 \u00edzek\" src=\"https:\/\/www.vape4wholesale.com\/wp-content\/uploads\/2023\/05\/LAVIE-NIO-BOX-9000-Puffs-Disposable-Vape-Wholesale-12-Flavors.jpg\" alt=\"LAVIE NIO BOX 9000 Puffs Eldobhat\u00f3 Vape Nagykereskedelem 12 \u00edzek\" width=\"800\" height=\"800\" srcset=\"https:\/\/www.vape4wholesale.com\/wp-content\/uploads\/2023\/05\/LAVIE-NIO-BOX-9000-Puffs-Disposable-Vape-Wholesale-12-Flavors.jpg 800w, https:\/\/www.vape4wholesale.com\/wp-content\/uploads\/2023\/05\/LAVIE-NIO-BOX-9000-Puffs-Disposable-Vape-Wholesale-12-Flavors-247x247.jpg 247w, https:\/\/www.vape4wholesale.com\/wp-content\/uploads\/2023\/05\/LAVIE-NIO-BOX-9000-Puffs-Disposable-Vape-Wholesale-12-Flavors-100x100.jpg 100w, https:\/\/www.vape4wholesale.com\/wp-content\/uploads\/2023\/05\/LAVIE-NIO-BOX-9000-Puffs-Disposable-Vape-Wholesale-12-Flavors-510x510.jpg 510w, https:\/\/www.vape4wholesale.com\/wp-content\/uploads\/2023\/05\/LAVIE-NIO-BOX-9000-Puffs-Disposable-Vape-Wholesale-12-Flavors-64x64.jpg 64w, https:\/\/www.vape4wholesale.com\/wp-content\/uploads\/2023\/05\/LAVIE-NIO-BOX-9000-Puffs-Disposable-Vape-Wholesale-12-Flavors-300x300.jpg 300w, https:\/\/www.vape4wholesale.com\/wp-content\/uploads\/2023\/05\/LAVIE-NIO-BOX-9000-Puffs-Disposable-Vape-Wholesale-12-Flavors-150x150.jpg 150w, https:\/\/www.vape4wholesale.com\/wp-content\/uploads\/2023\/05\/LAVIE-NIO-BOX-9000-Puffs-Disposable-Vape-Wholesale-12-Flavors-768x768.jpg 768w\" sizes=\"auto, (max-width: 800px) 100vw, 800px\" \/><figcaption id=\"caption-attachment-11857\" class=\"wp-caption-text\">LAVIE NIO BOX 9000 Puffs Eldobhat\u00f3 Vape nagykereskedelem<\/figcaption><\/figure>\n<p><img loading=\"lazy\" decoding=\"async\" class=\"alignnone size-full wp-image-11858\" title=\"LAVIE NIO BOX 9000 Puffs Eldobhat\u00f3 Vape nagykereskedelmi Cola Ice\" src=\"https:\/\/www.vape4wholesale.com\/wp-content\/uploads\/2023\/05\/LAVIE-NIO-BOX-9000-Puffs-Disposable-Vape-Wholesale-Cola-Ice.jpg\" alt=\"LAVIE NIO BOX 9000 Puffs Eldobhat\u00f3 Vape nagykereskedelmi Cola Ice\" width=\"800\" height=\"800\" srcset=\"https:\/\/www.vape4wholesale.com\/wp-content\/uploads\/2023\/05\/LAVIE-NIO-BOX-9000-Puffs-Disposable-Vape-Wholesale-Cola-Ice.jpg 800w, https:\/\/www.vape4wholesale.com\/wp-content\/uploads\/2023\/05\/LAVIE-NIO-BOX-9000-Puffs-Disposable-Vape-Wholesale-Cola-Ice-247x247.jpg 247w, https:\/\/www.vape4wholesale.com\/wp-content\/uploads\/2023\/05\/LAVIE-NIO-BOX-9000-Puffs-Disposable-Vape-Wholesale-Cola-Ice-100x100.jpg 100w, https:\/\/www.vape4wholesale.com\/wp-content\/uploads\/2023\/05\/LAVIE-NIO-BOX-9000-Puffs-Disposable-Vape-Wholesale-Cola-Ice-510x510.jpg 510w, https:\/\/www.vape4wholesale.com\/wp-content\/uploads\/2023\/05\/LAVIE-NIO-BOX-9000-Puffs-Disposable-Vape-Wholesale-Cola-Ice-64x64.jpg 64w, https:\/\/www.vape4wholesale.com\/wp-content\/uploads\/2023\/05\/LAVIE-NIO-BOX-9000-Puffs-Disposable-Vape-Wholesale-Cola-Ice-300x300.jpg 300w, https:\/\/www.vape4wholesale.com\/wp-content\/uploads\/2023\/05\/LAVIE-NIO-BOX-9000-Puffs-Disposable-Vape-Wholesale-Cola-Ice-150x150.jpg 150w, https:\/\/www.vape4wholesale.com\/wp-content\/uploads\/2023\/05\/LAVIE-NIO-BOX-9000-Puffs-Disposable-Vape-Wholesale-Cola-Ice-768x768.jpg 768w\" sizes=\"auto, (max-width: 800px) 100vw, 800px\" \/><\/p>","protected":false},"excerpt":{"rendered":"[scf-template id=&#8217;11434&#8242;]\n","protected":false},"featured_media":11870,"comment_status":"open","ping_status":"closed","template":"","meta":[],"pwb-brand":[1277],"product_cat":[870],"product_tag":[24,37,244,336,22],"class_list":{"0":"post-9550","1":"product","2":"type-product","3":"status-publish","4":"has-post-thumbnail","6":"pwb-brand-lavie","7":"product_cat-8000-10000-puffs","8":"product_tag-wholesale","9":"product_tag-lavie","10":"product_tag-18-0ml","11":"product_tag-9000-puffs","12":"product_tag-disposable","14":"first","15":"outofstock","16":"shipping-taxable","17":"purchasable","18":"product-type-variable"},"aioseo_notices":[],"brands":[{"id":1277,"name":"Lavie","slug":"lavie"}],"_links":{"self":[{"href":"https:\/\/www.vape4wholesale.com\/hu\/wp-json\/wp\/v2\/product\/9550","targetHints":{"allow":["GET"]}}],"collection":[{"href":"https:\/\/www.vape4wholesale.com\/hu\/wp-json\/wp\/v2\/product"}],"about":[{"href":"https:\/\/www.vape4wholesale.com\/hu\/wp-json\/wp\/v2\/types\/product"}],"replies":[{"embeddable":true,"href":"https:\/\/www.vape4wholesale.com\/hu\/wp-json\/wp\/v2\/comments?post=9550"}],"wp:featuredmedia":[{"embeddable":true,"href":"https:\/\/www.vape4wholesale.com\/hu\/wp-json\/wp\/v2\/media\/11870"}],"wp:attachment":[{"href":"https:\/\/www.vape4wholesale.com\/hu\/wp-json\/wp\/v2\/media?parent=9550"}],"wp:term":[{"taxonomy":"pwb-brand","embeddable":true,"href":"https:\/\/www.vape4wholesale.com\/hu\/wp-json\/wp\/v2\/pwb-brand?post=9550"},{"taxonomy":"product_cat","embeddable":true,"href":"https:\/\/www.vape4wholesale.com\/hu\/wp-json\/wp\/v2\/product_cat?post=9550"},{"taxonomy":"product_tag","embeddable":true,"href":"https:\/\/www.vape4wholesale.com\/hu\/wp-json\/wp\/v2\/product_tag?post=9550"}],"curies":[{"name":"wp","href":"https:\/\/api.w.org\/{rel}","templated":true}]}}