{"id":9007,"date":"2023-04-24T08:36:44","date_gmt":"2023-04-24T00:36:44","guid":{"rendered":"https:\/\/www.vape4wholesale.com\/?post_type=product&#038;p=9007"},"modified":"2026-01-26T13:42:53","modified_gmt":"2026-01-26T13:42:53","slug":"kamry-boss-10000-puffs-eldobhato-vape-nagykereskedelem","status":"publish","type":"product","link":"https:\/\/www.vape4wholesale.com\/hu\/product\/kamry-boss-10000-puffs-disposable-vape-wholesale","title":{"rendered":"Kamry Boss 10000 Puffs Eldobhat\u00f3 Vape nagykereskedelem"},"content":{"rendered":"<p>A <strong><a href=\"https:\/\/www.vape4wholesale.com\/hu\/product_brand\/kamry\/\">Kamry<\/a> F\u0151n\u00f6k<\/strong> 10000 egy hatalmas \u00e9s vastag st\u00edlus\u00fa vape design, h\u0171v\u00f6s matric\u00e1kkal, k\u00f6r\u00fclbel\u00fcl 10000 puffs 20ml 2% s\u00f3s nikotin ejuice \u00e9s 600mah \u00fajrat\u00f6lthet\u0151 akkumul\u00e1torral t\u00e1mogatja. \u00f6sszesen 10 nagyszer\u0171 \u00edzeket v\u00e1lasztani.<\/p>\n<h2>Kamry Boss 10000 Puffs Eldobhat\u00f3 Vape Gyors r\u00e9szletek<\/h2>\n<ul>\n<li>Puffok : 10000<\/li>\n<li>M\u00e9ret : 38*92mm<\/li>\n<li>H\u00e1l\u00f3 tekercs : 1.0 ohm<\/li>\n<li>Nikotin s\u00f3 : 2%<\/li>\n<li>Anyag: PCTG + PC<\/li>\n<li>Akkumul\u00e1tor :600mAh<\/li>\n<li>C t\u00edpus\u00fa \u00fajrat\u00f6lthet\u0151<\/li>\n<li>H\u00e1l\u00f3 tekercs<\/li>\n<li>S\u00faly: 75g<\/li>\n<\/ul>\n<h2>\u00cdzek<\/h2>\n<ol>\n<li>K\u00e9k m\u00e1lna j\u00e9g<\/li>\n<li>Energiaital<\/li>\n<li>Sz\u0151l\u0151<\/li>\n<li>Z\u00f6ld mang\u00f3<\/li>\n<li>Guava<\/li>\n<li>Gumimaci<\/li>\n<li>Lychee j\u00e9g<\/li>\n<li>Anan\u00e1sz j\u00e9g<\/li>\n<li>Eper fagylalt<\/li>\n<li>G\u00f6r\u00f6gdinnye<\/li>\n<\/ol>\n<h2>Csomagol\u00e1s \u00e9s s\u00faly<\/h2>\n<p>M\u00c9RETEK: 442x218x495mm<br \/>\n200 db\/karton<br \/>\nGW 17.2KG<\/p>\n<figure id=\"attachment_11510\" aria-describedby=\"caption-attachment-11510\" style=\"width: 1000px\" class=\"wp-caption alignnone\"><img loading=\"lazy\" decoding=\"async\" class=\"wp-image-11510 size-full\" title=\"Kamry Boss 10000 Puffs Vape z\u00f6ld mang\u00f3\" src=\"https:\/\/www.vape4wholesale.com\/wp-content\/uploads\/2023\/04\/Kamry-Boss-10000-Puffs-Vape-Green-Mango.jpg\" alt=\"Kamry Boss 10000 Puffs Vape z\u00f6ld mang\u00f3\" width=\"1000\" height=\"1000\" srcset=\"https:\/\/www.vape4wholesale.com\/wp-content\/uploads\/2023\/04\/Kamry-Boss-10000-Puffs-Vape-Green-Mango.jpg 1000w, https:\/\/www.vape4wholesale.com\/wp-content\/uploads\/2023\/04\/Kamry-Boss-10000-Puffs-Vape-Green-Mango-247x247.jpg 247w, https:\/\/www.vape4wholesale.com\/wp-content\/uploads\/2023\/04\/Kamry-Boss-10000-Puffs-Vape-Green-Mango-100x100.jpg 100w, https:\/\/www.vape4wholesale.com\/wp-content\/uploads\/2023\/04\/Kamry-Boss-10000-Puffs-Vape-Green-Mango-510x510.jpg 510w, https:\/\/www.vape4wholesale.com\/wp-content\/uploads\/2023\/04\/Kamry-Boss-10000-Puffs-Vape-Green-Mango-64x64.jpg 64w, https:\/\/www.vape4wholesale.com\/wp-content\/uploads\/2023\/04\/Kamry-Boss-10000-Puffs-Vape-Green-Mango-300x300.jpg 300w, https:\/\/www.vape4wholesale.com\/wp-content\/uploads\/2023\/04\/Kamry-Boss-10000-Puffs-Vape-Green-Mango-150x150.jpg 150w, https:\/\/www.vape4wholesale.com\/wp-content\/uploads\/2023\/04\/Kamry-Boss-10000-Puffs-Vape-Green-Mango-768x768.jpg 768w\" sizes=\"auto, (max-width: 1000px) 100vw, 1000px\" \/><figcaption id=\"caption-attachment-11510\" class=\"wp-caption-text\">Kamry Boss 10000 Puffs Vape<\/figcaption><\/figure>\n<p>&nbsp;<\/p>","protected":false},"excerpt":{"rendered":"[scf-template id=&#8217;11434&#8242;]\n","protected":false},"featured_media":11517,"comment_status":"open","ping_status":"closed","template":"","meta":[],"pwb-brand":[1281],"product_cat":[871],"product_tag":[22,24,30,172,324],"class_list":{"0":"post-9007","1":"product","2":"type-product","3":"status-publish","4":"has-post-thumbnail","6":"pwb-brand-kamry","7":"product_cat-10-15k-puffs","8":"product_tag-disposable","9":"product_tag-wholesale","10":"product_tag-kamry","11":"product_tag-20-0ml","12":"product_tag-10000-puffs","14":"first","15":"outofstock","16":"shipping-taxable","17":"purchasable","18":"product-type-variable"},"aioseo_notices":[],"brands":[{"id":1281,"name":"Kamry","slug":"kamry"}],"_links":{"self":[{"href":"https:\/\/www.vape4wholesale.com\/hu\/wp-json\/wp\/v2\/product\/9007","targetHints":{"allow":["GET"]}}],"collection":[{"href":"https:\/\/www.vape4wholesale.com\/hu\/wp-json\/wp\/v2\/product"}],"about":[{"href":"https:\/\/www.vape4wholesale.com\/hu\/wp-json\/wp\/v2\/types\/product"}],"replies":[{"embeddable":true,"href":"https:\/\/www.vape4wholesale.com\/hu\/wp-json\/wp\/v2\/comments?post=9007"}],"wp:featuredmedia":[{"embeddable":true,"href":"https:\/\/www.vape4wholesale.com\/hu\/wp-json\/wp\/v2\/media\/11517"}],"wp:attachment":[{"href":"https:\/\/www.vape4wholesale.com\/hu\/wp-json\/wp\/v2\/media?parent=9007"}],"wp:term":[{"taxonomy":"pwb-brand","embeddable":true,"href":"https:\/\/www.vape4wholesale.com\/hu\/wp-json\/wp\/v2\/pwb-brand?post=9007"},{"taxonomy":"product_cat","embeddable":true,"href":"https:\/\/www.vape4wholesale.com\/hu\/wp-json\/wp\/v2\/product_cat?post=9007"},{"taxonomy":"product_tag","embeddable":true,"href":"https:\/\/www.vape4wholesale.com\/hu\/wp-json\/wp\/v2\/product_tag?post=9007"}],"curies":[{"name":"wp","href":"https:\/\/api.w.org\/{rel}","templated":true}]}}