{"id":8755,"date":"2023-03-30T09:44:56","date_gmt":"2023-03-30T01:44:56","guid":{"rendered":"https:\/\/www.vape4wholesale.com\/?post_type=product&#038;p=8755"},"modified":"2026-03-23T00:56:45","modified_gmt":"2026-03-22T16:56:45","slug":"hqd-cuvie-plusz-1200-puffs-eldobhato-vape-nagykereskedelem","status":"publish","type":"product","link":"https:\/\/www.vape4wholesale.com\/hu\/product\/hqd-cuvie-plus-1200-puffs-disposable-vape-wholesale","title":{"rendered":"HQD Cuvie Plus 1200 Puffs Eldobhat\u00f3 Vape nagykereskedelem"},"content":{"rendered":"<p><strong><a href=\"https:\/\/www.vape4wholesale.com\/hu\/product_brand\/hqd\/\">HQD<\/a> Cuvie Plus 1200<\/strong> Az eldobhat\u00f3 vape k\u00e9sz\u00fcl\u00e9k forradalmi, 950mAh kapacit\u00e1s\u00fa akkumul\u00e1torral rendelkezik, \u00e9s t\u00f6bb mint 1200 puffot b\u00edr! Szuper gazdag \u00edzzel rendelkezik, amely megk\u00fcl\u00f6nb\u00f6zteti mag\u00e1t a versenyt\u00e1rsakt\u00f3l. V\u00e1lassza ki az 54 el\u00e9rhet\u0151 \u00edz k\u00f6z\u00fcl azt az e-folyad\u00e9k \u00edzt, amit a legjobban szeret. Kis m\u00e9ret\u00e9vel \u00e9s azzal, hogy k\u00f6nnyen hordozhat\u00f3, k\u00f6nnyen haszn\u00e1lhat\u00f3, valamint nagyszer\u0171 \u00edzt produk\u00e1l, neh\u00e9z rosszul j\u00e1rni a HQD Cuvie Plus eldobhat\u00f3 vape pod k\u00e9sz\u00fcl\u00e9kkel. Tekintse meg eldobhat\u00f3 vape csomagok gy\u0171jtem\u00e9ny\u00e9t.<\/p>\n<h2>HQD Cuvie Plus 1200 R\u00e9szletek:<\/h2>\n<p>M\u00e9ret: M\u00e9ret: \u00d818x101mm<br \/>\nAkkumul\u00e1tor kapacit\u00e1s: 950mAh<br \/>\nTeljes\u00edtm\u00e9nytartom\u00e1ny: 7~12W<br \/>\nPuff sz\u00e1m: 1200<br \/>\nS\u00faly: 45g<br \/>\nBemeneti fesz\u00fclts\u00e9g: 3.7V<br \/>\nE-folyad\u00e9k kapacit\u00e1s: 5.0ml<br \/>\nKoncentr\u00e1ci\u00f3: koncentr\u00e1ci\u00f3: 50mg\/ml<br \/>\nEllen\u00e1ll\u00e1s: 1.8\u03a9<br \/>\n\u00cdzek: 54 el\u00e9rhet\u0151 \u00edz<\/p>\n<h2><\/h2>\n<h2>HQD Cuvie Plus 1200 \u00edzek:<\/h2>\n<p>Alma barack<br \/>\nR\u00f3zsasz\u00edn citrom<br \/>\nMango Guava<br \/>\nPog narancs guava<br \/>\n\u00c1fonya m\u00e1lna<br \/>\nSBCC fagylalt<br \/>\nJeges menta<br \/>\nSz\u0151l\u0151s<br \/>\n\u00c1fonya<br \/>\n\u00c1fonya limon\u00e1d\u00e9<br \/>\nEper ban\u00e1n<br \/>\nbuja j\u00e9g<br \/>\nAnan\u00e1sz j\u00e9g<br \/>\nLychee j\u00e9g<br \/>\nMang\u00f3 j\u00e9g<br \/>\nEper<br \/>\nPina Colada<br \/>\nEnergiaital<br \/>\nCandy<br \/>\nFekete j\u00e9g<br \/>\nKiwi gr\u00e1n\u00e1talma<br \/>\nV\u00f6r\u00f6s j\u00e9g<br \/>\nMiami Vice<br \/>\nGy\u00fcm\u00f6lcsf\u00fazi\u00f3<br \/>\nEper g\u00f6r\u00f6gdinnye<br \/>\nEpres s\u00fctem\u00e9ny<br \/>\nCantaloupe<br \/>\nSziv\u00e1rv\u00e1ny<br \/>\nTres Leches<br \/>\nEper limon\u00e1d\u00e9<br \/>\nBan\u00e1n j\u00e9g<br \/>\nMojito<br \/>\nMogyor\u00f3vaj<br \/>\nMango barack<br \/>\nCsokol\u00e1d\u00e9 menta<br \/>\nM\u00e9zes licsi<br \/>\nJeges tea<br \/>\nDinnye j\u00e9g<br \/>\nGracurrant<br \/>\nVattacukor<br \/>\nHoneycrisp alma<br \/>\nBarack j\u00e9g<br \/>\nCseresznye gr\u00e1n\u00e1talma<br \/>\nSky Mint<br \/>\nCoconut Grove<br \/>\nDoh\u00e1ny<br \/>\nDi\u00f3 Doh\u00e1ny<br \/>\nTiszta<br \/>\nEper Kiwi<br \/>\nBubor\u00e9kv\u00edz<br \/>\nFriss bogy\u00f3s gy\u00fcm\u00f6lcs\u00f6k<br \/>\nEper s\u00e1rk\u00e1nygy\u00fcm\u00f6lcs<br \/>\nGrenadine<br \/>\nBig Smoke<\/p>\n<h2>S\u00faly \u00e9s csomagol\u00e1s<\/h2>\n<ul>\n<li>Karton m\u00e9rete: 395x295x290mm<\/li>\n<li>MENNYIS\u00c9G: 240 DB<\/li>\n<li>S\u00daLY: 13.5KG<\/li>\n<\/ul>\n<p><img loading=\"lazy\" decoding=\"async\" class=\"alignnone size-full wp-image-11766\" title=\"HQD Cuvie Plus 1200 Puffs Eldobhat\u00f3 Vape nagykereskedelem (3)\" src=\"https:\/\/www.vape4wholesale.com\/wp-content\/uploads\/2023\/03\/HQD-Cuvie-Plus-1200-Puffs-Disposable-Vape-Wholesale-3.jpg\" alt=\"HQD Cuvie Plus 1200 Puffs Eldobhat\u00f3 Vape nagykereskedelem (3)\" width=\"766\" height=\"800\" srcset=\"https:\/\/www.vape4wholesale.com\/wp-content\/uploads\/2023\/03\/HQD-Cuvie-Plus-1200-Puffs-Disposable-Vape-Wholesale-3.jpg 766w, https:\/\/www.vape4wholesale.com\/wp-content\/uploads\/2023\/03\/HQD-Cuvie-Plus-1200-Puffs-Disposable-Vape-Wholesale-3-510x533.jpg 510w, https:\/\/www.vape4wholesale.com\/wp-content\/uploads\/2023\/03\/HQD-Cuvie-Plus-1200-Puffs-Disposable-Vape-Wholesale-3-64x67.jpg 64w, https:\/\/www.vape4wholesale.com\/wp-content\/uploads\/2023\/03\/HQD-Cuvie-Plus-1200-Puffs-Disposable-Vape-Wholesale-3-287x300.jpg 287w\" sizes=\"auto, (max-width: 766px) 100vw, 766px\" \/> <img loading=\"lazy\" decoding=\"async\" class=\"alignnone size-full wp-image-11768\" title=\"HQD Cuvie Plus 1200 Puffs Eldobhat\u00f3 Vape nagykereskedelem (8)\" src=\"https:\/\/www.vape4wholesale.com\/wp-content\/uploads\/2023\/03\/HQD-Cuvie-Plus-1200-Puffs-Disposable-Vape-Wholesale-8.jpg\" alt=\"HQD Cuvie Plus 1200 Puffs Eldobhat\u00f3 Vape nagykereskedelem (8)\" width=\"766\" height=\"800\" srcset=\"https:\/\/www.vape4wholesale.com\/wp-content\/uploads\/2023\/03\/HQD-Cuvie-Plus-1200-Puffs-Disposable-Vape-Wholesale-8.jpg 766w, https:\/\/www.vape4wholesale.com\/wp-content\/uploads\/2023\/03\/HQD-Cuvie-Plus-1200-Puffs-Disposable-Vape-Wholesale-8-510x533.jpg 510w, https:\/\/www.vape4wholesale.com\/wp-content\/uploads\/2023\/03\/HQD-Cuvie-Plus-1200-Puffs-Disposable-Vape-Wholesale-8-64x67.jpg 64w, https:\/\/www.vape4wholesale.com\/wp-content\/uploads\/2023\/03\/HQD-Cuvie-Plus-1200-Puffs-Disposable-Vape-Wholesale-8-287x300.jpg 287w\" sizes=\"auto, (max-width: 766px) 100vw, 766px\" \/> <img loading=\"lazy\" decoding=\"async\" class=\"alignnone size-full wp-image-11769\" title=\"HQD Cuvie Plus 1200 Puffs Eldobhat\u00f3 Vape nagykereskedelem (15)\" src=\"https:\/\/www.vape4wholesale.com\/wp-content\/uploads\/2023\/03\/HQD-Cuvie-Plus-1200-Puffs-Disposable-Vape-Wholesale-15.jpg\" alt=\"HQD Cuvie Plus 1200 Puffs Eldobhat\u00f3 Vape nagykereskedelem (15)\" width=\"766\" height=\"800\" srcset=\"https:\/\/www.vape4wholesale.com\/wp-content\/uploads\/2023\/03\/HQD-Cuvie-Plus-1200-Puffs-Disposable-Vape-Wholesale-15.jpg 766w, https:\/\/www.vape4wholesale.com\/wp-content\/uploads\/2023\/03\/HQD-Cuvie-Plus-1200-Puffs-Disposable-Vape-Wholesale-15-510x533.jpg 510w, https:\/\/www.vape4wholesale.com\/wp-content\/uploads\/2023\/03\/HQD-Cuvie-Plus-1200-Puffs-Disposable-Vape-Wholesale-15-64x67.jpg 64w, https:\/\/www.vape4wholesale.com\/wp-content\/uploads\/2023\/03\/HQD-Cuvie-Plus-1200-Puffs-Disposable-Vape-Wholesale-15-287x300.jpg 287w\" sizes=\"auto, (max-width: 766px) 100vw, 766px\" \/><img loading=\"lazy\" decoding=\"async\" class=\"alignnone size-full wp-image-11770\" title=\"HQD Cuvie Plus 1200 Puffs Eldobhat\u00f3 Vape nagykereskedelem (17)\" src=\"https:\/\/www.vape4wholesale.com\/wp-content\/uploads\/2023\/03\/HQD-Cuvie-Plus-1200-Puffs-Disposable-Vape-Wholesale-17.jpg\" alt=\"HQD Cuvie Plus 1200 Puffs Eldobhat\u00f3 Vape nagykereskedelem (17)\" width=\"766\" height=\"800\" srcset=\"https:\/\/www.vape4wholesale.com\/wp-content\/uploads\/2023\/03\/HQD-Cuvie-Plus-1200-Puffs-Disposable-Vape-Wholesale-17.jpg 766w, https:\/\/www.vape4wholesale.com\/wp-content\/uploads\/2023\/03\/HQD-Cuvie-Plus-1200-Puffs-Disposable-Vape-Wholesale-17-510x533.jpg 510w, https:\/\/www.vape4wholesale.com\/wp-content\/uploads\/2023\/03\/HQD-Cuvie-Plus-1200-Puffs-Disposable-Vape-Wholesale-17-64x67.jpg 64w, https:\/\/www.vape4wholesale.com\/wp-content\/uploads\/2023\/03\/HQD-Cuvie-Plus-1200-Puffs-Disposable-Vape-Wholesale-17-287x300.jpg 287w\" sizes=\"auto, (max-width: 766px) 100vw, 766px\" \/> <img loading=\"lazy\" decoding=\"async\" class=\"alignnone size-full wp-image-11771\" title=\"HQD Cuvie Plus 1200 Puffs Eldobhat\u00f3 Vape nagykereskedelem (20)\" src=\"https:\/\/www.vape4wholesale.com\/wp-content\/uploads\/2023\/03\/HQD-Cuvie-Plus-1200-Puffs-Disposable-Vape-Wholesale-20.jpg\" alt=\"HQD Cuvie Plus 1200 Puffs Eldobhat\u00f3 Vape nagykereskedelem (20)\" width=\"766\" height=\"800\" srcset=\"https:\/\/www.vape4wholesale.com\/wp-content\/uploads\/2023\/03\/HQD-Cuvie-Plus-1200-Puffs-Disposable-Vape-Wholesale-20.jpg 766w, https:\/\/www.vape4wholesale.com\/wp-content\/uploads\/2023\/03\/HQD-Cuvie-Plus-1200-Puffs-Disposable-Vape-Wholesale-20-510x533.jpg 510w, https:\/\/www.vape4wholesale.com\/wp-content\/uploads\/2023\/03\/HQD-Cuvie-Plus-1200-Puffs-Disposable-Vape-Wholesale-20-64x67.jpg 64w, https:\/\/www.vape4wholesale.com\/wp-content\/uploads\/2023\/03\/HQD-Cuvie-Plus-1200-Puffs-Disposable-Vape-Wholesale-20-287x300.jpg 287w\" sizes=\"auto, (max-width: 766px) 100vw, 766px\" \/> <img loading=\"lazy\" decoding=\"async\" class=\"alignnone size-full wp-image-11772\" title=\"HQD Cuvie Plus 1200 Puffs Eldobhat\u00f3 Vape nagykereskedelem (22)\" src=\"https:\/\/www.vape4wholesale.com\/wp-content\/uploads\/2023\/03\/HQD-Cuvie-Plus-1200-Puffs-Disposable-Vape-Wholesale-22.jpg\" alt=\"HQD Cuvie Plus 1200 Puffs Eldobhat\u00f3 Vape nagykereskedelem (22)\" width=\"766\" height=\"800\" srcset=\"https:\/\/www.vape4wholesale.com\/wp-content\/uploads\/2023\/03\/HQD-Cuvie-Plus-1200-Puffs-Disposable-Vape-Wholesale-22.jpg 766w, https:\/\/www.vape4wholesale.com\/wp-content\/uploads\/2023\/03\/HQD-Cuvie-Plus-1200-Puffs-Disposable-Vape-Wholesale-22-510x533.jpg 510w, https:\/\/www.vape4wholesale.com\/wp-content\/uploads\/2023\/03\/HQD-Cuvie-Plus-1200-Puffs-Disposable-Vape-Wholesale-22-64x67.jpg 64w, https:\/\/www.vape4wholesale.com\/wp-content\/uploads\/2023\/03\/HQD-Cuvie-Plus-1200-Puffs-Disposable-Vape-Wholesale-22-287x300.jpg 287w\" sizes=\"auto, (max-width: 766px) 100vw, 766px\" \/> <img loading=\"lazy\" decoding=\"async\" class=\"alignnone size-full wp-image-11773\" title=\"HQD Cuvie Plus 1200 Puffs Eldobhat\u00f3 Vape nagykereskedelem (24)\" src=\"https:\/\/www.vape4wholesale.com\/wp-content\/uploads\/2023\/03\/HQD-Cuvie-Plus-1200-Puffs-Disposable-Vape-Wholesale-24.jpg\" alt=\"HQD Cuvie Plus 1200 Puffs Eldobhat\u00f3 Vape nagykereskedelem (24)\" width=\"766\" height=\"800\" srcset=\"https:\/\/www.vape4wholesale.com\/wp-content\/uploads\/2023\/03\/HQD-Cuvie-Plus-1200-Puffs-Disposable-Vape-Wholesale-24.jpg 766w, https:\/\/www.vape4wholesale.com\/wp-content\/uploads\/2023\/03\/HQD-Cuvie-Plus-1200-Puffs-Disposable-Vape-Wholesale-24-510x533.jpg 510w, https:\/\/www.vape4wholesale.com\/wp-content\/uploads\/2023\/03\/HQD-Cuvie-Plus-1200-Puffs-Disposable-Vape-Wholesale-24-64x67.jpg 64w, https:\/\/www.vape4wholesale.com\/wp-content\/uploads\/2023\/03\/HQD-Cuvie-Plus-1200-Puffs-Disposable-Vape-Wholesale-24-287x300.jpg 287w\" sizes=\"auto, (max-width: 766px) 100vw, 766px\" \/> <img loading=\"lazy\" decoding=\"async\" class=\"alignnone size-full wp-image-11774\" title=\"HQD Cuvie Plus 1200 Puffs Eldobhat\u00f3 Vape nagykereskedelem (28)\" src=\"https:\/\/www.vape4wholesale.com\/wp-content\/uploads\/2023\/03\/HQD-Cuvie-Plus-1200-Puffs-Disposable-Vape-Wholesale-28.jpg\" alt=\"HQD Cuvie Plus 1200 Puffs Eldobhat\u00f3 Vape nagykereskedelem (28)\" width=\"766\" height=\"800\" srcset=\"https:\/\/www.vape4wholesale.com\/wp-content\/uploads\/2023\/03\/HQD-Cuvie-Plus-1200-Puffs-Disposable-Vape-Wholesale-28.jpg 766w, https:\/\/www.vape4wholesale.com\/wp-content\/uploads\/2023\/03\/HQD-Cuvie-Plus-1200-Puffs-Disposable-Vape-Wholesale-28-510x533.jpg 510w, https:\/\/www.vape4wholesale.com\/wp-content\/uploads\/2023\/03\/HQD-Cuvie-Plus-1200-Puffs-Disposable-Vape-Wholesale-28-64x67.jpg 64w, https:\/\/www.vape4wholesale.com\/wp-content\/uploads\/2023\/03\/HQD-Cuvie-Plus-1200-Puffs-Disposable-Vape-Wholesale-28-287x300.jpg 287w\" sizes=\"auto, (max-width: 766px) 100vw, 766px\" \/> <img loading=\"lazy\" decoding=\"async\" class=\"alignnone size-full wp-image-11775\" title=\"HQD Cuvie Plus 1200 Puffs Eldobhat\u00f3 Vape nagykereskedelem (30)\" src=\"https:\/\/www.vape4wholesale.com\/wp-content\/uploads\/2023\/03\/HQD-Cuvie-Plus-1200-Puffs-Disposable-Vape-Wholesale-30.jpg\" alt=\"HQD Cuvie Plus 1200 Puffs Eldobhat\u00f3 Vape nagykereskedelem (30)\" width=\"766\" height=\"800\" srcset=\"https:\/\/www.vape4wholesale.com\/wp-content\/uploads\/2023\/03\/HQD-Cuvie-Plus-1200-Puffs-Disposable-Vape-Wholesale-30.jpg 766w, https:\/\/www.vape4wholesale.com\/wp-content\/uploads\/2023\/03\/HQD-Cuvie-Plus-1200-Puffs-Disposable-Vape-Wholesale-30-510x533.jpg 510w, https:\/\/www.vape4wholesale.com\/wp-content\/uploads\/2023\/03\/HQD-Cuvie-Plus-1200-Puffs-Disposable-Vape-Wholesale-30-64x67.jpg 64w, https:\/\/www.vape4wholesale.com\/wp-content\/uploads\/2023\/03\/HQD-Cuvie-Plus-1200-Puffs-Disposable-Vape-Wholesale-30-287x300.jpg 287w\" sizes=\"auto, (max-width: 766px) 100vw, 766px\" \/> <img loading=\"lazy\" decoding=\"async\" class=\"alignnone size-full wp-image-11776\" title=\"HQD Cuvie Plus 1200 Puffs Eldobhat\u00f3 Vape nagykereskedelem (33)\" src=\"https:\/\/www.vape4wholesale.com\/wp-content\/uploads\/2023\/03\/HQD-Cuvie-Plus-1200-Puffs-Disposable-Vape-Wholesale-33.jpg\" alt=\"HQD Cuvie Plus 1200 Puffs Eldobhat\u00f3 Vape nagykereskedelem (33)\" width=\"766\" height=\"800\" srcset=\"https:\/\/www.vape4wholesale.com\/wp-content\/uploads\/2023\/03\/HQD-Cuvie-Plus-1200-Puffs-Disposable-Vape-Wholesale-33.jpg 766w, https:\/\/www.vape4wholesale.com\/wp-content\/uploads\/2023\/03\/HQD-Cuvie-Plus-1200-Puffs-Disposable-Vape-Wholesale-33-510x533.jpg 510w, https:\/\/www.vape4wholesale.com\/wp-content\/uploads\/2023\/03\/HQD-Cuvie-Plus-1200-Puffs-Disposable-Vape-Wholesale-33-64x67.jpg 64w, https:\/\/www.vape4wholesale.com\/wp-content\/uploads\/2023\/03\/HQD-Cuvie-Plus-1200-Puffs-Disposable-Vape-Wholesale-33-287x300.jpg 287w\" sizes=\"auto, (max-width: 766px) 100vw, 766px\" \/> <img loading=\"lazy\" decoding=\"async\" class=\"alignnone size-full wp-image-11777\" title=\"HQD Cuvie Plus 1200 Puffs Eldobhat\u00f3 Vape nagykereskedelem (37)\" src=\"https:\/\/www.vape4wholesale.com\/wp-content\/uploads\/2023\/03\/HQD-Cuvie-Plus-1200-Puffs-Disposable-Vape-Wholesale-37.jpg\" alt=\"HQD Cuvie Plus 1200 Puffs Eldobhat\u00f3 Vape nagykereskedelem (37)\" width=\"766\" height=\"800\" srcset=\"https:\/\/www.vape4wholesale.com\/wp-content\/uploads\/2023\/03\/HQD-Cuvie-Plus-1200-Puffs-Disposable-Vape-Wholesale-37.jpg 766w, https:\/\/www.vape4wholesale.com\/wp-content\/uploads\/2023\/03\/HQD-Cuvie-Plus-1200-Puffs-Disposable-Vape-Wholesale-37-510x533.jpg 510w, https:\/\/www.vape4wholesale.com\/wp-content\/uploads\/2023\/03\/HQD-Cuvie-Plus-1200-Puffs-Disposable-Vape-Wholesale-37-64x67.jpg 64w, https:\/\/www.vape4wholesale.com\/wp-content\/uploads\/2023\/03\/HQD-Cuvie-Plus-1200-Puffs-Disposable-Vape-Wholesale-37-287x300.jpg 287w\" sizes=\"auto, (max-width: 766px) 100vw, 766px\" \/> <img loading=\"lazy\" decoding=\"async\" class=\"alignnone size-full wp-image-11778\" title=\"HQD Cuvie Plus 1200 Puffs Eldobhat\u00f3 Vape nagykereskedelem (49)\" src=\"https:\/\/www.vape4wholesale.com\/wp-content\/uploads\/2023\/03\/HQD-Cuvie-Plus-1200-Puffs-Disposable-Vape-Wholesale-49.jpg\" alt=\"HQD Cuvie Plus 1200 Puffs Eldobhat\u00f3 Vape nagykereskedelem (49)\" width=\"766\" height=\"800\" srcset=\"https:\/\/www.vape4wholesale.com\/wp-content\/uploads\/2023\/03\/HQD-Cuvie-Plus-1200-Puffs-Disposable-Vape-Wholesale-49.jpg 766w, https:\/\/www.vape4wholesale.com\/wp-content\/uploads\/2023\/03\/HQD-Cuvie-Plus-1200-Puffs-Disposable-Vape-Wholesale-49-510x533.jpg 510w, https:\/\/www.vape4wholesale.com\/wp-content\/uploads\/2023\/03\/HQD-Cuvie-Plus-1200-Puffs-Disposable-Vape-Wholesale-49-64x67.jpg 64w, https:\/\/www.vape4wholesale.com\/wp-content\/uploads\/2023\/03\/HQD-Cuvie-Plus-1200-Puffs-Disposable-Vape-Wholesale-49-287x300.jpg 287w\" sizes=\"auto, (max-width: 766px) 100vw, 766px\" \/> <img loading=\"lazy\" decoding=\"async\" class=\"alignnone size-full wp-image-11779\" title=\"HQD Cuvie Plus 1200 Puffs Eldobhat\u00f3 Vape nagykereskedelem (52)\" src=\"https:\/\/www.vape4wholesale.com\/wp-content\/uploads\/2023\/03\/HQD-Cuvie-Plus-1200-Puffs-Disposable-Vape-Wholesale-52.jpg\" alt=\"HQD Cuvie Plus 1200 Puffs Eldobhat\u00f3 Vape nagykereskedelem (52)\" width=\"766\" height=\"800\" srcset=\"https:\/\/www.vape4wholesale.com\/wp-content\/uploads\/2023\/03\/HQD-Cuvie-Plus-1200-Puffs-Disposable-Vape-Wholesale-52.jpg 766w, https:\/\/www.vape4wholesale.com\/wp-content\/uploads\/2023\/03\/HQD-Cuvie-Plus-1200-Puffs-Disposable-Vape-Wholesale-52-510x533.jpg 510w, https:\/\/www.vape4wholesale.com\/wp-content\/uploads\/2023\/03\/HQD-Cuvie-Plus-1200-Puffs-Disposable-Vape-Wholesale-52-64x67.jpg 64w, https:\/\/www.vape4wholesale.com\/wp-content\/uploads\/2023\/03\/HQD-Cuvie-Plus-1200-Puffs-Disposable-Vape-Wholesale-52-287x300.jpg 287w\" sizes=\"auto, (max-width: 766px) 100vw, 766px\" \/><\/p>\n<p>&nbsp;<\/p>","protected":false},"excerpt":{"rendered":"[scf-template id=&#8217;11434&#8242;]\n","protected":false},"featured_media":11772,"comment_status":"open","ping_status":"closed","template":"","meta":[],"pwb-brand":[1280],"product_cat":[48],"product_tag":[22,24,46,446,461],"class_list":{"0":"post-8755","1":"product","2":"type-product","3":"status-publish","4":"has-post-thumbnail","6":"pwb-brand-hqd","7":"product_cat-below-2000-puffs","8":"product_tag-disposable","9":"product_tag-wholesale","10":"product_tag-5-0ml","11":"product_tag-1200-puffs","12":"product_tag-hqd","14":"first","15":"outofstock","16":"shipping-taxable","17":"purchasable","18":"product-type-variable","19":"has-default-attributes"},"aioseo_notices":[],"brands":[{"id":1280,"name":"HQD","slug":"hqd"}],"_links":{"self":[{"href":"https:\/\/www.vape4wholesale.com\/hu\/wp-json\/wp\/v2\/product\/8755","targetHints":{"allow":["GET"]}}],"collection":[{"href":"https:\/\/www.vape4wholesale.com\/hu\/wp-json\/wp\/v2\/product"}],"about":[{"href":"https:\/\/www.vape4wholesale.com\/hu\/wp-json\/wp\/v2\/types\/product"}],"replies":[{"embeddable":true,"href":"https:\/\/www.vape4wholesale.com\/hu\/wp-json\/wp\/v2\/comments?post=8755"}],"wp:featuredmedia":[{"embeddable":true,"href":"https:\/\/www.vape4wholesale.com\/hu\/wp-json\/wp\/v2\/media\/11772"}],"wp:attachment":[{"href":"https:\/\/www.vape4wholesale.com\/hu\/wp-json\/wp\/v2\/media?parent=8755"}],"wp:term":[{"taxonomy":"pwb-brand","embeddable":true,"href":"https:\/\/www.vape4wholesale.com\/hu\/wp-json\/wp\/v2\/pwb-brand?post=8755"},{"taxonomy":"product_cat","embeddable":true,"href":"https:\/\/www.vape4wholesale.com\/hu\/wp-json\/wp\/v2\/product_cat?post=8755"},{"taxonomy":"product_tag","embeddable":true,"href":"https:\/\/www.vape4wholesale.com\/hu\/wp-json\/wp\/v2\/product_tag?post=8755"}],"curies":[{"name":"wp","href":"https:\/\/api.w.org\/{rel}","templated":true}]}}