{"id":7750,"date":"2023-03-13T08:31:08","date_gmt":"2023-03-13T00:31:08","guid":{"rendered":"https:\/\/www.vape4wholesale.com\/?post_type=product&#038;p=7750"},"modified":"2026-01-26T13:43:02","modified_gmt":"2026-01-26T13:43:02","slug":"rm-monster-6000-puff-eldobhato-vape-nagykereskedes","status":"publish","type":"product","link":"https:\/\/www.vape4wholesale.com\/hu\/product\/rm-monster-6000-puffs-disposable-vape-wholesale","title":{"rendered":"R&amp;M Monster 6000 Puffs Eldobhat\u00f3 Vape nagykereskedelem"},"content":{"rendered":"<p>Az R&amp;M Monster 6000 egy \u00fajrat\u00f6lthet\u0151 eldobhat\u00f3 vape be\u00e9p\u00edtett \u00fajrat\u00f6lthet\u0151 akkumul\u00e1torral \u00e9s 13ml e-folyad\u00e9kolaj kapacit\u00e1ssal 6000 puffol\u00e1shoz, ultra alacsony ellen\u00e1ll\u00e1s\u00fa 1.0\u03a9 h\u00e1l\u00f3s maggal, nagy puffol\u00e1ssal, \u00e9des \u00edzzel \u00e9s sz\u00e1mos \u00edz k\u00f6z\u00fcl v\u00e1laszthat.<\/p>\n<p>&nbsp;<\/p>\n<h2>R&amp;M Monster 6000 Eldobhat\u00f3 Vape specifik\u00e1ci\u00f3k:<\/h2>\n<p>M\u00e1rka: R&amp;M<\/p>\n<p>Puffok:6000 puff \u00e1ll rendelkez\u00e9sre k\u00e9sz\u00fcl\u00e9kenk\u00e9nt.<\/p>\n<p>Nicotine:5%\/2%\/3%0%<\/p>\n<p>E-juice Kapacit\u00e1s: 13ML<\/p>\n<p>T\u00f6lt\u0151port: C t\u00edpus<\/p>\n<p>Ellen\u00e1ll\u00e1s: 1.0\u03a9 h\u00e1l\u00f3s tekercs<\/p>\n<p>&nbsp;<\/p>\n<h2>\u00cdzek<\/h2>\n<p>K\u00e9k Razz j\u00e9g<\/p>\n<p>\u00c1fonya sz\u0151l\u0151 j\u00e9g<\/p>\n<p>\u00c1fonya m\u00e1lna j\u00e9g<\/p>\n<p>Kiwi s\u00e1rk\u00e1ny bogy\u00f3<\/p>\n<p>Mang\u00f3 citromos j\u00e9g<\/p>\n<p>Vegyes gy\u00fcm\u00f6lcs<\/p>\n<p>Mr Blue<\/p>\n<p>\u0150szibarackos gesztenyefruit gumi<\/p>\n<p>R\u00f3zsasz\u00edn limon\u00e1d\u00e9<\/p>\n<p>Sziv\u00e1rv\u00e1ny cukorka<\/p>\n<p>Eper-kiwi j\u00e9g<\/p>\n<p>G\u00f6r\u00f6gdinnye j\u00e9g<\/p>\n<p>&nbsp;<\/p>\n<h2>Csomagol\u00e1s \u00e9s s\u00faly<\/h2>\n<p>0.07KG\/PCS, egy darab kis csomagol\u00e1sban, 10 db k\u00f6zepes dobozban.<\/p>\n<p>300 db gy\u0171jt\u0151kartonban, 21 KG.<\/p>\n<p><img loading=\"lazy\" decoding=\"async\" class=\"alignnone size-full wp-image-12176\" title=\"RM Monster 6000 Puffs Eldobhat\u00f3 Vape nagykereskedelem\" src=\"https:\/\/www.vape4wholesale.com\/wp-content\/uploads\/2023\/03\/RM-Monster-6000-Puffs-Disposable-Vape-Wholesale.jpg\" alt=\"RM Monster 6000 Puffs Eldobhat\u00f3 Vape nagykereskedelem\" width=\"800\" height=\"1085\" srcset=\"https:\/\/www.vape4wholesale.com\/wp-content\/uploads\/2023\/03\/RM-Monster-6000-Puffs-Disposable-Vape-Wholesale.jpg 800w, https:\/\/www.vape4wholesale.com\/wp-content\/uploads\/2023\/03\/RM-Monster-6000-Puffs-Disposable-Vape-Wholesale-510x692.jpg 510w, https:\/\/www.vape4wholesale.com\/wp-content\/uploads\/2023\/03\/RM-Monster-6000-Puffs-Disposable-Vape-Wholesale-64x87.jpg 64w, https:\/\/www.vape4wholesale.com\/wp-content\/uploads\/2023\/03\/RM-Monster-6000-Puffs-Disposable-Vape-Wholesale-221x300.jpg 221w, https:\/\/www.vape4wholesale.com\/wp-content\/uploads\/2023\/03\/RM-Monster-6000-Puffs-Disposable-Vape-Wholesale-755x1024.jpg 755w, https:\/\/www.vape4wholesale.com\/wp-content\/uploads\/2023\/03\/RM-Monster-6000-Puffs-Disposable-Vape-Wholesale-768x1042.jpg 768w\" sizes=\"auto, (max-width: 800px) 100vw, 800px\" \/> <img loading=\"lazy\" decoding=\"async\" class=\"alignnone size-full wp-image-12177\" title=\"RM Monster 6000 Puffs Eldobhat\u00f3 Vape Nagykeresked\u00e9s Blueberry Grape Ice\" src=\"https:\/\/www.vape4wholesale.com\/wp-content\/uploads\/2023\/03\/RM-Monster-6000-Puffs-Disposable-Vape-Wholesale-Blueberry-Grape-Ice.jpg\" alt=\"RM Monster 6000 Puffs Eldobhat\u00f3 Vape Nagykeresked\u00e9s Blueberry Grape Ice\" width=\"800\" height=\"800\" srcset=\"https:\/\/www.vape4wholesale.com\/wp-content\/uploads\/2023\/03\/RM-Monster-6000-Puffs-Disposable-Vape-Wholesale-Blueberry-Grape-Ice.jpg 800w, https:\/\/www.vape4wholesale.com\/wp-content\/uploads\/2023\/03\/RM-Monster-6000-Puffs-Disposable-Vape-Wholesale-Blueberry-Grape-Ice-247x247.jpg 247w, https:\/\/www.vape4wholesale.com\/wp-content\/uploads\/2023\/03\/RM-Monster-6000-Puffs-Disposable-Vape-Wholesale-Blueberry-Grape-Ice-100x100.jpg 100w, https:\/\/www.vape4wholesale.com\/wp-content\/uploads\/2023\/03\/RM-Monster-6000-Puffs-Disposable-Vape-Wholesale-Blueberry-Grape-Ice-510x510.jpg 510w, https:\/\/www.vape4wholesale.com\/wp-content\/uploads\/2023\/03\/RM-Monster-6000-Puffs-Disposable-Vape-Wholesale-Blueberry-Grape-Ice-64x64.jpg 64w, https:\/\/www.vape4wholesale.com\/wp-content\/uploads\/2023\/03\/RM-Monster-6000-Puffs-Disposable-Vape-Wholesale-Blueberry-Grape-Ice-300x300.jpg 300w, https:\/\/www.vape4wholesale.com\/wp-content\/uploads\/2023\/03\/RM-Monster-6000-Puffs-Disposable-Vape-Wholesale-Blueberry-Grape-Ice-150x150.jpg 150w, https:\/\/www.vape4wholesale.com\/wp-content\/uploads\/2023\/03\/RM-Monster-6000-Puffs-Disposable-Vape-Wholesale-Blueberry-Grape-Ice-768x768.jpg 768w\" sizes=\"auto, (max-width: 800px) 100vw, 800px\" \/> <img loading=\"lazy\" decoding=\"async\" class=\"alignnone size-full wp-image-12178\" title=\"RM Monster 6000 Puffs Eldobhat\u00f3 Vape Nagykeresked\u00e9s \u00c1fonya M\u00e1lna Ice\" src=\"https:\/\/www.vape4wholesale.com\/wp-content\/uploads\/2023\/03\/RM-Monster-6000-Puffs-Disposable-Vape-Wholesale-Blueberry-Raspberry-Ice.jpg\" alt=\"RM Monster 6000 Puffs Eldobhat\u00f3 Vape Nagykeresked\u00e9s \u00c1fonya M\u00e1lna Ice\" width=\"800\" height=\"800\" srcset=\"https:\/\/www.vape4wholesale.com\/wp-content\/uploads\/2023\/03\/RM-Monster-6000-Puffs-Disposable-Vape-Wholesale-Blueberry-Raspberry-Ice.jpg 800w, https:\/\/www.vape4wholesale.com\/wp-content\/uploads\/2023\/03\/RM-Monster-6000-Puffs-Disposable-Vape-Wholesale-Blueberry-Raspberry-Ice-247x247.jpg 247w, https:\/\/www.vape4wholesale.com\/wp-content\/uploads\/2023\/03\/RM-Monster-6000-Puffs-Disposable-Vape-Wholesale-Blueberry-Raspberry-Ice-100x100.jpg 100w, https:\/\/www.vape4wholesale.com\/wp-content\/uploads\/2023\/03\/RM-Monster-6000-Puffs-Disposable-Vape-Wholesale-Blueberry-Raspberry-Ice-510x510.jpg 510w, https:\/\/www.vape4wholesale.com\/wp-content\/uploads\/2023\/03\/RM-Monster-6000-Puffs-Disposable-Vape-Wholesale-Blueberry-Raspberry-Ice-64x64.jpg 64w, https:\/\/www.vape4wholesale.com\/wp-content\/uploads\/2023\/03\/RM-Monster-6000-Puffs-Disposable-Vape-Wholesale-Blueberry-Raspberry-Ice-300x300.jpg 300w, https:\/\/www.vape4wholesale.com\/wp-content\/uploads\/2023\/03\/RM-Monster-6000-Puffs-Disposable-Vape-Wholesale-Blueberry-Raspberry-Ice-150x150.jpg 150w, https:\/\/www.vape4wholesale.com\/wp-content\/uploads\/2023\/03\/RM-Monster-6000-Puffs-Disposable-Vape-Wholesale-Blueberry-Raspberry-Ice-768x768.jpg 768w\" sizes=\"auto, (max-width: 800px) 100vw, 800px\" \/> <img loading=\"lazy\" decoding=\"async\" class=\"alignnone size-full wp-image-12180\" title=\"RM Monster 6000 Puffs Eldobhat\u00f3 Vape Nagykereskedelem Kiwi Dragon Berry\" src=\"https:\/\/www.vape4wholesale.com\/wp-content\/uploads\/2023\/03\/RM-Monster-6000-Puffs-Disposable-Vape-Wholesale-Kiwi-Dragon-Berry.jpg\" alt=\"RM Monster 6000 Puffs Eldobhat\u00f3 Vape Nagykereskedelem Kiwi Dragon Berry\" width=\"800\" height=\"800\" srcset=\"https:\/\/www.vape4wholesale.com\/wp-content\/uploads\/2023\/03\/RM-Monster-6000-Puffs-Disposable-Vape-Wholesale-Kiwi-Dragon-Berry.jpg 800w, https:\/\/www.vape4wholesale.com\/wp-content\/uploads\/2023\/03\/RM-Monster-6000-Puffs-Disposable-Vape-Wholesale-Kiwi-Dragon-Berry-247x247.jpg 247w, https:\/\/www.vape4wholesale.com\/wp-content\/uploads\/2023\/03\/RM-Monster-6000-Puffs-Disposable-Vape-Wholesale-Kiwi-Dragon-Berry-100x100.jpg 100w, https:\/\/www.vape4wholesale.com\/wp-content\/uploads\/2023\/03\/RM-Monster-6000-Puffs-Disposable-Vape-Wholesale-Kiwi-Dragon-Berry-510x510.jpg 510w, https:\/\/www.vape4wholesale.com\/wp-content\/uploads\/2023\/03\/RM-Monster-6000-Puffs-Disposable-Vape-Wholesale-Kiwi-Dragon-Berry-64x64.jpg 64w, https:\/\/www.vape4wholesale.com\/wp-content\/uploads\/2023\/03\/RM-Monster-6000-Puffs-Disposable-Vape-Wholesale-Kiwi-Dragon-Berry-300x300.jpg 300w, https:\/\/www.vape4wholesale.com\/wp-content\/uploads\/2023\/03\/RM-Monster-6000-Puffs-Disposable-Vape-Wholesale-Kiwi-Dragon-Berry-150x150.jpg 150w, https:\/\/www.vape4wholesale.com\/wp-content\/uploads\/2023\/03\/RM-Monster-6000-Puffs-Disposable-Vape-Wholesale-Kiwi-Dragon-Berry-768x768.jpg 768w\" sizes=\"auto, (max-width: 800px) 100vw, 800px\" \/> <img loading=\"lazy\" decoding=\"async\" class=\"alignnone size-full wp-image-12182\" title=\"RM Monster 6000 Puffs Eldobhat\u00f3 Vape nagykereskedelmi vegyes gy\u00fcm\u00f6lcs\u00f6k\" src=\"https:\/\/www.vape4wholesale.com\/wp-content\/uploads\/2023\/03\/RM-Monster-6000-Puffs-Disposable-Vape-Wholesale-Mixed-Fruit.jpg\" alt=\"RM Monster 6000 Puffs Eldobhat\u00f3 Vape nagykereskedelmi vegyes gy\u00fcm\u00f6lcs\u00f6k\" width=\"800\" height=\"800\" srcset=\"https:\/\/www.vape4wholesale.com\/wp-content\/uploads\/2023\/03\/RM-Monster-6000-Puffs-Disposable-Vape-Wholesale-Mixed-Fruit.jpg 800w, https:\/\/www.vape4wholesale.com\/wp-content\/uploads\/2023\/03\/RM-Monster-6000-Puffs-Disposable-Vape-Wholesale-Mixed-Fruit-247x247.jpg 247w, https:\/\/www.vape4wholesale.com\/wp-content\/uploads\/2023\/03\/RM-Monster-6000-Puffs-Disposable-Vape-Wholesale-Mixed-Fruit-100x100.jpg 100w, https:\/\/www.vape4wholesale.com\/wp-content\/uploads\/2023\/03\/RM-Monster-6000-Puffs-Disposable-Vape-Wholesale-Mixed-Fruit-510x510.jpg 510w, https:\/\/www.vape4wholesale.com\/wp-content\/uploads\/2023\/03\/RM-Monster-6000-Puffs-Disposable-Vape-Wholesale-Mixed-Fruit-64x64.jpg 64w, https:\/\/www.vape4wholesale.com\/wp-content\/uploads\/2023\/03\/RM-Monster-6000-Puffs-Disposable-Vape-Wholesale-Mixed-Fruit-300x300.jpg 300w, https:\/\/www.vape4wholesale.com\/wp-content\/uploads\/2023\/03\/RM-Monster-6000-Puffs-Disposable-Vape-Wholesale-Mixed-Fruit-150x150.jpg 150w, https:\/\/www.vape4wholesale.com\/wp-content\/uploads\/2023\/03\/RM-Monster-6000-Puffs-Disposable-Vape-Wholesale-Mixed-Fruit-768x768.jpg 768w\" sizes=\"auto, (max-width: 800px) 100vw, 800px\" \/> <img loading=\"lazy\" decoding=\"async\" class=\"alignnone size-full wp-image-12189\" title=\"RM Monster 6000 Puffs Eldobhat\u00f3 Vape Nagykereskedelem g\u00f6r\u00f6gdinnye j\u00e9g\" src=\"https:\/\/www.vape4wholesale.com\/wp-content\/uploads\/2023\/03\/RM-Monster-6000-Puffs-Disposable-Vape-Wholesale-Watermelon-Ice.jpg\" alt=\"RM Monster 6000 Puffs Eldobhat\u00f3 Vape Nagykereskedelem g\u00f6r\u00f6gdinnye j\u00e9g\" width=\"800\" height=\"800\" srcset=\"https:\/\/www.vape4wholesale.com\/wp-content\/uploads\/2023\/03\/RM-Monster-6000-Puffs-Disposable-Vape-Wholesale-Watermelon-Ice.jpg 800w, https:\/\/www.vape4wholesale.com\/wp-content\/uploads\/2023\/03\/RM-Monster-6000-Puffs-Disposable-Vape-Wholesale-Watermelon-Ice-247x247.jpg 247w, https:\/\/www.vape4wholesale.com\/wp-content\/uploads\/2023\/03\/RM-Monster-6000-Puffs-Disposable-Vape-Wholesale-Watermelon-Ice-100x100.jpg 100w, https:\/\/www.vape4wholesale.com\/wp-content\/uploads\/2023\/03\/RM-Monster-6000-Puffs-Disposable-Vape-Wholesale-Watermelon-Ice-510x510.jpg 510w, https:\/\/www.vape4wholesale.com\/wp-content\/uploads\/2023\/03\/RM-Monster-6000-Puffs-Disposable-Vape-Wholesale-Watermelon-Ice-64x64.jpg 64w, https:\/\/www.vape4wholesale.com\/wp-content\/uploads\/2023\/03\/RM-Monster-6000-Puffs-Disposable-Vape-Wholesale-Watermelon-Ice-300x300.jpg 300w, https:\/\/www.vape4wholesale.com\/wp-content\/uploads\/2023\/03\/RM-Monster-6000-Puffs-Disposable-Vape-Wholesale-Watermelon-Ice-150x150.jpg 150w, https:\/\/www.vape4wholesale.com\/wp-content\/uploads\/2023\/03\/RM-Monster-6000-Puffs-Disposable-Vape-Wholesale-Watermelon-Ice-768x768.jpg 768w\" sizes=\"auto, (max-width: 800px) 100vw, 800px\" \/><\/p>","protected":false},"excerpt":{"rendered":"[scf-template id=&#8217;11434&#8242;]\n","protected":false},"featured_media":12186,"comment_status":"open","ping_status":"closed","template":"","meta":[],"pwb-brand":[1285],"product_cat":[869],"product_tag":[22,24,173,285,396],"class_list":{"0":"post-7750","1":"product","2":"type-product","3":"status-publish","4":"has-post-thumbnail","6":"pwb-brand-r-m","7":"product_cat-5000-8000-puffs","8":"product_tag-disposable","9":"product_tag-wholesale","10":"product_tag-6000-puffs","11":"product_tag-13-0ml","12":"product_tag-rm","13":"wcpa_has_options","15":"first","16":"outofstock","17":"shipping-taxable","18":"purchasable","19":"product-type-variable"},"aioseo_notices":[],"brands":[{"id":1285,"name":"R&amp;M","slug":"r-m"}],"_links":{"self":[{"href":"https:\/\/www.vape4wholesale.com\/hu\/wp-json\/wp\/v2\/product\/7750","targetHints":{"allow":["GET"]}}],"collection":[{"href":"https:\/\/www.vape4wholesale.com\/hu\/wp-json\/wp\/v2\/product"}],"about":[{"href":"https:\/\/www.vape4wholesale.com\/hu\/wp-json\/wp\/v2\/types\/product"}],"replies":[{"embeddable":true,"href":"https:\/\/www.vape4wholesale.com\/hu\/wp-json\/wp\/v2\/comments?post=7750"}],"wp:featuredmedia":[{"embeddable":true,"href":"https:\/\/www.vape4wholesale.com\/hu\/wp-json\/wp\/v2\/media\/12186"}],"wp:attachment":[{"href":"https:\/\/www.vape4wholesale.com\/hu\/wp-json\/wp\/v2\/media?parent=7750"}],"wp:term":[{"taxonomy":"pwb-brand","embeddable":true,"href":"https:\/\/www.vape4wholesale.com\/hu\/wp-json\/wp\/v2\/pwb-brand?post=7750"},{"taxonomy":"product_cat","embeddable":true,"href":"https:\/\/www.vape4wholesale.com\/hu\/wp-json\/wp\/v2\/product_cat?post=7750"},{"taxonomy":"product_tag","embeddable":true,"href":"https:\/\/www.vape4wholesale.com\/hu\/wp-json\/wp\/v2\/product_tag?post=7750"}],"curies":[{"name":"wp","href":"https:\/\/api.w.org\/{rel}","templated":true}]}}