{"id":6952,"date":"2023-02-14T08:12:14","date_gmt":"2023-02-14T00:12:14","guid":{"rendered":"https:\/\/www.vape4wholesale.com\/?post_type=product&#038;p=6952"},"modified":"2026-01-26T13:43:06","modified_gmt":"2026-01-26T13:43:06","slug":"randm-sunax-21000-puffs-eldobhato-vape-nagykereskedelem","status":"publish","type":"product","link":"https:\/\/www.vape4wholesale.com\/hu\/product\/randm-sunax-21000-puffs-disposable-vape-wholesale","title":{"rendered":"Randm Sunax 21000 Puffs Eldobhat\u00f3 Vape nagykereskedelem"},"content":{"rendered":"<p><strong><a href=\"https:\/\/www.vape4wholesale.com\/hu\/product_brand\/randm\/\">RandM<\/a> Sunax 21000<\/strong>\u00a0egy eldobhat\u00f3 vape k\u00e9sz\u00fcl\u00e9k cser\u00e9lhet\u0151 podokkal. Leveg\u0151\u00e1raml\u00e1s-szab\u00e1lyoz\u00e1ssal is rendelkezik, \u00e9s \u00fajrat\u00f6lthet\u0151. Tartalmaz 14ml 0\/2\/3\/5% nikotinsavas e-nedveket \u00e9s podonk\u00e9nt ak\u00e1r 7000 puffot is sz\u00edvhat. 12 \u00edz k\u00f6z\u00fcl v\u00e1laszthatsz. A l\u00e9g\u00e1raml\u00e1s-szab\u00e1lyoz\u00f3 lehet\u0151v\u00e9 teszi, hogy kiv\u00e1laszthassa a legjobb helyet, amely megfelel mag\u00e1nak, valamint a k\u00e9sz\u00fcl\u00e9k alj\u00e1n tal\u00e1lhat\u00f3 \u00fajrat\u00f6lthet\u0151 C-t\u00edpus\u00fa porttal rendelkezik, amely gurantte mindig befejezi a tart\u00e1lyban l\u00e9v\u0151 ejuice utols\u00f3 cseppj\u00e9t.<\/p>\n<h2><b data-stringify-type=\"bold\">RandM\u00a0<strong>Sunax 21000<\/strong>\u00a0Eldobhat\u00f3 eszk\u00f6z Jellemz\u0151k:<\/b><\/h2>\n<p>\u26110\/2\/3\/5% Nikotin s\u00f3.<br \/>\n\u261114ML E-folyad\u00e9k *3<br \/>\n\u2611L\u00e9g\u00e1raml\u00e1s-szab\u00e1lyoz\u00e1s<br \/>\n\u2611Mesh Coil<br \/>\n\u2611 \u00dajrat\u00f6lthet\u0151 akkumul\u00e1tor<br \/>\n\u2611 Integr\u00e1lt 850mAh akkumul\u00e1tor.<br \/>\n\u261112 el\u00e9rhet\u0151 \u00edzek.<br \/>\n\u26115db kijelz\u0151dobozban.<br \/>\n\u261190db egy dobozban \/ 19KG<\/p>\n<p>\u2611 kartondoboz m\u00e9rete: 50.8 * 49.8 * 37.2 CM<\/p>\n<h2><b data-stringify-type=\"bold\">Kaphat\u00f3 \u00edzek:<\/b><\/h2>\n<p>1 h\u0171v\u00f6s menta<br \/>\n2 buja j\u00e9g<br \/>\n3 eper f\u00e1nk<br \/>\n4 gumimaci<br \/>\n5 R\u00f3zsasz\u00edn limon\u00e1d\u00e9<br \/>\n6 vegyes bogy\u00f3s gy\u00fcm\u00f6lcs\u00f6k<br \/>\n7 Stawberry g\u00f6r\u00f6gdinnye<br \/>\n8 V\u00f6r\u00f6s alma citrom<br \/>\n9 vattacukor<br \/>\n10.Mr k\u00e9k<br \/>\n11 Grapefruit j\u00e9g<br \/>\n12.Cola<\/p>\n<p><img loading=\"lazy\" decoding=\"async\" class=\"alignnone size-full wp-image-12453\" title=\"RANDM SUNAX 21000 ELDOBHAT\u00d3 VAPE NAGYKERESKEDELEM (1)\" src=\"https:\/\/www.vape4wholesale.com\/wp-content\/uploads\/2023\/02\/RANDM-SUNAX-21000-DISPOSABLE-VAPE-WHOLESALE-1.jpg\" alt=\"RANDM SUNAX 21000 ELDOBHAT\u00d3 VAPE NAGYKERESKEDELEM (1)\" width=\"590\" height=\"504\" srcset=\"https:\/\/www.vape4wholesale.com\/wp-content\/uploads\/2023\/02\/RANDM-SUNAX-21000-DISPOSABLE-VAPE-WHOLESALE-1.jpg 590w, https:\/\/www.vape4wholesale.com\/wp-content\/uploads\/2023\/02\/RANDM-SUNAX-21000-DISPOSABLE-VAPE-WHOLESALE-1-510x436.jpg 510w, https:\/\/www.vape4wholesale.com\/wp-content\/uploads\/2023\/02\/RANDM-SUNAX-21000-DISPOSABLE-VAPE-WHOLESALE-1-64x55.jpg 64w, https:\/\/www.vape4wholesale.com\/wp-content\/uploads\/2023\/02\/RANDM-SUNAX-21000-DISPOSABLE-VAPE-WHOLESALE-1-300x256.jpg 300w\" sizes=\"auto, (max-width: 590px) 100vw, 590px\" \/> <img loading=\"lazy\" decoding=\"async\" class=\"alignnone size-full wp-image-12457\" title=\"RANDM SUNAX 21000 ELDOBHAT\u00d3 VAPE NAGYKERESKEDELEM (5)\" src=\"https:\/\/www.vape4wholesale.com\/wp-content\/uploads\/2023\/02\/RANDM-SUNAX-21000-DISPOSABLE-VAPE-WHOLESALE-5.jpg\" alt=\"RANDM SUNAX 21000 ELDOBHAT\u00d3 VAPE NAGYKERESKEDELEM (5)\" width=\"590\" height=\"590\" srcset=\"https:\/\/www.vape4wholesale.com\/wp-content\/uploads\/2023\/02\/RANDM-SUNAX-21000-DISPOSABLE-VAPE-WHOLESALE-5.jpg 590w, https:\/\/www.vape4wholesale.com\/wp-content\/uploads\/2023\/02\/RANDM-SUNAX-21000-DISPOSABLE-VAPE-WHOLESALE-5-247x247.jpg 247w, https:\/\/www.vape4wholesale.com\/wp-content\/uploads\/2023\/02\/RANDM-SUNAX-21000-DISPOSABLE-VAPE-WHOLESALE-5-100x100.jpg 100w, https:\/\/www.vape4wholesale.com\/wp-content\/uploads\/2023\/02\/RANDM-SUNAX-21000-DISPOSABLE-VAPE-WHOLESALE-5-510x510.jpg 510w, https:\/\/www.vape4wholesale.com\/wp-content\/uploads\/2023\/02\/RANDM-SUNAX-21000-DISPOSABLE-VAPE-WHOLESALE-5-64x64.jpg 64w, https:\/\/www.vape4wholesale.com\/wp-content\/uploads\/2023\/02\/RANDM-SUNAX-21000-DISPOSABLE-VAPE-WHOLESALE-5-300x300.jpg 300w, https:\/\/www.vape4wholesale.com\/wp-content\/uploads\/2023\/02\/RANDM-SUNAX-21000-DISPOSABLE-VAPE-WHOLESALE-5-150x150.jpg 150w\" sizes=\"auto, (max-width: 590px) 100vw, 590px\" \/> <img loading=\"lazy\" decoding=\"async\" class=\"alignnone size-full wp-image-12463\" title=\"RANDM SUNAX 21000 ELDOBHAT\u00d3 VAPE NAGYKERESKEDELEM (11)\" src=\"https:\/\/www.vape4wholesale.com\/wp-content\/uploads\/2023\/02\/RANDM-SUNAX-21000-DISPOSABLE-VAPE-WHOLESALE-11.jpg\" alt=\"RANDM SUNAX 21000 ELDOBHAT\u00d3 VAPE NAGYKERESKEDELEM (11)\" width=\"590\" height=\"590\" srcset=\"https:\/\/www.vape4wholesale.com\/wp-content\/uploads\/2023\/02\/RANDM-SUNAX-21000-DISPOSABLE-VAPE-WHOLESALE-11.jpg 590w, https:\/\/www.vape4wholesale.com\/wp-content\/uploads\/2023\/02\/RANDM-SUNAX-21000-DISPOSABLE-VAPE-WHOLESALE-11-247x247.jpg 247w, https:\/\/www.vape4wholesale.com\/wp-content\/uploads\/2023\/02\/RANDM-SUNAX-21000-DISPOSABLE-VAPE-WHOLESALE-11-100x100.jpg 100w, https:\/\/www.vape4wholesale.com\/wp-content\/uploads\/2023\/02\/RANDM-SUNAX-21000-DISPOSABLE-VAPE-WHOLESALE-11-510x510.jpg 510w, https:\/\/www.vape4wholesale.com\/wp-content\/uploads\/2023\/02\/RANDM-SUNAX-21000-DISPOSABLE-VAPE-WHOLESALE-11-64x64.jpg 64w, https:\/\/www.vape4wholesale.com\/wp-content\/uploads\/2023\/02\/RANDM-SUNAX-21000-DISPOSABLE-VAPE-WHOLESALE-11-300x300.jpg 300w, https:\/\/www.vape4wholesale.com\/wp-content\/uploads\/2023\/02\/RANDM-SUNAX-21000-DISPOSABLE-VAPE-WHOLESALE-11-150x150.jpg 150w\" sizes=\"auto, (max-width: 590px) 100vw, 590px\" \/> <img loading=\"lazy\" decoding=\"async\" class=\"alignnone size-full wp-image-12464\" title=\"RANDM SUNAX 21000 ELDOBHAT\u00d3 VAPE NAGYKERESKEDELEM (12)\" src=\"https:\/\/www.vape4wholesale.com\/wp-content\/uploads\/2023\/02\/RANDM-SUNAX-21000-DISPOSABLE-VAPE-WHOLESALE-12.jpg\" alt=\"RANDM SUNAX 21000 ELDOBHAT\u00d3 VAPE NAGYKERESKEDELEM (12)\" width=\"590\" height=\"590\" srcset=\"https:\/\/www.vape4wholesale.com\/wp-content\/uploads\/2023\/02\/RANDM-SUNAX-21000-DISPOSABLE-VAPE-WHOLESALE-12.jpg 590w, https:\/\/www.vape4wholesale.com\/wp-content\/uploads\/2023\/02\/RANDM-SUNAX-21000-DISPOSABLE-VAPE-WHOLESALE-12-247x247.jpg 247w, https:\/\/www.vape4wholesale.com\/wp-content\/uploads\/2023\/02\/RANDM-SUNAX-21000-DISPOSABLE-VAPE-WHOLESALE-12-100x100.jpg 100w, https:\/\/www.vape4wholesale.com\/wp-content\/uploads\/2023\/02\/RANDM-SUNAX-21000-DISPOSABLE-VAPE-WHOLESALE-12-510x510.jpg 510w, https:\/\/www.vape4wholesale.com\/wp-content\/uploads\/2023\/02\/RANDM-SUNAX-21000-DISPOSABLE-VAPE-WHOLESALE-12-64x64.jpg 64w, https:\/\/www.vape4wholesale.com\/wp-content\/uploads\/2023\/02\/RANDM-SUNAX-21000-DISPOSABLE-VAPE-WHOLESALE-12-300x300.jpg 300w, https:\/\/www.vape4wholesale.com\/wp-content\/uploads\/2023\/02\/RANDM-SUNAX-21000-DISPOSABLE-VAPE-WHOLESALE-12-150x150.jpg 150w\" sizes=\"auto, (max-width: 590px) 100vw, 590px\" \/><\/p>","protected":false},"excerpt":{"rendered":"[scf-template id=&#8217;11434&#8242;]\n","protected":false},"featured_media":12453,"comment_status":"open","ping_status":"closed","template":"","meta":[],"pwb-brand":[1270],"product_cat":[873],"product_tag":[362,22,24,177,272],"class_list":{"0":"post-6952","1":"product","2":"type-product","3":"status-publish","4":"has-post-thumbnail","6":"pwb-brand-randm","7":"product_cat-above-20k-puffs","8":"product_tag-21000-puffs","9":"product_tag-disposable","10":"product_tag-wholesale","11":"product_tag-14-0ml","12":"product_tag-randm","13":"wcpa_has_options","15":"first","16":"outofstock","17":"shipping-taxable","18":"purchasable","19":"product-type-variable"},"aioseo_notices":[],"brands":[{"id":1270,"name":"Randm","slug":"randm"}],"_links":{"self":[{"href":"https:\/\/www.vape4wholesale.com\/hu\/wp-json\/wp\/v2\/product\/6952","targetHints":{"allow":["GET"]}}],"collection":[{"href":"https:\/\/www.vape4wholesale.com\/hu\/wp-json\/wp\/v2\/product"}],"about":[{"href":"https:\/\/www.vape4wholesale.com\/hu\/wp-json\/wp\/v2\/types\/product"}],"replies":[{"embeddable":true,"href":"https:\/\/www.vape4wholesale.com\/hu\/wp-json\/wp\/v2\/comments?post=6952"}],"wp:featuredmedia":[{"embeddable":true,"href":"https:\/\/www.vape4wholesale.com\/hu\/wp-json\/wp\/v2\/media\/12453"}],"wp:attachment":[{"href":"https:\/\/www.vape4wholesale.com\/hu\/wp-json\/wp\/v2\/media?parent=6952"}],"wp:term":[{"taxonomy":"pwb-brand","embeddable":true,"href":"https:\/\/www.vape4wholesale.com\/hu\/wp-json\/wp\/v2\/pwb-brand?post=6952"},{"taxonomy":"product_cat","embeddable":true,"href":"https:\/\/www.vape4wholesale.com\/hu\/wp-json\/wp\/v2\/product_cat?post=6952"},{"taxonomy":"product_tag","embeddable":true,"href":"https:\/\/www.vape4wholesale.com\/hu\/wp-json\/wp\/v2\/product_tag?post=6952"}],"curies":[{"name":"wp","href":"https:\/\/api.w.org\/{rel}","templated":true}]}}